{"id":1349,"date":"2024-09-12T12:08:12","date_gmt":"2024-09-12T12:08:12","guid":{"rendered":"https:\/\/hightechkaunas.com\/services\/"},"modified":"2024-10-30T15:43:46","modified_gmt":"2024-10-30T15:43:46","slug":"services","status":"publish","type":"page","link":"https:\/\/hightechkaunas.com\/no\/services\/","title":{"rendered":"Tjenester"},"content":{"rendered":"\r\n\r\n<section id=\"header-block\" class=\"header-block\">\r\n    <div class=\"header-block-texts\">\r\n                    <h1>Tjenester vi tilbyr<\/h1>\r\n            <\/div>\r\n        <style>\r\n        .header-block {\r\n            background: url('https:\/\/hightechkaunas.com\/wp-content\/uploads\/2024\/09\/mainservicesimage-scaled.jpg') no-repeat center center;\r\n            background-size: cover;\r\n        }\r\n    <\/style>\r\n<\/section>\r\n\r\n\r\n\n\n\r\n\r\n\r\n\r\n<section id=\"services-list\" class=\"services-list web-section\">\r\n    <div class=\"container-fluid\">\r\n        <div class=\"services-list-in\">\r\n                            <a href=\"https:\/\/hightechkaunas.com\/no\/services\/2d-and-3d-computer-vision-ai-and-robotics\/\" class=\"services-list-item services-list-item-0\">\r\n                    <div class=\"services-list-item-text\">\r\n                        <div class=\"services-list-item-text-helper\">\r\n                            <h3 class=\"main-title\">2D og 3D COMPUTER VISION, AI og ROBOTIKK<\/h3>\r\n                            <p>Integreringen av datasyn, kunstig intelligens og robotteknologi danner en kraftig synergi for avanserte bruksomr\u00e5der p\u00e5 tvers av ulike domener. Denne konvergensen muliggj\u00f8r omfattende l\u00f8sninger som omfatter 2D- og 3D-datasyn, inkludert objektgjenkjenning, m\u00e5linger, kvalitetskontroll og implementering av digitale tvillinger. Denne helhetlige tiln\u00e6rmingen utnytter kunstig intelligens, for eksempel maskinl\u00e6ring og naturlig spr\u00e5kbehandling, for \u00e5 forbedre systemenes kapasitet&#8230;.<\/p>\n                            <div class=\"button-black\">Les mer om dette<\/div>\r\n                        <\/div>\r\n                    <\/div>\r\n                    <div class=\"services-list-item-image services-list-item-image-0\">\r\n                     <!--   -->                    <\/div>\r\n\r\n                                        <style>\r\n                        .services-list-item-image-0 {\r\n                            background: url('https:\/\/hightechkaunas.com\/wp-content\/uploads\/2024\/09\/services-1-710x350.jpg') no-repeat center center;\r\n                            background-size: cover;\r\n                        }\r\n                    <\/style>\r\n                <\/a>\r\n                                            <a href=\"https:\/\/hightechkaunas.com\/no\/services\/ux-ui-design-and-digital-marketing-solutions-e-commerce\/\" class=\"services-list-item services-list-item-1\">\r\n                    <div class=\"services-list-item-text\">\r\n                        <div class=\"services-list-item-text-helper\">\r\n                            <h3 class=\"main-title\">UX\/UI-design og digitale markedsf\u00f8ringsl\u00f8sninger, e-handel<\/h3>\r\n                            <p>Klyngen ,,HighTech Kaunas\u00bb integrerer s\u00f8ml\u00f8st UX\/UI-design og digitale markedsf\u00f8ringsl\u00f8sninger, og spesialiserer seg p\u00e5 SEO-optimalisering, banebrytende SAAS for effektiv forretningsadministrasjon, omfattende finans- og regnskapstjenester, robuste bedriftsl\u00f8sninger og dynamiske e-handelsplattformer. L\u00f8ft virksomheten din med v\u00e5r helhetlige tiln\u00e6rming for \u00e5 forbedre brukeropplevelsen, \u00f8ke synligheten p\u00e5 nettet og optimalisere den generelle ytelsen:<\/p>\n                            <div class=\"button-black\">Les mer om dette<\/div>\r\n                        <\/div>\r\n                    <\/div>\r\n                    <div class=\"services-list-item-image services-list-item-image-1\">\r\n                     <!--   -->                    <\/div>\r\n\r\n                                        <style>\r\n                        .services-list-item-image-1 {\r\n                            background: url('https:\/\/hightechkaunas.com\/wp-content\/uploads\/2024\/09\/services-2-710x350.jpg') no-repeat center center;\r\n                            background-size: cover;\r\n                        }\r\n                    <\/style>\r\n                <\/a>\r\n                                            <a href=\"https:\/\/hightechkaunas.com\/no\/services\/it-support-services\/\" class=\"services-list-item services-list-item-2\">\r\n                    <div class=\"services-list-item-text\">\r\n                        <div class=\"services-list-item-text-helper\">\r\n                            <h3 class=\"main-title\">IT-st\u00f8ttetjenester<\/h3>\r\n                            <p>HighTech Kaunas tilbyr en robust IT-st\u00f8ttetjeneste som dekker de unike behovene til b\u00e5de utviklerteam og oppstartsbedrifter p\u00e5 deres vei mot suksess. Ekspertisen ligger i Full Stack-utvikling, noe som sikrer en helhetlig tiln\u00e6rming til \u00e5 skape banebrytende l\u00f8sninger. Enten du er ute etter dedikert st\u00f8tte, et team av utviklere eller utvikling av en oppstartsbedrift, tilbyr klyngen&#8230;<\/p>\n                            <div class=\"button-black\">Les mer om dette<\/div>\r\n                        <\/div>\r\n                    <\/div>\r\n                    <div class=\"services-list-item-image services-list-item-image-2\">\r\n                     <!--   -->                    <\/div>\r\n\r\n                                        <style>\r\n                        .services-list-item-image-2 {\r\n                            background: url('https:\/\/hightechkaunas.com\/wp-content\/uploads\/2024\/09\/services-4-710x350.jpg') no-repeat center center;\r\n                            background-size: cover;\r\n                        }\r\n                    <\/style>\r\n                <\/a>\r\n                                            <a href=\"https:\/\/hightechkaunas.com\/no\/services\/programming-services\/\" class=\"services-list-item services-list-item-3\">\r\n                    <div class=\"services-list-item-text\">\r\n                        <div class=\"services-list-item-text-helper\">\r\n                            <h3 class=\"main-title\">Programmeringstjenester<\/h3>\r\n                            <p>Klyngen tilbyr omfattende programmeringstjenester, med spesialisering innen utvikling av webapper, mobilapper og programvareutvikling. Ekspertisen spenner over et bredt spekter av teknologier, inkludert JavaScript og .NET, noe som sikrer robuste og skreddersydde l\u00f8sninger for dine unike behov.<\/p>\n                            <div class=\"button-black\">Les mer om dette<\/div>\r\n                        <\/div>\r\n                    <\/div>\r\n                    <div class=\"services-list-item-image services-list-item-image-3\">\r\n                     <!--   -->                    <\/div>\r\n\r\n                                        <style>\r\n                        .services-list-item-image-3 {\r\n                            background: url('https:\/\/hightechkaunas.com\/wp-content\/uploads\/2024\/09\/services-5-710x350.jpg') no-repeat center center;\r\n                            background-size: cover;\r\n                        }\r\n                    <\/style>\r\n                <\/a>\r\n                                            <a href=\"https:\/\/hightechkaunas.com\/no\/services\/business-process-optimization\/\" class=\"services-list-item services-list-item-4\">\r\n                    <div class=\"services-list-item-text\">\r\n                        <div class=\"services-list-item-text-helper\">\r\n                            <h3 class=\"main-title\">Optimalisering av forretningsprosesser<\/h3>\r\n                            <p>Revolusjoner forretningsprosessene dine ved hjelp av v\u00e5r helhetlige tiln\u00e6rming til automatisering: Opplev synergien mellom banebrytende teknologi og strategisk ekspertise, og driv organisasjonen din mot uovertruffen effektivitet og suksess.<\/p>\n                            <div class=\"button-black\">Les mer om dette<\/div>\r\n                        <\/div>\r\n                    <\/div>\r\n                    <div class=\"services-list-item-image services-list-item-image-4\">\r\n                     <!--   -->                    <\/div>\r\n\r\n                                        <style>\r\n                        .services-list-item-image-4 {\r\n                            background: url('https:\/\/hightechkaunas.com\/wp-content\/uploads\/2024\/09\/services-3-710x350.jpg') no-repeat center center;\r\n                            background-size: cover;\r\n                        }\r\n                    <\/style>\r\n                <\/a>\r\n                                    <\/div>\r\n    <\/div>\r\n<\/section>\r\n\r\n\r\n\n\n\n<p><\/p>\n","protected":false},"excerpt":{"rendered":"","protected":false},"author":1,"featured_media":0,"parent":0,"menu_order":0,"comment_status":"closed","ping_status":"closed","template":"","meta":{"_acf_changed":false,"inline_featured_image":false,"footnotes":""},"class_list":["post-1349","page","type-page","status-publish","hentry"],"acf":[],"yoast_head":"<!-- This site is optimized with the Yoast SEO plugin v26.2 - https:\/\/yoast.com\/wordpress\/plugins\/seo\/ -->\n<title>Tjenester - Hightechkaunas.com<\/title>\n<meta name=\"robots\" content=\"index, follow, max-snippet:-1, max-image-preview:large, max-video-preview:-1\" \/>\n<link rel=\"canonical\" href=\"https:\/\/hightechkaunas.com\/no\/services\/\" \/>\n<meta property=\"og:locale\" content=\"nb_NO\" \/>\n<meta property=\"og:type\" content=\"article\" \/>\n<meta property=\"og:title\" content=\"Tjenester - Hightechkaunas.com\" \/>\n<meta property=\"og:url\" content=\"https:\/\/hightechkaunas.com\/no\/services\/\" \/>\n<meta property=\"og:site_name\" content=\"Hightechkaunas.com\" \/>\n<meta property=\"article:modified_time\" content=\"2024-10-30T15:43:46+00:00\" \/>\n<meta name=\"twitter:card\" content=\"summary_large_image\" \/>\n<script type=\"application\/ld+json\" class=\"yoast-schema-graph\">{\"@context\":\"https:\/\/schema.org\",\"@graph\":[{\"@type\":\"WebPage\",\"@id\":\"https:\/\/hightechkaunas.com\/no\/services\/\",\"url\":\"https:\/\/hightechkaunas.com\/no\/services\/\",\"name\":\"Tjenester - Hightechkaunas.com\",\"isPartOf\":{\"@id\":\"https:\/\/hightechkaunas.com\/#website\"},\"datePublished\":\"2024-09-12T12:08:12+00:00\",\"dateModified\":\"2024-10-30T15:43:46+00:00\",\"breadcrumb\":{\"@id\":\"https:\/\/hightechkaunas.com\/no\/services\/#breadcrumb\"},\"inLanguage\":\"nb-NO\",\"potentialAction\":[{\"@type\":\"ReadAction\",\"target\":[\"https:\/\/hightechkaunas.com\/no\/services\/\"]}]},{\"@type\":\"BreadcrumbList\",\"@id\":\"https:\/\/hightechkaunas.com\/no\/services\/#breadcrumb\",\"itemListElement\":[{\"@type\":\"ListItem\",\"position\":1,\"name\":\"Home\",\"item\":\"https:\/\/hightechkaunas.com\/no\/\"},{\"@type\":\"ListItem\",\"position\":2,\"name\":\"Tjenester\"}]},{\"@type\":\"WebSite\",\"@id\":\"https:\/\/hightechkaunas.com\/#website\",\"url\":\"https:\/\/hightechkaunas.com\/\",\"name\":\"Hightechkaunas.com\",\"description\":\"\",\"potentialAction\":[{\"@type\":\"SearchAction\",\"target\":{\"@type\":\"EntryPoint\",\"urlTemplate\":\"https:\/\/hightechkaunas.com\/?s={search_term_string}\"},\"query-input\":{\"@type\":\"PropertyValueSpecification\",\"valueRequired\":true,\"valueName\":\"search_term_string\"}}],\"inLanguage\":\"nb-NO\"}]}<\/script>\n<!-- \/ Yoast SEO plugin. -->","yoast_head_json":{"title":"Tjenester - Hightechkaunas.com","robots":{"index":"index","follow":"follow","max-snippet":"max-snippet:-1","max-image-preview":"max-image-preview:large","max-video-preview":"max-video-preview:-1"},"canonical":"https:\/\/hightechkaunas.com\/no\/services\/","og_locale":"nb_NO","og_type":"article","og_title":"Tjenester - Hightechkaunas.com","og_url":"https:\/\/hightechkaunas.com\/no\/services\/","og_site_name":"Hightechkaunas.com","article_modified_time":"2024-10-30T15:43:46+00:00","twitter_card":"summary_large_image","schema":{"@context":"https:\/\/schema.org","@graph":[{"@type":"WebPage","@id":"https:\/\/hightechkaunas.com\/no\/services\/","url":"https:\/\/hightechkaunas.com\/no\/services\/","name":"Tjenester - Hightechkaunas.com","isPartOf":{"@id":"https:\/\/hightechkaunas.com\/#website"},"datePublished":"2024-09-12T12:08:12+00:00","dateModified":"2024-10-30T15:43:46+00:00","breadcrumb":{"@id":"https:\/\/hightechkaunas.com\/no\/services\/#breadcrumb"},"inLanguage":"nb-NO","potentialAction":[{"@type":"ReadAction","target":["https:\/\/hightechkaunas.com\/no\/services\/"]}]},{"@type":"BreadcrumbList","@id":"https:\/\/hightechkaunas.com\/no\/services\/#breadcrumb","itemListElement":[{"@type":"ListItem","position":1,"name":"Home","item":"https:\/\/hightechkaunas.com\/no\/"},{"@type":"ListItem","position":2,"name":"Tjenester"}]},{"@type":"WebSite","@id":"https:\/\/hightechkaunas.com\/#website","url":"https:\/\/hightechkaunas.com\/","name":"Hightechkaunas.com","description":"","potentialAction":[{"@type":"SearchAction","target":{"@type":"EntryPoint","urlTemplate":"https:\/\/hightechkaunas.com\/?s={search_term_string}"},"query-input":{"@type":"PropertyValueSpecification","valueRequired":true,"valueName":"search_term_string"}}],"inLanguage":"nb-NO"}]}},"_links":{"self":[{"href":"https:\/\/hightechkaunas.com\/no\/wp-json\/wp\/v2\/pages\/1349","targetHints":{"allow":["GET"]}}],"collection":[{"href":"https:\/\/hightechkaunas.com\/no\/wp-json\/wp\/v2\/pages"}],"about":[{"href":"https:\/\/hightechkaunas.com\/no\/wp-json\/wp\/v2\/types\/page"}],"author":[{"embeddable":true,"href":"https:\/\/hightechkaunas.com\/no\/wp-json\/wp\/v2\/users\/1"}],"replies":[{"embeddable":true,"href":"https:\/\/hightechkaunas.com\/no\/wp-json\/wp\/v2\/comments?post=1349"}],"version-history":[{"count":3,"href":"https:\/\/hightechkaunas.com\/no\/wp-json\/wp\/v2\/pages\/1349\/revisions"}],"predecessor-version":[{"id":1682,"href":"https:\/\/hightechkaunas.com\/no\/wp-json\/wp\/v2\/pages\/1349\/revisions\/1682"}],"wp:attachment":[{"href":"https:\/\/hightechkaunas.com\/no\/wp-json\/wp\/v2\/media?parent=1349"}],"curies":[{"name":"wp","href":"https:\/\/api.w.org\/{rel}","templated":true}]}}