{"id":1344,"date":"2024-09-12T14:37:40","date_gmt":"2024-09-12T14:37:40","guid":{"rendered":"https:\/\/hightechkaunas.com\/news\/"},"modified":"2024-10-30T16:10:50","modified_gmt":"2024-10-30T16:10:50","slug":"news","status":"publish","type":"page","link":"https:\/\/hightechkaunas.com\/no\/news\/","title":{"rendered":"Nyheter"},"content":{"rendered":"\r\n\r\n<section id=\"header-block\" class=\"header-block\">\r\n    <div class=\"header-block-texts\">\r\n                    <h1>Hva er nytt med oss?<\/h1>\r\n            <\/div>\r\n        <style>\r\n        .header-block {\r\n            background: url('https:\/\/hightechkaunas.com\/wp-content\/uploads\/2024\/09\/image-101-scaled.jpg') no-repeat center center;\r\n            background-size: cover;\r\n        }\r\n    <\/style>\r\n<\/section>\r\n\r\n\r\n\n\n\r\n\r\n\r\n\r\n<section id=\"news-list\" class=\"news-list web-section\">\r\n    <div class=\"container-fluid\">\r\n        <div class=\"services-list-in\">\r\n                            <a href=\"https:\/\/hightechkaunas.com\/no\/2025\/10\/02\/sinu-it-partneri-pitchdeck-ei-paranda-su-backendi-aga-oiged-insenerid-parandavad\/\" class=\"services-list-item services-list-item-0\">\r\n                    <div class=\"services-list-item-text\">\r\n                        <div class=\"services-list-item-text-helper\">\r\n                            <div class=\"dateitb\">2025 10 02<\/div>\r\n                            <h3 class=\"main-title\">Hvorfor 90 % av integrasjoner mislykkes (og hvordan din kan lykkes)<\/h3>\r\n                                                        <div class=\"button-black\">Les mer om dette<\/div>\r\n                        <\/div>\r\n                    <\/div>\r\n                    <div class=\"services-list-item-image services-list-item-image-0\">\r\n                     <!--   -->                    <\/div>\r\n\r\n                                        <style>\r\n                        .services-list-item-image-0 {\r\n                            background: url('https:\/\/hightechkaunas.com\/wp-content\/uploads\/2025\/10\/Visual20-710x350.png') no-repeat center center;\r\n                            background-size: cover;\r\n                        }\r\n                    <\/style>\r\n                <\/a>\r\n                                            <a href=\"https:\/\/hightechkaunas.com\/no\/2025\/09\/09\/mindre-smartere-nar-du-velger-riktig\/\" class=\"services-list-item services-list-item-1\">\r\n                    <div class=\"services-list-item-text\">\r\n                        <div class=\"services-list-item-text-helper\">\r\n                            <div class=\"dateitb\">2025 09 09<\/div>\r\n                            <h3 class=\"main-title\">Mindre = Smartere (n\u00e5r du velger riktig)<\/h3>\r\n                            <p>Store IT-leverand\u00f8rer er som cruiseskip: imponerende, dyre \u2013 og fryktelig trege til \u00e5 endre kurs. N\u00e5r v\u00e6ret snur, eller forsyningskjeden din plutselig st\u00e5r i brann, skal du v\u00e6re heldig om kapteinen i det hele tatt merker noe f\u00f8r du treffer isfjellet. Det er den skjulte prisen for \u201cskala\u201d. P\u00e5 papiret ser det trygt ut: glinsende&#8230;<\/p>\n                            <div class=\"button-black\">Les mer om dette<\/div>\r\n                        <\/div>\r\n                    <\/div>\r\n                    <div class=\"services-list-item-image services-list-item-image-1\">\r\n                     <!--   -->                    <\/div>\r\n\r\n                                        <style>\r\n                        .services-list-item-image-1 {\r\n                            background: url('https:\/\/hightechkaunas.com\/wp-content\/uploads\/2025\/09\/Visual19-710x350.png') no-repeat center center;\r\n                            background-size: cover;\r\n                        }\r\n                    <\/style>\r\n                <\/a>\r\n                                            <a href=\"https:\/\/hightechkaunas.com\/no\/2025\/08\/21\/redde-eldre-systemer-uten-en-full-omskriving\/\" class=\"services-list-item services-list-item-2\">\r\n                    <div class=\"services-list-item-text\">\r\n                        <div class=\"services-list-item-text-helper\">\r\n                            <div class=\"dateitb\">2025 08 21<\/div>\r\n                            <h3 class=\"main-title\">Redde eldre systemer \u2014 uten en full omskriving<\/h3>\r\n                            <p>Et sted i Europa sitter en CIO akkurat n\u00e5 og signerer p\u00e5 en systemomskriving til 2 millioner euro \u2013 for et problem som kunne v\u00e6rt l\u00f8st med en patch til 200 000 euro og seks ukers arbeid. Dette er ikke et tenkt eksempel. Det skjer hver uke i enterprise-IT. Det er nesten blitt et ritual:&#8230;<\/p>\n                            <div class=\"button-black\">Les mer om dette<\/div>\r\n                        <\/div>\r\n                    <\/div>\r\n                    <div class=\"services-list-item-image services-list-item-image-2\">\r\n                     <!--   -->                    <\/div>\r\n\r\n                                        <style>\r\n                        .services-list-item-image-2 {\r\n                            background: url('https:\/\/hightechkaunas.com\/wp-content\/uploads\/2025\/11\/Blog1_V3-710x350.png') no-repeat center center;\r\n                            background-size: cover;\r\n                        }\r\n                    <\/style>\r\n                <\/a>\r\n                                            <a href=\"https:\/\/hightechkaunas.com\/no\/2024\/10\/18\/automating-real-estate-data-integration-for-obh-gruppen-a-s-with-robovirgin\/\" class=\"services-list-item services-list-item-3\">\r\n                    <div class=\"services-list-item-text\">\r\n                        <div class=\"services-list-item-text-helper\">\r\n                            <div class=\"dateitb\">2024 10 18<\/div>\r\n                            <h3 class=\"main-title\">Automatisering av eiendomsdataintegrasjon for OBH &#8211; Gruppen A\/S med Robovirgin<\/h3>\r\n                            <p>I en verden med h\u00f8yt tempo er effektivitet og n\u00f8yaktighet av avgj\u00f8rende betydning. OBH &#8211; Gruppen A\/S, en fremtredende kunde som spesialiserer seg p\u00e5 eiendomsrelaterte tjenester som verdivurderinger, skaderapporter og energivurderinger, sto overfor betydelige utfordringer i h\u00e5ndteringen av kundeordrer. OBH &#8211; Gruppen A\/S betjener en variert kundekrets som omfatter privatpersoner, eiendomsmeglere og forsikringsselskaper, og hver&#8230;<\/p>\n                            <div class=\"button-black\">Les mer om dette<\/div>\r\n                        <\/div>\r\n                    <\/div>\r\n                    <div class=\"services-list-item-image services-list-item-image-3\">\r\n                     <!--   -->                    <\/div>\r\n\r\n                                        <style>\r\n                        .services-list-item-image-3 {\r\n                            background: url('https:\/\/hightechkaunas.com\/wp-content\/uploads\/2024\/10\/cover-automate-real-estate_1024-710x350.png') no-repeat center center;\r\n                            background-size: cover;\r\n                        }\r\n                    <\/style>\r\n                <\/a>\r\n                                            <a href=\"https:\/\/hightechkaunas.com\/no\/2024\/10\/18\/transforming-e-commerce-with-mastercard-click-to-pay\/\" class=\"services-list-item services-list-item-4\">\r\n                    <div class=\"services-list-item-text\">\r\n                        <div class=\"services-list-item-text-helper\">\r\n                            <div class=\"dateitb\">2024 10 18<\/div>\r\n                            <h3 class=\"main-title\">Transformerer e-handel med Mastercard Click to Pay<\/h3>\r\n                            <p>I en verden i stadig utvikling er det avgj\u00f8rende for nettbutikker som \u00f8nsker \u00e5 \u00f8ke kundetilfredsheten og konverteringsraten, \u00e5 kunne tilby en s\u00f8ml\u00f8s og sikker betalingsopplevelse. Mastercard inns\u00e5 dette behovet og utviklet Mastercard Click to Pay, en banebrytende l\u00f8sning som har forandret netthandelen for b\u00e5de kj\u00f8pmenn og forbrukere. En viktig akt\u00f8r i denne suksesshistorien er&#8230;<\/p>\n                            <div class=\"button-black\">Les mer om dette<\/div>\r\n                        <\/div>\r\n                    <\/div>\r\n                    <div class=\"services-list-item-image services-list-item-image-4\">\r\n                     <!--   -->                    <\/div>\r\n\r\n                                        <style>\r\n                        .services-list-item-image-4 {\r\n                            background: url('https:\/\/hightechkaunas.com\/wp-content\/uploads\/2024\/10\/master-710x350.jpg') no-repeat center center;\r\n                            background-size: cover;\r\n                        }\r\n                    <\/style>\r\n                <\/a>\r\n                                            <a href=\"https:\/\/hightechkaunas.com\/no\/2024\/10\/15\/migration-of-mytherese-com-to-sylius-a-collaborative\/\" class=\"services-list-item services-list-item-5\">\r\n                    <div class=\"services-list-item-text\">\r\n                        <div class=\"services-list-item-text-helper\">\r\n                            <div class=\"dateitb\">2024 10 15<\/div>\r\n                            <h3 class=\"main-title\">Migrering av MyTherese.com til Sylius &#8211; et samarbeidsprosjekt<\/h3>\r\n                            <p>En av verdens ledende forhandlere av luksusmote, MyTheresa. Com, foretok en betydeligteknologisk endring ved \u00e5 migrere e-handelsplattformen sin fra Magento til Sylius. Dennevar avgj\u00f8rende for \u00e5 st\u00f8tte de \u00f8kende kravene fra den globale kundebasen, forbedrefunksjonalitet og sikre en smidigere og mer effektiv kundeopplevelse. En sentral rolle i denne transformasjoneni denne transformasjonen var det dedikerte teamet&#8230;<\/p>\n                            <div class=\"button-black\">Les mer om dette<\/div>\r\n                        <\/div>\r\n                    <\/div>\r\n                    <div class=\"services-list-item-image services-list-item-image-5\">\r\n                     <!--   -->                    <\/div>\r\n\r\n                                        <style>\r\n                        .services-list-item-image-5 {\r\n                            background: url('https:\/\/hightechkaunas.com\/wp-content\/uploads\/2024\/09\/3-naujienos-foto-710x350.jpg') no-repeat center center;\r\n                            background-size: cover;\r\n                        }\r\n                    <\/style>\r\n                <\/a>\r\n                                            <a href=\"https:\/\/hightechkaunas.com\/no\/2024\/09\/19\/highttech-kaunas-cluster-will-strengthen-its-global-competitiveness-abroad\/\" class=\"services-list-item services-list-item-6\">\r\n                    <div class=\"services-list-item-text\">\r\n                        <div class=\"services-list-item-text-helper\">\r\n                            <div class=\"dateitb\">2024 09 19<\/div>\r\n                            <h3 class=\"main-title\">\u00abHightTech Kaunas&raquo;-klyngen vil styrke sin globale konkurranseevne i utlandet<\/h3>\r\n                            <p>Kaunas Chamber of Commerce, Industry, and Crafts har sammen med sine partnere &#8211; medlemsbedrifter i IT-sektoren &#8211; dannet en integrert klynge for kunstig intelligens, e-handel og prosessautomatiseringssystemer kalt \u00abHighTech Kaunas\u00bb. For \u00e5 styrke klyngens konkurranseevne i utlandet og integrere den i internasjonale nettverk, ble det sendt inn en s\u00f8knad om finansiering under prosjektet \u00abExpo Cluster&#8230;<\/p>\n                            <div class=\"button-black\">Les mer om dette<\/div>\r\n                        <\/div>\r\n                    <\/div>\r\n                    <div class=\"services-list-item-image services-list-item-image-6\">\r\n                     <!--   -->                    <\/div>\r\n\r\n                                        <style>\r\n                        .services-list-item-image-6 {\r\n                            background: url('https:\/\/hightechkaunas.com\/wp-content\/uploads\/2024\/09\/ezgif-5-cb085322c11e-710x350.jpg') no-repeat center center;\r\n                            background-size: cover;\r\n                        }\r\n                    <\/style>\r\n                <\/a>\r\n                                            <a href=\"https:\/\/hightechkaunas.com\/no\/2024\/09\/19\/why-net-core-is-a-game-changer-for-modern-development\/\" class=\"services-list-item services-list-item-7\">\r\n                    <div class=\"services-list-item-text\">\r\n                        <div class=\"services-list-item-text-helper\">\r\n                            <div class=\"dateitb\">2024 09 19<\/div>\r\n                            <h3 class=\"main-title\">Hvorfor .NET Core er en gamechanger for moderne utvikling<\/h3>\r\n                            <p>La oss snakke om et rammeverk som utviklerne v\u00e5re sannsynligvis er mest lidenskapelig opptatt av &#8211; .NET Core. Her er noen av de viktigste grunnene til at det har blitt s\u00e5 popul\u00e6rt: Til tross for alle fordelene er det ogs\u00e5 noen ting du b\u00f8r tenke p\u00e5 n\u00e5r du velger .NET Core &#8211; det har sv\u00e6rt&#8230;<\/p>\n                            <div class=\"button-black\">Les mer om dette<\/div>\r\n                        <\/div>\r\n                    <\/div>\r\n                    <div class=\"services-list-item-image services-list-item-image-7\">\r\n                     <!--   -->                    <\/div>\r\n\r\n                                        <style>\r\n                        .services-list-item-image-7 {\r\n                            background: url('https:\/\/hightechkaunas.com\/wp-content\/uploads\/2024\/09\/2-naujienos-foto.jpg') no-repeat center center;\r\n                            background-size: cover;\r\n                        }\r\n                    <\/style>\r\n                <\/a>\r\n                                            <a href=\"https:\/\/hightechkaunas.com\/no\/2024\/09\/19\/hightech-kaunas-cluster-joins-international-business-networks\/\" class=\"services-list-item services-list-item-8\">\r\n                    <div class=\"services-list-item-text\">\r\n                        <div class=\"services-list-item-text-helper\">\r\n                            <div class=\"dateitb\">2024 09 19<\/div>\r\n                            <h3 class=\"main-title\">HighTech Kaunas-klyngen blir en del av internasjonale bedriftsnettverk<\/h3>\r\n                            <p>HighTech Kaunas Cluster har gleden av \u00e5 kunngj\u00f8re at den offisielt har sluttet seg til flere store globale plattformer som er utviklet for \u00e5 hjelpe bedrifter og tjenesteleverand\u00f8rer med \u00e5 bli vurdert, evaluert og utvide rekkevidden sin. Fra n\u00e5 av er klyngens medlemmer synlige og tilgjengelige gjennom f\u00f8lgende anerkjente plattformer: Ved \u00e5 delta i disse&#8230;<\/p>\n                            <div class=\"button-black\">Les mer om dette<\/div>\r\n                        <\/div>\r\n                    <\/div>\r\n                    <div class=\"services-list-item-image services-list-item-image-8\">\r\n                     <!--   -->                    <\/div>\r\n\r\n                                        <style>\r\n                        .services-list-item-image-8 {\r\n                            background: url('https:\/\/hightechkaunas.com\/wp-content\/uploads\/2024\/09\/3-naujienos-foto-710x350.jpg') no-repeat center center;\r\n                            background-size: cover;\r\n                        }\r\n                    <\/style>\r\n                <\/a>\r\n                                    <\/div>\r\n    <\/div>\r\n<\/section>\r\n\r\n\r\n","protected":false},"excerpt":{"rendered":"","protected":false},"author":1,"featured_media":0,"parent":0,"menu_order":0,"comment_status":"closed","ping_status":"closed","template":"","meta":{"_acf_changed":false,"inline_featured_image":false,"footnotes":""},"class_list":["post-1344","page","type-page","status-publish","hentry"],"acf":[],"yoast_head":"<!-- This site is optimized with the Yoast SEO plugin v26.2 - https:\/\/yoast.com\/wordpress\/plugins\/seo\/ -->\n<title>Nyheter - Hightechkaunas.com<\/title>\n<meta name=\"robots\" content=\"index, follow, max-snippet:-1, max-image-preview:large, max-video-preview:-1\" \/>\n<link rel=\"canonical\" href=\"https:\/\/hightechkaunas.com\/no\/news\/\" \/>\n<meta property=\"og:locale\" content=\"nb_NO\" \/>\n<meta property=\"og:type\" content=\"article\" \/>\n<meta property=\"og:title\" content=\"Nyheter - Hightechkaunas.com\" \/>\n<meta property=\"og:url\" content=\"https:\/\/hightechkaunas.com\/no\/news\/\" \/>\n<meta property=\"og:site_name\" content=\"Hightechkaunas.com\" \/>\n<meta property=\"article:modified_time\" content=\"2024-10-30T16:10:50+00:00\" \/>\n<meta name=\"twitter:card\" content=\"summary_large_image\" \/>\n<script type=\"application\/ld+json\" class=\"yoast-schema-graph\">{\"@context\":\"https:\/\/schema.org\",\"@graph\":[{\"@type\":\"WebPage\",\"@id\":\"https:\/\/hightechkaunas.com\/no\/news\/\",\"url\":\"https:\/\/hightechkaunas.com\/no\/news\/\",\"name\":\"Nyheter - Hightechkaunas.com\",\"isPartOf\":{\"@id\":\"https:\/\/hightechkaunas.com\/#website\"},\"datePublished\":\"2024-09-12T14:37:40+00:00\",\"dateModified\":\"2024-10-30T16:10:50+00:00\",\"breadcrumb\":{\"@id\":\"https:\/\/hightechkaunas.com\/no\/news\/#breadcrumb\"},\"inLanguage\":\"nb-NO\",\"potentialAction\":[{\"@type\":\"ReadAction\",\"target\":[\"https:\/\/hightechkaunas.com\/no\/news\/\"]}]},{\"@type\":\"BreadcrumbList\",\"@id\":\"https:\/\/hightechkaunas.com\/no\/news\/#breadcrumb\",\"itemListElement\":[{\"@type\":\"ListItem\",\"position\":1,\"name\":\"Home\",\"item\":\"https:\/\/hightechkaunas.com\/no\/\"},{\"@type\":\"ListItem\",\"position\":2,\"name\":\"Nyheter\"}]},{\"@type\":\"WebSite\",\"@id\":\"https:\/\/hightechkaunas.com\/#website\",\"url\":\"https:\/\/hightechkaunas.com\/\",\"name\":\"Hightechkaunas.com\",\"description\":\"\",\"potentialAction\":[{\"@type\":\"SearchAction\",\"target\":{\"@type\":\"EntryPoint\",\"urlTemplate\":\"https:\/\/hightechkaunas.com\/?s={search_term_string}\"},\"query-input\":{\"@type\":\"PropertyValueSpecification\",\"valueRequired\":true,\"valueName\":\"search_term_string\"}}],\"inLanguage\":\"nb-NO\"}]}<\/script>\n<!-- \/ Yoast SEO plugin. -->","yoast_head_json":{"title":"Nyheter - Hightechkaunas.com","robots":{"index":"index","follow":"follow","max-snippet":"max-snippet:-1","max-image-preview":"max-image-preview:large","max-video-preview":"max-video-preview:-1"},"canonical":"https:\/\/hightechkaunas.com\/no\/news\/","og_locale":"nb_NO","og_type":"article","og_title":"Nyheter - Hightechkaunas.com","og_url":"https:\/\/hightechkaunas.com\/no\/news\/","og_site_name":"Hightechkaunas.com","article_modified_time":"2024-10-30T16:10:50+00:00","twitter_card":"summary_large_image","schema":{"@context":"https:\/\/schema.org","@graph":[{"@type":"WebPage","@id":"https:\/\/hightechkaunas.com\/no\/news\/","url":"https:\/\/hightechkaunas.com\/no\/news\/","name":"Nyheter - Hightechkaunas.com","isPartOf":{"@id":"https:\/\/hightechkaunas.com\/#website"},"datePublished":"2024-09-12T14:37:40+00:00","dateModified":"2024-10-30T16:10:50+00:00","breadcrumb":{"@id":"https:\/\/hightechkaunas.com\/no\/news\/#breadcrumb"},"inLanguage":"nb-NO","potentialAction":[{"@type":"ReadAction","target":["https:\/\/hightechkaunas.com\/no\/news\/"]}]},{"@type":"BreadcrumbList","@id":"https:\/\/hightechkaunas.com\/no\/news\/#breadcrumb","itemListElement":[{"@type":"ListItem","position":1,"name":"Home","item":"https:\/\/hightechkaunas.com\/no\/"},{"@type":"ListItem","position":2,"name":"Nyheter"}]},{"@type":"WebSite","@id":"https:\/\/hightechkaunas.com\/#website","url":"https:\/\/hightechkaunas.com\/","name":"Hightechkaunas.com","description":"","potentialAction":[{"@type":"SearchAction","target":{"@type":"EntryPoint","urlTemplate":"https:\/\/hightechkaunas.com\/?s={search_term_string}"},"query-input":{"@type":"PropertyValueSpecification","valueRequired":true,"valueName":"search_term_string"}}],"inLanguage":"nb-NO"}]}},"_links":{"self":[{"href":"https:\/\/hightechkaunas.com\/no\/wp-json\/wp\/v2\/pages\/1344","targetHints":{"allow":["GET"]}}],"collection":[{"href":"https:\/\/hightechkaunas.com\/no\/wp-json\/wp\/v2\/pages"}],"about":[{"href":"https:\/\/hightechkaunas.com\/no\/wp-json\/wp\/v2\/types\/page"}],"author":[{"embeddable":true,"href":"https:\/\/hightechkaunas.com\/no\/wp-json\/wp\/v2\/users\/1"}],"replies":[{"embeddable":true,"href":"https:\/\/hightechkaunas.com\/no\/wp-json\/wp\/v2\/comments?post=1344"}],"version-history":[{"count":1,"href":"https:\/\/hightechkaunas.com\/no\/wp-json\/wp\/v2\/pages\/1344\/revisions"}],"predecessor-version":[{"id":1714,"href":"https:\/\/hightechkaunas.com\/no\/wp-json\/wp\/v2\/pages\/1344\/revisions\/1714"}],"wp:attachment":[{"href":"https:\/\/hightechkaunas.com\/no\/wp-json\/wp\/v2\/media?parent=1344"}],"curies":[{"name":"wp","href":"https:\/\/api.w.org\/{rel}","templated":true}]}}