{"id":1329,"date":"2024-09-13T03:20:43","date_gmt":"2024-09-13T03:20:43","guid":{"rendered":"https:\/\/hightechkaunas.com\/about-us\/"},"modified":"2024-11-24T09:09:00","modified_gmt":"2024-11-24T09:09:00","slug":"about-us","status":"publish","type":"page","link":"https:\/\/hightechkaunas.com\/no\/about-us\/","title":{"rendered":"Om oss"},"content":{"rendered":"\r\n\r\n<section id=\"header-block\" class=\"header-block\">\r\n    <div class=\"header-block-texts\">\r\n                    <h1>Om oss<\/h1>\r\n            <\/div>\r\n        <style>\r\n        .header-block {\r\n            background: url('https:\/\/hightechkaunas.com\/wp-content\/uploads\/2024\/09\/members.png') no-repeat center center;\r\n            background-size: cover;\r\n        }\r\n    <\/style>\r\n<\/section>\r\n\r\n\r\n\n\n\r\n\r\n\r\n<section id=\"lefttext\" class=\"lefttext web-section\">\r\n    <div class=\"container-fluid\">\r\n        <div class=\"lefttext-in\">\r\n            <div class=\"rte\">\r\n                                    <p>JSC \u00abInkodus\u00bb er et europeisk orientert litauisk IT-konsulentselskap som ble etablert i 2012. Selskapet startet sin virksomhet som leverand\u00f8r av programmering og teknologiske l\u00f8sninger av h\u00f8y kvalitet. Senere tok de imidlertid hensyn til kundenes krav, justerte forretningstrenden og n\u00e5 forener Incodus de beste IT-fagfolkene mens de tilbyr dedikerte team av programvareutviklere tjenester til andre selskaper.<br \/>\nI motsetning til standard outsourcing gir det dedikerte teamet av programvareutviklere mer kontroll og mulighet til \u00e5 p\u00e5virke arbeidsprosesser. Et team av programvareutviklere med n\u00f8dvendig kunnskap og erfaring er tilgjengelig direkte, som dine egne ansatte. Samtidig tilbyr Inkodus alle n\u00f8dvendige tilleggstjenester som regnskap, sosial tilfredsstillelse for ditt eksterne team, teambuilding, kontoradministrasjon og annet. Det dedikerte teamet best\u00e5r kun av p\u00e5litelige og testede spesialister som jobber raskt og fleksibelt.<br \/>\nSelskapet er stolt av \u00e5 kunne tilby langsiktige relasjoner og profesjonelle tjenester til sine kunder. Deres hovedm\u00e5l er \u00e5 tilfredsstille kundenes behov.<\/p>\n                            <\/div>\r\n        <\/div>\r\n    <\/div>\r\n<\/section>\r\n\r\n\n\n\r\n\r\n\r\n<section id=\"aboutmembers\" class=\"aboutmembers web-section\">\r\n    <div class=\"container-fluid\">\r\n        <div class=\"aboutmembers-in\">\r\n            <div class=\"aboutmemberstitle\">\r\n                <div class=\"aboutmemberstitle\">\r\n                                            <h2 class=\"main-title titlefloatleft\">KLYNGEN BEST\u00c5R AV 7 MEDLEMMER:<\/h2>\r\n                                        <div class=\"buttonfloatright\">\r\n                        <a class=\"button-blue\" href=\"https:\/\/hightechkaunas.com\/members\/\">Medlemmer<\/a>\r\n                    <\/div>\r\n                    <div class=\"clearfix\"><\/div>\r\n                <\/div>\r\n                <div class=\"aboutmemberslist\">\r\n                    <div class=\"members-list-wrapper\">\r\n                                                    <a href=\"https:\/\/hightechkaunas.com\/no\/members\/jsc-confistech\/\" class=\"members-list-wrapper-item members-list-wrapper-item-0\">\r\n                                <div class=\"members-list-wrapper-item-image\">\r\n                                                                            <img decoding=\"async\" src=\"https:\/\/hightechkaunas.com\/wp-content\/uploads\/2024\/09\/confitech.svg\" title=\"item\" alt=\"item\">\r\n                                                                    <\/div>\r\n                            <\/a>\r\n                                                                                <a href=\"https:\/\/hightechkaunas.com\/no\/members\/jsc-definra\/\" class=\"members-list-wrapper-item members-list-wrapper-item-1\">\r\n                                <div class=\"members-list-wrapper-item-image\">\r\n                                                                            <img decoding=\"async\" src=\"https:\/\/hightechkaunas.com\/wp-content\/uploads\/2024\/09\/definra.svg\" title=\"item\" alt=\"item\">\r\n                                                                    <\/div>\r\n                            <\/a>\r\n                                                                                <a href=\"https:\/\/hightechkaunas.com\/no\/members\/jsc-inkodus\/\" class=\"members-list-wrapper-item members-list-wrapper-item-2\">\r\n                                <div class=\"members-list-wrapper-item-image\">\r\n                                                                            <img decoding=\"async\" src=\"https:\/\/hightechkaunas.com\/wp-content\/uploads\/2024\/09\/inkodus.svg\" title=\"item\" alt=\"item\">\r\n                                                                    <\/div>\r\n                            <\/a>\r\n                                                                                <a href=\"https:\/\/hightechkaunas.com\/no\/members\/jsc-invertus\/\" class=\"members-list-wrapper-item members-list-wrapper-item-3\">\r\n                                <div class=\"members-list-wrapper-item-image\">\r\n                                                                            <img decoding=\"async\" src=\"https:\/\/hightechkaunas.com\/wp-content\/uploads\/2024\/09\/invertus.svg\" title=\"item\" alt=\"item\">\r\n                                                                    <\/div>\r\n                            <\/a>\r\n                                                                                <a href=\"https:\/\/hightechkaunas.com\/no\/members\/jsc-matomai\/\" class=\"members-list-wrapper-item members-list-wrapper-item-4\">\r\n                                <div class=\"members-list-wrapper-item-image\">\r\n                                                                            <img decoding=\"async\" src=\"https:\/\/hightechkaunas.com\/wp-content\/uploads\/2024\/09\/matom.svg\" title=\"item\" alt=\"item\">\r\n                                                                    <\/div>\r\n                            <\/a>\r\n                                                                                <a href=\"https:\/\/hightechkaunas.com\/no\/members\/jsc-thinkbig-lt\/\" class=\"members-list-wrapper-item members-list-wrapper-item-5\">\r\n                                <div class=\"members-list-wrapper-item-image\">\r\n                                                                            <img decoding=\"async\" src=\"https:\/\/hightechkaunas.com\/wp-content\/uploads\/2024\/09\/thinkbig.svg\" title=\"item\" alt=\"item\">\r\n                                                                    <\/div>\r\n                            <\/a>\r\n                                                                        <\/div>\r\n                    <div class=\"niceblockmembers\"><img decoding=\"async\" src=\"https:\/\/hightechkaunas.com\/wp-content\/themes\/itbrolis\/images\/membeers-nice-block2.svg\" title=\"services-image\" alt=\"services-image\"><\/div>\r\n                <\/div>\r\n            <\/div>\r\n        <\/div>\r\n    <\/div>\r\n<\/section>\r\n\r\n\n\n\r\n\r\n\r\n\r\n<section id=\"left-right-content\" class=\"left-right-content web-section\">\r\n    <div class=\"container-fluid\">\r\n        <div class=\"left-right-content-in\">\r\n            <div class=\"lfrc-left\">\r\n                                    <h3>Oppdrag<\/h3>\r\n<div class=\"visiontext\">M\u00e5let er \u00e5 utvikle felles produkter med h\u00f8y konkurransekraft p\u00e5 det globale markedet og \u00f8ke konkurransekraften, synligheten, effektiviteten og tilgjengeligheten til disse selskapene.<\/div>                            <\/div>\r\n            <div class=\"lfrc-right\">\r\n                                    <h3>Visjon<\/h3>\r\n<div class=\"visiontext\">HighTech Kaunas-klyngens visjon er \u00e5 bli en p\u00e5litelig og anerkjent allianse av IT-selskaper, en partner som skaper innovative og konkurransedyktige digitale forretningsl\u00f8sninger som skaper merverdi.<\/div>\r\n                            <\/div>\r\n        <\/div>\r\n    <\/div>\r\n<\/section>\r\n\r\n\r\n\n\n\n\n\n\n<section id=\"expertise\" class=\"expertise outsourcing-expertise \" style=\"background-image: url('https:\/\/hightechkaunas.com\/wp-content\/uploads\/2024\/09\/areas.jpg')\">\n\t<div class=\"container-fluidxxx\">\n\t\t<div class=\"expertise-in\">\n\t\t\t<div class=\"expertise-texts\">\n\t\t\t\t\t\t\t\t\t<h2 class=\"main-title\">Fordeler med \u00e5 jobbe med en klynge<\/h2>\n\t\t\t\t\n\t\t\t\t<div class=\"expertise-wrapper rte\">\n\t\t\t\t\t\t\t\t\t\t\t<p>Samarbeid i en klynge, som \u00abHighTech Kaunas\u00bb, gir mange fordeler for bedrifter som \u00f8nsker \u00e5 vokse og styrke sine markedsposisjoner. En klynge forener ulike virksomheter som samarbeider og deler ressurser, noe som skaper en sterk synergi.<\/p>\n<ul>\n<li><strong>St\u00f8rre eksportmuligheter<\/strong><br \/>\nKlyngebedriftene kan lettere f\u00e5 tilgang til internasjonale markeder ved \u00e5 utnytte en felles merkevare og delta i felles prosjekter og utstillinger.<\/li>\n<li><strong>Synergi mellom medlemmene<\/strong><br \/>\nKlyngedeltakerne kan dra nytte av hverandres ekspertise og ressurser, noe som gj\u00f8r det mulig \u00e5 levere mer komplekse og skreddersydde l\u00f8sninger til kundene.<\/li>\n<li><strong>Tilgang til kunnskap og teknologi<\/strong><br \/>\nBedriftene i klyngen deler teknologiske innovasjoner og erfaringer, noe som bidrar til raskere teknologisk utvikling.<\/li>\n<li><strong>Lavere kostnader<\/strong><br \/>\nDelte ressurser som oppl\u00e6ring, markedsf\u00f8ring eller infrastruktur reduserer utgiftene for det enkelte selskap.<\/li>\n<li><strong>Sterkere markedsposisjonering<\/strong><br \/>\n\u00c5 operere som en del av en klynge gir \u00f8kt troverdighet, noe som gj\u00f8r bedriftene mer attraktive for store prosjekter og internasjonale partnere.<\/li>\n<li><strong>Fremme av innovasjon<\/strong><br \/>\nSamarbeid oppmuntrer til utvikling av nye produkter og tjenester som det ville v\u00e6rt vanskeligere \u00e5 f\u00e5 til p\u00e5 egen h\u00e5nd.<\/li>\n<li><strong>\u00d8kt salg<\/strong><br \/>\nGjennom klyngen kan bedriftene lettere n\u00e5 ut til nye kunder og markeder, noe som bidrar til omsetningsvekst.<\/li>\n<li><strong>Risikoreduksjon<\/strong><br \/>\nKlynger gj\u00f8r det mulig for medlemmene \u00e5 dele risiko, s\u00e6rlig i store eller komplekse prosjekter.<\/li>\n<li><strong>Delte markedsf\u00f8ringsfordeler<\/strong><br \/>\nKlyngemedlemmene kan delta i felles markedsf\u00f8ringskampanjer, utstillinger og andre arrangementer, noe som \u00f8ker merkevarebevisstheten.<\/li>\n<li><strong>Muligheter for l\u00e6ring og utvikling<\/strong><br \/>\nKlyngemedlemmene kan dra nytte av felles oppl\u00e6ring, seminarer og konferanser, noe som forbedrer kompetansen deres og opprettholder konkurransekraften.<\/li>\n<\/ul>\n\t\t\t\t\t\t\t\t\t<\/div>\n\t\t\t<\/div>\n\t\t<\/div>\n\t<\/div>\n\n<\/section>\n\n\n\n\n\r\n\r\n\r\n<section id=\"lefttext\" class=\"lefttext web-section\">\r\n    <div class=\"container-fluid\">\r\n        <div class=\"lefttext-in\">\r\n            <div class=\"rte\">\r\n                                    <h2>Vi er forskjellige<\/h2>\n<p>\u00abHighTech Kaunas&raquo;-klyngen skiller seg ut fra andre klynger p\u00e5 grunn av sitt eksepsjonelle fokus p\u00e5 \u00e5 integrere banebrytende teknologier som kunstig intelligens, robotteknologi og avanserte IT-l\u00f8sninger p\u00e5 tvers av ulike bransjer. I motsetning til mange tradisjonelle klynger forener klyngen en unik blanding av h\u00f8yt spesialiserte selskaper, som spenner fra AI-drevet automatisering til skreddersydd utvikling av ERP-systemer. Dette mangfoldet gj\u00f8r klyngen i stand til \u00e5 levere omfattende l\u00f8sninger for digital transformasjon som im\u00f8tekommer behovene i internasjonale markeder. Klyngens sterke fokus p\u00e5 innovasjon, samarbeid p\u00e5 tvers av bransjer og kunnskapsdeling mellom medlemmene bidrar til et synergistisk milj\u00f8 som fremmer utviklingen av banebrytende l\u00f8sninger. Klyngen utnytter dessuten aktivt sin strategiske beliggenhet i Kaunas, et voksende teknologiknutepunkt i Europa, for \u00e5 forbedre tilgangen til talenter, avansert infrastruktur og globale markeder, noe som gj\u00f8r klyngen ledende n\u00e5r det gjelder \u00e5 forme fremtiden for teknologidrevne bransjer.<\/p>\n                            <\/div>\r\n        <\/div>\r\n    <\/div>\r\n<\/section>\r\n\r\n","protected":false},"excerpt":{"rendered":"","protected":false},"author":1,"featured_media":0,"parent":0,"menu_order":0,"comment_status":"closed","ping_status":"closed","template":"","meta":{"_acf_changed":false,"inline_featured_image":false,"footnotes":""},"class_list":["post-1329","page","type-page","status-publish","hentry"],"acf":[],"yoast_head":"<!-- This site is optimized with the Yoast SEO plugin v26.2 - https:\/\/yoast.com\/wordpress\/plugins\/seo\/ -->\n<title>Om oss - Hightechkaunas.com<\/title>\n<meta name=\"robots\" content=\"index, follow, max-snippet:-1, max-image-preview:large, max-video-preview:-1\" \/>\n<link rel=\"canonical\" href=\"https:\/\/hightechkaunas.com\/no\/about-us\/\" \/>\n<meta property=\"og:locale\" content=\"nb_NO\" \/>\n<meta property=\"og:type\" content=\"article\" \/>\n<meta property=\"og:title\" content=\"Om oss - Hightechkaunas.com\" \/>\n<meta property=\"og:url\" content=\"https:\/\/hightechkaunas.com\/no\/about-us\/\" \/>\n<meta property=\"og:site_name\" content=\"Hightechkaunas.com\" \/>\n<meta property=\"article:modified_time\" content=\"2024-11-24T09:09:00+00:00\" \/>\n<meta name=\"twitter:card\" content=\"summary_large_image\" \/>\n<script type=\"application\/ld+json\" class=\"yoast-schema-graph\">{\"@context\":\"https:\/\/schema.org\",\"@graph\":[{\"@type\":\"WebPage\",\"@id\":\"https:\/\/hightechkaunas.com\/no\/about-us\/\",\"url\":\"https:\/\/hightechkaunas.com\/no\/about-us\/\",\"name\":\"Om oss - Hightechkaunas.com\",\"isPartOf\":{\"@id\":\"https:\/\/hightechkaunas.com\/#website\"},\"datePublished\":\"2024-09-13T03:20:43+00:00\",\"dateModified\":\"2024-11-24T09:09:00+00:00\",\"breadcrumb\":{\"@id\":\"https:\/\/hightechkaunas.com\/no\/about-us\/#breadcrumb\"},\"inLanguage\":\"nb-NO\",\"potentialAction\":[{\"@type\":\"ReadAction\",\"target\":[\"https:\/\/hightechkaunas.com\/no\/about-us\/\"]}]},{\"@type\":\"BreadcrumbList\",\"@id\":\"https:\/\/hightechkaunas.com\/no\/about-us\/#breadcrumb\",\"itemListElement\":[{\"@type\":\"ListItem\",\"position\":1,\"name\":\"Home\",\"item\":\"https:\/\/hightechkaunas.com\/no\/\"},{\"@type\":\"ListItem\",\"position\":2,\"name\":\"Om oss\"}]},{\"@type\":\"WebSite\",\"@id\":\"https:\/\/hightechkaunas.com\/#website\",\"url\":\"https:\/\/hightechkaunas.com\/\",\"name\":\"Hightechkaunas.com\",\"description\":\"\",\"potentialAction\":[{\"@type\":\"SearchAction\",\"target\":{\"@type\":\"EntryPoint\",\"urlTemplate\":\"https:\/\/hightechkaunas.com\/?s={search_term_string}\"},\"query-input\":{\"@type\":\"PropertyValueSpecification\",\"valueRequired\":true,\"valueName\":\"search_term_string\"}}],\"inLanguage\":\"nb-NO\"}]}<\/script>\n<!-- \/ Yoast SEO plugin. -->","yoast_head_json":{"title":"Om oss - Hightechkaunas.com","robots":{"index":"index","follow":"follow","max-snippet":"max-snippet:-1","max-image-preview":"max-image-preview:large","max-video-preview":"max-video-preview:-1"},"canonical":"https:\/\/hightechkaunas.com\/no\/about-us\/","og_locale":"nb_NO","og_type":"article","og_title":"Om oss - Hightechkaunas.com","og_url":"https:\/\/hightechkaunas.com\/no\/about-us\/","og_site_name":"Hightechkaunas.com","article_modified_time":"2024-11-24T09:09:00+00:00","twitter_card":"summary_large_image","schema":{"@context":"https:\/\/schema.org","@graph":[{"@type":"WebPage","@id":"https:\/\/hightechkaunas.com\/no\/about-us\/","url":"https:\/\/hightechkaunas.com\/no\/about-us\/","name":"Om oss - Hightechkaunas.com","isPartOf":{"@id":"https:\/\/hightechkaunas.com\/#website"},"datePublished":"2024-09-13T03:20:43+00:00","dateModified":"2024-11-24T09:09:00+00:00","breadcrumb":{"@id":"https:\/\/hightechkaunas.com\/no\/about-us\/#breadcrumb"},"inLanguage":"nb-NO","potentialAction":[{"@type":"ReadAction","target":["https:\/\/hightechkaunas.com\/no\/about-us\/"]}]},{"@type":"BreadcrumbList","@id":"https:\/\/hightechkaunas.com\/no\/about-us\/#breadcrumb","itemListElement":[{"@type":"ListItem","position":1,"name":"Home","item":"https:\/\/hightechkaunas.com\/no\/"},{"@type":"ListItem","position":2,"name":"Om oss"}]},{"@type":"WebSite","@id":"https:\/\/hightechkaunas.com\/#website","url":"https:\/\/hightechkaunas.com\/","name":"Hightechkaunas.com","description":"","potentialAction":[{"@type":"SearchAction","target":{"@type":"EntryPoint","urlTemplate":"https:\/\/hightechkaunas.com\/?s={search_term_string}"},"query-input":{"@type":"PropertyValueSpecification","valueRequired":true,"valueName":"search_term_string"}}],"inLanguage":"nb-NO"}]}},"_links":{"self":[{"href":"https:\/\/hightechkaunas.com\/no\/wp-json\/wp\/v2\/pages\/1329","targetHints":{"allow":["GET"]}}],"collection":[{"href":"https:\/\/hightechkaunas.com\/no\/wp-json\/wp\/v2\/pages"}],"about":[{"href":"https:\/\/hightechkaunas.com\/no\/wp-json\/wp\/v2\/types\/page"}],"author":[{"embeddable":true,"href":"https:\/\/hightechkaunas.com\/no\/wp-json\/wp\/v2\/users\/1"}],"replies":[{"embeddable":true,"href":"https:\/\/hightechkaunas.com\/no\/wp-json\/wp\/v2\/comments?post=1329"}],"version-history":[{"count":2,"href":"https:\/\/hightechkaunas.com\/no\/wp-json\/wp\/v2\/pages\/1329\/revisions"}],"predecessor-version":[{"id":1828,"href":"https:\/\/hightechkaunas.com\/no\/wp-json\/wp\/v2\/pages\/1329\/revisions\/1828"}],"wp:attachment":[{"href":"https:\/\/hightechkaunas.com\/no\/wp-json\/wp\/v2\/media?parent=1329"}],"curies":[{"name":"wp","href":"https:\/\/api.w.org\/{rel}","templated":true}]}}