{"id":1324,"date":"2024-10-30T07:28:26","date_gmt":"2024-10-30T07:28:26","guid":{"rendered":"https:\/\/hightechkaunas.com\/hightech-outsourcing\/"},"modified":"2024-10-30T15:55:13","modified_gmt":"2024-10-30T15:55:13","slug":"hightech-outsourcing","status":"publish","type":"page","link":"https:\/\/hightechkaunas.com\/no\/hightech-outsourcing\/","title":{"rendered":"Hightech outsourcing"},"content":{"rendered":"\r\n\r\n<section id=\"header-block\" class=\"header-block\">\r\n    <div class=\"header-block-texts\">\r\n                    <h1>Hightech <br> outsorcing<\/h1>\r\n            <\/div>\r\n        <style>\r\n        .header-block {\r\n            background: url('https:\/\/hightechkaunas.com\/wp-content\/uploads\/2024\/10\/louis-droege-DDmKCvzp-KA-unsplash-scaled.jpg') no-repeat center center;\r\n            background-size: cover;\r\n        }\r\n    <\/style>\r\n<\/section>\r\n\r\n\r\n\n\n\n\n\n\n\n<section id=\"child-pages\" class=\"child-pages web-section\">\n\t<div class=\"container-fluid\">\n\t\t\t\t\t\t\t<div class=\"owl-carousel child-pages-slider\">\n\t\t\t\t\t\t\t\t\t<a href=\"https:\/\/hightechkaunas.com\/no\/hightech-outsourcing\/nederland\/\" class=\"news-list-item news-list-item-\">\n\t\t\t\t\t\t<div class=\"news-list-item-image\">\n\t\t\t\t\t\t\t<img loading=\"lazy\" decoding=\"async\" width=\"518\" height=\"300\" src=\"https:\/\/hightechkaunas.com\/wp-content\/uploads\/2024\/10\/pexels-chaitaastic-2031706-518x300.jpg\" class=\"attachment-listpost size-listpost wp-post-image\" alt=\"\" \/>\t\t\t\t\t\t<\/div>\n\t\t\t\t\t\t<div class=\"news-list-item-text\">\n\t\t\t\t\t\t\t<h3>Nederland<\/h3>\n\t\t\t\t\t\t\t<p><p>Hvorfor er Hightech Kaunas den ideelle IT-partneren for nederlandske selskaper?<\/p>\n<\/p>\n\t\t\t\t\t\t\t<div class=\"news-list-item-text-arrow\"><\/div>\n\t\t\t\t\t\t<\/div>\n\t\t\t\t\t<\/a>\n\t\t\t\t\t\t\t\t\t<a href=\"https:\/\/hightechkaunas.com\/no\/hightech-outsourcing\/estland\/\" class=\"news-list-item news-list-item-\">\n\t\t\t\t\t\t<div class=\"news-list-item-image\">\n\t\t\t\t\t\t\t<img loading=\"lazy\" decoding=\"async\" width=\"518\" height=\"300\" src=\"https:\/\/hightechkaunas.com\/wp-content\/uploads\/2024\/10\/pexels-orlovamaria-4906154-518x300.jpg\" class=\"attachment-listpost size-listpost wp-post-image\" alt=\"\" \/>\t\t\t\t\t\t<\/div>\n\t\t\t\t\t\t<div class=\"news-list-item-text\">\n\t\t\t\t\t\t\t<h3>Estland<\/h3>\n\t\t\t\t\t\t\t<p><p>I Estland, et land der innovasjon og IT-l\u00f8sninger st\u00e5r i h\u00f8ysetet, er konkurransen knallhard. Men det er nettopp her Hightech Kaunas kan tilby betydelig merverdi.<\/p>\n<\/p>\n\t\t\t\t\t\t\t<div class=\"news-list-item-text-arrow\"><\/div>\n\t\t\t\t\t\t<\/div>\n\t\t\t\t\t<\/a>\n\t\t\t\t\t\t\t\t\t<a href=\"https:\/\/hightechkaunas.com\/no\/hightech-outsourcing\/danmark\/\" class=\"news-list-item news-list-item-\">\n\t\t\t\t\t\t<div class=\"news-list-item-image\">\n\t\t\t\t\t\t\t<img loading=\"lazy\" decoding=\"async\" width=\"518\" height=\"300\" src=\"https:\/\/hightechkaunas.com\/wp-content\/uploads\/2024\/10\/pexels-pixabay-416024-518x300.jpg\" class=\"attachment-listpost size-listpost wp-post-image\" alt=\"\" \/>\t\t\t\t\t\t<\/div>\n\t\t\t\t\t\t<div class=\"news-list-item-text\">\n\t\t\t\t\t\t\t<h3>Danmark<\/h3>\n\t\t\t\t\t\t\t<p><p>Hightech Kaunas kan tilby verdifulle fordeler til det danske markedet, noe som vil styrke danske bedrifters konkurranseevne p\u00e5 den internasjonale arenaen og hjelpe dem med \u00e5 n\u00e5 sine teknologiske m\u00e5l p\u00e5 en effektiv og innovativ m\u00e5te.<\/p>\n<\/p>\n\t\t\t\t\t\t\t<div class=\"news-list-item-text-arrow\"><\/div>\n\t\t\t\t\t\t<\/div>\n\t\t\t\t\t<\/a>\n\t\t\t\t\t\t\t\t\t<a href=\"https:\/\/hightechkaunas.com\/no\/hightech-outsourcing\/norge\/\" class=\"news-list-item news-list-item-\">\n\t\t\t\t\t\t<div class=\"news-list-item-image\">\n\t\t\t\t\t\t\t<img loading=\"lazy\" decoding=\"async\" width=\"518\" height=\"300\" src=\"https:\/\/hightechkaunas.com\/wp-content\/uploads\/2024\/10\/pexels-borisk-5683079-518x300.jpg\" class=\"attachment-listpost size-listpost wp-post-image\" alt=\"\" \/>\t\t\t\t\t\t<\/div>\n\t\t\t\t\t\t<div class=\"news-list-item-text\">\n\t\t\t\t\t\t\t<h3>Norge<\/h3>\n\t\t\t\t\t\t\t<p><p>Det norske IT-markedet er et av de mest avanserte i Europa, og takket v\u00e6re sin erfaring har Hightech Kaunas-klyngen mye \u00e5 tilby landet<\/p>\n<\/p>\n\t\t\t\t\t\t\t<div class=\"news-list-item-text-arrow\"><\/div>\n\t\t\t\t\t\t<\/div>\n\t\t\t\t\t<\/a>\n\t\t\t\t\t\t\t\t\t<a href=\"https:\/\/hightechkaunas.com\/no\/hightech-outsourcing\/storbritannia\/\" class=\"news-list-item news-list-item-\">\n\t\t\t\t\t\t<div class=\"news-list-item-image\">\n\t\t\t\t\t\t\t<img loading=\"lazy\" decoding=\"async\" width=\"518\" height=\"300\" src=\"https:\/\/hightechkaunas.com\/wp-content\/uploads\/2024\/10\/tadas-petrokas-ST8nRuFtjBQ-unsplash-518x300.jpg\" class=\"attachment-listpost size-listpost wp-post-image\" alt=\"\" \/>\t\t\t\t\t\t<\/div>\n\t\t\t\t\t\t<div class=\"news-list-item-text\">\n\t\t\t\t\t\t\t<h3>Storbritannia<\/h3>\n\t\t\t\t\t\t\t<p><p>Hvorfor er Hightech Kaunas riktig for britiske kunder?<\/p>\n<\/p>\n\t\t\t\t\t\t\t<div class=\"news-list-item-text-arrow\"><\/div>\n\t\t\t\t\t\t<\/div>\n\t\t\t\t\t<\/a>\n\t\t\t\t\t\t\t\t\t<a href=\"https:\/\/hightechkaunas.com\/no\/hightech-outsourcing\/de-forente-stater-av-amerika\/\" class=\"news-list-item news-list-item-\">\n\t\t\t\t\t\t<div class=\"news-list-item-image\">\n\t\t\t\t\t\t\t<img loading=\"lazy\" decoding=\"async\" width=\"518\" height=\"300\" src=\"https:\/\/hightechkaunas.com\/wp-content\/uploads\/2024\/10\/adrian-newell-Itn-olYoPAg-unsplash-518x300.jpg\" class=\"attachment-listpost size-listpost wp-post-image\" alt=\"\" \/>\t\t\t\t\t\t<\/div>\n\t\t\t\t\t\t<div class=\"news-list-item-text\">\n\t\t\t\t\t\t\t<h3>DE FORENTE STATER AV AMERIKA<\/h3>\n\t\t\t\t\t\t\t<p><p>Hvorfor b\u00f8r en amerikansk IT-kunde velge \u00e5 samarbeide med Hightech Kaunas?<\/p>\n<\/p>\n\t\t\t\t\t\t\t<div class=\"news-list-item-text-arrow\"><\/div>\n\t\t\t\t\t\t<\/div>\n\t\t\t\t\t<\/a>\n\t\t\t\t\t\t\t\t\t<a href=\"https:\/\/hightechkaunas.com\/no\/hightech-outsourcing\/irland\/\" class=\"news-list-item news-list-item-\">\n\t\t\t\t\t\t<div class=\"news-list-item-image\">\n\t\t\t\t\t\t\t<img loading=\"lazy\" decoding=\"async\" width=\"518\" height=\"300\" src=\"https:\/\/hightechkaunas.com\/wp-content\/uploads\/2024\/10\/pexels-lucianphotography-3566187-518x300.jpg\" class=\"attachment-listpost size-listpost wp-post-image\" alt=\"\" \/>\t\t\t\t\t\t<\/div>\n\t\t\t\t\t\t<div class=\"news-list-item-text\">\n\t\t\t\t\t\t\t<h3>Irland<\/h3>\n\t\t\t\t\t\t\t<p><p>Oppdag IT-l\u00f8sningene dine med HighTech Kaunas: en p\u00e5litelig partner i Irland<\/p>\n<\/p>\n\t\t\t\t\t\t\t<div class=\"news-list-item-text-arrow\"><\/div>\n\t\t\t\t\t\t<\/div>\n\t\t\t\t\t<\/a>\n\t\t\t\t\t\t\t<\/div>\n\t\t\t<\/div>\n<\/section>","protected":false},"excerpt":{"rendered":"","protected":false},"author":1,"featured_media":0,"parent":0,"menu_order":0,"comment_status":"closed","ping_status":"closed","template":"","meta":{"_acf_changed":false,"inline_featured_image":false,"footnotes":""},"class_list":["post-1324","page","type-page","status-publish","hentry"],"acf":[],"yoast_head":"<!-- This site is optimized with the Yoast SEO plugin v26.2 - https:\/\/yoast.com\/wordpress\/plugins\/seo\/ -->\n<title>Hightech outsourcing - Hightechkaunas.com<\/title>\n<meta name=\"robots\" content=\"index, follow, max-snippet:-1, max-image-preview:large, max-video-preview:-1\" \/>\n<link rel=\"canonical\" href=\"https:\/\/hightechkaunas.com\/no\/hightech-outsourcing\/\" \/>\n<meta property=\"og:locale\" content=\"nb_NO\" \/>\n<meta property=\"og:type\" content=\"article\" \/>\n<meta property=\"og:title\" content=\"Hightech outsourcing - Hightechkaunas.com\" \/>\n<meta property=\"og:url\" content=\"https:\/\/hightechkaunas.com\/no\/hightech-outsourcing\/\" \/>\n<meta property=\"og:site_name\" content=\"Hightechkaunas.com\" \/>\n<meta property=\"article:modified_time\" content=\"2024-10-30T15:55:13+00:00\" \/>\n<meta name=\"twitter:card\" content=\"summary_large_image\" \/>\n<script type=\"application\/ld+json\" class=\"yoast-schema-graph\">{\"@context\":\"https:\/\/schema.org\",\"@graph\":[{\"@type\":\"WebPage\",\"@id\":\"https:\/\/hightechkaunas.com\/no\/hightech-outsourcing\/\",\"url\":\"https:\/\/hightechkaunas.com\/no\/hightech-outsourcing\/\",\"name\":\"Hightech outsourcing - Hightechkaunas.com\",\"isPartOf\":{\"@id\":\"https:\/\/hightechkaunas.com\/#website\"},\"datePublished\":\"2024-10-30T07:28:26+00:00\",\"dateModified\":\"2024-10-30T15:55:13+00:00\",\"breadcrumb\":{\"@id\":\"https:\/\/hightechkaunas.com\/no\/hightech-outsourcing\/#breadcrumb\"},\"inLanguage\":\"nb-NO\",\"potentialAction\":[{\"@type\":\"ReadAction\",\"target\":[\"https:\/\/hightechkaunas.com\/no\/hightech-outsourcing\/\"]}]},{\"@type\":\"BreadcrumbList\",\"@id\":\"https:\/\/hightechkaunas.com\/no\/hightech-outsourcing\/#breadcrumb\",\"itemListElement\":[{\"@type\":\"ListItem\",\"position\":1,\"name\":\"Home\",\"item\":\"https:\/\/hightechkaunas.com\/no\/\"},{\"@type\":\"ListItem\",\"position\":2,\"name\":\"Hightech outsourcing\"}]},{\"@type\":\"WebSite\",\"@id\":\"https:\/\/hightechkaunas.com\/#website\",\"url\":\"https:\/\/hightechkaunas.com\/\",\"name\":\"Hightechkaunas.com\",\"description\":\"\",\"potentialAction\":[{\"@type\":\"SearchAction\",\"target\":{\"@type\":\"EntryPoint\",\"urlTemplate\":\"https:\/\/hightechkaunas.com\/?s={search_term_string}\"},\"query-input\":{\"@type\":\"PropertyValueSpecification\",\"valueRequired\":true,\"valueName\":\"search_term_string\"}}],\"inLanguage\":\"nb-NO\"}]}<\/script>\n<!-- \/ Yoast SEO plugin. -->","yoast_head_json":{"title":"Hightech outsourcing - Hightechkaunas.com","robots":{"index":"index","follow":"follow","max-snippet":"max-snippet:-1","max-image-preview":"max-image-preview:large","max-video-preview":"max-video-preview:-1"},"canonical":"https:\/\/hightechkaunas.com\/no\/hightech-outsourcing\/","og_locale":"nb_NO","og_type":"article","og_title":"Hightech outsourcing - Hightechkaunas.com","og_url":"https:\/\/hightechkaunas.com\/no\/hightech-outsourcing\/","og_site_name":"Hightechkaunas.com","article_modified_time":"2024-10-30T15:55:13+00:00","twitter_card":"summary_large_image","schema":{"@context":"https:\/\/schema.org","@graph":[{"@type":"WebPage","@id":"https:\/\/hightechkaunas.com\/no\/hightech-outsourcing\/","url":"https:\/\/hightechkaunas.com\/no\/hightech-outsourcing\/","name":"Hightech outsourcing - Hightechkaunas.com","isPartOf":{"@id":"https:\/\/hightechkaunas.com\/#website"},"datePublished":"2024-10-30T07:28:26+00:00","dateModified":"2024-10-30T15:55:13+00:00","breadcrumb":{"@id":"https:\/\/hightechkaunas.com\/no\/hightech-outsourcing\/#breadcrumb"},"inLanguage":"nb-NO","potentialAction":[{"@type":"ReadAction","target":["https:\/\/hightechkaunas.com\/no\/hightech-outsourcing\/"]}]},{"@type":"BreadcrumbList","@id":"https:\/\/hightechkaunas.com\/no\/hightech-outsourcing\/#breadcrumb","itemListElement":[{"@type":"ListItem","position":1,"name":"Home","item":"https:\/\/hightechkaunas.com\/no\/"},{"@type":"ListItem","position":2,"name":"Hightech outsourcing"}]},{"@type":"WebSite","@id":"https:\/\/hightechkaunas.com\/#website","url":"https:\/\/hightechkaunas.com\/","name":"Hightechkaunas.com","description":"","potentialAction":[{"@type":"SearchAction","target":{"@type":"EntryPoint","urlTemplate":"https:\/\/hightechkaunas.com\/?s={search_term_string}"},"query-input":{"@type":"PropertyValueSpecification","valueRequired":true,"valueName":"search_term_string"}}],"inLanguage":"nb-NO"}]}},"_links":{"self":[{"href":"https:\/\/hightechkaunas.com\/no\/wp-json\/wp\/v2\/pages\/1324","targetHints":{"allow":["GET"]}}],"collection":[{"href":"https:\/\/hightechkaunas.com\/no\/wp-json\/wp\/v2\/pages"}],"about":[{"href":"https:\/\/hightechkaunas.com\/no\/wp-json\/wp\/v2\/types\/page"}],"author":[{"embeddable":true,"href":"https:\/\/hightechkaunas.com\/no\/wp-json\/wp\/v2\/users\/1"}],"replies":[{"embeddable":true,"href":"https:\/\/hightechkaunas.com\/no\/wp-json\/wp\/v2\/comments?post=1324"}],"version-history":[{"count":1,"href":"https:\/\/hightechkaunas.com\/no\/wp-json\/wp\/v2\/pages\/1324\/revisions"}],"predecessor-version":[{"id":1698,"href":"https:\/\/hightechkaunas.com\/no\/wp-json\/wp\/v2\/pages\/1324\/revisions\/1698"}],"wp:attachment":[{"href":"https:\/\/hightechkaunas.com\/no\/wp-json\/wp\/v2\/media?parent=1324"}],"curies":[{"name":"wp","href":"https:\/\/api.w.org\/{rel}","templated":true}]}}