{"id":1314,"date":"2024-10-30T09:28:36","date_gmt":"2024-10-30T09:28:36","guid":{"rendered":"https:\/\/hightechkaunas.com\/jav\/"},"modified":"2024-11-24T12:09:58","modified_gmt":"2024-11-24T12:09:58","slug":"de-forente-stater-av-amerika","status":"publish","type":"page","link":"https:\/\/hightechkaunas.com\/no\/hightech-outsourcing\/de-forente-stater-av-amerika\/","title":{"rendered":"DE FORENTE STATER AV AMERIKA"},"content":{"rendered":"\r\n\r\n<section id=\"header-block\" class=\"header-block\">\r\n    <div class=\"header-block-texts\">\r\n                    <h1>DE FORENTE STATER AV AMERIKA<\/h1>\r\n            <\/div>\r\n        <style>\r\n        .header-block {\r\n            background: url('https:\/\/hightechkaunas.com\/wp-content\/uploads\/2024\/10\/adrian-newell-Itn-olYoPAg-unsplash-scaled.jpg') no-repeat center center;\r\n            background-size: cover;\r\n        }\r\n    <\/style>\r\n<\/section>\r\n\r\n\r\n\n\n\n\n\n\n<section id=\"services-text\" class=\"services-text web-section title-text\">\n\t<div class=\"container-fluid\">\n\t\t\t\t\t<h2 class=\"main-title\">\n\t\t\t\tHvorfor b\u00f8r en amerikansk IT-kunde velge \u00e5 samarbeide med Hightech Kaunas?\t\t\t<\/h2>\n\t\t\t\t\t<\/div>\n<\/section>\n\n\n\n\n\n\n<section id=\"members\" class=\"members web-section outsourcing-block\">\n\t<div class=\"white-rounded-item\"><\/div>\n\n\t\t<div class=\"imagemember\" style=\"background-image: url('https:\/\/hightechkaunas.com\/wp-content\/uploads\/2024\/10\/bill-stephan-ByVB9WNPl2w-unsplash.jpg')\">\n\t\t<div class=\"niceblockmembers\"><img decoding=\"async\" src=\"https:\/\/hightechkaunas.com\/wp-content\/themes\/itbrolis\/images\/membeers-nice-block2.svg\" title=\"services-image\" alt=\"services-image\"><\/div>\n\t<\/div>\n\t<div class=\"container-fluidxxx\">\n\t\t<div class=\"members-in\">\n\n\t\t\t<div class=\"members-texts\">\n\t\t\t\t\t\t\t\t\t<h2 class=\"main-title\">1. Konkurransekraft p\u00e5 det globale markedet<\/h2>\n\t\t\t\t\n\t\t\t\t\n\t\t\t\t\t\t\t\t\t<div class=\"main__text main__text-top-pd\"><p>Den amerikanske IT-sektoren er en av de mest konkurransedyktige og dynamiske i verden, noe som krever rask tilpasning til ny teknologi, overlegen service og effektiv prosjektstyring. <strong>Hightech Kaunas<\/strong> tilbyr akkurat det amerikanske IT-kunder trenger &#8211; en pakke med innovative l\u00f8sninger til en overkommelig pris. <strong>Klyngeselskaper<\/strong> kan tilby kostnadseffektivitet, noe som gj\u00f8r det mulig for amerikanske selskaper \u00e5 redusere kostnadene for programvareutvikling, vedlikehold eller distribusjon uten at det g\u00e5r p\u00e5 bekostning av kvaliteten. P\u00e5 grunn av lavere driftskostnader i Litauen kan Hightech Kaunas tilby konkurransedyktige priser og samtidig opprettholde et h\u00f8yt serviceniv\u00e5 som kan sammenlignes med ledende amerikanske tjenesteleverand\u00f8rer.<\/p>\n<\/div>\n\t\t\t\t\t\t\t<\/div>\n\t\t<\/div>\n\t<\/div>\n<\/section>\n\n\n\n\n\n<section id=\"members\" class=\"members web-section outsourcing-block\">\n\t<div class=\"white-rounded-item\"><\/div>\n\n\t\t<div class=\"imagemember\" style=\"background-image: url('https:\/\/hightechkaunas.com\/wp-content\/uploads\/2024\/10\/sierra-bell-VR0W2vYVEMk-unsplash-scaled.jpg')\">\n\t\t<div class=\"niceblockmembers\"><img decoding=\"async\" src=\"https:\/\/hightechkaunas.com\/wp-content\/themes\/itbrolis\/images\/membeers-nice-block2.svg\" title=\"services-image\" alt=\"services-image\"><\/div>\n\t<\/div>\n\t<div class=\"container-fluidxxx\">\n\t\t<div class=\"members-in\">\n\n\t\t\t<div class=\"members-texts\">\n\t\t\t\t\t\t\t\t\t<h2 class=\"main-title\">2. Talent og kompetanse av h\u00f8y kvalitet<\/h2>\n\t\t\t\t\n\t\t\t\t\n\t\t\t\t\t\t\t\t\t<div class=\"main__text main__text-top-pd\"><p>Litauen, og spesielt <strong>Kaunas<\/strong>, er i ferd med \u00e5 bli et av de viktigste knutepunktene for IT-talenter i Europa. Landet er ogs\u00e5 unikt n\u00e5r det gjelder evnen til \u00e5 tilpasse seg dynamiske markedsendringer og -behov s\u00e5 raskt som mulig. Klyngens medlemmer har et bredt spekter av ferdigheter innen programvareutvikling, cloud computing, kunstig intelligens (AI) og dataanalyse. Det er viktig for amerikanske selskaper \u00e5 f\u00e5 tjenester levert av erfarne fagfolk med de rette teknologiske ferdighetene, kompetansen og innovasjonsorienteringen, og <strong>Hightech Kaunas<\/strong> kan levere dette. <strong>Litauiske IT-fagfolk er kjent over hele verden for sin sterke matematiske og tekniske bakgrunn<\/strong>, sin evne til \u00e5 l\u00f8se komplekse utfordringer og utvikle innovative l\u00f8sninger.<\/p>\n<\/div>\n\t\t\t\t\t\t\t<\/div>\n\t\t<\/div>\n\t<\/div>\n<\/section>\n\n\n\n\n\n<section id=\"members\" class=\"members web-section outsourcing-block\">\n\t<div class=\"white-rounded-item\"><\/div>\n\n\t\t<div class=\"imagemember\" style=\"background-image: url('https:\/\/hightechkaunas.com\/wp-content\/uploads\/2024\/10\/aiden-u-aCSil_nZx2k-unsplash-scaled.jpg')\">\n\t\t<div class=\"niceblockmembers\"><img decoding=\"async\" src=\"https:\/\/hightechkaunas.com\/wp-content\/themes\/itbrolis\/images\/membeers-nice-block2.svg\" title=\"services-image\" alt=\"services-image\"><\/div>\n\t<\/div>\n\t<div class=\"container-fluidxxx\">\n\t\t<div class=\"members-in\">\n\n\t\t\t<div class=\"members-texts\">\n\t\t\t\t\t\t\t\t\t<h2 class=\"main-title\">3. En betrodd partner for digital transformasjon<\/h2>\n\t\t\t\t\n\t\t\t\t\n\t\t\t\t\t\t\t\t\t<div class=\"main__text main__text-top-pd\"><p>Tidlig digital transformasjon er en viktig forretningsprioritet for amerikanske selskaper. Bedriftene streber etter \u00e5 modernisere systemene sine, ta i bruk automatiseringsl\u00f8sninger og kontinuerlig styrke sin digitale tilstedev\u00e6relse p\u00e5 det globale markedet. Hightech Kaunas har <strong>spesialisert seg p\u00e5 digital transformasjon<\/strong> og tilbyr banebrytende IT-l\u00f8sninger som er skreddersydd til kundenes spesifikke behov. Teamene i klyngen jobber med de nyeste teknologiene, blant annet kunstig intelligens, maskinl\u00e6ring, blokkjedel\u00f8sninger og cybersikkerhet.<\/p>\n<\/div>\n\t\t\t\t\t\t\t<\/div>\n\t\t<\/div>\n\t<\/div>\n<\/section>\n\n\n\n\n\n<section id=\"members\" class=\"members web-section outsourcing-block\">\n\t<div class=\"white-rounded-item\"><\/div>\n\n\t\t<div class=\"imagemember\" style=\"background-image: url('https:\/\/hightechkaunas.com\/wp-content\/uploads\/2024\/10\/anvesh-uppunuthula-VMwl7U2qeNg-unsplash-scaled.jpg')\">\n\t\t<div class=\"niceblockmembers\"><img decoding=\"async\" src=\"https:\/\/hightechkaunas.com\/wp-content\/themes\/itbrolis\/images\/membeers-nice-block2.svg\" title=\"services-image\" alt=\"services-image\"><\/div>\n\t<\/div>\n\t<div class=\"container-fluidxxx\">\n\t\t<div class=\"members-in\">\n\n\t\t\t<div class=\"members-texts\">\n\t\t\t\t\t\t\t\t\t<h2 class=\"main-title\">4. Fleksibilitet og rask respons<\/h2>\n\t\t\t\t\n\t\t\t\t\n\t\t\t\t\t\t\t\t\t<div class=\"main__text main__text-top-pd\"><p>En av de st\u00f8rste utfordringene for amerikanske kunder n\u00e5r de samarbeider med globale partnere, er mangelen p\u00e5 fleksibilitet. <strong>H\u00f8yteknologibedriftene i Kaunas<\/strong> er sm\u00e5 og mellomstore, noe som gj\u00f8r at de kan reagere raskt p\u00e5 endringer og tilpasse seg spesifikke ordrer. Det betyr at n\u00f8dvendige endringer kan gj\u00f8res i l\u00f8pet av et prosjekt, samtidig som man opprettholder effektiv kommunikasjon og tett samarbeid. <strong>Sm\u00e5 og mellomstore litauiske IT-partnere kan sikre en personlig tiln\u00e6rming til hver enkelt kunde<\/strong> og tilby l\u00f8sninger som passer n\u00f8yaktig til deres behov.<\/p>\n<\/div>\n\t\t\t\t\t\t\t<\/div>\n\t\t<\/div>\n\t<\/div>\n<\/section>\n\n\n\n\n\n<section id=\"members\" class=\"members web-section outsourcing-block\">\n\t<div class=\"white-rounded-item\"><\/div>\n\n\t\t<div class=\"imagemember\" style=\"background-image: url('https:\/\/hightechkaunas.com\/wp-content\/uploads\/2024\/10\/kelvin-zyteng-LMq-rTluKfQ-unsplash-scaled.jpg')\">\n\t\t<div class=\"niceblockmembers\"><img decoding=\"async\" src=\"https:\/\/hightechkaunas.com\/wp-content\/themes\/itbrolis\/images\/membeers-nice-block2.svg\" title=\"services-image\" alt=\"services-image\"><\/div>\n\t<\/div>\n\t<div class=\"container-fluidxxx\">\n\t\t<div class=\"members-in\">\n\n\t\t\t<div class=\"members-texts\">\n\t\t\t\t\t\t\t\t\t<h2 class=\"main-title\">5. Avanserte programmerings- og teknologil\u00f8sninger<\/h2>\n\t\t\t\t\n\t\t\t\t\n\t\t\t\t\t\t\t\t\t<div class=\"main__text main__text-top-pd\"><p>Litauen og Kaunas er kjent som et innovasjonssentrum der ulike teknologiske \u00f8kosystemer blomstrer. Hightech Kaunas-klyngen kan tilby et bredt spekter av l\u00f8sninger for \u00e5 hjelpe amerikanske selskaper med \u00e5 realisere sine ambisi\u00f8se prosjekter, fra fintech til kunstig intelligens. <strong>Programmeringsspr\u00e5k som Python, Java, C++, .NET og andre avanserte verkt\u00f8y brukes aktivt av Hightech Kaunas-ekspertene for \u00e5 gi kundene moderne<\/strong>, skalerbare og sikre l\u00f8sninger.<\/p>\n<\/div>\n\t\t\t\t\t\t\t<\/div>\n\t\t<\/div>\n\t<\/div>\n<\/section>\n\n\n\n\n\n<section id=\"members\" class=\"members web-section outsourcing-block\">\n\t<div class=\"white-rounded-item\"><\/div>\n\n\t\t<div class=\"imagemember\" style=\"background-image: url('https:\/\/hightechkaunas.com\/wp-content\/uploads\/2024\/10\/magco-togges-_Rx2BD-EMc8-unsplash-scaled.jpg')\">\n\t\t<div class=\"niceblockmembers\"><img decoding=\"async\" src=\"https:\/\/hightechkaunas.com\/wp-content\/themes\/itbrolis\/images\/membeers-nice-block2.svg\" title=\"services-image\" alt=\"services-image\"><\/div>\n\t<\/div>\n\t<div class=\"container-fluidxxx\">\n\t\t<div class=\"members-in\">\n\n\t\t\t<div class=\"members-texts\">\n\t\t\t\t\t\t\t\t\t<h2 class=\"main-title\">6. Cybersikkerhet &#8211; et kritisk omr\u00e5de for amerikanske virksomheter<\/h2>\n\t\t\t\t\n\t\t\t\t\n\t\t\t\t\t\t\t\t\t<div class=\"main__text main__text-top-pd\"><p>Cybersikkerhet er et viktig fokusomr\u00e5de for amerikanske virksomheter. <strong>Hightech Kaunas<\/strong> &#8216; team har dyp ekspertise innen cybersikkerhet, inkludert risikostyring, beskyttelse av IT-infrastruktur mot trusler, datasikkerhetsl\u00f8sninger og andre viktige aspekter. For det amerikanske markedet, som stadig utsettes for nye cybertrusler, kan det \u00e5 samarbeide med Hightech Kaunas v\u00e6re en fordelaktig l\u00f8sning for \u00e5 unng\u00e5 sikkerhetsproblemer og minimere potensielle \u00f8konomiske skader.<\/p>\n<p>Det er viktig \u00e5 merke seg at Litauen har v\u00e6rt blant verdens ledende land innen cybersikkerhet de siste \u00e5rene if\u00f8lge GCI (<strong>Global Cybersecurity Index<\/strong>), og ble rangert p\u00e5 2. plass i 2023.<\/p>\n<\/div>\n\t\t\t\t\t\t\t<\/div>\n\t\t<\/div>\n\t<\/div>\n<\/section>\n\n\n\n\n\n<section id=\"members\" class=\"members web-section outsourcing-block\">\n\t<div class=\"white-rounded-item\"><\/div>\n\n\t\t<div class=\"imagemember\" style=\"background-image: url('https:\/\/hightechkaunas.com\/wp-content\/uploads\/2024\/10\/adrian-newell-p2sKP6AJfc0-unsplash-scaled.jpg')\">\n\t\t<div class=\"niceblockmembers\"><img decoding=\"async\" src=\"https:\/\/hightechkaunas.com\/wp-content\/themes\/itbrolis\/images\/membeers-nice-block2.svg\" title=\"services-image\" alt=\"services-image\"><\/div>\n\t<\/div>\n\t<div class=\"container-fluidxxx\">\n\t\t<div class=\"members-in\">\n\n\t\t\t<div class=\"members-texts\">\n\t\t\t\t\t\t\t\t\t<h2 class=\"main-title\">7. \u00d8kt teknologisk fleksibilitet<\/h2>\n\t\t\t\t\n\t\t\t\t\n\t\t\t\t\t\t\t\t\t<div class=\"main__text main__text-top-pd\"><p>Tilgang til et bredt spekter av teknologispesialister er viktig for amerikanske kunder. <strong>Hightech Kaunas-klyngen<\/strong> tilbyr en variert portef\u00f8lje av IT-tjenester &#8211; fra <strong>Java, Python, .NET<\/strong> og andre teknologier til cybersikkerhet og skyl\u00f8sninger <strong>.<\/strong> Fordelen med outsourcing er at kunden kan f\u00e5 akkurat det de trenger, uten \u00e5 v\u00e6re bundet til \u00e9n teknologisk begrenset partner. Dette gj\u00f8r det enkelt \u00e5 integrere ulike plattformer og systemer for \u00e5 m\u00f8te spesifikke forretningsbehov.<\/p>\n<\/div>\n\t\t\t\t\t\t\t<\/div>\n\t\t<\/div>\n\t<\/div>\n<\/section>\n\n\n\n\n\n\n\n<section id=\"services-text\" class=\"services-text web-section title-text\">\n\t<div class=\"container-fluid\">\n\t\t\t\t\t<h2 class=\"main-title\">\n\t\t\t\tHvorfor velge Hightech Kaunas?\t\t\t<\/h2>\n\t\t\t\t\t\t\t<div class=\"subtitle-text\">\n\t\t\t\t<p><strong>Hightech Kaunas<\/strong> er ikke bare en p\u00e5litelig leverand\u00f8r av IT-tjenester, men ogs\u00e5 en strategisk partner som kan hjelpe amerikanske selskaper med \u00e5 n\u00e5 nye vekstm\u00e5l. Tjenester av topp kvalitet, rimelige priser, innovative l\u00f8sninger, hurtighet og fleksibilitet &#8211; dette er de viktigste fordelene som Hightech Kaunas-klyngen kan tilby.<\/p>\n\t\t\t<\/div>\n\t\t\t<\/div>\n<\/section>\n\n\n\n\n\n\n\n\n\n<section id=\"cta\" class=\"cta web-section\">\n\t<div class=\"container-fluid\">\n\t\t<div class=\"cta-block\">\n\t\t\t<div class=\"cta-block__overlay\"><\/div>\n\t\t\t\t\t\t\t<img loading=\"lazy\" decoding=\"async\" width=\"1366\" height=\"850\" src=\"https:\/\/hightechkaunas.com\/wp-content\/uploads\/2024\/09\/services-4.jpg\" class=\"attachment-full size-full\" alt=\"\" srcset=\"https:\/\/hightechkaunas.com\/wp-content\/uploads\/2024\/09\/services-4.jpg 1366w, https:\/\/hightechkaunas.com\/wp-content\/uploads\/2024\/09\/services-4-300x187.jpg 300w, https:\/\/hightechkaunas.com\/wp-content\/uploads\/2024\/09\/services-4-1024x637.jpg 1024w, https:\/\/hightechkaunas.com\/wp-content\/uploads\/2024\/09\/services-4-768x478.jpg 768w\" sizes=\"auto, (max-width: 1366px) 100vw, 1366px\" \/>\t\t\t\t\t\t\t\t\t\t<h3 class=\"cta__title\">Kontakt oss n\u00e5 for \u00e5 finne ut hvordan vi kan hjelpe din bedrift med \u00e5 realisere de mest ambisi\u00f8se prosjektene.<\/h3>\n\t\t\t\t\t\t\t\t\t\t<a class=\"button-blue\" href=\"https:\/\/hightechkaunas.com\/no\/contacts\/\"\n\t\t\t\t   target=\"_self\">\n\t\t\t\t\tKontakt oss\t\t\t\t<\/a>\n\t\t\t\t\t<\/div>\n\t<\/div>\n<\/section>\n\n\n\n\n\n<section id=\"services-text\" class=\"services-text web-section title-text\">\n\t<div class=\"container-fluid\">\n\t\t\t\t\t<h2 class=\"main-title\">\n\t\t\t\tV\u00e5re priser\t\t\t<\/h2>\n\t\t\t\t\t\t\t<div class=\"subtitle-text\">\n\t\t\t\t<table class=\"table table-responsive\">\n<tbody>\n<tr>\n<td width=\"120\">Stilling \\ Ansiennitet<\/td>\n<td width=\"120\">Junior<\/td>\n<td width=\"120\">Mid<\/td>\n<td width=\"120\">Senior<\/td>\n<\/tr>\n<tr>\n<td width=\"120\">Forretningsanalytiker<\/td>\n<td width=\"120\">30<\/td>\n<td width=\"120\">50<\/td>\n<td width=\"120\">70<\/td>\n<\/tr>\n<tr>\n<td width=\"120\">Prosjektleder<\/td>\n<td width=\"120\">25<\/td>\n<td width=\"120\">40<\/td>\n<td width=\"120\">60<\/td>\n<\/tr>\n<tr>\n<td width=\"120\">Designer<\/td>\n<td width=\"120\">25<\/td>\n<td width=\"120\">40<\/td>\n<td width=\"120\">60<\/td>\n<\/tr>\n<tr>\n<td width=\"120\">Systemarkitekt<\/td>\n<td width=\"120\">40<\/td>\n<td width=\"120\">60<\/td>\n<td width=\"120\">80<\/td>\n<\/tr>\n<tr>\n<td width=\"120\">Front-end developer<\/td>\n<td width=\"120\">30<\/td>\n<td width=\"120\">45<\/td>\n<td width=\"120\">60<\/td>\n<\/tr>\n<tr>\n<td width=\"120\">Back-end developer<\/td>\n<td width=\"120\">35<\/td>\n<td width=\"120\">55<\/td>\n<td width=\"120\">65<\/td>\n<\/tr>\n<tr>\n<td width=\"120\">Tester<\/td>\n<td width=\"120\">30<\/td>\n<td width=\"120\">50<\/td>\n<td width=\"120\">65<\/td>\n<\/tr>\n<tr>\n<td width=\"120\">Devops<\/td>\n<td width=\"120\">40<\/td>\n<td width=\"120\">50<\/td>\n<td width=\"120\">70<\/td>\n<\/tr>\n<\/tbody>\n<\/table>\n\t\t\t<\/div>\n\t\t\t<\/div>\n<\/section>\n\n\n\n\n\n<section class=\"wp-block-group\"><div class=\"wp-block-group__inner-container is-layout-constrained wp-block-group-is-layout-constrained\">\n<div style=\"height:50px\" aria-hidden=\"true\" class=\"wp-block-spacer\"><\/div>\n<\/div><\/section>\n","protected":false},"excerpt":{"rendered":"<p>Hvorfor b\u00f8r en amerikansk IT-kunde velge \u00e5 samarbeide med Hightech Kaunas?<\/p>\n","protected":false},"author":1,"featured_media":1054,"parent":1324,"menu_order":0,"comment_status":"closed","ping_status":"closed","template":"","meta":{"_acf_changed":false,"inline_featured_image":false,"footnotes":""},"class_list":["post-1314","page","type-page","status-publish","has-post-thumbnail","hentry"],"acf":[],"yoast_head":"<!-- This site is optimized with the Yoast SEO plugin v26.2 - https:\/\/yoast.com\/wordpress\/plugins\/seo\/ -->\n<title>DE FORENTE STATER AV AMERIKA - Hightechkaunas.com<\/title>\n<meta name=\"robots\" content=\"index, follow, max-snippet:-1, max-image-preview:large, max-video-preview:-1\" \/>\n<link rel=\"canonical\" href=\"https:\/\/hightechkaunas.com\/no\/hightech-outsourcing\/de-forente-stater-av-amerika\/\" \/>\n<meta property=\"og:locale\" content=\"nb_NO\" \/>\n<meta property=\"og:type\" content=\"article\" \/>\n<meta property=\"og:title\" content=\"DE FORENTE STATER AV AMERIKA - Hightechkaunas.com\" \/>\n<meta property=\"og:description\" content=\"Hvorfor b\u00f8r en amerikansk IT-kunde velge \u00e5 samarbeide med Hightech Kaunas?\" \/>\n<meta property=\"og:url\" content=\"https:\/\/hightechkaunas.com\/no\/hightech-outsourcing\/de-forente-stater-av-amerika\/\" \/>\n<meta property=\"og:site_name\" content=\"Hightechkaunas.com\" \/>\n<meta property=\"article:modified_time\" content=\"2024-11-24T12:09:58+00:00\" \/>\n<meta property=\"og:image\" content=\"https:\/\/hightechkaunas.com\/wp-content\/uploads\/2024\/10\/adrian-newell-Itn-olYoPAg-unsplash-scaled.jpg\" \/>\n\t<meta property=\"og:image:width\" content=\"2560\" \/>\n\t<meta property=\"og:image:height\" content=\"1684\" \/>\n\t<meta property=\"og:image:type\" content=\"image\/jpeg\" \/>\n<meta name=\"twitter:card\" content=\"summary_large_image\" \/>\n<meta name=\"twitter:label1\" content=\"Ansl. lesetid\" \/>\n\t<meta name=\"twitter:data1\" content=\"1 minutt\" \/>\n<script type=\"application\/ld+json\" class=\"yoast-schema-graph\">{\"@context\":\"https:\/\/schema.org\",\"@graph\":[{\"@type\":\"WebPage\",\"@id\":\"https:\/\/hightechkaunas.com\/no\/hightech-outsourcing\/de-forente-stater-av-amerika\/\",\"url\":\"https:\/\/hightechkaunas.com\/no\/hightech-outsourcing\/de-forente-stater-av-amerika\/\",\"name\":\"DE FORENTE STATER AV AMERIKA - Hightechkaunas.com\",\"isPartOf\":{\"@id\":\"https:\/\/hightechkaunas.com\/#website\"},\"primaryImageOfPage\":{\"@id\":\"https:\/\/hightechkaunas.com\/no\/hightech-outsourcing\/de-forente-stater-av-amerika\/#primaryimage\"},\"image\":{\"@id\":\"https:\/\/hightechkaunas.com\/no\/hightech-outsourcing\/de-forente-stater-av-amerika\/#primaryimage\"},\"thumbnailUrl\":\"https:\/\/hightechkaunas.com\/wp-content\/uploads\/2024\/10\/adrian-newell-Itn-olYoPAg-unsplash-scaled.jpg\",\"datePublished\":\"2024-10-30T09:28:36+00:00\",\"dateModified\":\"2024-11-24T12:09:58+00:00\",\"breadcrumb\":{\"@id\":\"https:\/\/hightechkaunas.com\/no\/hightech-outsourcing\/de-forente-stater-av-amerika\/#breadcrumb\"},\"inLanguage\":\"nb-NO\",\"potentialAction\":[{\"@type\":\"ReadAction\",\"target\":[\"https:\/\/hightechkaunas.com\/no\/hightech-outsourcing\/de-forente-stater-av-amerika\/\"]}]},{\"@type\":\"ImageObject\",\"inLanguage\":\"nb-NO\",\"@id\":\"https:\/\/hightechkaunas.com\/no\/hightech-outsourcing\/de-forente-stater-av-amerika\/#primaryimage\",\"url\":\"https:\/\/hightechkaunas.com\/wp-content\/uploads\/2024\/10\/adrian-newell-Itn-olYoPAg-unsplash-scaled.jpg\",\"contentUrl\":\"https:\/\/hightechkaunas.com\/wp-content\/uploads\/2024\/10\/adrian-newell-Itn-olYoPAg-unsplash-scaled.jpg\",\"width\":2560,\"height\":1684},{\"@type\":\"BreadcrumbList\",\"@id\":\"https:\/\/hightechkaunas.com\/no\/hightech-outsourcing\/de-forente-stater-av-amerika\/#breadcrumb\",\"itemListElement\":[{\"@type\":\"ListItem\",\"position\":1,\"name\":\"Home\",\"item\":\"https:\/\/hightechkaunas.com\/no\/\"},{\"@type\":\"ListItem\",\"position\":2,\"name\":\"Hightech outsourcing\",\"item\":\"https:\/\/hightechkaunas.com\/no\/hightech-outsourcing\/\"},{\"@type\":\"ListItem\",\"position\":3,\"name\":\"DE FORENTE STATER AV AMERIKA\"}]},{\"@type\":\"WebSite\",\"@id\":\"https:\/\/hightechkaunas.com\/#website\",\"url\":\"https:\/\/hightechkaunas.com\/\",\"name\":\"Hightechkaunas.com\",\"description\":\"\",\"potentialAction\":[{\"@type\":\"SearchAction\",\"target\":{\"@type\":\"EntryPoint\",\"urlTemplate\":\"https:\/\/hightechkaunas.com\/?s={search_term_string}\"},\"query-input\":{\"@type\":\"PropertyValueSpecification\",\"valueRequired\":true,\"valueName\":\"search_term_string\"}}],\"inLanguage\":\"nb-NO\"}]}<\/script>\n<!-- \/ Yoast SEO plugin. -->","yoast_head_json":{"title":"DE FORENTE STATER AV AMERIKA - Hightechkaunas.com","robots":{"index":"index","follow":"follow","max-snippet":"max-snippet:-1","max-image-preview":"max-image-preview:large","max-video-preview":"max-video-preview:-1"},"canonical":"https:\/\/hightechkaunas.com\/no\/hightech-outsourcing\/de-forente-stater-av-amerika\/","og_locale":"nb_NO","og_type":"article","og_title":"DE FORENTE STATER AV AMERIKA - Hightechkaunas.com","og_description":"Hvorfor b\u00f8r en amerikansk IT-kunde velge \u00e5 samarbeide med Hightech Kaunas?","og_url":"https:\/\/hightechkaunas.com\/no\/hightech-outsourcing\/de-forente-stater-av-amerika\/","og_site_name":"Hightechkaunas.com","article_modified_time":"2024-11-24T12:09:58+00:00","og_image":[{"width":2560,"height":1684,"url":"https:\/\/hightechkaunas.com\/wp-content\/uploads\/2024\/10\/adrian-newell-Itn-olYoPAg-unsplash-scaled.jpg","type":"image\/jpeg"}],"twitter_card":"summary_large_image","twitter_misc":{"Ansl. lesetid":"1 minutt"},"schema":{"@context":"https:\/\/schema.org","@graph":[{"@type":"WebPage","@id":"https:\/\/hightechkaunas.com\/no\/hightech-outsourcing\/de-forente-stater-av-amerika\/","url":"https:\/\/hightechkaunas.com\/no\/hightech-outsourcing\/de-forente-stater-av-amerika\/","name":"DE FORENTE STATER AV AMERIKA - Hightechkaunas.com","isPartOf":{"@id":"https:\/\/hightechkaunas.com\/#website"},"primaryImageOfPage":{"@id":"https:\/\/hightechkaunas.com\/no\/hightech-outsourcing\/de-forente-stater-av-amerika\/#primaryimage"},"image":{"@id":"https:\/\/hightechkaunas.com\/no\/hightech-outsourcing\/de-forente-stater-av-amerika\/#primaryimage"},"thumbnailUrl":"https:\/\/hightechkaunas.com\/wp-content\/uploads\/2024\/10\/adrian-newell-Itn-olYoPAg-unsplash-scaled.jpg","datePublished":"2024-10-30T09:28:36+00:00","dateModified":"2024-11-24T12:09:58+00:00","breadcrumb":{"@id":"https:\/\/hightechkaunas.com\/no\/hightech-outsourcing\/de-forente-stater-av-amerika\/#breadcrumb"},"inLanguage":"nb-NO","potentialAction":[{"@type":"ReadAction","target":["https:\/\/hightechkaunas.com\/no\/hightech-outsourcing\/de-forente-stater-av-amerika\/"]}]},{"@type":"ImageObject","inLanguage":"nb-NO","@id":"https:\/\/hightechkaunas.com\/no\/hightech-outsourcing\/de-forente-stater-av-amerika\/#primaryimage","url":"https:\/\/hightechkaunas.com\/wp-content\/uploads\/2024\/10\/adrian-newell-Itn-olYoPAg-unsplash-scaled.jpg","contentUrl":"https:\/\/hightechkaunas.com\/wp-content\/uploads\/2024\/10\/adrian-newell-Itn-olYoPAg-unsplash-scaled.jpg","width":2560,"height":1684},{"@type":"BreadcrumbList","@id":"https:\/\/hightechkaunas.com\/no\/hightech-outsourcing\/de-forente-stater-av-amerika\/#breadcrumb","itemListElement":[{"@type":"ListItem","position":1,"name":"Home","item":"https:\/\/hightechkaunas.com\/no\/"},{"@type":"ListItem","position":2,"name":"Hightech outsourcing","item":"https:\/\/hightechkaunas.com\/no\/hightech-outsourcing\/"},{"@type":"ListItem","position":3,"name":"DE FORENTE STATER AV AMERIKA"}]},{"@type":"WebSite","@id":"https:\/\/hightechkaunas.com\/#website","url":"https:\/\/hightechkaunas.com\/","name":"Hightechkaunas.com","description":"","potentialAction":[{"@type":"SearchAction","target":{"@type":"EntryPoint","urlTemplate":"https:\/\/hightechkaunas.com\/?s={search_term_string}"},"query-input":{"@type":"PropertyValueSpecification","valueRequired":true,"valueName":"search_term_string"}}],"inLanguage":"nb-NO"}]}},"_links":{"self":[{"href":"https:\/\/hightechkaunas.com\/no\/wp-json\/wp\/v2\/pages\/1314","targetHints":{"allow":["GET"]}}],"collection":[{"href":"https:\/\/hightechkaunas.com\/no\/wp-json\/wp\/v2\/pages"}],"about":[{"href":"https:\/\/hightechkaunas.com\/no\/wp-json\/wp\/v2\/types\/page"}],"author":[{"embeddable":true,"href":"https:\/\/hightechkaunas.com\/no\/wp-json\/wp\/v2\/users\/1"}],"replies":[{"embeddable":true,"href":"https:\/\/hightechkaunas.com\/no\/wp-json\/wp\/v2\/comments?post=1314"}],"version-history":[{"count":4,"href":"https:\/\/hightechkaunas.com\/no\/wp-json\/wp\/v2\/pages\/1314\/revisions"}],"predecessor-version":[{"id":1887,"href":"https:\/\/hightechkaunas.com\/no\/wp-json\/wp\/v2\/pages\/1314\/revisions\/1887"}],"up":[{"embeddable":true,"href":"https:\/\/hightechkaunas.com\/no\/wp-json\/wp\/v2\/pages\/1324"}],"wp:featuredmedia":[{"embeddable":true,"href":"https:\/\/hightechkaunas.com\/no\/wp-json\/wp\/v2\/media\/1054"}],"wp:attachment":[{"href":"https:\/\/hightechkaunas.com\/no\/wp-json\/wp\/v2\/media?parent=1314"}],"curies":[{"name":"wp","href":"https:\/\/api.w.org\/{rel}","templated":true}]}}