{"id":1299,"date":"2024-10-30T10:13:49","date_gmt":"2024-10-30T10:13:49","guid":{"rendered":"https:\/\/hightechkaunas.com\/danija\/"},"modified":"2024-11-24T12:14:11","modified_gmt":"2024-11-24T12:14:11","slug":"danmark","status":"publish","type":"page","link":"https:\/\/hightechkaunas.com\/no\/hightech-outsourcing\/danmark\/","title":{"rendered":"Danmark"},"content":{"rendered":"\r\n\r\n<section id=\"header-block\" class=\"header-block\">\r\n    <div class=\"header-block-texts\">\r\n                    <h1>Danmark<\/h1>\r\n            <\/div>\r\n        <style>\r\n        .header-block {\r\n            background: url('https:\/\/hightechkaunas.com\/wp-content\/uploads\/2024\/10\/pexels-pixabay-416024-scaled.jpg') no-repeat center center;\r\n            background-size: cover;\r\n        }\r\n    <\/style>\r\n<\/section>\r\n\r\n\r\n\n\n\r\n\r\n\r\n<section id=\"lefttext\" class=\"lefttext web-section\">\r\n    <div class=\"container-fluid\">\r\n        <div class=\"lefttext-in\">\r\n            <div class=\"rte\">\r\n                                    <p>Hightech Kaunas kan tilby verdifulle fordeler til det danske markedet, noe som vil styrke danske bedrifters konkurranseevne p\u00e5 den internasjonale arenaen og hjelpe dem med \u00e5 n\u00e5 sine teknologiske m\u00e5l p\u00e5 en effektiv og innovativ m\u00e5te.<\/p>\n                            <\/div>\r\n        <\/div>\r\n    <\/div>\r\n<\/section>\r\n\r\n\n\n\n\n\n\n<section id=\"services-text\" class=\"services-text web-section\">\n\t<div class=\"container-fluid\">\n\t\t<div class=\"services-list-in\">\n\t\t\t<a href=\"\" class=\"services-list-item services-list-item- services-text-link\">\n\t\t\t\t<div class=\"services-list-item-text\">\n\t\t\t\t\t<div class=\"services-list-item-text-helper\">\n\t\t\t\t\t\t<h3 class=\"main-title\">Innovasjon og teknologisk utvikling:<\/h3>\n\t\t\t\t\t\t<p>Litauen, og spesielt Hightech Kaunas-klyngen, er kjent for sine innovative IT-l\u00f8sninger, inkludert bruk av kunstig intelligens, skyteknologi og utvikling av intelligente systemer. Dette gir danske selskaper muligheten til \u00e5 integrere banebrytende teknologi som kan forbedre kvaliteten p\u00e5 produktene og tjenestene deres, optimalisere driften og redusere kostnadene.<\/p>\n\t\t\t\t\t<\/div>\n\t\t\t\t<\/div>\n\t\t\t\t<div class=\"services-list-item-image services-list-item-image- services-text-image\"\n\t\t\t\t     style=\"background-image: url('https:\/\/hightechkaunas.com\/wp-content\/uploads\/2024\/10\/pexels-pixabay-415722-scaled.jpg')\">\n\t\t\t\t<\/div>\n\t\t\t<\/a>\n\t\t<\/div>\n\t<\/div>\n<\/section>\n\n\n\n\n\n\n<section id=\"services-text\" class=\"services-text web-section\">\n\t<div class=\"container-fluid\">\n\t\t<div class=\"services-list-in\">\n\t\t\t<a href=\"\" class=\"services-list-item services-list-item- services-text-link\">\n\t\t\t\t<div class=\"services-list-item-text\">\n\t\t\t\t\t<div class=\"services-list-item-text-helper\">\n\t\t\t\t\t\t<h3 class=\"main-title\">Tilpasning til kundenes behov:<\/h3>\n\t\t\t\t\t\t<p>Hightech Kaunas-medlemmene er fleksible og \u00e5pne for individuelle prosjekter, noe som betyr at hver l\u00f8sning kan skreddersys til behovene til et spesifikt dansk selskap. Dette er spesielt viktig for innovative markeder som endrer seg raskt, og som m\u00e5 reagere raskt p\u00e5 markedsendringer.<\/p>\n\t\t\t\t\t<\/div>\n\t\t\t\t<\/div>\n\t\t\t\t<div class=\"services-list-item-image services-list-item-image- services-text-image\"\n\t\t\t\t     style=\"background-image: url('https:\/\/hightechkaunas.com\/wp-content\/uploads\/2024\/10\/pexels-shvets-2563679-scaled.jpg')\">\n\t\t\t\t<\/div>\n\t\t\t<\/a>\n\t\t<\/div>\n\t<\/div>\n<\/section>\n\n\n\n\n\n\n<section id=\"services-text\" class=\"services-text web-section\">\n\t<div class=\"container-fluid\">\n\t\t<div class=\"services-list-in\">\n\t\t\t<a href=\"\" class=\"services-list-item services-list-item- services-text-link\">\n\t\t\t\t<div class=\"services-list-item-text\">\n\t\t\t\t\t<div class=\"services-list-item-text-helper\">\n\t\t\t\t\t\t<h3 class=\"main-title\">Valuta for pengene:<\/h3>\n\t\t\t\t\t\t<p>Den litauiske IT-sektoren er ikke bare kjent for sin sterke akademiske utdannelse og h\u00f8ye kvalifikasjoner, men ogs\u00e5 for sin mer gunstige prising sammenlignet med andre vesteuropeiske land. Dette gir danske selskaper muligheten til \u00e5 f\u00e5 tjenester av h\u00f8y kvalitet til en mer attraktiv pris, noe som \u00f8ker avkastningen p\u00e5 investeringen.<\/p>\n\t\t\t\t\t<\/div>\n\t\t\t\t<\/div>\n\t\t\t\t<div class=\"services-list-item-image services-list-item-image- services-text-image\"\n\t\t\t\t     style=\"background-image: url('https:\/\/hightechkaunas.com\/wp-content\/uploads\/2024\/10\/pexels-bamparima-2761152-scaled.jpg')\">\n\t\t\t\t<\/div>\n\t\t\t<\/a>\n\t\t<\/div>\n\t<\/div>\n<\/section>\n\n\n\n\n\n\n<section id=\"services-text\" class=\"services-text web-section\">\n\t<div class=\"container-fluid\">\n\t\t<div class=\"services-list-in\">\n\t\t\t<a href=\"\" class=\"services-list-item services-list-item- services-text-link\">\n\t\t\t\t<div class=\"services-list-item-text\">\n\t\t\t\t\t<div class=\"services-list-item-text-helper\">\n\t\t\t\t\t\t<h3 class=\"main-title\">Geografisk og kulturell n\u00e6rhet:<\/h3>\n\t\t\t\t\t\t<p>Litauen ligger geografisk og kulturelt n\u00e6r Danmark, noe som forenkler samarbeid, kommunikasjon og logistikk. Det felles medlemskapet i EU sikrer \u00e5penhet i forretningsvirksomheten og rettssikkerhet p\u00e5 en enhetlig m\u00e5te.<\/p>\n\t\t\t\t\t<\/div>\n\t\t\t\t<\/div>\n\t\t\t\t<div class=\"services-list-item-image services-list-item-image- services-text-image\"\n\t\t\t\t     style=\"background-image: url('https:\/\/hightechkaunas.com\/wp-content\/uploads\/2024\/10\/pexels-alinaskazka-27330739-scaled.jpg')\">\n\t\t\t\t<\/div>\n\t\t\t<\/a>\n\t\t<\/div>\n\t<\/div>\n<\/section>\n\n\n\n\n\n\n<section id=\"services-text\" class=\"services-text web-section\">\n\t<div class=\"container-fluid\">\n\t\t<div class=\"services-list-in\">\n\t\t\t<a href=\"\" class=\"services-list-item services-list-item- services-text-link\">\n\t\t\t\t<div class=\"services-list-item-text\">\n\t\t\t\t\t<div class=\"services-list-item-text-helper\">\n\t\t\t\t\t\t<h3 class=\"main-title\">Internasjonal erfaring og spr\u00e5kkunnskaper:<\/h3>\n\t\t\t\t\t\t<p>Hightech Kaunas-medlemmene har et bredt internasjonalt nettverk og kan snakke flere fremmedspr\u00e5k, inkludert engelsk, som er mye brukt i det danske forretningsmilj\u00f8et. Dette letter kommunikasjonen og prosjektledelsen.<\/p>\n\t\t\t\t\t<\/div>\n\t\t\t\t<\/div>\n\t\t\t\t<div class=\"services-list-item-image services-list-item-image- services-text-image\"\n\t\t\t\t     style=\"background-image: url('https:\/\/hightechkaunas.com\/wp-content\/uploads\/2024\/10\/pexels-tanathip-rattanatum-1050216-2026324-scaled.jpg')\">\n\t\t\t\t<\/div>\n\t\t\t<\/a>\n\t\t<\/div>\n\t<\/div>\n<\/section>\n\n\n\n\n\n\n<section id=\"services-text\" class=\"services-text web-section\">\n\t<div class=\"container-fluid\">\n\t\t<div class=\"services-list-in\">\n\t\t\t<a href=\"\" class=\"services-list-item services-list-item- services-text-link\">\n\t\t\t\t<div class=\"services-list-item-text\">\n\t\t\t\t\t<div class=\"services-list-item-text-helper\">\n\t\t\t\t\t\t<h3 class=\"main-title\">Initiativer og st\u00f8tteprogrammer:<\/h3>\n\t\t\t\t\t\t<p>Hightech Kaunas deltar aktivt i ulike nasjonale og internasjonale programmer som fremmer teknologiutvikling og innf\u00f8ring av nye l\u00f8sninger. P\u00e5 den m\u00e5ten holder klyngens medlemmer seg oppdatert p\u00e5 de nyeste teknologiene og teknikkene som kan komme det danske markedet til gode.<\/p>\n\t\t\t\t\t<\/div>\n\t\t\t\t<\/div>\n\t\t\t\t<div class=\"services-list-item-image services-list-item-image- services-text-image\"\n\t\t\t\t     style=\"background-image: url('https:\/\/hightechkaunas.com\/wp-content\/uploads\/2024\/10\/pexels-magda-ehlers-pexels-772177-scaled.jpg')\">\n\t\t\t\t<\/div>\n\t\t\t<\/a>\n\t\t<\/div>\n\t<\/div>\n<\/section>\n\n\n\n\n\n\n\n<section id=\"cta\" class=\"cta web-section\">\n\t<div class=\"container-fluid\">\n\t\t<div class=\"cta-block\">\n\t\t\t<div class=\"cta-block__overlay\"><\/div>\n\t\t\t\t\t\t\t<img loading=\"lazy\" decoding=\"async\" width=\"863\" height=\"584\" src=\"https:\/\/hightechkaunas.com\/wp-content\/uploads\/2024\/09\/3-naujienos-foto.jpg\" class=\"attachment-full size-full\" alt=\"\" srcset=\"https:\/\/hightechkaunas.com\/wp-content\/uploads\/2024\/09\/3-naujienos-foto.jpg 863w, https:\/\/hightechkaunas.com\/wp-content\/uploads\/2024\/09\/3-naujienos-foto-300x203.jpg 300w, https:\/\/hightechkaunas.com\/wp-content\/uploads\/2024\/09\/3-naujienos-foto-768x520.jpg 768w\" sizes=\"auto, (max-width: 863px) 100vw, 863px\" \/>\t\t\t\t\t\t\t\t\t\t<h3 class=\"cta__title\">For danske bedrifter som er p\u00e5 utkikk etter en p\u00e5litelig og innovativ IT-partner, tilbyr Hightech Kaunas ikke bare teknologitjenester av h\u00f8y kvalitet, men ogs\u00e5 omfattende st\u00f8tte og r\u00e5dgivning i forbindelse med implementering av IT-l\u00f8sninger. Kontakt oss for \u00e5 finne ut hvordan vi kan bidra til din bedrifts suksess.<\/h3>\n\t\t\t\t\t\t\t\t\t\t<a class=\"button-blue\" href=\"https:\/\/hightechkaunas.com\/no\/contacts\/\"\n\t\t\t\t   target=\"_self\">\n\t\t\t\t\tKontakt\t\t\t\t<\/a>\n\t\t\t\t\t<\/div>\n\t<\/div>\n<\/section>\n\n\n<section class=\"wp-block-group\"><div class=\"wp-block-group__inner-container is-layout-constrained wp-block-group-is-layout-constrained\">\n<div style=\"height:50px\" aria-hidden=\"true\" class=\"wp-block-spacer\"><\/div>\n<\/div><\/section>\n\n\n\n\n\n\n<section id=\"services-text\" class=\"services-text web-section title-text\">\n\t<div class=\"container-fluid\">\n\t\t\t\t\t<h2 class=\"main-title\">\n\t\t\t\tV\u00e5re priser\t\t\t<\/h2>\n\t\t\t\t\t\t\t<div class=\"subtitle-text\">\n\t\t\t\t<table class=\"table table-responsive\">\n<tbody>\n<tr>\n<td width=\"120\">Stilling \\ Ansiennitet<\/td>\n<td width=\"120\">Junior<\/td>\n<td width=\"120\">Mid<\/td>\n<td width=\"120\">Senior<\/td>\n<\/tr>\n<tr>\n<td width=\"120\">Forretningsanalytiker<\/td>\n<td width=\"120\">45<\/td>\n<td width=\"120\">55<\/td>\n<td width=\"120\">70<\/td>\n<\/tr>\n<tr>\n<td width=\"120\">Prosjektleder<\/td>\n<td width=\"120\">35<\/td>\n<td width=\"120\">40<\/td>\n<td width=\"120\">60<\/td>\n<\/tr>\n<tr>\n<td width=\"120\">Designer<\/td>\n<td width=\"120\">20<\/td>\n<td width=\"120\">45<\/td>\n<td width=\"120\">65<\/td>\n<\/tr>\n<tr>\n<td width=\"120\">Systemarkitekt<\/td>\n<td width=\"120\">40<\/td>\n<td width=\"120\">60<\/td>\n<td width=\"120\">70<\/td>\n<\/tr>\n<tr>\n<td width=\"120\">Front-end developer<\/td>\n<td width=\"120\">35<\/td>\n<td width=\"120\">45<\/td>\n<td width=\"120\">65<\/td>\n<\/tr>\n<tr>\n<td width=\"120\">Back-end developer<\/td>\n<td width=\"120\">30<\/td>\n<td width=\"120\">50<\/td>\n<td width=\"120\">60<\/td>\n<\/tr>\n<tr>\n<td width=\"120\">Tester<\/td>\n<td width=\"120\">30<\/td>\n<td width=\"120\">50<\/td>\n<td width=\"120\">65<\/td>\n<\/tr>\n<tr>\n<td width=\"120\">Devops<\/td>\n<td width=\"120\">40<\/td>\n<td width=\"120\">55<\/td>\n<td width=\"120\">70<\/td>\n<\/tr>\n<\/tbody>\n<\/table>\n\t\t\t<\/div>\n\t\t\t<\/div>\n<\/section>\n\n\n","protected":false},"excerpt":{"rendered":"<p>Hightech Kaunas kan tilby verdifulle fordeler til det danske markedet, noe som vil styrke danske bedrifters konkurranseevne p\u00e5 den internasjonale arenaen og hjelpe dem med \u00e5 n\u00e5 sine teknologiske m\u00e5l p\u00e5 en effektiv og innovativ m\u00e5te.<\/p>\n","protected":false},"author":1,"featured_media":1169,"parent":1324,"menu_order":0,"comment_status":"closed","ping_status":"closed","template":"","meta":{"_acf_changed":false,"inline_featured_image":false,"footnotes":""},"class_list":["post-1299","page","type-page","status-publish","has-post-thumbnail","hentry"],"acf":[],"yoast_head":"<!-- This site is optimized with the Yoast SEO plugin v26.2 - https:\/\/yoast.com\/wordpress\/plugins\/seo\/ -->\n<title>Danmark - Hightechkaunas.com<\/title>\n<meta name=\"robots\" content=\"index, follow, max-snippet:-1, max-image-preview:large, max-video-preview:-1\" \/>\n<link rel=\"canonical\" href=\"https:\/\/hightechkaunas.com\/no\/hightech-outsourcing\/danmark\/\" \/>\n<meta property=\"og:locale\" content=\"nb_NO\" \/>\n<meta property=\"og:type\" content=\"article\" \/>\n<meta property=\"og:title\" content=\"Danmark - Hightechkaunas.com\" \/>\n<meta property=\"og:description\" content=\"Hightech Kaunas kan tilby verdifulle fordeler til det danske markedet, noe som vil styrke danske bedrifters konkurranseevne p\u00e5 den internasjonale arenaen og hjelpe dem med \u00e5 n\u00e5 sine teknologiske m\u00e5l p\u00e5 en effektiv og innovativ m\u00e5te.\" \/>\n<meta property=\"og:url\" content=\"https:\/\/hightechkaunas.com\/no\/hightech-outsourcing\/danmark\/\" \/>\n<meta property=\"og:site_name\" content=\"Hightechkaunas.com\" \/>\n<meta property=\"article:modified_time\" content=\"2024-11-24T12:14:11+00:00\" \/>\n<meta property=\"og:image\" content=\"https:\/\/hightechkaunas.com\/wp-content\/uploads\/2024\/10\/pexels-pixabay-416024-scaled.jpg\" \/>\n\t<meta property=\"og:image:width\" content=\"2560\" \/>\n\t<meta property=\"og:image:height\" content=\"1702\" \/>\n\t<meta property=\"og:image:type\" content=\"image\/jpeg\" \/>\n<meta name=\"twitter:card\" content=\"summary_large_image\" \/>\n<meta name=\"twitter:label1\" content=\"Ansl. lesetid\" \/>\n\t<meta name=\"twitter:data1\" content=\"1 minutt\" \/>\n<script type=\"application\/ld+json\" class=\"yoast-schema-graph\">{\"@context\":\"https:\/\/schema.org\",\"@graph\":[{\"@type\":\"WebPage\",\"@id\":\"https:\/\/hightechkaunas.com\/no\/hightech-outsourcing\/danmark\/\",\"url\":\"https:\/\/hightechkaunas.com\/no\/hightech-outsourcing\/danmark\/\",\"name\":\"Danmark - Hightechkaunas.com\",\"isPartOf\":{\"@id\":\"https:\/\/hightechkaunas.com\/#website\"},\"primaryImageOfPage\":{\"@id\":\"https:\/\/hightechkaunas.com\/no\/hightech-outsourcing\/danmark\/#primaryimage\"},\"image\":{\"@id\":\"https:\/\/hightechkaunas.com\/no\/hightech-outsourcing\/danmark\/#primaryimage\"},\"thumbnailUrl\":\"https:\/\/hightechkaunas.com\/wp-content\/uploads\/2024\/10\/pexels-pixabay-416024-scaled.jpg\",\"datePublished\":\"2024-10-30T10:13:49+00:00\",\"dateModified\":\"2024-11-24T12:14:11+00:00\",\"breadcrumb\":{\"@id\":\"https:\/\/hightechkaunas.com\/no\/hightech-outsourcing\/danmark\/#breadcrumb\"},\"inLanguage\":\"nb-NO\",\"potentialAction\":[{\"@type\":\"ReadAction\",\"target\":[\"https:\/\/hightechkaunas.com\/no\/hightech-outsourcing\/danmark\/\"]}]},{\"@type\":\"ImageObject\",\"inLanguage\":\"nb-NO\",\"@id\":\"https:\/\/hightechkaunas.com\/no\/hightech-outsourcing\/danmark\/#primaryimage\",\"url\":\"https:\/\/hightechkaunas.com\/wp-content\/uploads\/2024\/10\/pexels-pixabay-416024-scaled.jpg\",\"contentUrl\":\"https:\/\/hightechkaunas.com\/wp-content\/uploads\/2024\/10\/pexels-pixabay-416024-scaled.jpg\",\"width\":2560,\"height\":1702},{\"@type\":\"BreadcrumbList\",\"@id\":\"https:\/\/hightechkaunas.com\/no\/hightech-outsourcing\/danmark\/#breadcrumb\",\"itemListElement\":[{\"@type\":\"ListItem\",\"position\":1,\"name\":\"Home\",\"item\":\"https:\/\/hightechkaunas.com\/no\/\"},{\"@type\":\"ListItem\",\"position\":2,\"name\":\"Hightech outsourcing\",\"item\":\"https:\/\/hightechkaunas.com\/no\/hightech-outsourcing\/\"},{\"@type\":\"ListItem\",\"position\":3,\"name\":\"Danmark\"}]},{\"@type\":\"WebSite\",\"@id\":\"https:\/\/hightechkaunas.com\/#website\",\"url\":\"https:\/\/hightechkaunas.com\/\",\"name\":\"Hightechkaunas.com\",\"description\":\"\",\"potentialAction\":[{\"@type\":\"SearchAction\",\"target\":{\"@type\":\"EntryPoint\",\"urlTemplate\":\"https:\/\/hightechkaunas.com\/?s={search_term_string}\"},\"query-input\":{\"@type\":\"PropertyValueSpecification\",\"valueRequired\":true,\"valueName\":\"search_term_string\"}}],\"inLanguage\":\"nb-NO\"}]}<\/script>\n<!-- \/ Yoast SEO plugin. -->","yoast_head_json":{"title":"Danmark - Hightechkaunas.com","robots":{"index":"index","follow":"follow","max-snippet":"max-snippet:-1","max-image-preview":"max-image-preview:large","max-video-preview":"max-video-preview:-1"},"canonical":"https:\/\/hightechkaunas.com\/no\/hightech-outsourcing\/danmark\/","og_locale":"nb_NO","og_type":"article","og_title":"Danmark - Hightechkaunas.com","og_description":"Hightech Kaunas kan tilby verdifulle fordeler til det danske markedet, noe som vil styrke danske bedrifters konkurranseevne p\u00e5 den internasjonale arenaen og hjelpe dem med \u00e5 n\u00e5 sine teknologiske m\u00e5l p\u00e5 en effektiv og innovativ m\u00e5te.","og_url":"https:\/\/hightechkaunas.com\/no\/hightech-outsourcing\/danmark\/","og_site_name":"Hightechkaunas.com","article_modified_time":"2024-11-24T12:14:11+00:00","og_image":[{"width":2560,"height":1702,"url":"https:\/\/hightechkaunas.com\/wp-content\/uploads\/2024\/10\/pexels-pixabay-416024-scaled.jpg","type":"image\/jpeg"}],"twitter_card":"summary_large_image","twitter_misc":{"Ansl. lesetid":"1 minutt"},"schema":{"@context":"https:\/\/schema.org","@graph":[{"@type":"WebPage","@id":"https:\/\/hightechkaunas.com\/no\/hightech-outsourcing\/danmark\/","url":"https:\/\/hightechkaunas.com\/no\/hightech-outsourcing\/danmark\/","name":"Danmark - Hightechkaunas.com","isPartOf":{"@id":"https:\/\/hightechkaunas.com\/#website"},"primaryImageOfPage":{"@id":"https:\/\/hightechkaunas.com\/no\/hightech-outsourcing\/danmark\/#primaryimage"},"image":{"@id":"https:\/\/hightechkaunas.com\/no\/hightech-outsourcing\/danmark\/#primaryimage"},"thumbnailUrl":"https:\/\/hightechkaunas.com\/wp-content\/uploads\/2024\/10\/pexels-pixabay-416024-scaled.jpg","datePublished":"2024-10-30T10:13:49+00:00","dateModified":"2024-11-24T12:14:11+00:00","breadcrumb":{"@id":"https:\/\/hightechkaunas.com\/no\/hightech-outsourcing\/danmark\/#breadcrumb"},"inLanguage":"nb-NO","potentialAction":[{"@type":"ReadAction","target":["https:\/\/hightechkaunas.com\/no\/hightech-outsourcing\/danmark\/"]}]},{"@type":"ImageObject","inLanguage":"nb-NO","@id":"https:\/\/hightechkaunas.com\/no\/hightech-outsourcing\/danmark\/#primaryimage","url":"https:\/\/hightechkaunas.com\/wp-content\/uploads\/2024\/10\/pexels-pixabay-416024-scaled.jpg","contentUrl":"https:\/\/hightechkaunas.com\/wp-content\/uploads\/2024\/10\/pexels-pixabay-416024-scaled.jpg","width":2560,"height":1702},{"@type":"BreadcrumbList","@id":"https:\/\/hightechkaunas.com\/no\/hightech-outsourcing\/danmark\/#breadcrumb","itemListElement":[{"@type":"ListItem","position":1,"name":"Home","item":"https:\/\/hightechkaunas.com\/no\/"},{"@type":"ListItem","position":2,"name":"Hightech outsourcing","item":"https:\/\/hightechkaunas.com\/no\/hightech-outsourcing\/"},{"@type":"ListItem","position":3,"name":"Danmark"}]},{"@type":"WebSite","@id":"https:\/\/hightechkaunas.com\/#website","url":"https:\/\/hightechkaunas.com\/","name":"Hightechkaunas.com","description":"","potentialAction":[{"@type":"SearchAction","target":{"@type":"EntryPoint","urlTemplate":"https:\/\/hightechkaunas.com\/?s={search_term_string}"},"query-input":{"@type":"PropertyValueSpecification","valueRequired":true,"valueName":"search_term_string"}}],"inLanguage":"nb-NO"}]}},"_links":{"self":[{"href":"https:\/\/hightechkaunas.com\/no\/wp-json\/wp\/v2\/pages\/1299","targetHints":{"allow":["GET"]}}],"collection":[{"href":"https:\/\/hightechkaunas.com\/no\/wp-json\/wp\/v2\/pages"}],"about":[{"href":"https:\/\/hightechkaunas.com\/no\/wp-json\/wp\/v2\/types\/page"}],"author":[{"embeddable":true,"href":"https:\/\/hightechkaunas.com\/no\/wp-json\/wp\/v2\/users\/1"}],"replies":[{"embeddable":true,"href":"https:\/\/hightechkaunas.com\/no\/wp-json\/wp\/v2\/comments?post=1299"}],"version-history":[{"count":4,"href":"https:\/\/hightechkaunas.com\/no\/wp-json\/wp\/v2\/pages\/1299\/revisions"}],"predecessor-version":[{"id":1891,"href":"https:\/\/hightechkaunas.com\/no\/wp-json\/wp\/v2\/pages\/1299\/revisions\/1891"}],"up":[{"embeddable":true,"href":"https:\/\/hightechkaunas.com\/no\/wp-json\/wp\/v2\/pages\/1324"}],"wp:featuredmedia":[{"embeddable":true,"href":"https:\/\/hightechkaunas.com\/no\/wp-json\/wp\/v2\/media\/1169"}],"wp:attachment":[{"href":"https:\/\/hightechkaunas.com\/no\/wp-json\/wp\/v2\/media?parent=1299"}],"curies":[{"name":"wp","href":"https:\/\/api.w.org\/{rel}","templated":true}]}}