{"id":1294,"date":"2024-10-30T10:28:22","date_gmt":"2024-10-30T10:28:22","guid":{"rendered":"https:\/\/hightechkaunas.com\/estija\/"},"modified":"2024-11-24T12:12:22","modified_gmt":"2024-11-24T12:12:22","slug":"estland","status":"publish","type":"page","link":"https:\/\/hightechkaunas.com\/no\/hightech-outsourcing\/estland\/","title":{"rendered":"Estland"},"content":{"rendered":"\r\n\r\n<section id=\"header-block\" class=\"header-block\">\r\n    <div class=\"header-block-texts\">\r\n                    <h1>Estland<\/h1>\r\n            <\/div>\r\n        <style>\r\n        .header-block {\r\n            background: url('https:\/\/hightechkaunas.com\/wp-content\/uploads\/2024\/10\/pexels-orlovamaria-4906154-scaled.jpg') no-repeat center center;\r\n            background-size: cover;\r\n        }\r\n    <\/style>\r\n<\/section>\r\n\r\n\r\n\n\n\n\n\n\n<section id=\"services-text\" class=\"services-text web-section\">\n\t<div class=\"container-fluid\">\n\t\t\t\t\t<h2 class=\"main-title\">\n\t\t\t\tHvorfor er Hightech Kaunas et attraktivt valg for det estiske markedet?\t\t\t<\/h2>\n\t\t\t\t\t\t\t\t\t<div class=\"blocks-list\">\n\t\t\t\t\t\t\t\t\t<div class=\"block-text-item\">\n\t\t\t\t\t\t                            <div class=\"block-text-item__icon\">\n\t\t\t\t\t\t\t\t<img loading=\"lazy\" decoding=\"async\" width=\"512\" height=\"512\" src=\"https:\/\/hightechkaunas.com\/wp-content\/uploads\/2024\/10\/online-data.png-1.webp\" class=\"\" alt=\"\" srcset=\"https:\/\/hightechkaunas.com\/wp-content\/uploads\/2024\/10\/online-data.png-1.webp 512w, https:\/\/hightechkaunas.com\/wp-content\/uploads\/2024\/10\/online-data.png-1-300x300.webp 300w, https:\/\/hightechkaunas.com\/wp-content\/uploads\/2024\/10\/online-data.png-1-150x150.webp 150w\" sizes=\"auto, (max-width: 512px) 100vw, 512px\" \/>                            <\/div>\n\t\t\t\t\t\t\t\t\t\t\t\t<p><strong>Tilpasningsevne til det lokale markedets behov:<\/strong> Vi forst\u00e5r at det estiske IT-markedet krever lydh\u00f8rhet og fleksibilitet. Hightech Kaunas-teamet best\u00e5r av h\u00f8yt kvalifiserte spesialister som er klare til \u00e5 l\u00f8se problemer raskt og tilpasse l\u00f8sningene til kundens behov<\/p>\n\t\t\t\t\t<\/div>\n\t\t\t\t\t\t\t\t\t<div class=\"block-text-item\">\n\t\t\t\t\t\t                            <div class=\"block-text-item__icon\">\n\t\t\t\t\t\t\t\t<img loading=\"lazy\" decoding=\"async\" width=\"512\" height=\"512\" src=\"https:\/\/hightechkaunas.com\/wp-content\/uploads\/2024\/10\/company_9235107-1.png\" class=\"\" alt=\"\" srcset=\"https:\/\/hightechkaunas.com\/wp-content\/uploads\/2024\/10\/company_9235107-1.png 512w, https:\/\/hightechkaunas.com\/wp-content\/uploads\/2024\/10\/company_9235107-1-300x300.png 300w, https:\/\/hightechkaunas.com\/wp-content\/uploads\/2024\/10\/company_9235107-1-150x150.png 150w\" sizes=\"auto, (max-width: 512px) 100vw, 512px\" \/>                            <\/div>\n\t\t\t\t\t\t\t\t\t\t\t\t<p><strong>Tilgang til internasjonal erfaring:<\/strong>Selv om Estland er ledende innen IT-innovasjon, gir internasjonal erfaring oss muligheten til \u00e5 bringe inn nye ideer og perspektiver som kan brukes i det lokale markedet for \u00e5 optimalisere prosesser eller innovasjoner.<\/p>\n\t\t\t\t\t<\/div>\n\t\t\t\t\t\t\t\t\t<div class=\"block-text-item\">\n\t\t\t\t\t\t                            <div class=\"block-text-item__icon\">\n\t\t\t\t\t\t\t\t<img loading=\"lazy\" decoding=\"async\" width=\"512\" height=\"512\" src=\"https:\/\/hightechkaunas.com\/wp-content\/uploads\/2024\/10\/business_13599882-1.png\" class=\"\" alt=\"\" srcset=\"https:\/\/hightechkaunas.com\/wp-content\/uploads\/2024\/10\/business_13599882-1.png 512w, https:\/\/hightechkaunas.com\/wp-content\/uploads\/2024\/10\/business_13599882-1-300x300.png 300w, https:\/\/hightechkaunas.com\/wp-content\/uploads\/2024\/10\/business_13599882-1-150x150.png 150w\" sizes=\"auto, (max-width: 512px) 100vw, 512px\" \/>                            <\/div>\n\t\t\t\t\t\t\t\t\t\t\t\t<p><strong>Valuta for pengene:<\/strong> Vi tilbyr tjenester som er rimeligere i Litauen enn hos lokale selskaper i Estland. Dette gir estiske selskaper \u00f8konomisk fleksibilitet og gj\u00f8r det mulig for dem \u00e5 fordele budsjettene sine mer effektivt.<\/p>\n\t\t\t\t\t<\/div>\n\t\t\t\t\t\t\t\t\t<div class=\"block-text-item\">\n\t\t\t\t\t\t                            <div class=\"block-text-item__icon\">\n\t\t\t\t\t\t\t\t<img loading=\"lazy\" decoding=\"async\" width=\"256\" height=\"256\" src=\"https:\/\/hightechkaunas.com\/wp-content\/uploads\/2024\/10\/4961750.png\" class=\"\" alt=\"\" srcset=\"https:\/\/hightechkaunas.com\/wp-content\/uploads\/2024\/10\/4961750.png 256w, https:\/\/hightechkaunas.com\/wp-content\/uploads\/2024\/10\/4961750-150x150.png 150w\" sizes=\"auto, (max-width: 256px) 100vw, 256px\" \/>                            <\/div>\n\t\t\t\t\t\t\t\t\t\t\t\t<p><strong>Samspill med kundene:<\/strong> Vi verdsetter tett samarbeid med kundene og konstant kommunikasjon, noe som er spesielt viktig i et IT-milj\u00f8 med h\u00f8yt tempo som i Estland.<\/p>\n\t\t\t\t\t<\/div>\n\t\t\t\t\t\t\t\t\t<div class=\"block-text-item\">\n\t\t\t\t\t\t                            <div class=\"block-text-item__icon\">\n\t\t\t\t\t\t\t\t<img loading=\"lazy\" decoding=\"async\" width=\"512\" height=\"512\" src=\"https:\/\/hightechkaunas.com\/wp-content\/uploads\/2024\/10\/business-development_14436319-1.png\" class=\"\" alt=\"\" srcset=\"https:\/\/hightechkaunas.com\/wp-content\/uploads\/2024\/10\/business-development_14436319-1.png 512w, https:\/\/hightechkaunas.com\/wp-content\/uploads\/2024\/10\/business-development_14436319-1-300x300.png 300w, https:\/\/hightechkaunas.com\/wp-content\/uploads\/2024\/10\/business-development_14436319-1-150x150.png 150w\" sizes=\"auto, (max-width: 512px) 100vw, 512px\" \/>                            <\/div>\n\t\t\t\t\t\t\t\t\t\t\t\t<p><strong>Innovasjon og teknologi:<\/strong> Teamet v\u00e5rt holder seg ikke bare oppdatert p\u00e5 de nyeste teknologitrendene, men er ogs\u00e5 aktivt involvert i utviklingen og implementeringen av dem. Det betyr at vi kan tilby banebrytende l\u00f8sninger som oppfyller forventningene til selv de mest kresne estiske markedsakt\u00f8rene.<\/p>\n\t\t\t\t\t<\/div>\n\t\t\t\t\t\t\t<\/div>\n\t\t\t<\/div>\n<\/section>\n\n\n\n<section id=\"members\" class=\"members web-section location-about\">\n\t<div class=\"white-rounded-item\"><\/div>\n\t<div class=\"imagemember\">\n\t\t<div class=\"niceblockmembers\"><img decoding=\"async\" src=\"https:\/\/hightechkaunas.com\/wp-content\/themes\/itbrolis\/images\/membeers-nice-block2.svg\" title=\"services-image\" alt=\"services-image\"><\/div>\n\t\t\t\t<style>\n\t\t\t.imagemember {\n\t\t\t\tbackground: url('') no-repeat right center;\n\t\t\t\tbackground-size: cover;\n\t\t\t}\n\t\t<\/style>\n\t<\/div>\n\t<div class=\"container-fluidxxx\">\n\t\t<div class=\"members-in\">\n\n\t\t\t<div class=\"members-texts\">\n\t\t\t\t\t\t\t\t\t<h2 class=\"main-title\">I Estland, et land der innovasjon og IT-l\u00f8sninger st\u00e5r i h\u00f8ysetet, er konkurransen knallhard. Men det er her Hightech Kaunas kan tilby betydelig merverdi. Vi er et team av litauiske teknologieksperter som ikke bare kan levere tjenester av h\u00f8y kvalitet, men som ogs\u00e5 kan tilby mer konkurransedyktige priser enn lokale leverand\u00f8rer.<\/h2>\n\t\t\t\t\n\t\t\t<\/div>\n\t\t<\/div>\n\t<\/div>\n<\/section>\n\n\n\n\n\n<section id=\"members\" class=\"members web-section outsourcing-block\">\n\t<div class=\"white-rounded-item\"><\/div>\n\n\t\t<div class=\"imagemember\" style=\"background-image: url('https:\/\/hightechkaunas.com\/wp-content\/uploads\/2024\/10\/pexels-liis-piirmets-624964619-17890549-scaled.jpg')\">\n\t\t<div class=\"niceblockmembers\"><img decoding=\"async\" src=\"https:\/\/hightechkaunas.com\/wp-content\/themes\/itbrolis\/images\/membeers-nice-block2.svg\" title=\"services-image\" alt=\"services-image\"><\/div>\n\t<\/div>\n\t<div class=\"container-fluidxxx\">\n\t\t<div class=\"members-in\">\n\n\t\t\t<div class=\"members-texts\">\n\t\t\t\t\t\t\t\t\t<h2 class=\"main-title\">Vi forst\u00e5r at alle selskaper i Estland streber etter \u00e5 opprettholde et teknologisk forsprang og optimalisere driften.<\/h2>\n\t\t\t\t\n\t\t\t\t\n\t\t\t\t\t\t\t\t\t<div class=\"main__text main__text-top-pd\"><p>Hightech Kaunas er klar til \u00e5 v\u00e6re den p\u00e5litelige partneren som vil hjelpe bedriften din med \u00e5 vokse og holde seg konkurransedyktig i dette dynamiske milj\u00f8et.<\/p>\n<\/div>\n\t\t\t\t\t\t\t<\/div>\n\t\t<\/div>\n\t<\/div>\n<\/section>\n\n\n\n\n\n\n\n\n<section id=\"cta\" class=\"cta web-section\">\n\t<div class=\"container-fluid\">\n\t\t<div class=\"cta-block\">\n\t\t\t<div class=\"cta-block__overlay\"><\/div>\n\t\t\t\t\t\t\t<img loading=\"lazy\" decoding=\"async\" width=\"612\" height=\"459\" src=\"https:\/\/hightechkaunas.com\/wp-content\/uploads\/2024\/09\/sky.jpg\" class=\"attachment-full size-full\" alt=\"\" srcset=\"https:\/\/hightechkaunas.com\/wp-content\/uploads\/2024\/09\/sky.jpg 612w, https:\/\/hightechkaunas.com\/wp-content\/uploads\/2024\/09\/sky-300x225.jpg 300w\" sizes=\"auto, (max-width: 612px) 100vw, 612px\" \/>\t\t\t\t\t\t\t\t\t\t<h3 class=\"cta__title\">Kontakt oss i dag for \u00e5 finne ut hvordan vi kan hjelpe din virksomhet.<\/h3>\n\t\t\t\t\t\t\t\t\t\t<a class=\"button-blue\" href=\"https:\/\/hightechkaunas.com\/no\/contacts\/\"\n\t\t\t\t   target=\"_self\">\n\t\t\t\t\tKontakt oss\t\t\t\t<\/a>\n\t\t\t\t\t<\/div>\n\t<\/div>\n<\/section>\n\n\n<section class=\"wp-block-group\"><div class=\"wp-block-group__inner-container is-layout-constrained wp-block-group-is-layout-constrained\">\n<div style=\"height:50px\" aria-hidden=\"true\" class=\"wp-block-spacer\"><\/div>\n<\/div><\/section>\n\n\n\n\n\n\n<section id=\"services-text\" class=\"services-text web-section title-text\">\n\t<div class=\"container-fluid\">\n\t\t\t\t\t<h2 class=\"main-title\">\n\t\t\t\tV\u00e5re priser\t\t\t<\/h2>\n\t\t\t\t\t\t\t<div class=\"subtitle-text\">\n\t\t\t\t<table class=\"table table-responsive\">\n<tbody>\n<tr>\n<td width=\"120\">Stilling \\ Ansiennitet<\/td>\n<td width=\"120\">Junior<\/td>\n<td width=\"120\">Mid<\/td>\n<td width=\"120\">Senior<\/td>\n<\/tr>\n<tr>\n<td width=\"120\">Forretningsanalytiker<\/td>\n<td width=\"120\">40<\/td>\n<td width=\"120\">50<\/td>\n<td width=\"120\">75<\/td>\n<\/tr>\n<tr>\n<td width=\"120\">Prosjektleder<\/td>\n<td width=\"120\">30<\/td>\n<td width=\"120\">40<\/td>\n<td width=\"120\">65<\/td>\n<\/tr>\n<tr>\n<td width=\"120\">Designer<\/td>\n<td width=\"120\">25<\/td>\n<td width=\"120\">40<\/td>\n<td width=\"120\">65<\/td>\n<\/tr>\n<tr>\n<td width=\"120\">Systemarkitekt<\/td>\n<td width=\"120\">40<\/td>\n<td width=\"120\">60<\/td>\n<td width=\"120\">70<\/td>\n<\/tr>\n<tr>\n<td width=\"120\">Front-end developer<\/td>\n<td width=\"120\">35<\/td>\n<td width=\"120\">40<\/td>\n<td width=\"120\">60<\/td>\n<\/tr>\n<tr>\n<td width=\"120\">Back-end developer<\/td>\n<td width=\"120\">30<\/td>\n<td width=\"120\">50<\/td>\n<td width=\"120\">60<\/td>\n<\/tr>\n<tr>\n<td width=\"120\">Tester<\/td>\n<td width=\"120\">35<\/td>\n<td width=\"120\">55<\/td>\n<td width=\"120\">65<\/td>\n<\/tr>\n<tr>\n<td width=\"120\">Devops<\/td>\n<td width=\"120\">40<\/td>\n<td width=\"120\">50<\/td>\n<td width=\"120\">70<\/td>\n<\/tr>\n<\/tbody>\n<\/table>\n\t\t\t<\/div>\n\t\t\t<\/div>\n<\/section>\n\n\n","protected":false},"excerpt":{"rendered":"<p>I Estland, et land der innovasjon og IT-l\u00f8sninger st\u00e5r i h\u00f8ysetet, er konkurransen knallhard. Men det er nettopp her Hightech Kaunas kan tilby betydelig merverdi.<\/p>\n","protected":false},"author":1,"featured_media":1204,"parent":1324,"menu_order":0,"comment_status":"closed","ping_status":"closed","template":"","meta":{"_acf_changed":false,"inline_featured_image":false,"footnotes":""},"class_list":["post-1294","page","type-page","status-publish","has-post-thumbnail","hentry"],"acf":[],"yoast_head":"<!-- This site is optimized with the Yoast SEO plugin v26.2 - https:\/\/yoast.com\/wordpress\/plugins\/seo\/ -->\n<title>Estland - Hightechkaunas.com<\/title>\n<meta name=\"robots\" content=\"index, follow, max-snippet:-1, max-image-preview:large, max-video-preview:-1\" \/>\n<link rel=\"canonical\" href=\"https:\/\/hightechkaunas.com\/no\/hightech-outsourcing\/estland\/\" \/>\n<meta property=\"og:locale\" content=\"nb_NO\" \/>\n<meta property=\"og:type\" content=\"article\" \/>\n<meta property=\"og:title\" content=\"Estland - Hightechkaunas.com\" \/>\n<meta property=\"og:description\" content=\"I Estland, et land der innovasjon og IT-l\u00f8sninger st\u00e5r i h\u00f8ysetet, er konkurransen knallhard. Men det er nettopp her Hightech Kaunas kan tilby betydelig merverdi.\" \/>\n<meta property=\"og:url\" content=\"https:\/\/hightechkaunas.com\/no\/hightech-outsourcing\/estland\/\" \/>\n<meta property=\"og:site_name\" content=\"Hightechkaunas.com\" \/>\n<meta property=\"article:modified_time\" content=\"2024-11-24T12:12:22+00:00\" \/>\n<meta property=\"og:image\" content=\"https:\/\/hightechkaunas.com\/wp-content\/uploads\/2024\/10\/pexels-orlovamaria-4906154-scaled.jpg\" \/>\n\t<meta property=\"og:image:width\" content=\"1707\" \/>\n\t<meta property=\"og:image:height\" content=\"2560\" \/>\n\t<meta property=\"og:image:type\" content=\"image\/jpeg\" \/>\n<meta name=\"twitter:card\" content=\"summary_large_image\" \/>\n<meta name=\"twitter:label1\" content=\"Ansl. lesetid\" \/>\n\t<meta name=\"twitter:data1\" content=\"1 minutt\" \/>\n<script type=\"application\/ld+json\" class=\"yoast-schema-graph\">{\"@context\":\"https:\/\/schema.org\",\"@graph\":[{\"@type\":\"WebPage\",\"@id\":\"https:\/\/hightechkaunas.com\/no\/hightech-outsourcing\/estland\/\",\"url\":\"https:\/\/hightechkaunas.com\/no\/hightech-outsourcing\/estland\/\",\"name\":\"Estland - Hightechkaunas.com\",\"isPartOf\":{\"@id\":\"https:\/\/hightechkaunas.com\/#website\"},\"primaryImageOfPage\":{\"@id\":\"https:\/\/hightechkaunas.com\/no\/hightech-outsourcing\/estland\/#primaryimage\"},\"image\":{\"@id\":\"https:\/\/hightechkaunas.com\/no\/hightech-outsourcing\/estland\/#primaryimage\"},\"thumbnailUrl\":\"https:\/\/hightechkaunas.com\/wp-content\/uploads\/2024\/10\/pexels-orlovamaria-4906154-scaled.jpg\",\"datePublished\":\"2024-10-30T10:28:22+00:00\",\"dateModified\":\"2024-11-24T12:12:22+00:00\",\"breadcrumb\":{\"@id\":\"https:\/\/hightechkaunas.com\/no\/hightech-outsourcing\/estland\/#breadcrumb\"},\"inLanguage\":\"nb-NO\",\"potentialAction\":[{\"@type\":\"ReadAction\",\"target\":[\"https:\/\/hightechkaunas.com\/no\/hightech-outsourcing\/estland\/\"]}]},{\"@type\":\"ImageObject\",\"inLanguage\":\"nb-NO\",\"@id\":\"https:\/\/hightechkaunas.com\/no\/hightech-outsourcing\/estland\/#primaryimage\",\"url\":\"https:\/\/hightechkaunas.com\/wp-content\/uploads\/2024\/10\/pexels-orlovamaria-4906154-scaled.jpg\",\"contentUrl\":\"https:\/\/hightechkaunas.com\/wp-content\/uploads\/2024\/10\/pexels-orlovamaria-4906154-scaled.jpg\",\"width\":1707,\"height\":2560},{\"@type\":\"BreadcrumbList\",\"@id\":\"https:\/\/hightechkaunas.com\/no\/hightech-outsourcing\/estland\/#breadcrumb\",\"itemListElement\":[{\"@type\":\"ListItem\",\"position\":1,\"name\":\"Home\",\"item\":\"https:\/\/hightechkaunas.com\/no\/\"},{\"@type\":\"ListItem\",\"position\":2,\"name\":\"Hightech outsourcing\",\"item\":\"https:\/\/hightechkaunas.com\/no\/hightech-outsourcing\/\"},{\"@type\":\"ListItem\",\"position\":3,\"name\":\"Estland\"}]},{\"@type\":\"WebSite\",\"@id\":\"https:\/\/hightechkaunas.com\/#website\",\"url\":\"https:\/\/hightechkaunas.com\/\",\"name\":\"Hightechkaunas.com\",\"description\":\"\",\"potentialAction\":[{\"@type\":\"SearchAction\",\"target\":{\"@type\":\"EntryPoint\",\"urlTemplate\":\"https:\/\/hightechkaunas.com\/?s={search_term_string}\"},\"query-input\":{\"@type\":\"PropertyValueSpecification\",\"valueRequired\":true,\"valueName\":\"search_term_string\"}}],\"inLanguage\":\"nb-NO\"}]}<\/script>\n<!-- \/ Yoast SEO plugin. -->","yoast_head_json":{"title":"Estland - Hightechkaunas.com","robots":{"index":"index","follow":"follow","max-snippet":"max-snippet:-1","max-image-preview":"max-image-preview:large","max-video-preview":"max-video-preview:-1"},"canonical":"https:\/\/hightechkaunas.com\/no\/hightech-outsourcing\/estland\/","og_locale":"nb_NO","og_type":"article","og_title":"Estland - Hightechkaunas.com","og_description":"I Estland, et land der innovasjon og IT-l\u00f8sninger st\u00e5r i h\u00f8ysetet, er konkurransen knallhard. Men det er nettopp her Hightech Kaunas kan tilby betydelig merverdi.","og_url":"https:\/\/hightechkaunas.com\/no\/hightech-outsourcing\/estland\/","og_site_name":"Hightechkaunas.com","article_modified_time":"2024-11-24T12:12:22+00:00","og_image":[{"width":1707,"height":2560,"url":"https:\/\/hightechkaunas.com\/wp-content\/uploads\/2024\/10\/pexels-orlovamaria-4906154-scaled.jpg","type":"image\/jpeg"}],"twitter_card":"summary_large_image","twitter_misc":{"Ansl. lesetid":"1 minutt"},"schema":{"@context":"https:\/\/schema.org","@graph":[{"@type":"WebPage","@id":"https:\/\/hightechkaunas.com\/no\/hightech-outsourcing\/estland\/","url":"https:\/\/hightechkaunas.com\/no\/hightech-outsourcing\/estland\/","name":"Estland - Hightechkaunas.com","isPartOf":{"@id":"https:\/\/hightechkaunas.com\/#website"},"primaryImageOfPage":{"@id":"https:\/\/hightechkaunas.com\/no\/hightech-outsourcing\/estland\/#primaryimage"},"image":{"@id":"https:\/\/hightechkaunas.com\/no\/hightech-outsourcing\/estland\/#primaryimage"},"thumbnailUrl":"https:\/\/hightechkaunas.com\/wp-content\/uploads\/2024\/10\/pexels-orlovamaria-4906154-scaled.jpg","datePublished":"2024-10-30T10:28:22+00:00","dateModified":"2024-11-24T12:12:22+00:00","breadcrumb":{"@id":"https:\/\/hightechkaunas.com\/no\/hightech-outsourcing\/estland\/#breadcrumb"},"inLanguage":"nb-NO","potentialAction":[{"@type":"ReadAction","target":["https:\/\/hightechkaunas.com\/no\/hightech-outsourcing\/estland\/"]}]},{"@type":"ImageObject","inLanguage":"nb-NO","@id":"https:\/\/hightechkaunas.com\/no\/hightech-outsourcing\/estland\/#primaryimage","url":"https:\/\/hightechkaunas.com\/wp-content\/uploads\/2024\/10\/pexels-orlovamaria-4906154-scaled.jpg","contentUrl":"https:\/\/hightechkaunas.com\/wp-content\/uploads\/2024\/10\/pexels-orlovamaria-4906154-scaled.jpg","width":1707,"height":2560},{"@type":"BreadcrumbList","@id":"https:\/\/hightechkaunas.com\/no\/hightech-outsourcing\/estland\/#breadcrumb","itemListElement":[{"@type":"ListItem","position":1,"name":"Home","item":"https:\/\/hightechkaunas.com\/no\/"},{"@type":"ListItem","position":2,"name":"Hightech outsourcing","item":"https:\/\/hightechkaunas.com\/no\/hightech-outsourcing\/"},{"@type":"ListItem","position":3,"name":"Estland"}]},{"@type":"WebSite","@id":"https:\/\/hightechkaunas.com\/#website","url":"https:\/\/hightechkaunas.com\/","name":"Hightechkaunas.com","description":"","potentialAction":[{"@type":"SearchAction","target":{"@type":"EntryPoint","urlTemplate":"https:\/\/hightechkaunas.com\/?s={search_term_string}"},"query-input":{"@type":"PropertyValueSpecification","valueRequired":true,"valueName":"search_term_string"}}],"inLanguage":"nb-NO"}]}},"_links":{"self":[{"href":"https:\/\/hightechkaunas.com\/no\/wp-json\/wp\/v2\/pages\/1294","targetHints":{"allow":["GET"]}}],"collection":[{"href":"https:\/\/hightechkaunas.com\/no\/wp-json\/wp\/v2\/pages"}],"about":[{"href":"https:\/\/hightechkaunas.com\/no\/wp-json\/wp\/v2\/types\/page"}],"author":[{"embeddable":true,"href":"https:\/\/hightechkaunas.com\/no\/wp-json\/wp\/v2\/users\/1"}],"replies":[{"embeddable":true,"href":"https:\/\/hightechkaunas.com\/no\/wp-json\/wp\/v2\/comments?post=1294"}],"version-history":[{"count":3,"href":"https:\/\/hightechkaunas.com\/no\/wp-json\/wp\/v2\/pages\/1294\/revisions"}],"predecessor-version":[{"id":1889,"href":"https:\/\/hightechkaunas.com\/no\/wp-json\/wp\/v2\/pages\/1294\/revisions\/1889"}],"up":[{"embeddable":true,"href":"https:\/\/hightechkaunas.com\/no\/wp-json\/wp\/v2\/pages\/1324"}],"wp:featuredmedia":[{"embeddable":true,"href":"https:\/\/hightechkaunas.com\/no\/wp-json\/wp\/v2\/media\/1204"}],"wp:attachment":[{"href":"https:\/\/hightechkaunas.com\/no\/wp-json\/wp\/v2\/media?parent=1294"}],"curies":[{"name":"wp","href":"https:\/\/api.w.org\/{rel}","templated":true}]}}