{"id":1289,"date":"2024-10-30T10:42:24","date_gmt":"2024-10-30T10:42:24","guid":{"rendered":"https:\/\/hightechkaunas.com\/nyderlandai\/"},"modified":"2024-11-24T12:13:20","modified_gmt":"2024-11-24T12:13:20","slug":"nederland","status":"publish","type":"page","link":"https:\/\/hightechkaunas.com\/no\/hightech-outsourcing\/nederland\/","title":{"rendered":"Nederland"},"content":{"rendered":"\r\n\r\n<section id=\"header-block\" class=\"header-block\">\r\n    <div class=\"header-block-texts\">\r\n                    <h1>Nederland<\/h1>\r\n            <\/div>\r\n        <style>\r\n        .header-block {\r\n            background: url('https:\/\/hightechkaunas.com\/wp-content\/uploads\/2024\/10\/pexels-chaitaastic-2031706-scaled.jpg') no-repeat center center;\r\n            background-size: cover;\r\n        }\r\n    <\/style>\r\n<\/section>\r\n\r\n\r\n\n\n\n<section id=\"members\" class=\"members web-section location-about\">\n\t<div class=\"white-rounded-item\"><\/div>\n\t<div class=\"imagemember\">\n\t\t<div class=\"niceblockmembers\"><img decoding=\"async\" src=\"https:\/\/hightechkaunas.com\/wp-content\/themes\/itbrolis\/images\/membeers-nice-block2.svg\" title=\"services-image\" alt=\"services-image\"><\/div>\n\t\t\t\t<style>\n\t\t\t.imagemember {\n\t\t\t\tbackground: url('') no-repeat right center;\n\t\t\t\tbackground-size: cover;\n\t\t\t}\n\t\t<\/style>\n\t<\/div>\n\t<div class=\"container-fluidxxx\">\n\t\t<div class=\"members-in\">\n\n\t\t\t<div class=\"members-texts\">\n\t\t\t\t\t\t\t\t\t<h2 class=\"main-title\">Hvorfor er Hightech Kaunas den ideelle IT-partneren for nederlandske selskaper?<\/h2>\n\t\t\t\t\n\t\t\t<\/div>\n\t\t<\/div>\n\t<\/div>\n<\/section>\n\n\n\n\n\n\n\n<section id=\"expertise\" class=\"expertise outsourcing-expertise outsourcing-expertise-reverse\" style=\"background-image: url('https:\/\/hightechkaunas.com\/wp-content\/uploads\/2024\/10\/pexels-katapal-1258865-scaled.jpg')\">\n\t<div class=\"container-fluidxxx\">\n\t\t<div class=\"expertise-in\">\n\t\t\t<div class=\"expertise-texts\">\n\t\t\t\t\t\t\t\t\t<h2 class=\"main-title\">N\u00e5 et blomstrende teknologiknutepunkt:<\/h2>\n\t\t\t\t\n\t\t\t\t<div class=\"expertise-wrapper rte\">\n\t\t\t\t\t\t\t\t\t\t\t<p>Litauen har en raskt voksende teknologisektor, med Kaunas i sentrum. \u00abHightech Kaunas er en klynge av sju ledende IT-selskaper som \u00e5pner porten til dette dynamiske landskapet. Vi tilbyr et bredt spekter av IT-tjenester, inkludert programvareutvikling, IoT-l\u00f8sninger, e-handelsplattformer og UX\/UI-design, som passer perfekt til behovene p\u00e5 det nederlandske markedet.<\/p>\n\t\t\t\t\t\t\t\t\t<\/div>\n\t\t\t<\/div>\n\t\t<\/div>\n\t<\/div>\n\n<\/section>\n\n\n\n\n\n\n\n\n<section id=\"expertise\" class=\"expertise outsourcing-expertise \" style=\"background-image: url('https:\/\/hightechkaunas.com\/wp-content\/uploads\/2024\/10\/pexels-teodor-savin-192072-600622-scaled.jpg')\">\n\t<div class=\"container-fluidxxx\">\n\t\t<div class=\"expertise-in\">\n\t\t\t<div class=\"expertise-texts\">\n\t\t\t\t\t\t\t\t\t<h2 class=\"main-title\">Fyll talentgapet:<\/h2>\n\t\t\t\t\n\t\t\t\t<div class=\"expertise-wrapper rte\">\n\t\t\t\t\t\t\t\t\t\t\t<p>Det er mangel p\u00e5 dyktige IT-fagfolk i Nederland. \u00abHightech Kaunas gir tilgang til h\u00f8yt kvalifiserte og erfarne IT-fagfolk som er klare til \u00e5 fylle dette gapet. V\u00e5re klyngemedlemmer tilbyr tjenester av h\u00f8y kvalitet til konkurransedyktige priser, noe som sikrer at prosjektene dine er utstyrt med de beste talentene.<\/p>\n\t\t\t\t\t\t\t\t\t<\/div>\n\t\t\t<\/div>\n\t\t<\/div>\n\t<\/div>\n\n<\/section>\n\n\n\n\n\n\n\n\n<section id=\"expertise\" class=\"expertise outsourcing-expertise outsourcing-expertise-reverse\" style=\"background-image: url('https:\/\/hightechkaunas.com\/wp-content\/uploads\/2024\/10\/pexels-pixabay-358178-scaled.jpg')\">\n\t<div class=\"container-fluidxxx\">\n\t\t<div class=\"expertise-in\">\n\t\t\t<div class=\"expertise-texts\">\n\t\t\t\t\t\t\t\t\t<h2 class=\"main-title\">Et gunstig forretningsmilj\u00f8:<\/h2>\n\t\t\t\t\n\t\t\t\t<div class=\"expertise-wrapper rte\">\n\t\t\t\t\t\t\t\t\t\t\t<p>Litauen tilbyr et innbydende forretningsmilj\u00f8 med minimalt med byr\u00e5krati, et attraktivt skatteregime og en velutviklet infrastruktur. Dette legger til rette for et smidig samarbeid med Hightech Kaunas, noe som gj\u00f8r det enkelt \u00e5 etablere forretningsforbindelser.<\/p>\n\t\t\t\t\t\t\t\t\t<\/div>\n\t\t\t<\/div>\n\t\t<\/div>\n\t<\/div>\n\n<\/section>\n\n\n\n\n\n\n\n\n<section id=\"expertise\" class=\"expertise outsourcing-expertise \" style=\"background-image: url('https:\/\/hightechkaunas.com\/wp-content\/uploads\/2024\/10\/pexels-pluyar-1483145-scaled.jpg')\">\n\t<div class=\"container-fluidxxx\">\n\t\t<div class=\"expertise-in\">\n\t\t\t<div class=\"expertise-texts\">\n\t\t\t\t\t\t\t\t\t<h2 class=\"main-title\">Ulike IT-l\u00f8sninger:<\/h2>\n\t\t\t\t\n\t\t\t\t<div class=\"expertise-wrapper rte\">\n\t\t\t\t\t\t\t\t\t\t\t<p>\u00abHightech Kaunas tilbyr et bredt spekter av IT-tjenester, blant annet programvareutvikling, cloud computing, cybersikkerhet, dataanalyse og kunstig intelligens. Klyngemedlemmene v\u00e5re svarer p\u00e5 de ulike behovene til nederlandske selskaper ved \u00e5 tilby skreddersydde l\u00f8sninger p\u00e5 en rekke ulike utfordringer.<\/p>\n\t\t\t\t\t\t\t\t\t<\/div>\n\t\t\t<\/div>\n\t\t<\/div>\n\t<\/div>\n\n<\/section>\n\n\n\n\n\n\n\n\n<section id=\"expertise\" class=\"expertise outsourcing-expertise outsourcing-expertise-reverse\" style=\"background-image: url('https:\/\/hightechkaunas.com\/wp-content\/uploads\/2024\/10\/pexels-adrien-olichon-1257089-4237154-scaled.jpg')\">\n\t<div class=\"container-fluidxxx\">\n\t\t<div class=\"expertise-in\">\n\t\t\t<div class=\"expertise-texts\">\n\t\t\t\t\t\t\t\t\t<h2 class=\"main-title\">Bli med p\u00e5 den digitale transformasjonen:<\/h2>\n\t\t\t\t\n\t\t\t\t<div class=\"expertise-wrapper rte\">\n\t\t\t\t\t\t\t\t\t\t\t<p>Nederland er ledende innen digitalisering, og ettersp\u00f8rselen etter IT-tjenester fortsetter \u00e5 vokse. \u00abHightech Kaunas er klar til \u00e5 hjelpe nederlandske selskaper p\u00e5 deres digitale transformasjonsreise ved \u00e5 tilby banebrytende l\u00f8sninger og ekspertise.<\/p>\n\t\t\t\t\t\t\t\t\t<\/div>\n\t\t\t<\/div>\n\t\t<\/div>\n\t<\/div>\n\n<\/section>\n\n\n\n\n\n\n\n\n<section id=\"expertise\" class=\"expertise outsourcing-expertise \" style=\"background-image: url('https:\/\/hightechkaunas.com\/wp-content\/uploads\/2024\/10\/pexels-adrien-olichon-1257089-3884483-scaled.jpg')\">\n\t<div class=\"container-fluidxxx\">\n\t\t<div class=\"expertise-in\">\n\t\t\t<div class=\"expertise-texts\">\n\t\t\t\t\t\t\t\t\t<h2 class=\"main-title\">Geografisk og kulturell n\u00e6rhet:<\/h2>\n\t\t\t\t\n\t\t\t\t<div class=\"expertise-wrapper rte\">\n\t\t\t\t\t\t\t\t\t\t\t<p>Litauen ligger i n\u00e6rheten av Nederland, noe som gj\u00f8r det enklere \u00e5 reise og kommunisere. I tillegg har begge landene lignende forretningskulturer og arbeidsmoral, noe som skaper et gunstig milj\u00f8 for et smidig samarbeid med Hightech Kaunas.<\/p>\n\t\t\t\t\t\t\t\t\t<\/div>\n\t\t\t<\/div>\n\t\t<\/div>\n\t<\/div>\n\n<\/section>\n\n\n\n\n\n\n\n\n<section id=\"expertise\" class=\"expertise outsourcing-expertise outsourcing-expertise-reverse\" style=\"background-image: url('https:\/\/hightechkaunas.com\/wp-content\/uploads\/2024\/10\/pexels-adrien-olichon-1257089-3884492-scaled.jpg')\">\n\t<div class=\"container-fluidxxx\">\n\t\t<div class=\"expertise-in\">\n\t\t\t<div class=\"expertise-texts\">\n\t\t\t\t\t\t\t\t\t<h2 class=\"main-title\">Et sterkt IT-\u00f8kosystem:<\/h2>\n\t\t\t\t\n\t\t\t\t<div class=\"expertise-wrapper rte\">\n\t\t\t\t\t\t\t\t\t\t\t<p>Litauen har en sterk og innovativ IT-sektor som tilbyr verdifulle partnerskap for nederlandske selskaper. Samarbeidet med Hightech Kaunas gir tilgang til den nyeste teknologien og kunnskapen i markedet, noe som stimulerer vekst og utvikling.<\/p>\n\t\t\t\t\t\t\t\t\t<\/div>\n\t\t\t<\/div>\n\t\t<\/div>\n\t<\/div>\n\n<\/section>\n\n\n\n\n\n\n\n\n\n<section id=\"cta\" class=\"cta web-section\">\n\t<div class=\"container-fluid\">\n\t\t<div class=\"cta-block\">\n\t\t\t<div class=\"cta-block__overlay\"><\/div>\n\t\t\t\t\t\t\t<img loading=\"lazy\" decoding=\"async\" width=\"1792\" height=\"1024\" src=\"https:\/\/hightechkaunas.com\/wp-content\/uploads\/2024\/10\/DALL\u00b7E-2024-04-20-19.00.56-A-cinematic-scene-depicting-an-anonymous-hacker-now-featuring-a-distinctive-Guy-Fawkes-mask-often-associated-with-Anonymous-resting-on-the-desk-b.webp\" class=\"attachment-full size-full\" alt=\"\" srcset=\"https:\/\/hightechkaunas.com\/wp-content\/uploads\/2024\/10\/DALL\u00b7E-2024-04-20-19.00.56-A-cinematic-scene-depicting-an-anonymous-hacker-now-featuring-a-distinctive-Guy-Fawkes-mask-often-associated-with-Anonymous-resting-on-the-desk-b.webp 1792w, https:\/\/hightechkaunas.com\/wp-content\/uploads\/2024\/10\/DALL\u00b7E-2024-04-20-19.00.56-A-cinematic-scene-depicting-an-anonymous-hacker-now-featuring-a-distinctive-Guy-Fawkes-mask-often-associated-with-Anonymous-resting-on-the-desk-b-300x171.webp 300w, https:\/\/hightechkaunas.com\/wp-content\/uploads\/2024\/10\/DALL\u00b7E-2024-04-20-19.00.56-A-cinematic-scene-depicting-an-anonymous-hacker-now-featuring-a-distinctive-Guy-Fawkes-mask-often-associated-with-Anonymous-resting-on-the-desk-b-1024x585.webp 1024w, https:\/\/hightechkaunas.com\/wp-content\/uploads\/2024\/10\/DALL\u00b7E-2024-04-20-19.00.56-A-cinematic-scene-depicting-an-anonymous-hacker-now-featuring-a-distinctive-Guy-Fawkes-mask-often-associated-with-Anonymous-resting-on-the-desk-b-768x439.webp 768w, https:\/\/hightechkaunas.com\/wp-content\/uploads\/2024\/10\/DALL\u00b7E-2024-04-20-19.00.56-A-cinematic-scene-depicting-an-anonymous-hacker-now-featuring-a-distinctive-Guy-Fawkes-mask-often-associated-with-Anonymous-resting-on-the-desk-b-1536x878.webp 1536w\" sizes=\"auto, (max-width: 1792px) 100vw, 1792px\" \/>\t\t\t\t\t\t\t\t\t\t<h3 class=\"cta__title\">Kontakt oss i dag og finn ut hvordan Hightech Kaunas kan bli din betrodde IT-partner i Litauen!<\/h3>\n\t\t\t\t\t\t\t\t\t\t<a class=\"button-blue\" href=\"https:\/\/hightechkaunas.com\/no\/contacts\/\"\n\t\t\t\t   target=\"_self\">\n\t\t\t\t\tKontakt\t\t\t\t<\/a>\n\t\t\t\t\t<\/div>\n\t<\/div>\n<\/section>\n\n\n\n\n\n<section id=\"services-text\" class=\"services-text web-section title-text\">\n\t<div class=\"container-fluid\">\n\t\t\t\t\t<h2 class=\"main-title\">\n\t\t\t\tV\u00e5re priser\t\t\t<\/h2>\n\t\t\t\t\t\t\t<div class=\"subtitle-text\">\n\t\t\t\t<table class=\"table table-responsive\">\n<tbody>\n<tr>\n<td width=\"120\">Stilling \\ Ansiennitet<\/td>\n<td width=\"120\">Junior<\/td>\n<td width=\"120\">Mid<\/td>\n<td width=\"120\">Senior<\/td>\n<\/tr>\n<tr>\n<td width=\"120\">Forretningsanalytiker<\/td>\n<td width=\"120\">35<\/td>\n<td width=\"120\">55<\/td>\n<td width=\"120\">75<\/td>\n<\/tr>\n<tr>\n<td width=\"120\">Prosjektleder<\/td>\n<td width=\"120\">25<\/td>\n<td width=\"120\">45<\/td>\n<td width=\"120\">65<\/td>\n<\/tr>\n<tr>\n<td width=\"120\">Designer<\/td>\n<td width=\"120\">25<\/td>\n<td width=\"120\">45<\/td>\n<td width=\"120\">65<\/td>\n<\/tr>\n<tr>\n<td width=\"120\">Systemarkitekt<\/td>\n<td width=\"120\">45<\/td>\n<td width=\"120\">65<\/td>\n<td width=\"120\">80<\/td>\n<\/tr>\n<tr>\n<td width=\"120\">Front-end developer<\/td>\n<td width=\"120\">30<\/td>\n<td width=\"120\">40<\/td>\n<td width=\"120\">65<\/td>\n<\/tr>\n<tr>\n<td width=\"120\">Back-end developer<\/td>\n<td width=\"120\">30<\/td>\n<td width=\"120\">50<\/td>\n<td width=\"120\">60<\/td>\n<\/tr>\n<tr>\n<td width=\"120\">Tester<\/td>\n<td width=\"120\">35<\/td>\n<td width=\"120\">55<\/td>\n<td width=\"120\">65<\/td>\n<\/tr>\n<tr>\n<td width=\"120\">Devops<\/td>\n<td width=\"120\">45<\/td>\n<td width=\"120\">55<\/td>\n<td width=\"120\">70<\/td>\n<\/tr>\n<\/tbody>\n<\/table>\n\t\t\t<\/div>\n\t\t\t<\/div>\n<\/section>\n\n\n\n\n\n<section class=\"wp-block-group\"><div class=\"wp-block-group__inner-container is-layout-constrained wp-block-group-is-layout-constrained\">\n<div style=\"height:50px\" aria-hidden=\"true\" class=\"wp-block-spacer\"><\/div>\n<\/div><\/section>\n","protected":false},"excerpt":{"rendered":"<p>Hvorfor er Hightech Kaunas den ideelle IT-partneren for nederlandske selskaper?<\/p>\n","protected":false},"author":1,"featured_media":1214,"parent":1324,"menu_order":0,"comment_status":"closed","ping_status":"closed","template":"","meta":{"_acf_changed":false,"inline_featured_image":false,"footnotes":""},"class_list":["post-1289","page","type-page","status-publish","has-post-thumbnail","hentry"],"acf":[],"yoast_head":"<!-- This site is optimized with the Yoast SEO plugin v26.2 - https:\/\/yoast.com\/wordpress\/plugins\/seo\/ -->\n<title>Nederland - Hightechkaunas.com<\/title>\n<meta name=\"robots\" content=\"index, follow, max-snippet:-1, max-image-preview:large, max-video-preview:-1\" \/>\n<link rel=\"canonical\" href=\"https:\/\/hightechkaunas.com\/no\/hightech-outsourcing\/nederland\/\" \/>\n<meta property=\"og:locale\" content=\"nb_NO\" \/>\n<meta property=\"og:type\" content=\"article\" \/>\n<meta property=\"og:title\" content=\"Nederland - Hightechkaunas.com\" \/>\n<meta property=\"og:description\" content=\"Hvorfor er Hightech Kaunas den ideelle IT-partneren for nederlandske selskaper?\" \/>\n<meta property=\"og:url\" content=\"https:\/\/hightechkaunas.com\/no\/hightech-outsourcing\/nederland\/\" \/>\n<meta property=\"og:site_name\" content=\"Hightechkaunas.com\" \/>\n<meta property=\"article:modified_time\" content=\"2024-11-24T12:13:20+00:00\" \/>\n<meta property=\"og:image\" content=\"https:\/\/hightechkaunas.com\/wp-content\/uploads\/2024\/10\/pexels-chaitaastic-2031706-scaled.jpg\" \/>\n\t<meta property=\"og:image:width\" content=\"2560\" \/>\n\t<meta property=\"og:image:height\" content=\"1441\" \/>\n\t<meta property=\"og:image:type\" content=\"image\/jpeg\" \/>\n<meta name=\"twitter:card\" content=\"summary_large_image\" \/>\n<meta name=\"twitter:label1\" content=\"Ansl. lesetid\" \/>\n\t<meta name=\"twitter:data1\" content=\"1 minutt\" \/>\n<script type=\"application\/ld+json\" class=\"yoast-schema-graph\">{\"@context\":\"https:\/\/schema.org\",\"@graph\":[{\"@type\":\"WebPage\",\"@id\":\"https:\/\/hightechkaunas.com\/no\/hightech-outsourcing\/nederland\/\",\"url\":\"https:\/\/hightechkaunas.com\/no\/hightech-outsourcing\/nederland\/\",\"name\":\"Nederland - Hightechkaunas.com\",\"isPartOf\":{\"@id\":\"https:\/\/hightechkaunas.com\/#website\"},\"primaryImageOfPage\":{\"@id\":\"https:\/\/hightechkaunas.com\/no\/hightech-outsourcing\/nederland\/#primaryimage\"},\"image\":{\"@id\":\"https:\/\/hightechkaunas.com\/no\/hightech-outsourcing\/nederland\/#primaryimage\"},\"thumbnailUrl\":\"https:\/\/hightechkaunas.com\/wp-content\/uploads\/2024\/10\/pexels-chaitaastic-2031706-scaled.jpg\",\"datePublished\":\"2024-10-30T10:42:24+00:00\",\"dateModified\":\"2024-11-24T12:13:20+00:00\",\"breadcrumb\":{\"@id\":\"https:\/\/hightechkaunas.com\/no\/hightech-outsourcing\/nederland\/#breadcrumb\"},\"inLanguage\":\"nb-NO\",\"potentialAction\":[{\"@type\":\"ReadAction\",\"target\":[\"https:\/\/hightechkaunas.com\/no\/hightech-outsourcing\/nederland\/\"]}]},{\"@type\":\"ImageObject\",\"inLanguage\":\"nb-NO\",\"@id\":\"https:\/\/hightechkaunas.com\/no\/hightech-outsourcing\/nederland\/#primaryimage\",\"url\":\"https:\/\/hightechkaunas.com\/wp-content\/uploads\/2024\/10\/pexels-chaitaastic-2031706-scaled.jpg\",\"contentUrl\":\"https:\/\/hightechkaunas.com\/wp-content\/uploads\/2024\/10\/pexels-chaitaastic-2031706-scaled.jpg\",\"width\":2560,\"height\":1441},{\"@type\":\"BreadcrumbList\",\"@id\":\"https:\/\/hightechkaunas.com\/no\/hightech-outsourcing\/nederland\/#breadcrumb\",\"itemListElement\":[{\"@type\":\"ListItem\",\"position\":1,\"name\":\"Home\",\"item\":\"https:\/\/hightechkaunas.com\/no\/\"},{\"@type\":\"ListItem\",\"position\":2,\"name\":\"Hightech outsourcing\",\"item\":\"https:\/\/hightechkaunas.com\/no\/hightech-outsourcing\/\"},{\"@type\":\"ListItem\",\"position\":3,\"name\":\"Nederland\"}]},{\"@type\":\"WebSite\",\"@id\":\"https:\/\/hightechkaunas.com\/#website\",\"url\":\"https:\/\/hightechkaunas.com\/\",\"name\":\"Hightechkaunas.com\",\"description\":\"\",\"potentialAction\":[{\"@type\":\"SearchAction\",\"target\":{\"@type\":\"EntryPoint\",\"urlTemplate\":\"https:\/\/hightechkaunas.com\/?s={search_term_string}\"},\"query-input\":{\"@type\":\"PropertyValueSpecification\",\"valueRequired\":true,\"valueName\":\"search_term_string\"}}],\"inLanguage\":\"nb-NO\"}]}<\/script>\n<!-- \/ Yoast SEO plugin. -->","yoast_head_json":{"title":"Nederland - Hightechkaunas.com","robots":{"index":"index","follow":"follow","max-snippet":"max-snippet:-1","max-image-preview":"max-image-preview:large","max-video-preview":"max-video-preview:-1"},"canonical":"https:\/\/hightechkaunas.com\/no\/hightech-outsourcing\/nederland\/","og_locale":"nb_NO","og_type":"article","og_title":"Nederland - Hightechkaunas.com","og_description":"Hvorfor er Hightech Kaunas den ideelle IT-partneren for nederlandske selskaper?","og_url":"https:\/\/hightechkaunas.com\/no\/hightech-outsourcing\/nederland\/","og_site_name":"Hightechkaunas.com","article_modified_time":"2024-11-24T12:13:20+00:00","og_image":[{"width":2560,"height":1441,"url":"https:\/\/hightechkaunas.com\/wp-content\/uploads\/2024\/10\/pexels-chaitaastic-2031706-scaled.jpg","type":"image\/jpeg"}],"twitter_card":"summary_large_image","twitter_misc":{"Ansl. lesetid":"1 minutt"},"schema":{"@context":"https:\/\/schema.org","@graph":[{"@type":"WebPage","@id":"https:\/\/hightechkaunas.com\/no\/hightech-outsourcing\/nederland\/","url":"https:\/\/hightechkaunas.com\/no\/hightech-outsourcing\/nederland\/","name":"Nederland - Hightechkaunas.com","isPartOf":{"@id":"https:\/\/hightechkaunas.com\/#website"},"primaryImageOfPage":{"@id":"https:\/\/hightechkaunas.com\/no\/hightech-outsourcing\/nederland\/#primaryimage"},"image":{"@id":"https:\/\/hightechkaunas.com\/no\/hightech-outsourcing\/nederland\/#primaryimage"},"thumbnailUrl":"https:\/\/hightechkaunas.com\/wp-content\/uploads\/2024\/10\/pexels-chaitaastic-2031706-scaled.jpg","datePublished":"2024-10-30T10:42:24+00:00","dateModified":"2024-11-24T12:13:20+00:00","breadcrumb":{"@id":"https:\/\/hightechkaunas.com\/no\/hightech-outsourcing\/nederland\/#breadcrumb"},"inLanguage":"nb-NO","potentialAction":[{"@type":"ReadAction","target":["https:\/\/hightechkaunas.com\/no\/hightech-outsourcing\/nederland\/"]}]},{"@type":"ImageObject","inLanguage":"nb-NO","@id":"https:\/\/hightechkaunas.com\/no\/hightech-outsourcing\/nederland\/#primaryimage","url":"https:\/\/hightechkaunas.com\/wp-content\/uploads\/2024\/10\/pexels-chaitaastic-2031706-scaled.jpg","contentUrl":"https:\/\/hightechkaunas.com\/wp-content\/uploads\/2024\/10\/pexels-chaitaastic-2031706-scaled.jpg","width":2560,"height":1441},{"@type":"BreadcrumbList","@id":"https:\/\/hightechkaunas.com\/no\/hightech-outsourcing\/nederland\/#breadcrumb","itemListElement":[{"@type":"ListItem","position":1,"name":"Home","item":"https:\/\/hightechkaunas.com\/no\/"},{"@type":"ListItem","position":2,"name":"Hightech outsourcing","item":"https:\/\/hightechkaunas.com\/no\/hightech-outsourcing\/"},{"@type":"ListItem","position":3,"name":"Nederland"}]},{"@type":"WebSite","@id":"https:\/\/hightechkaunas.com\/#website","url":"https:\/\/hightechkaunas.com\/","name":"Hightechkaunas.com","description":"","potentialAction":[{"@type":"SearchAction","target":{"@type":"EntryPoint","urlTemplate":"https:\/\/hightechkaunas.com\/?s={search_term_string}"},"query-input":{"@type":"PropertyValueSpecification","valueRequired":true,"valueName":"search_term_string"}}],"inLanguage":"nb-NO"}]}},"_links":{"self":[{"href":"https:\/\/hightechkaunas.com\/no\/wp-json\/wp\/v2\/pages\/1289","targetHints":{"allow":["GET"]}}],"collection":[{"href":"https:\/\/hightechkaunas.com\/no\/wp-json\/wp\/v2\/pages"}],"about":[{"href":"https:\/\/hightechkaunas.com\/no\/wp-json\/wp\/v2\/types\/page"}],"author":[{"embeddable":true,"href":"https:\/\/hightechkaunas.com\/no\/wp-json\/wp\/v2\/users\/1"}],"replies":[{"embeddable":true,"href":"https:\/\/hightechkaunas.com\/no\/wp-json\/wp\/v2\/comments?post=1289"}],"version-history":[{"count":5,"href":"https:\/\/hightechkaunas.com\/no\/wp-json\/wp\/v2\/pages\/1289\/revisions"}],"predecessor-version":[{"id":1890,"href":"https:\/\/hightechkaunas.com\/no\/wp-json\/wp\/v2\/pages\/1289\/revisions\/1890"}],"up":[{"embeddable":true,"href":"https:\/\/hightechkaunas.com\/no\/wp-json\/wp\/v2\/pages\/1324"}],"wp:featuredmedia":[{"embeddable":true,"href":"https:\/\/hightechkaunas.com\/no\/wp-json\/wp\/v2\/media\/1214"}],"wp:attachment":[{"href":"https:\/\/hightechkaunas.com\/no\/wp-json\/wp\/v2\/media?parent=1289"}],"curies":[{"name":"wp","href":"https:\/\/api.w.org\/{rel}","templated":true}]}}