{"id":1341,"date":"2024-09-12T14:37:40","date_gmt":"2024-09-12T14:37:40","guid":{"rendered":"https:\/\/hightechkaunas.com\/news\/"},"modified":"2024-10-30T15:02:20","modified_gmt":"2024-10-30T15:02:20","slug":"news","status":"publish","type":"page","link":"https:\/\/hightechkaunas.com\/nl\/news\/","title":{"rendered":"Nieuws"},"content":{"rendered":"\r\n\r\n<section id=\"header-block\" class=\"header-block\">\r\n    <div class=\"header-block-texts\">\r\n                    <h1>Wat is er nieuw aan ons?<\/h1>\r\n            <\/div>\r\n        <style>\r\n        .header-block {\r\n            background: url('https:\/\/hightechkaunas.com\/wp-content\/uploads\/2024\/09\/image-101-scaled.jpg') no-repeat center center;\r\n            background-size: cover;\r\n        }\r\n    <\/style>\r\n<\/section>\r\n\r\n\r\n\n\n\r\n\r\n\r\n\r\n<section id=\"news-list\" class=\"news-list web-section\">\r\n    <div class=\"container-fluid\">\r\n        <div class=\"services-list-in\">\r\n                            <a href=\"https:\/\/hightechkaunas.com\/nl\/2025\/10\/02\/de-pitchdeck-van-je-it-partner-gaat-je-backend-niet-repareren-maar-de-juiste-ingenieurs-wel\/\" class=\"services-list-item services-list-item-0\">\r\n                    <div class=\"services-list-item-text\">\r\n                        <div class=\"services-list-item-text-helper\">\r\n                            <div class=\"dateitb\">2025 10 02<\/div>\r\n                            <h3 class=\"main-title\">Waarom 90% van alle integraties mislukken (en hoe die van jou kan slagen)<\/h3>\r\n                                                        <div class=\"button-black\">Meer lezen<\/div>\r\n                        <\/div>\r\n                    <\/div>\r\n                    <div class=\"services-list-item-image services-list-item-image-0\">\r\n                     <!--   -->                    <\/div>\r\n\r\n                                        <style>\r\n                        .services-list-item-image-0 {\r\n                            background: url('https:\/\/hightechkaunas.com\/wp-content\/uploads\/2025\/10\/Visual20-710x350.png') no-repeat center center;\r\n                            background-size: cover;\r\n                        }\r\n                    <\/style>\r\n                <\/a>\r\n                                            <a href=\"https:\/\/hightechkaunas.com\/nl\/2025\/09\/09\/kleiner-slimmer-als-je-goed-kiest\/\" class=\"services-list-item services-list-item-1\">\r\n                    <div class=\"services-list-item-text\">\r\n                        <div class=\"services-list-item-text-helper\">\r\n                            <div class=\"dateitb\">2025 09 09<\/div>\r\n                            <h3 class=\"main-title\">Kleiner = Slimmer (als je goed kiest)<\/h3>\r\n                            <p>Grote IT-leveranciers zijn als cruiseschepen: indrukwekkend, duur \u2013 en tergend traag om van koers te veranderen. Wanneer het weer omslaat of je supply chain plotseling in brand staat, mag je blij zijn als de kapitein het \u00fcberhaupt opmerkt v\u00f3\u00f3r je het ijsbergcontact voelt. Dat is de verborgen prijs van \u201cschaal\u201d. Op papier lijkt het veilig&#8230;.<\/p>\n                            <div class=\"button-black\">Meer lezen<\/div>\r\n                        <\/div>\r\n                    <\/div>\r\n                    <div class=\"services-list-item-image services-list-item-image-1\">\r\n                     <!--   -->                    <\/div>\r\n\r\n                                        <style>\r\n                        .services-list-item-image-1 {\r\n                            background: url('https:\/\/hightechkaunas.com\/wp-content\/uploads\/2025\/09\/Visual19-710x350.png') no-repeat center center;\r\n                            background-size: cover;\r\n                        }\r\n                    <\/style>\r\n                <\/a>\r\n                                            <a href=\"https:\/\/hightechkaunas.com\/nl\/2025\/08\/21\/legacy-systemen-redden-zonder-een-complete-rewrite\/\" class=\"services-list-item services-list-item-2\">\r\n                    <div class=\"services-list-item-text\">\r\n                        <div class=\"services-list-item-text-helper\">\r\n                            <div class=\"dateitb\">2025 08 21<\/div>\r\n                            <h3 class=\"main-title\">Legacy-systemen redden \u2014 zonder een complete rewrite<\/h3>\r\n                            <p>Ergens in Europa zet een CIO op dit moment zijn handtekening onder een systeem-rewrite van \u20ac2 miljoen \u2013 voor een probleem dat opgelost had kunnen worden met een patch van \u20ac200.000 en zes weken werk. Dat is geen theoretisch voorbeeld. Het gebeurt elke week in enterprise-IT. Er lijkt bijna een ritueel in te zitten: een&#8230;<\/p>\n                            <div class=\"button-black\">Meer lezen<\/div>\r\n                        <\/div>\r\n                    <\/div>\r\n                    <div class=\"services-list-item-image services-list-item-image-2\">\r\n                     <!--   -->                    <\/div>\r\n\r\n                                        <style>\r\n                        .services-list-item-image-2 {\r\n                            background: url('https:\/\/hightechkaunas.com\/wp-content\/uploads\/2025\/11\/Blog1_V3-710x350.png') no-repeat center center;\r\n                            background-size: cover;\r\n                        }\r\n                    <\/style>\r\n                <\/a>\r\n                                            <a href=\"https:\/\/hightechkaunas.com\/nl\/2024\/10\/18\/automating-real-estate-data-integration-for-obh-gruppen-a-s-with-robovirgin\/\" class=\"services-list-item services-list-item-3\">\r\n                    <div class=\"services-list-item-text\">\r\n                        <div class=\"services-list-item-text-helper\">\r\n                            <div class=\"dateitb\">2024 10 18<\/div>\r\n                            <h3 class=\"main-title\">Automatisering van de integratie van vastgoedgegevens voor OBH &#8211; Gruppen A\/S met Robovirgin<\/h3>\r\n                            <p>In de snelle wereld van vastgoeddiensten zijn effici\u00ebntie en nauwkeurigheid van het grootste belang. OBH &#8211; Gruppen A\/S, een vooraanstaande klant die gespecialiseerd is in vastgoedgerelateerde diensten zoals taxaties, schaderapporten en energiebeoordelingen, stond voor grote uitdagingen bij het beheren van klantenorders. Met een gevarieerde klantenkring, waaronder particulieren, makelaars en verzekeringsmaatschappijen, waren voor elke opdracht gegevens&#8230;<\/p>\n                            <div class=\"button-black\">Meer lezen<\/div>\r\n                        <\/div>\r\n                    <\/div>\r\n                    <div class=\"services-list-item-image services-list-item-image-3\">\r\n                     <!--   -->                    <\/div>\r\n\r\n                                        <style>\r\n                        .services-list-item-image-3 {\r\n                            background: url('https:\/\/hightechkaunas.com\/wp-content\/uploads\/2024\/10\/cover-automate-real-estate_1024-710x350.png') no-repeat center center;\r\n                            background-size: cover;\r\n                        }\r\n                    <\/style>\r\n                <\/a>\r\n                                            <a href=\"https:\/\/hightechkaunas.com\/nl\/2024\/10\/18\/transforming-e-commerce-with-mastercard-click-to-pay\/\" class=\"services-list-item services-list-item-4\">\r\n                    <div class=\"services-list-item-text\">\r\n                        <div class=\"services-list-item-text-helper\">\r\n                            <div class=\"dateitb\">2024 10 18<\/div>\r\n                            <h3 class=\"main-title\">E-commerce transformeren met Mastercard Click to Pay<\/h3>\r\n                            <p>In de steeds veranderende wereld van e-commerce is het bieden van een naadloze en veilige checkout-ervaring van cruciaal belang voor winkeliers die de klanttevredenheid willen vergroten en hun conversie willen verhogen. Mastercard onderkende deze noodzaak en ontwikkelde Mastercard Click to Pay, een baanbrekende oplossing die het online winkellandschap heeft veranderd voor zowel winkeliers als consumenten&#8230;.<\/p>\n                            <div class=\"button-black\">Meer lezen<\/div>\r\n                        <\/div>\r\n                    <\/div>\r\n                    <div class=\"services-list-item-image services-list-item-image-4\">\r\n                     <!--   -->                    <\/div>\r\n\r\n                                        <style>\r\n                        .services-list-item-image-4 {\r\n                            background: url('https:\/\/hightechkaunas.com\/wp-content\/uploads\/2024\/10\/master-710x350.jpg') no-repeat center center;\r\n                            background-size: cover;\r\n                        }\r\n                    <\/style>\r\n                <\/a>\r\n                                            <a href=\"https:\/\/hightechkaunas.com\/nl\/2024\/10\/15\/migration-of-mytherese-com-to-sylius-a-collaborative\/\" class=\"services-list-item services-list-item-5\">\r\n                    <div class=\"services-list-item-text\">\r\n                        <div class=\"services-list-item-text-helper\">\r\n                            <div class=\"dateitb\">2024 10 15<\/div>\r\n                            <h3 class=\"main-title\">Migratie van MyTherese.com naar Sylius &#8211; Een samenwerking<\/h3>\r\n                            <p>MyTheresa. Com, ondernam een belangrijketechnologische transformatie door haar e-commerce platform te migreren van Magento naar Sylius. Dezemigratie was cruciaal om aan de groeiende eisen van het wereldwijde klantenbestand te voldoen, defunctionaliteit te verbeteren en te zorgen voor een soepelere, effici\u00ebntere klantervaring. Het toegewijde team vandeze transformatie was het toegewijde team van Invertus, een trots lid&#8230;<\/p>\n                            <div class=\"button-black\">Meer lezen<\/div>\r\n                        <\/div>\r\n                    <\/div>\r\n                    <div class=\"services-list-item-image services-list-item-image-5\">\r\n                     <!--   -->                    <\/div>\r\n\r\n                                        <style>\r\n                        .services-list-item-image-5 {\r\n                            background: url('https:\/\/hightechkaunas.com\/wp-content\/uploads\/2024\/09\/3-naujienos-foto-710x350.jpg') no-repeat center center;\r\n                            background-size: cover;\r\n                        }\r\n                    <\/style>\r\n                <\/a>\r\n                                            <a href=\"https:\/\/hightechkaunas.com\/nl\/2024\/09\/19\/highttech-kaunas-cluster-will-strengthen-its-global-competitiveness-abroad\/\" class=\"services-list-item services-list-item-6\">\r\n                    <div class=\"services-list-item-text\">\r\n                        <div class=\"services-list-item-text-helper\">\r\n                            <div class=\"dateitb\">2024 09 19<\/div>\r\n                            <h3 class=\"main-title\">HightTech Kaunas&#8217; cluster zal zijn wereldwijde concurrentiepositie in het buitenland versterken<\/h3>\r\n                            <p>De Kamer van Koophandel, Industrie en Ambachten van Kaunas vormde samen met haar partners &#8211; bedrijven die lid zijn van de IT-sector &#8211; een ge\u00efntegreerd cluster voor kunstmatige intelligentie, e-commerce en procesautomatiseringssystemen onder de naam \u201cHighTech Kaunas\u201d. Om het concurrentievermogen van het cluster in het buitenland te versterken en het te integreren in internationale netwerken,&#8230;<\/p>\n                            <div class=\"button-black\">Meer lezen<\/div>\r\n                        <\/div>\r\n                    <\/div>\r\n                    <div class=\"services-list-item-image services-list-item-image-6\">\r\n                     <!--   -->                    <\/div>\r\n\r\n                                        <style>\r\n                        .services-list-item-image-6 {\r\n                            background: url('https:\/\/hightechkaunas.com\/wp-content\/uploads\/2024\/09\/ezgif-5-cb085322c11e-710x350.jpg') no-repeat center center;\r\n                            background-size: cover;\r\n                        }\r\n                    <\/style>\r\n                <\/a>\r\n                                            <a href=\"https:\/\/hightechkaunas.com\/nl\/2024\/09\/19\/why-net-core-is-a-game-changer-for-modern-development\/\" class=\"services-list-item services-list-item-7\">\r\n                    <div class=\"services-list-item-text\">\r\n                        <div class=\"services-list-item-text-helper\">\r\n                            <div class=\"dateitb\">2024 09 19<\/div>\r\n                            <h3 class=\"main-title\">Waarom .NET Core een gamehanger is voor moderne ontwikkeling<\/h3>\r\n                            <p>Laten we het eens hebben over een framework waar onze ontwikkelaars waarschijnlijk het meest gepassioneerd over zijn &#8211; .NET Core. Hier zijn enkele van de belangrijkste redenen voor de stijgende populariteit: Met alle voordelen zijn er ook een paar dingen die je moet overwegen als je voor .NET Core kiest &#8211; I heeft zeer beperkte&#8230;<\/p>\n                            <div class=\"button-black\">Meer lezen<\/div>\r\n                        <\/div>\r\n                    <\/div>\r\n                    <div class=\"services-list-item-image services-list-item-image-7\">\r\n                     <!--   -->                    <\/div>\r\n\r\n                                        <style>\r\n                        .services-list-item-image-7 {\r\n                            background: url('https:\/\/hightechkaunas.com\/wp-content\/uploads\/2024\/09\/2-naujienos-foto.jpg') no-repeat center center;\r\n                            background-size: cover;\r\n                        }\r\n                    <\/style>\r\n                <\/a>\r\n                                            <a href=\"https:\/\/hightechkaunas.com\/nl\/2024\/09\/19\/hightech-kaunas-cluster-joins-international-business-networks\/\" class=\"services-list-item services-list-item-8\">\r\n                    <div class=\"services-list-item-text\">\r\n                        <div class=\"services-list-item-text-helper\">\r\n                            <div class=\"dateitb\">2024 09 19<\/div>\r\n                            <h3 class=\"main-title\">HighTech Kaunas Cluster sluit zich aan bij internationale zakelijke netwerken<\/h3>\r\n                            <p>HighTech Kaunas Cluster is verheugd aan te kondigen dat het zich officieel heeft aangesloten bij verschillende grote wereldwijde platforms die zijn ontworpen om bedrijven en dienstverleners te helpen beoordelen, evalueren en hun bereik te vergroten. Vanaf nu zijn clusterleden zichtbaar en toegankelijk via de volgende gerenommeerde platforms: Deelname aan deze internationale netwerken biedt clusterbedrijven de&#8230;<\/p>\n                            <div class=\"button-black\">Meer lezen<\/div>\r\n                        <\/div>\r\n                    <\/div>\r\n                    <div class=\"services-list-item-image services-list-item-image-8\">\r\n                     <!--   -->                    <\/div>\r\n\r\n                                        <style>\r\n                        .services-list-item-image-8 {\r\n                            background: url('https:\/\/hightechkaunas.com\/wp-content\/uploads\/2024\/09\/3-naujienos-foto-710x350.jpg') no-repeat center center;\r\n                            background-size: cover;\r\n                        }\r\n                    <\/style>\r\n                <\/a>\r\n                                    <\/div>\r\n    <\/div>\r\n<\/section>\r\n\r\n\r\n","protected":false},"excerpt":{"rendered":"","protected":false},"author":1,"featured_media":0,"parent":0,"menu_order":0,"comment_status":"closed","ping_status":"closed","template":"","meta":{"_acf_changed":false,"inline_featured_image":false,"footnotes":""},"class_list":["post-1341","page","type-page","status-publish","hentry"],"acf":[],"yoast_head":"<!-- This site is optimized with the Yoast SEO plugin v26.2 - https:\/\/yoast.com\/wordpress\/plugins\/seo\/ -->\n<title>Nieuws - Hightechkaunas.com<\/title>\n<meta name=\"robots\" content=\"index, follow, max-snippet:-1, max-image-preview:large, max-video-preview:-1\" \/>\n<link rel=\"canonical\" href=\"https:\/\/hightechkaunas.com\/nl\/news\/\" \/>\n<meta property=\"og:locale\" content=\"nl_NL\" \/>\n<meta property=\"og:type\" content=\"article\" \/>\n<meta property=\"og:title\" content=\"Nieuws - Hightechkaunas.com\" \/>\n<meta property=\"og:url\" content=\"https:\/\/hightechkaunas.com\/nl\/news\/\" \/>\n<meta property=\"og:site_name\" content=\"Hightechkaunas.com\" \/>\n<meta property=\"article:modified_time\" content=\"2024-10-30T15:02:20+00:00\" \/>\n<meta name=\"twitter:card\" content=\"summary_large_image\" \/>\n<script type=\"application\/ld+json\" class=\"yoast-schema-graph\">{\"@context\":\"https:\/\/schema.org\",\"@graph\":[{\"@type\":\"WebPage\",\"@id\":\"https:\/\/hightechkaunas.com\/nl\/news\/\",\"url\":\"https:\/\/hightechkaunas.com\/nl\/news\/\",\"name\":\"Nieuws - Hightechkaunas.com\",\"isPartOf\":{\"@id\":\"https:\/\/hightechkaunas.com\/#website\"},\"datePublished\":\"2024-09-12T14:37:40+00:00\",\"dateModified\":\"2024-10-30T15:02:20+00:00\",\"breadcrumb\":{\"@id\":\"https:\/\/hightechkaunas.com\/nl\/news\/#breadcrumb\"},\"inLanguage\":\"nl-NL\",\"potentialAction\":[{\"@type\":\"ReadAction\",\"target\":[\"https:\/\/hightechkaunas.com\/nl\/news\/\"]}]},{\"@type\":\"BreadcrumbList\",\"@id\":\"https:\/\/hightechkaunas.com\/nl\/news\/#breadcrumb\",\"itemListElement\":[{\"@type\":\"ListItem\",\"position\":1,\"name\":\"Home\",\"item\":\"https:\/\/hightechkaunas.com\/nl\/\"},{\"@type\":\"ListItem\",\"position\":2,\"name\":\"Nieuws\"}]},{\"@type\":\"WebSite\",\"@id\":\"https:\/\/hightechkaunas.com\/#website\",\"url\":\"https:\/\/hightechkaunas.com\/\",\"name\":\"Hightechkaunas.com\",\"description\":\"\",\"potentialAction\":[{\"@type\":\"SearchAction\",\"target\":{\"@type\":\"EntryPoint\",\"urlTemplate\":\"https:\/\/hightechkaunas.com\/?s={search_term_string}\"},\"query-input\":{\"@type\":\"PropertyValueSpecification\",\"valueRequired\":true,\"valueName\":\"search_term_string\"}}],\"inLanguage\":\"nl-NL\"}]}<\/script>\n<!-- \/ Yoast SEO plugin. -->","yoast_head_json":{"title":"Nieuws - Hightechkaunas.com","robots":{"index":"index","follow":"follow","max-snippet":"max-snippet:-1","max-image-preview":"max-image-preview:large","max-video-preview":"max-video-preview:-1"},"canonical":"https:\/\/hightechkaunas.com\/nl\/news\/","og_locale":"nl_NL","og_type":"article","og_title":"Nieuws - Hightechkaunas.com","og_url":"https:\/\/hightechkaunas.com\/nl\/news\/","og_site_name":"Hightechkaunas.com","article_modified_time":"2024-10-30T15:02:20+00:00","twitter_card":"summary_large_image","schema":{"@context":"https:\/\/schema.org","@graph":[{"@type":"WebPage","@id":"https:\/\/hightechkaunas.com\/nl\/news\/","url":"https:\/\/hightechkaunas.com\/nl\/news\/","name":"Nieuws - Hightechkaunas.com","isPartOf":{"@id":"https:\/\/hightechkaunas.com\/#website"},"datePublished":"2024-09-12T14:37:40+00:00","dateModified":"2024-10-30T15:02:20+00:00","breadcrumb":{"@id":"https:\/\/hightechkaunas.com\/nl\/news\/#breadcrumb"},"inLanguage":"nl-NL","potentialAction":[{"@type":"ReadAction","target":["https:\/\/hightechkaunas.com\/nl\/news\/"]}]},{"@type":"BreadcrumbList","@id":"https:\/\/hightechkaunas.com\/nl\/news\/#breadcrumb","itemListElement":[{"@type":"ListItem","position":1,"name":"Home","item":"https:\/\/hightechkaunas.com\/nl\/"},{"@type":"ListItem","position":2,"name":"Nieuws"}]},{"@type":"WebSite","@id":"https:\/\/hightechkaunas.com\/#website","url":"https:\/\/hightechkaunas.com\/","name":"Hightechkaunas.com","description":"","potentialAction":[{"@type":"SearchAction","target":{"@type":"EntryPoint","urlTemplate":"https:\/\/hightechkaunas.com\/?s={search_term_string}"},"query-input":{"@type":"PropertyValueSpecification","valueRequired":true,"valueName":"search_term_string"}}],"inLanguage":"nl-NL"}]}},"_links":{"self":[{"href":"https:\/\/hightechkaunas.com\/nl\/wp-json\/wp\/v2\/pages\/1341","targetHints":{"allow":["GET"]}}],"collection":[{"href":"https:\/\/hightechkaunas.com\/nl\/wp-json\/wp\/v2\/pages"}],"about":[{"href":"https:\/\/hightechkaunas.com\/nl\/wp-json\/wp\/v2\/types\/page"}],"author":[{"embeddable":true,"href":"https:\/\/hightechkaunas.com\/nl\/wp-json\/wp\/v2\/users\/1"}],"replies":[{"embeddable":true,"href":"https:\/\/hightechkaunas.com\/nl\/wp-json\/wp\/v2\/comments?post=1341"}],"version-history":[{"count":1,"href":"https:\/\/hightechkaunas.com\/nl\/wp-json\/wp\/v2\/pages\/1341\/revisions"}],"predecessor-version":[{"id":1634,"href":"https:\/\/hightechkaunas.com\/nl\/wp-json\/wp\/v2\/pages\/1341\/revisions\/1634"}],"wp:attachment":[{"href":"https:\/\/hightechkaunas.com\/nl\/wp-json\/wp\/v2\/media?parent=1341"}],"curies":[{"name":"wp","href":"https:\/\/api.w.org\/{rel}","templated":true}]}}