{"id":1326,"date":"2024-09-13T03:20:43","date_gmt":"2024-09-13T03:20:43","guid":{"rendered":"https:\/\/hightechkaunas.com\/about-us\/"},"modified":"2024-11-24T09:04:31","modified_gmt":"2024-11-24T09:04:31","slug":"about-us","status":"publish","type":"page","link":"https:\/\/hightechkaunas.com\/nl\/about-us\/","title":{"rendered":"Over ons"},"content":{"rendered":"\r\n\r\n<section id=\"header-block\" class=\"header-block\">\r\n    <div class=\"header-block-texts\">\r\n                    <h1>Over ons<\/h1>\r\n            <\/div>\r\n        <style>\r\n        .header-block {\r\n            background: url('https:\/\/hightechkaunas.com\/wp-content\/uploads\/2024\/09\/members.png') no-repeat center center;\r\n            background-size: cover;\r\n        }\r\n    <\/style>\r\n<\/section>\r\n\r\n\r\n\n\n\r\n\r\n\r\n<section id=\"lefttext\" class=\"lefttext web-section\">\r\n    <div class=\"container-fluid\">\r\n        <div class=\"lefttext-in\">\r\n            <div class=\"rte\">\r\n                                    <p>JSC \u201cInkodus\u201d is een Europees geori\u00ebnteerd Litouws IT-adviesbureau dat is opgericht in 2012. Het bedrijf is begonnen als leverancier van hoogwaardige programmeer- en technologische oplossingen. Later hebben ze echter rekening gehouden met de eisen van klanten, hebben ze hun bedrijfstrend aangepast en nu verenigt Incodus de beste IT-professionals terwijl ze diensten leveren aan andere bedrijven in de vorm van een toegewijd team van softwareontwikkelaars.<br \/>\nIn tegenstelling tot standaard outsourcing biedt het dedicated team van softwareontwikkelaars meer controle en de mogelijkheid om de werkprocessen te be\u00efnvloeden. Een team van softwareontwikkelaars met de benodigde kennis en ervaring is direct toegankelijk, net als uw eigen werknemers. Ondertussen biedt Inkodus alle noodzakelijke aanvullende diensten zoals boekhouding, sociale tevredenheid van uw team op afstand, teambuilding, kantoorbeheer en andere. Het toegewijde team bestaat alleen uit betrouwbare en geteste specialisten die snel en flexibel werken.<br \/>\nHet bedrijf is er trots op langdurige relaties en professionele diensten aan te bieden aan zijn klanten. Hun belangrijkste doel is tevreden klanten.<\/p>\n                            <\/div>\r\n        <\/div>\r\n    <\/div>\r\n<\/section>\r\n\r\n\n\n\r\n\r\n\r\n<section id=\"aboutmembers\" class=\"aboutmembers web-section\">\r\n    <div class=\"container-fluid\">\r\n        <div class=\"aboutmembers-in\">\r\n            <div class=\"aboutmemberstitle\">\r\n                <div class=\"aboutmemberstitle\">\r\n                                            <h2 class=\"main-title titlefloatleft\">DE CLUSTER BESTAAT UIT 7 LEDEN:<\/h2>\r\n                                        <div class=\"buttonfloatright\">\r\n                        <a class=\"button-blue\" href=\"https:\/\/hightechkaunas.com\/members\/\">Leden<\/a>\r\n                    <\/div>\r\n                    <div class=\"clearfix\"><\/div>\r\n                <\/div>\r\n                <div class=\"aboutmemberslist\">\r\n                    <div class=\"members-list-wrapper\">\r\n                                                    <a href=\"https:\/\/hightechkaunas.com\/nl\/members\/jsc-confistech\/\" class=\"members-list-wrapper-item members-list-wrapper-item-0\">\r\n                                <div class=\"members-list-wrapper-item-image\">\r\n                                                                            <img decoding=\"async\" src=\"https:\/\/hightechkaunas.com\/wp-content\/uploads\/2024\/09\/confitech.svg\" title=\"item\" alt=\"item\">\r\n                                                                    <\/div>\r\n                            <\/a>\r\n                                                                                <a href=\"https:\/\/hightechkaunas.com\/nl\/members\/jsc-definra\/\" class=\"members-list-wrapper-item members-list-wrapper-item-1\">\r\n                                <div class=\"members-list-wrapper-item-image\">\r\n                                                                            <img decoding=\"async\" src=\"https:\/\/hightechkaunas.com\/wp-content\/uploads\/2024\/09\/definra.svg\" title=\"item\" alt=\"item\">\r\n                                                                    <\/div>\r\n                            <\/a>\r\n                                                                                <a href=\"https:\/\/hightechkaunas.com\/nl\/members\/jsc-inkodus\/\" class=\"members-list-wrapper-item members-list-wrapper-item-2\">\r\n                                <div class=\"members-list-wrapper-item-image\">\r\n                                                                            <img decoding=\"async\" src=\"https:\/\/hightechkaunas.com\/wp-content\/uploads\/2024\/09\/inkodus.svg\" title=\"item\" alt=\"item\">\r\n                                                                    <\/div>\r\n                            <\/a>\r\n                                                                                <a href=\"https:\/\/hightechkaunas.com\/nl\/members\/jsc-invertus\/\" class=\"members-list-wrapper-item members-list-wrapper-item-3\">\r\n                                <div class=\"members-list-wrapper-item-image\">\r\n                                                                            <img decoding=\"async\" src=\"https:\/\/hightechkaunas.com\/wp-content\/uploads\/2024\/09\/invertus.svg\" title=\"item\" alt=\"item\">\r\n                                                                    <\/div>\r\n                            <\/a>\r\n                                                                                <a href=\"https:\/\/hightechkaunas.com\/nl\/members\/jsc-matomai\/\" class=\"members-list-wrapper-item members-list-wrapper-item-4\">\r\n                                <div class=\"members-list-wrapper-item-image\">\r\n                                                                            <img decoding=\"async\" src=\"https:\/\/hightechkaunas.com\/wp-content\/uploads\/2024\/09\/matom.svg\" title=\"item\" alt=\"item\">\r\n                                                                    <\/div>\r\n                            <\/a>\r\n                                                                                <a href=\"https:\/\/hightechkaunas.com\/nl\/members\/jsc-thinkbig-lt\/\" class=\"members-list-wrapper-item members-list-wrapper-item-5\">\r\n                                <div class=\"members-list-wrapper-item-image\">\r\n                                                                            <img decoding=\"async\" src=\"https:\/\/hightechkaunas.com\/wp-content\/uploads\/2024\/09\/thinkbig.svg\" title=\"item\" alt=\"item\">\r\n                                                                    <\/div>\r\n                            <\/a>\r\n                                                                        <\/div>\r\n                    <div class=\"niceblockmembers\"><img decoding=\"async\" src=\"https:\/\/hightechkaunas.com\/wp-content\/themes\/itbrolis\/images\/membeers-nice-block2.svg\" title=\"services-image\" alt=\"services-image\"><\/div>\r\n                <\/div>\r\n            <\/div>\r\n        <\/div>\r\n    <\/div>\r\n<\/section>\r\n\r\n\n\n\r\n\r\n\r\n\r\n<section id=\"left-right-content\" class=\"left-right-content web-section\">\r\n    <div class=\"container-fluid\">\r\n        <div class=\"left-right-content-in\">\r\n            <div class=\"lfrc-left\">\r\n                                    <h3>Missie<\/h3>\r\n<div class=\"visiontext\">Het doel is om zeer concurrerende gezamenlijke producten op de wereldmarkt te ontwikkelen en het concurrentievermogen, de zichtbaarheid, de effici\u00ebntie en de beschikbaarheid van deze bedrijven te vergroten.<\/div>                            <\/div>\r\n            <div class=\"lfrc-right\">\r\n                                    <h3>Vission<\/h3>\r\n<div class=\"visiontext\">De visie van de \u201cHighTech Kaunas\u201d Cluster is om een betrouwbare en erkende alliantie van IT-bedrijven te worden, een partner die innovatieve en concurrerende digitale bedrijfsoplossingen cre\u00ebert die toegevoegde waarde cre\u00ebren.<\/div>\r\n                            <\/div>\r\n        <\/div>\r\n    <\/div>\r\n<\/section>\r\n\r\n\r\n\n\n\n\n\n\n<section id=\"expertise\" class=\"expertise outsourcing-expertise \" style=\"background-image: url('https:\/\/hightechkaunas.com\/wp-content\/uploads\/2024\/09\/areas.jpg')\">\n\t<div class=\"container-fluidxxx\">\n\t\t<div class=\"expertise-in\">\n\t\t\t<div class=\"expertise-texts\">\n\t\t\t\t\t\t\t\t\t<h2 class=\"main-title\">Voordelen van werken met een cluster<\/h2>\n\t\t\t\t\n\t\t\t\t<div class=\"expertise-wrapper rte\">\n\t\t\t\t\t\t\t\t\t\t\t<p>Samenwerking binnen een cluster, zoals \u201cHighTech Kaunas\u201d, biedt tal van voordelen voor bedrijven die willen groeien en hun marktpositie willen versterken. Een cluster verenigt verschillende bedrijven die samenwerken en middelen delen, waardoor een sterke synergie ontstaat.<\/p>\n<ul>\n<li><strong>Bredere exportkansen<\/strong><br \/>\nClusterbedrijven kunnen gemakkelijker toegang krijgen tot internationale markten door gebruik te maken van \u00e9\u00e9n merk en door deel te nemen aan gezamenlijke projecten en tentoonstellingen.<\/li>\n<li><strong>Synergie tussen leden<\/strong><br \/>\nClusterdeelnemers kunnen gebruik maken van elkaars expertise en middelen, waardoor complexere en meer op maat gemaakte oplossingen aan klanten kunnen worden geleverd.<\/li>\n<li><strong>Toegang tot kennis en technologie<\/strong><br \/>\nBedrijven binnen het cluster delen technologische innovaties en ervaringen, wat een snellere technologische ontwikkeling bevordert.<\/li>\n<li><strong>Lagere kosten<\/strong><br \/>\nGedeelde middelen zoals training, marketing of infrastructuur verlagen de kosten van individuele bedrijven.<\/li>\n<li><strong>Sterkere marktpositionering<\/strong><br \/>\nWerken als onderdeel van een cluster vergroot de geloofwaardigheid, waardoor bedrijven aantrekkelijker worden voor grote projecten en internationale partners.<\/li>\n<li><strong>Bevordering van innovatie<\/strong><br \/>\nSamenwerking stimuleert de ontwikkeling van nieuwe producten en diensten die afzonderlijk moeilijker te realiseren zouden zijn.<\/li>\n<li><strong>Verhoogde verkoop<\/strong><br \/>\nVia het cluster kunnen bedrijven gemakkelijker nieuwe klanten en markten bereiken, wat bijdraagt aan omzetgroei.<\/li>\n<li><strong>Risicobeperking<\/strong><br \/>\nClusters stellen de leden in staat om risico&#8217;s te delen, vooral bij grote of complexe projecten.<\/li>\n<li><strong>Gedeelde marketingvoordelen<\/strong><br \/>\nClusterleden kunnen deelnemen aan gezamenlijke marketingcampagnes, tentoonstellingen en andere evenementen, wat de naamsbekendheid vergroot.<\/li>\n<li><strong>Leer- en ontwikkelingsmogelijkheden<\/strong><br \/>\nClusterleden profiteren van gezamenlijke training, seminars en conferenties, waardoor hun competenties verbeteren en hun concurrentievermogen behouden blijft.<\/li>\n<\/ul>\n\t\t\t\t\t\t\t\t\t<\/div>\n\t\t\t<\/div>\n\t\t<\/div>\n\t<\/div>\n\n<\/section>\n\n\n\n\n\r\n\r\n\r\n<section id=\"lefttext\" class=\"lefttext web-section\">\r\n    <div class=\"container-fluid\">\r\n        <div class=\"lefttext-in\">\r\n            <div class=\"rte\">\r\n                                    <h2>Wij zijn anders<\/h2>\n<p>De \u201cHighTech Kaunas\u201d-cluster onderscheidt zich van andere clusters door zijn uitzonderlijke focus op de integratie van geavanceerde technologie\u00ebn zoals kunstmatige intelligentie, robotica en geavanceerde IT-oplossingen in verschillende industrie\u00ebn. In tegenstelling tot veel traditionele clusters verenigt het een unieke mix van zeer gespecialiseerde bedrijven, vari\u00ebrend van AI-gestuurde automatisering tot op maat gemaakte ERP-systeemontwikkeling. Deze diversiteit stelt het cluster in staat om uitgebreide digitale transformatieoplossingen te leveren die tegemoetkomen aan de veranderende behoeften van internationale markten. De sterke nadruk op innovatie, cross-industry samenwerking en het delen van kennis tussen de leden bevordert een synergetische omgeving die de creatie van baanbrekende oplossingen stimuleert. Bovendien maakt het cluster actief gebruik van zijn strategische locatie in Kaunas, een groeiend technologisch centrum in Europa, om de toegang tot talent, geavanceerde infrastructuur en wereldwijde markten te verbeteren, waardoor het een leider is in het vormgeven van de toekomst van technologiegedreven industrie\u00ebn.<\/p>\n                            <\/div>\r\n        <\/div>\r\n    <\/div>\r\n<\/section>\r\n\r\n","protected":false},"excerpt":{"rendered":"","protected":false},"author":1,"featured_media":0,"parent":0,"menu_order":0,"comment_status":"closed","ping_status":"closed","template":"","meta":{"_acf_changed":false,"inline_featured_image":false,"footnotes":""},"class_list":["post-1326","page","type-page","status-publish","hentry"],"acf":[],"yoast_head":"<!-- This site is optimized with the Yoast SEO plugin v26.2 - https:\/\/yoast.com\/wordpress\/plugins\/seo\/ -->\n<title>Over ons - Hightechkaunas.com<\/title>\n<meta name=\"robots\" content=\"index, follow, max-snippet:-1, max-image-preview:large, max-video-preview:-1\" \/>\n<link rel=\"canonical\" href=\"https:\/\/hightechkaunas.com\/nl\/about-us\/\" \/>\n<meta property=\"og:locale\" content=\"nl_NL\" \/>\n<meta property=\"og:type\" content=\"article\" \/>\n<meta property=\"og:title\" content=\"Over ons - Hightechkaunas.com\" \/>\n<meta property=\"og:url\" content=\"https:\/\/hightechkaunas.com\/nl\/about-us\/\" \/>\n<meta property=\"og:site_name\" content=\"Hightechkaunas.com\" \/>\n<meta property=\"article:modified_time\" content=\"2024-11-24T09:04:31+00:00\" \/>\n<meta name=\"twitter:card\" content=\"summary_large_image\" \/>\n<script type=\"application\/ld+json\" class=\"yoast-schema-graph\">{\"@context\":\"https:\/\/schema.org\",\"@graph\":[{\"@type\":\"WebPage\",\"@id\":\"https:\/\/hightechkaunas.com\/nl\/about-us\/\",\"url\":\"https:\/\/hightechkaunas.com\/nl\/about-us\/\",\"name\":\"Over ons - Hightechkaunas.com\",\"isPartOf\":{\"@id\":\"https:\/\/hightechkaunas.com\/#website\"},\"datePublished\":\"2024-09-13T03:20:43+00:00\",\"dateModified\":\"2024-11-24T09:04:31+00:00\",\"breadcrumb\":{\"@id\":\"https:\/\/hightechkaunas.com\/nl\/about-us\/#breadcrumb\"},\"inLanguage\":\"nl-NL\",\"potentialAction\":[{\"@type\":\"ReadAction\",\"target\":[\"https:\/\/hightechkaunas.com\/nl\/about-us\/\"]}]},{\"@type\":\"BreadcrumbList\",\"@id\":\"https:\/\/hightechkaunas.com\/nl\/about-us\/#breadcrumb\",\"itemListElement\":[{\"@type\":\"ListItem\",\"position\":1,\"name\":\"Home\",\"item\":\"https:\/\/hightechkaunas.com\/nl\/\"},{\"@type\":\"ListItem\",\"position\":2,\"name\":\"Over ons\"}]},{\"@type\":\"WebSite\",\"@id\":\"https:\/\/hightechkaunas.com\/#website\",\"url\":\"https:\/\/hightechkaunas.com\/\",\"name\":\"Hightechkaunas.com\",\"description\":\"\",\"potentialAction\":[{\"@type\":\"SearchAction\",\"target\":{\"@type\":\"EntryPoint\",\"urlTemplate\":\"https:\/\/hightechkaunas.com\/?s={search_term_string}\"},\"query-input\":{\"@type\":\"PropertyValueSpecification\",\"valueRequired\":true,\"valueName\":\"search_term_string\"}}],\"inLanguage\":\"nl-NL\"}]}<\/script>\n<!-- \/ Yoast SEO plugin. -->","yoast_head_json":{"title":"Over ons - Hightechkaunas.com","robots":{"index":"index","follow":"follow","max-snippet":"max-snippet:-1","max-image-preview":"max-image-preview:large","max-video-preview":"max-video-preview:-1"},"canonical":"https:\/\/hightechkaunas.com\/nl\/about-us\/","og_locale":"nl_NL","og_type":"article","og_title":"Over ons - Hightechkaunas.com","og_url":"https:\/\/hightechkaunas.com\/nl\/about-us\/","og_site_name":"Hightechkaunas.com","article_modified_time":"2024-11-24T09:04:31+00:00","twitter_card":"summary_large_image","schema":{"@context":"https:\/\/schema.org","@graph":[{"@type":"WebPage","@id":"https:\/\/hightechkaunas.com\/nl\/about-us\/","url":"https:\/\/hightechkaunas.com\/nl\/about-us\/","name":"Over ons - Hightechkaunas.com","isPartOf":{"@id":"https:\/\/hightechkaunas.com\/#website"},"datePublished":"2024-09-13T03:20:43+00:00","dateModified":"2024-11-24T09:04:31+00:00","breadcrumb":{"@id":"https:\/\/hightechkaunas.com\/nl\/about-us\/#breadcrumb"},"inLanguage":"nl-NL","potentialAction":[{"@type":"ReadAction","target":["https:\/\/hightechkaunas.com\/nl\/about-us\/"]}]},{"@type":"BreadcrumbList","@id":"https:\/\/hightechkaunas.com\/nl\/about-us\/#breadcrumb","itemListElement":[{"@type":"ListItem","position":1,"name":"Home","item":"https:\/\/hightechkaunas.com\/nl\/"},{"@type":"ListItem","position":2,"name":"Over ons"}]},{"@type":"WebSite","@id":"https:\/\/hightechkaunas.com\/#website","url":"https:\/\/hightechkaunas.com\/","name":"Hightechkaunas.com","description":"","potentialAction":[{"@type":"SearchAction","target":{"@type":"EntryPoint","urlTemplate":"https:\/\/hightechkaunas.com\/?s={search_term_string}"},"query-input":{"@type":"PropertyValueSpecification","valueRequired":true,"valueName":"search_term_string"}}],"inLanguage":"nl-NL"}]}},"_links":{"self":[{"href":"https:\/\/hightechkaunas.com\/nl\/wp-json\/wp\/v2\/pages\/1326","targetHints":{"allow":["GET"]}}],"collection":[{"href":"https:\/\/hightechkaunas.com\/nl\/wp-json\/wp\/v2\/pages"}],"about":[{"href":"https:\/\/hightechkaunas.com\/nl\/wp-json\/wp\/v2\/types\/page"}],"author":[{"embeddable":true,"href":"https:\/\/hightechkaunas.com\/nl\/wp-json\/wp\/v2\/users\/1"}],"replies":[{"embeddable":true,"href":"https:\/\/hightechkaunas.com\/nl\/wp-json\/wp\/v2\/comments?post=1326"}],"version-history":[{"count":3,"href":"https:\/\/hightechkaunas.com\/nl\/wp-json\/wp\/v2\/pages\/1326\/revisions"}],"predecessor-version":[{"id":1824,"href":"https:\/\/hightechkaunas.com\/nl\/wp-json\/wp\/v2\/pages\/1326\/revisions\/1824"}],"wp:attachment":[{"href":"https:\/\/hightechkaunas.com\/nl\/wp-json\/wp\/v2\/media?parent=1326"}],"curies":[{"name":"wp","href":"https:\/\/api.w.org\/{rel}","templated":true}]}}