{"id":1311,"date":"2024-10-30T09:28:36","date_gmt":"2024-10-30T09:28:36","guid":{"rendered":"https:\/\/hightechkaunas.com\/jav\/"},"modified":"2024-11-24T11:22:40","modified_gmt":"2024-11-24T11:22:40","slug":"verenigde-staten-van-amerika","status":"publish","type":"page","link":"https:\/\/hightechkaunas.com\/nl\/hightech-outsourcing\/verenigde-staten-van-amerika\/","title":{"rendered":"VERENIGDE STATEN VAN AMERIKA"},"content":{"rendered":"\r\n\r\n<section id=\"header-block\" class=\"header-block\">\r\n    <div class=\"header-block-texts\">\r\n                    <h1>VERENIGDE STATEN VAN AMERIKA<\/h1>\r\n            <\/div>\r\n        <style>\r\n        .header-block {\r\n            background: url('https:\/\/hightechkaunas.com\/wp-content\/uploads\/2024\/10\/adrian-newell-Itn-olYoPAg-unsplash-scaled.jpg') no-repeat center center;\r\n            background-size: cover;\r\n        }\r\n    <\/style>\r\n<\/section>\r\n\r\n\r\n\n\n\n\n\n\n<section id=\"services-text\" class=\"services-text web-section title-text\">\n\t<div class=\"container-fluid\">\n\t\t\t\t\t<h2 class=\"main-title\">\n\t\t\t\tWaarom zou een Amerikaanse IT-klant kiezen voor Hightech Kaunas?\t\t\t<\/h2>\n\t\t\t\t\t<\/div>\n<\/section>\n\n\n\n\n\n\n<section id=\"members\" class=\"members web-section outsourcing-block\">\n\t<div class=\"white-rounded-item\"><\/div>\n\n\t\t<div class=\"imagemember\" style=\"background-image: url('https:\/\/hightechkaunas.com\/wp-content\/uploads\/2024\/10\/bill-stephan-ByVB9WNPl2w-unsplash.jpg')\">\n\t\t<div class=\"niceblockmembers\"><img decoding=\"async\" src=\"https:\/\/hightechkaunas.com\/wp-content\/themes\/itbrolis\/images\/membeers-nice-block2.svg\" title=\"services-image\" alt=\"services-image\"><\/div>\n\t<\/div>\n\t<div class=\"container-fluidxxx\">\n\t\t<div class=\"members-in\">\n\n\t\t\t<div class=\"members-texts\">\n\t\t\t\t\t\t\t\t\t<h2 class=\"main-title\">1. Concurrentievermogen op de wereldmarkt<\/h2>\n\t\t\t\t\n\t\t\t\t\n\t\t\t\t\t\t\t\t\t<div class=\"main__text main__text-top-pd\"><p>De Amerikaanse IT-sector is een van de meest concurrerende en dynamische ter wereld en vereist een snelle aanpassing aan nieuwe technologie\u00ebn, superieure service en effici\u00ebnt projectmanagement. <strong>Hightech Kaunas<\/strong> biedt precies wat Amerikaanse IT-klanten nodig hebben: een pakket innovatieve oplossingen tegen betaalbare kosten. Clusterbedrijven kunnen <strong>kosteneffectiviteit bieden<\/strong>, waardoor Amerikaanse bedrijven de kosten van softwareontwikkeling, -onderhoud of -implementatie kunnen verlagen zonder aan kwaliteit in te boeten. Door de lagere operationele kosten in Litouwen is Hightech Kaunas in staat om concurrerende prijzen te bieden en toch een hoog serviceniveau te handhaven dat vergelijkbaar is met dat van toonaangevende Amerikaanse dienstverleners.<\/p>\n<\/div>\n\t\t\t\t\t\t\t<\/div>\n\t\t<\/div>\n\t<\/div>\n<\/section>\n\n\n\n\n\n<section id=\"members\" class=\"members web-section outsourcing-block\">\n\t<div class=\"white-rounded-item\"><\/div>\n\n\t\t<div class=\"imagemember\" style=\"background-image: url('https:\/\/hightechkaunas.com\/wp-content\/uploads\/2024\/10\/sierra-bell-VR0W2vYVEMk-unsplash-scaled.jpg')\">\n\t\t<div class=\"niceblockmembers\"><img decoding=\"async\" src=\"https:\/\/hightechkaunas.com\/wp-content\/themes\/itbrolis\/images\/membeers-nice-block2.svg\" title=\"services-image\" alt=\"services-image\"><\/div>\n\t<\/div>\n\t<div class=\"container-fluidxxx\">\n\t\t<div class=\"members-in\">\n\n\t\t\t<div class=\"members-texts\">\n\t\t\t\t\t\t\t\t\t<h2 class=\"main-title\">2. Talent en competenties van hoge kwaliteit<\/h2>\n\t\t\t\t\n\t\t\t\t\n\t\t\t\t\t\t\t\t\t<div class=\"main__text main__text-top-pd\"><p>Litouwen, en <strong>Kaunas<\/strong> in het bijzonder, is een van de belangrijkste IT-talentenhubs in Europa aan het worden. Het land is ook uniek in zijn vermogen om zich zo snel mogelijk aan te passen aan dynamische veranderingen en behoeften in de markt. Clusterleden beschikken over een breed scala aan vaardigheden op het gebied van softwareontwikkeling, cloud computing, kunstmatige intelligentie (AI) en data-analyse. Het is belangrijk voor Amerikaanse bedrijven om diensten te ontvangen van ervaren professionals met de juiste technologische vaardigheden, competenties en innovatiegerichtheid, en <strong>Hightech Kaunas kan dit leveren. Litouwse IT-professionals staan wereldwijd bekend om hun sterke wiskundige en technische achtergrond<\/strong>, hun vermogen om complexe uitdagingen op te lossen en innovatieve oplossingen te ontwikkelen.<\/p>\n<\/div>\n\t\t\t\t\t\t\t<\/div>\n\t\t<\/div>\n\t<\/div>\n<\/section>\n\n\n\n\n\n<section id=\"members\" class=\"members web-section outsourcing-block\">\n\t<div class=\"white-rounded-item\"><\/div>\n\n\t\t<div class=\"imagemember\" style=\"background-image: url('https:\/\/hightechkaunas.com\/wp-content\/uploads\/2024\/10\/aiden-u-aCSil_nZx2k-unsplash-scaled.jpg')\">\n\t\t<div class=\"niceblockmembers\"><img decoding=\"async\" src=\"https:\/\/hightechkaunas.com\/wp-content\/themes\/itbrolis\/images\/membeers-nice-block2.svg\" title=\"services-image\" alt=\"services-image\"><\/div>\n\t<\/div>\n\t<div class=\"container-fluidxxx\">\n\t\t<div class=\"members-in\">\n\n\t\t\t<div class=\"members-texts\">\n\t\t\t\t\t\t\t\t\t<h2 class=\"main-title\">3. Een betrouwbare partner voor digitale transformatie<\/h2>\n\t\t\t\t\n\t\t\t\t\n\t\t\t\t\t\t\t\t\t<div class=\"main__text main__text-top-pd\"><p>Tijdige digitale transformatie is een belangrijke bedrijfsprioriteit voor Amerikaanse bedrijven. Bedrijven streven ernaar hun systemen te moderniseren, automatiseringsoplossingen in te zetten en hun digitale aanwezigheid op de wereldmarkt voortdurend te versterken.<strong> Hightech Kaunas is gespecialiseerd in digitale<\/strong> transformatie en biedt geavanceerde IT-oplossingen die zijn afgestemd op de specifieke behoeften van klanten. De teams van het cluster werken met de nieuwste technologie\u00ebn, waaronder kunstmatige intelligentie, machine learning, blockchain-oplossingen en cyberbeveiliging.<\/p>\n<\/div>\n\t\t\t\t\t\t\t<\/div>\n\t\t<\/div>\n\t<\/div>\n<\/section>\n\n\n\n\n\n<section id=\"members\" class=\"members web-section outsourcing-block\">\n\t<div class=\"white-rounded-item\"><\/div>\n\n\t\t<div class=\"imagemember\" style=\"background-image: url('https:\/\/hightechkaunas.com\/wp-content\/uploads\/2024\/10\/anvesh-uppunuthula-VMwl7U2qeNg-unsplash-scaled.jpg')\">\n\t\t<div class=\"niceblockmembers\"><img decoding=\"async\" src=\"https:\/\/hightechkaunas.com\/wp-content\/themes\/itbrolis\/images\/membeers-nice-block2.svg\" title=\"services-image\" alt=\"services-image\"><\/div>\n\t<\/div>\n\t<div class=\"container-fluidxxx\">\n\t\t<div class=\"members-in\">\n\n\t\t\t<div class=\"members-texts\">\n\t\t\t\t\t\t\t\t\t<h2 class=\"main-title\">4. Flexibiliteit en snelle respons<\/h2>\n\t\t\t\t\n\t\t\t\t\n\t\t\t\t\t\t\t\t\t<div class=\"main__text main__text-top-pd\"><p>Een van de grootste uitdagingen voor Amerikaanse klanten bij het werken met wereldwijde partners is het gebrek aan flexibiliteit. <strong>Hightechbedrijven in Kaunas zijn klein en middelgroot<\/strong>, waardoor ze snel kunnen reageren op veranderingen en zich kunnen aanpassen aan specifieke opdrachten. Dit betekent dat noodzakelijke veranderingen in de loop van een project kunnen worden doorgevoerd, terwijl de communicatie effectief blijft en er nauw wordt samengewerkt. <strong>Kleine en middelgrote Litouwse IT-partners<\/strong> kunnen een persoonlijke benadering van elke klant garanderen en oplossingen bieden die precies aan hun behoeften voldoen.<\/p>\n<\/div>\n\t\t\t\t\t\t\t<\/div>\n\t\t<\/div>\n\t<\/div>\n<\/section>\n\n\n\n\n\n<section id=\"members\" class=\"members web-section outsourcing-block\">\n\t<div class=\"white-rounded-item\"><\/div>\n\n\t\t<div class=\"imagemember\" style=\"background-image: url('https:\/\/hightechkaunas.com\/wp-content\/uploads\/2024\/10\/kelvin-zyteng-LMq-rTluKfQ-unsplash-scaled.jpg')\">\n\t\t<div class=\"niceblockmembers\"><img decoding=\"async\" src=\"https:\/\/hightechkaunas.com\/wp-content\/themes\/itbrolis\/images\/membeers-nice-block2.svg\" title=\"services-image\" alt=\"services-image\"><\/div>\n\t<\/div>\n\t<div class=\"container-fluidxxx\">\n\t\t<div class=\"members-in\">\n\n\t\t\t<div class=\"members-texts\">\n\t\t\t\t\t\t\t\t\t<h2 class=\"main-title\">5. Geavanceerde programmeer- en technologieoplossingen<\/h2>\n\t\t\t\t\n\t\t\t\t\n\t\t\t\t\t\t\t\t\t<div class=\"main__text main__text-top-pd\"><p>Litouwen en Kaunas staan bekend als innovatiehubs waar verschillende technologische ecosystemen floreren. Van fintech tot AI, het Hightech Kaunas cluster kan een breed scala aan oplossingen bieden om Amerikaanse bedrijven te helpen hun ambitieuze projecten te realiseren. <strong>Programmeertalen zoals Python, Java, C++, .NET en andere geavanceerde tools worden actief gebruikt door Hightech Kaunas experts om klanten te voorzien<\/strong> van moderne, schaalbare en veilige oplossingen.<\/p>\n<\/div>\n\t\t\t\t\t\t\t<\/div>\n\t\t<\/div>\n\t<\/div>\n<\/section>\n\n\n\n\n\n<section id=\"members\" class=\"members web-section outsourcing-block\">\n\t<div class=\"white-rounded-item\"><\/div>\n\n\t\t<div class=\"imagemember\" style=\"background-image: url('https:\/\/hightechkaunas.com\/wp-content\/uploads\/2024\/10\/magco-togges-_Rx2BD-EMc8-unsplash-scaled.jpg')\">\n\t\t<div class=\"niceblockmembers\"><img decoding=\"async\" src=\"https:\/\/hightechkaunas.com\/wp-content\/themes\/itbrolis\/images\/membeers-nice-block2.svg\" title=\"services-image\" alt=\"services-image\"><\/div>\n\t<\/div>\n\t<div class=\"container-fluidxxx\">\n\t\t<div class=\"members-in\">\n\n\t\t\t<div class=\"members-texts\">\n\t\t\t\t\t\t\t\t\t<h2 class=\"main-title\">6. Cyberbeveiliging &#8211; een kritiek gebied voor bedrijven in de VS<\/h2>\n\t\t\t\t\n\t\t\t\t\n\t\t\t\t\t\t\t\t\t<div class=\"main__text main__text-top-pd\"><p>Cyberbeveiliging is een belangrijk aandachtsgebied voor <strong>Amerikaanse bedrijven.<\/strong> De teams van Hightech Kaunas beschikken over diepgaande expertise op het gebied van cyberbeveiliging, waaronder risicobeheer, bescherming tegen bedreigingen van de IT-infrastructuur, oplossingen voor gegevensbeveiliging en andere belangrijke aspecten. Voor de Amerikaanse markt, die voortdurend wordt blootgesteld aan nieuwe cyberdreigingen, kan samenwerking met Hightech Kaunas een voordelige oplossing zijn om beveiligingsproblemen te voorkomen en potenti\u00eble financi\u00eble schade te minimaliseren.<\/p>\n<p>Het is belangrijk om op te merken dat Litouwen volgens de GCI (<strong>Global Cybersecurity Index<\/strong>) de afgelopen jaren tot de wereldtop op het gebied van cyberbeveiliging heeft behoord en in 2023 op de 2e plaats stond.<\/p>\n<\/div>\n\t\t\t\t\t\t\t<\/div>\n\t\t<\/div>\n\t<\/div>\n<\/section>\n\n\n\n\n\n<section id=\"members\" class=\"members web-section outsourcing-block\">\n\t<div class=\"white-rounded-item\"><\/div>\n\n\t\t<div class=\"imagemember\" style=\"background-image: url('https:\/\/hightechkaunas.com\/wp-content\/uploads\/2024\/10\/adrian-newell-p2sKP6AJfc0-unsplash-scaled.jpg')\">\n\t\t<div class=\"niceblockmembers\"><img decoding=\"async\" src=\"https:\/\/hightechkaunas.com\/wp-content\/themes\/itbrolis\/images\/membeers-nice-block2.svg\" title=\"services-image\" alt=\"services-image\"><\/div>\n\t<\/div>\n\t<div class=\"container-fluidxxx\">\n\t\t<div class=\"members-in\">\n\n\t\t\t<div class=\"members-texts\">\n\t\t\t\t\t\t\t\t\t<h2 class=\"main-title\">7. Verhoogde technologische flexibiliteit<\/h2>\n\t\t\t\t\n\t\t\t\t\n\t\t\t\t\t\t\t\t\t<div class=\"main__text main__text-top-pd\"><p>Toegang tot een breed scala aan technologiespecialisten is belangrijk voor <strong>Amerikaanse klanten<\/strong>. Het <strong>Hightech Kaunas<\/strong> cluster biedt een gevarieerd portfolio van IT-diensten &#8211; van <strong>Java, Python, .NET<\/strong> en andere technologie\u00ebn tot cyberbeveiliging en cloudoplossingen. Het voordeel van outsourcing is dat de klant precies kan krijgen wat hij nodig heeft zonder gebonden te zijn aan \u00e9\u00e9n technologisch beperkte partner. Hierdoor kunnen verschillende platforms en systemen eenvoudig worden ge\u00efntegreerd om aan specifieke bedrijfsbehoeften te voldoen.<\/p>\n<\/div>\n\t\t\t\t\t\t\t<\/div>\n\t\t<\/div>\n\t<\/div>\n<\/section>\n\n\n\n\n\n\n\n<section id=\"services-text\" class=\"services-text web-section title-text\">\n\t<div class=\"container-fluid\">\n\t\t\t\t\t<h2 class=\"main-title\">\n\t\t\t\tWaarom kiezen voor Hightech Kaunas?\t\t\t<\/h2>\n\t\t\t\t\t\t\t<div class=\"subtitle-text\">\n\t\t\t\t<p><strong>Hightech Kaunas<\/strong> is niet alleen een vertrouwde IT-dienstverlener, maar ook een strategische partner die Amerikaanse bedrijven kan helpen nieuwe groeidoelstellingen te bereiken. Diensten van topkwaliteit, betaalbare prijzen, innovatieve oplossingen, snelheid en flexibiliteit &#8211; dat zijn de belangrijkste voordelen die het Hightech Kaunas cluster kan bieden.<\/p>\n\t\t\t<\/div>\n\t\t\t<\/div>\n<\/section>\n\n\n\n\n\n\n\n\n\n<section id=\"cta\" class=\"cta web-section\">\n\t<div class=\"container-fluid\">\n\t\t<div class=\"cta-block\">\n\t\t\t<div class=\"cta-block__overlay\"><\/div>\n\t\t\t\t\t\t\t<img loading=\"lazy\" decoding=\"async\" width=\"1366\" height=\"850\" src=\"https:\/\/hightechkaunas.com\/wp-content\/uploads\/2024\/09\/services-4.jpg\" class=\"attachment-full size-full\" alt=\"\" srcset=\"https:\/\/hightechkaunas.com\/wp-content\/uploads\/2024\/09\/services-4.jpg 1366w, https:\/\/hightechkaunas.com\/wp-content\/uploads\/2024\/09\/services-4-300x187.jpg 300w, https:\/\/hightechkaunas.com\/wp-content\/uploads\/2024\/09\/services-4-1024x637.jpg 1024w, https:\/\/hightechkaunas.com\/wp-content\/uploads\/2024\/09\/services-4-768x478.jpg 768w\" sizes=\"auto, (max-width: 1366px) 100vw, 1366px\" \/>\t\t\t\t\t\t\t\t\t\t<h3 class=\"cta__title\"><strong>Neem nu contact met ons op<\/strong> om te ontdekken hoe we uw bedrijf kunnen helpen bij het realiseren van zijn meest ambitieuze projecten.<\/h3>\n\t\t\t\t\t\t\t\t\t\t<a class=\"button-blue\" href=\"https:\/\/hightechkaunas.com\/nl\/contacts\/\"\n\t\t\t\t   target=\"_self\">\n\t\t\t\t\tContact\t\t\t\t<\/a>\n\t\t\t\t\t<\/div>\n\t<\/div>\n<\/section>\n\n\n\n\n\n<section id=\"services-text\" class=\"services-text web-section title-text\">\n\t<div class=\"container-fluid\">\n\t\t\t\t\t<h2 class=\"main-title\">\n\t\t\t\tOnze prijzen\t\t\t<\/h2>\n\t\t\t\t\t\t\t<div class=\"subtitle-text\">\n\t\t\t\t<table class=\"table table-responsive\">\n<tbody>\n<tr>\n<td width=\"120\">Positie Senioriteit<\/td>\n<td width=\"120\">Junior<\/td>\n<td width=\"120\">Mid<\/td>\n<td width=\"120\">Senior<\/td>\n<\/tr>\n<tr>\n<td width=\"120\">Bedrijfsanalist<\/td>\n<td width=\"120\">30<\/td>\n<td width=\"120\">50<\/td>\n<td width=\"120\">70<\/td>\n<\/tr>\n<tr>\n<td width=\"120\">Projectmanager<\/td>\n<td width=\"120\">25<\/td>\n<td width=\"120\">40<\/td>\n<td width=\"120\">60<\/td>\n<\/tr>\n<tr>\n<td width=\"120\">Ontwerper<\/td>\n<td width=\"120\">25<\/td>\n<td width=\"120\">40<\/td>\n<td width=\"120\">60<\/td>\n<\/tr>\n<tr>\n<td width=\"120\">Systeemarchitect<\/td>\n<td width=\"120\">40<\/td>\n<td width=\"120\">60<\/td>\n<td width=\"120\">80<\/td>\n<\/tr>\n<tr>\n<td width=\"120\">Front-end ontwikkelaar<\/td>\n<td width=\"120\">30<\/td>\n<td width=\"120\">45<\/td>\n<td width=\"120\">60<\/td>\n<\/tr>\n<tr>\n<td width=\"120\">Back-end ontwikkelaar<\/td>\n<td width=\"120\">35<\/td>\n<td width=\"120\">55<\/td>\n<td width=\"120\">65<\/td>\n<\/tr>\n<tr>\n<td width=\"120\">Tester<\/td>\n<td width=\"120\">30<\/td>\n<td width=\"120\">50<\/td>\n<td width=\"120\">65<\/td>\n<\/tr>\n<tr>\n<td width=\"120\">Devops<\/td>\n<td width=\"120\">40<\/td>\n<td width=\"120\">50<\/td>\n<td width=\"120\">70<\/td>\n<\/tr>\n<\/tbody>\n<\/table>\n\t\t\t<\/div>\n\t\t\t<\/div>\n<\/section>\n\n\n\n\n\n<section class=\"wp-block-group\"><div class=\"wp-block-group__inner-container is-layout-constrained wp-block-group-is-layout-constrained\">\n<div style=\"height:50px\" aria-hidden=\"true\" class=\"wp-block-spacer\"><\/div>\n<\/div><\/section>\n","protected":false},"excerpt":{"rendered":"<p>Waarom zou een Amerikaanse IT-klant kiezen voor Hightech Kaunas?<\/p>\n","protected":false},"author":1,"featured_media":1051,"parent":1321,"menu_order":0,"comment_status":"closed","ping_status":"closed","template":"","meta":{"_acf_changed":false,"inline_featured_image":false,"footnotes":""},"class_list":["post-1311","page","type-page","status-publish","has-post-thumbnail","hentry"],"acf":[],"yoast_head":"<!-- This site is optimized with the Yoast SEO plugin v26.2 - https:\/\/yoast.com\/wordpress\/plugins\/seo\/ -->\n<title>VERENIGDE STATEN VAN AMERIKA - Hightechkaunas.com<\/title>\n<meta name=\"robots\" content=\"index, follow, max-snippet:-1, max-image-preview:large, max-video-preview:-1\" \/>\n<link rel=\"canonical\" href=\"https:\/\/hightechkaunas.com\/nl\/hightech-outsourcing\/verenigde-staten-van-amerika\/\" \/>\n<meta property=\"og:locale\" content=\"nl_NL\" \/>\n<meta property=\"og:type\" content=\"article\" \/>\n<meta property=\"og:title\" content=\"VERENIGDE STATEN VAN AMERIKA - Hightechkaunas.com\" \/>\n<meta property=\"og:description\" content=\"Waarom zou een Amerikaanse IT-klant kiezen voor Hightech Kaunas?\" \/>\n<meta property=\"og:url\" content=\"https:\/\/hightechkaunas.com\/nl\/hightech-outsourcing\/verenigde-staten-van-amerika\/\" \/>\n<meta property=\"og:site_name\" content=\"Hightechkaunas.com\" \/>\n<meta property=\"article:modified_time\" content=\"2024-11-24T11:22:40+00:00\" \/>\n<meta property=\"og:image\" content=\"https:\/\/hightechkaunas.com\/wp-content\/uploads\/2024\/10\/adrian-newell-Itn-olYoPAg-unsplash-scaled.jpg\" \/>\n\t<meta property=\"og:image:width\" content=\"2560\" \/>\n\t<meta property=\"og:image:height\" content=\"1684\" \/>\n\t<meta property=\"og:image:type\" content=\"image\/jpeg\" \/>\n<meta name=\"twitter:card\" content=\"summary_large_image\" \/>\n<meta name=\"twitter:label1\" content=\"Geschatte leestijd\" \/>\n\t<meta name=\"twitter:data1\" content=\"1 minuut\" \/>\n<script type=\"application\/ld+json\" class=\"yoast-schema-graph\">{\"@context\":\"https:\/\/schema.org\",\"@graph\":[{\"@type\":\"WebPage\",\"@id\":\"https:\/\/hightechkaunas.com\/nl\/hightech-outsourcing\/verenigde-staten-van-amerika\/\",\"url\":\"https:\/\/hightechkaunas.com\/nl\/hightech-outsourcing\/verenigde-staten-van-amerika\/\",\"name\":\"VERENIGDE STATEN VAN AMERIKA - Hightechkaunas.com\",\"isPartOf\":{\"@id\":\"https:\/\/hightechkaunas.com\/#website\"},\"primaryImageOfPage\":{\"@id\":\"https:\/\/hightechkaunas.com\/nl\/hightech-outsourcing\/verenigde-staten-van-amerika\/#primaryimage\"},\"image\":{\"@id\":\"https:\/\/hightechkaunas.com\/nl\/hightech-outsourcing\/verenigde-staten-van-amerika\/#primaryimage\"},\"thumbnailUrl\":\"https:\/\/hightechkaunas.com\/wp-content\/uploads\/2024\/10\/adrian-newell-Itn-olYoPAg-unsplash-scaled.jpg\",\"datePublished\":\"2024-10-30T09:28:36+00:00\",\"dateModified\":\"2024-11-24T11:22:40+00:00\",\"breadcrumb\":{\"@id\":\"https:\/\/hightechkaunas.com\/nl\/hightech-outsourcing\/verenigde-staten-van-amerika\/#breadcrumb\"},\"inLanguage\":\"nl-NL\",\"potentialAction\":[{\"@type\":\"ReadAction\",\"target\":[\"https:\/\/hightechkaunas.com\/nl\/hightech-outsourcing\/verenigde-staten-van-amerika\/\"]}]},{\"@type\":\"ImageObject\",\"inLanguage\":\"nl-NL\",\"@id\":\"https:\/\/hightechkaunas.com\/nl\/hightech-outsourcing\/verenigde-staten-van-amerika\/#primaryimage\",\"url\":\"https:\/\/hightechkaunas.com\/wp-content\/uploads\/2024\/10\/adrian-newell-Itn-olYoPAg-unsplash-scaled.jpg\",\"contentUrl\":\"https:\/\/hightechkaunas.com\/wp-content\/uploads\/2024\/10\/adrian-newell-Itn-olYoPAg-unsplash-scaled.jpg\",\"width\":2560,\"height\":1684},{\"@type\":\"BreadcrumbList\",\"@id\":\"https:\/\/hightechkaunas.com\/nl\/hightech-outsourcing\/verenigde-staten-van-amerika\/#breadcrumb\",\"itemListElement\":[{\"@type\":\"ListItem\",\"position\":1,\"name\":\"Home\",\"item\":\"https:\/\/hightechkaunas.com\/nl\/\"},{\"@type\":\"ListItem\",\"position\":2,\"name\":\"Hightech Uitbesteding\",\"item\":\"https:\/\/hightechkaunas.com\/nl\/hightech-outsourcing\/\"},{\"@type\":\"ListItem\",\"position\":3,\"name\":\"VERENIGDE STATEN VAN AMERIKA\"}]},{\"@type\":\"WebSite\",\"@id\":\"https:\/\/hightechkaunas.com\/#website\",\"url\":\"https:\/\/hightechkaunas.com\/\",\"name\":\"Hightechkaunas.com\",\"description\":\"\",\"potentialAction\":[{\"@type\":\"SearchAction\",\"target\":{\"@type\":\"EntryPoint\",\"urlTemplate\":\"https:\/\/hightechkaunas.com\/?s={search_term_string}\"},\"query-input\":{\"@type\":\"PropertyValueSpecification\",\"valueRequired\":true,\"valueName\":\"search_term_string\"}}],\"inLanguage\":\"nl-NL\"}]}<\/script>\n<!-- \/ Yoast SEO plugin. -->","yoast_head_json":{"title":"VERENIGDE STATEN VAN AMERIKA - Hightechkaunas.com","robots":{"index":"index","follow":"follow","max-snippet":"max-snippet:-1","max-image-preview":"max-image-preview:large","max-video-preview":"max-video-preview:-1"},"canonical":"https:\/\/hightechkaunas.com\/nl\/hightech-outsourcing\/verenigde-staten-van-amerika\/","og_locale":"nl_NL","og_type":"article","og_title":"VERENIGDE STATEN VAN AMERIKA - Hightechkaunas.com","og_description":"Waarom zou een Amerikaanse IT-klant kiezen voor Hightech Kaunas?","og_url":"https:\/\/hightechkaunas.com\/nl\/hightech-outsourcing\/verenigde-staten-van-amerika\/","og_site_name":"Hightechkaunas.com","article_modified_time":"2024-11-24T11:22:40+00:00","og_image":[{"width":2560,"height":1684,"url":"https:\/\/hightechkaunas.com\/wp-content\/uploads\/2024\/10\/adrian-newell-Itn-olYoPAg-unsplash-scaled.jpg","type":"image\/jpeg"}],"twitter_card":"summary_large_image","twitter_misc":{"Geschatte leestijd":"1 minuut"},"schema":{"@context":"https:\/\/schema.org","@graph":[{"@type":"WebPage","@id":"https:\/\/hightechkaunas.com\/nl\/hightech-outsourcing\/verenigde-staten-van-amerika\/","url":"https:\/\/hightechkaunas.com\/nl\/hightech-outsourcing\/verenigde-staten-van-amerika\/","name":"VERENIGDE STATEN VAN AMERIKA - Hightechkaunas.com","isPartOf":{"@id":"https:\/\/hightechkaunas.com\/#website"},"primaryImageOfPage":{"@id":"https:\/\/hightechkaunas.com\/nl\/hightech-outsourcing\/verenigde-staten-van-amerika\/#primaryimage"},"image":{"@id":"https:\/\/hightechkaunas.com\/nl\/hightech-outsourcing\/verenigde-staten-van-amerika\/#primaryimage"},"thumbnailUrl":"https:\/\/hightechkaunas.com\/wp-content\/uploads\/2024\/10\/adrian-newell-Itn-olYoPAg-unsplash-scaled.jpg","datePublished":"2024-10-30T09:28:36+00:00","dateModified":"2024-11-24T11:22:40+00:00","breadcrumb":{"@id":"https:\/\/hightechkaunas.com\/nl\/hightech-outsourcing\/verenigde-staten-van-amerika\/#breadcrumb"},"inLanguage":"nl-NL","potentialAction":[{"@type":"ReadAction","target":["https:\/\/hightechkaunas.com\/nl\/hightech-outsourcing\/verenigde-staten-van-amerika\/"]}]},{"@type":"ImageObject","inLanguage":"nl-NL","@id":"https:\/\/hightechkaunas.com\/nl\/hightech-outsourcing\/verenigde-staten-van-amerika\/#primaryimage","url":"https:\/\/hightechkaunas.com\/wp-content\/uploads\/2024\/10\/adrian-newell-Itn-olYoPAg-unsplash-scaled.jpg","contentUrl":"https:\/\/hightechkaunas.com\/wp-content\/uploads\/2024\/10\/adrian-newell-Itn-olYoPAg-unsplash-scaled.jpg","width":2560,"height":1684},{"@type":"BreadcrumbList","@id":"https:\/\/hightechkaunas.com\/nl\/hightech-outsourcing\/verenigde-staten-van-amerika\/#breadcrumb","itemListElement":[{"@type":"ListItem","position":1,"name":"Home","item":"https:\/\/hightechkaunas.com\/nl\/"},{"@type":"ListItem","position":2,"name":"Hightech Uitbesteding","item":"https:\/\/hightechkaunas.com\/nl\/hightech-outsourcing\/"},{"@type":"ListItem","position":3,"name":"VERENIGDE STATEN VAN AMERIKA"}]},{"@type":"WebSite","@id":"https:\/\/hightechkaunas.com\/#website","url":"https:\/\/hightechkaunas.com\/","name":"Hightechkaunas.com","description":"","potentialAction":[{"@type":"SearchAction","target":{"@type":"EntryPoint","urlTemplate":"https:\/\/hightechkaunas.com\/?s={search_term_string}"},"query-input":{"@type":"PropertyValueSpecification","valueRequired":true,"valueName":"search_term_string"}}],"inLanguage":"nl-NL"}]}},"_links":{"self":[{"href":"https:\/\/hightechkaunas.com\/nl\/wp-json\/wp\/v2\/pages\/1311","targetHints":{"allow":["GET"]}}],"collection":[{"href":"https:\/\/hightechkaunas.com\/nl\/wp-json\/wp\/v2\/pages"}],"about":[{"href":"https:\/\/hightechkaunas.com\/nl\/wp-json\/wp\/v2\/types\/page"}],"author":[{"embeddable":true,"href":"https:\/\/hightechkaunas.com\/nl\/wp-json\/wp\/v2\/users\/1"}],"replies":[{"embeddable":true,"href":"https:\/\/hightechkaunas.com\/nl\/wp-json\/wp\/v2\/comments?post=1311"}],"version-history":[{"count":4,"href":"https:\/\/hightechkaunas.com\/nl\/wp-json\/wp\/v2\/pages\/1311\/revisions"}],"predecessor-version":[{"id":1868,"href":"https:\/\/hightechkaunas.com\/nl\/wp-json\/wp\/v2\/pages\/1311\/revisions\/1868"}],"up":[{"embeddable":true,"href":"https:\/\/hightechkaunas.com\/nl\/wp-json\/wp\/v2\/pages\/1321"}],"wp:featuredmedia":[{"embeddable":true,"href":"https:\/\/hightechkaunas.com\/nl\/wp-json\/wp\/v2\/media\/1051"}],"wp:attachment":[{"href":"https:\/\/hightechkaunas.com\/nl\/wp-json\/wp\/v2\/media?parent=1311"}],"curies":[{"name":"wp","href":"https:\/\/api.w.org\/{rel}","templated":true}]}}