{"id":1301,"date":"2024-10-30T10:02:04","date_gmt":"2024-10-30T10:02:04","guid":{"rendered":"https:\/\/hightechkaunas.com\/norvegija\/"},"modified":"2024-11-24T11:32:42","modified_gmt":"2024-11-24T11:32:42","slug":"noorwegen","status":"publish","type":"page","link":"https:\/\/hightechkaunas.com\/nl\/hightech-outsourcing\/noorwegen\/","title":{"rendered":"Noorwegen"},"content":{"rendered":"\r\n\r\n<section id=\"header-block\" class=\"header-block\">\r\n    <div class=\"header-block-texts\">\r\n                    <h1>Noorwegen<\/h1>\r\n            <\/div>\r\n        <style>\r\n        .header-block {\r\n            background: url('https:\/\/hightechkaunas.com\/wp-content\/uploads\/2024\/10\/pexels-borisk-5683079-scaled.jpg') no-repeat center center;\r\n            background-size: cover;\r\n        }\r\n    <\/style>\r\n<\/section>\r\n\r\n\r\n\n\n\r\n\r\n\r\n\r\n<section id=\"left-right-content\" class=\"left-right-content web-section\">\r\n    <div class=\"container-fluid\">\r\n        <div class=\"left-right-content-in\">\r\n            <div class=\"lfrc-left\">\r\n                                    <div class=\"visiontext\">De Noorse IT-markt is een van de meest geavanceerde in Europa en dankzij haar ervaring heeft het Hightech Kaunas cluster het land veel te bieden. \u0160i rinka yra atvira naujov\u0117ms ir technologij\u0173 diegimui, kuris glaud\u017eiai susij\u0119s su auk\u0161tais aplinkos tvarumo, energetikos efektyvumo bei skaitmenin\u0117s transformacijos standartais. Noorwegen staat bekend om zijn sterke IT-infrastructuur, hoge innovatieniveau en investeringen in onderzoek en ontwikkeling.<\/div>                            <\/div>\r\n            <div class=\"lfrc-right\">\r\n                                    <div class=\"visiontext\">Hightech Kaunas, als IT-cluster dat verschillende hooggekwalificeerde IT-bedrijven uit Litouwen met elkaar verbindt, is bij uitstek geschikt om aan de verwachtingen van de Noorse markt te voldoen. Het cluster is in staat om een breed scala aan diensten aan te bieden &#8211; van softwareontwikkeling tot cloudtechnologie\u00ebn en cyberbeveiligingsoplossingen &#8211; die essentieel zijn voor het moderne bedrijfsleven in Noorwegen.\r\n<\/div>                            <\/div>\r\n        <\/div>\r\n    <\/div>\r\n<\/section>\r\n\r\n\r\n\n\n\n\n<section id=\"members\" class=\"members web-section outsourcing-block\">\n\t<div class=\"white-rounded-item\"><\/div>\n\n\t\t<div class=\"imagemember\" style=\"background-image: url('https:\/\/hightechkaunas.com\/wp-content\/uploads\/2024\/10\/pexels-asemirski-14543554-scaled.jpg')\">\n\t\t<div class=\"niceblockmembers\"><img decoding=\"async\" src=\"https:\/\/hightechkaunas.com\/wp-content\/themes\/itbrolis\/images\/membeers-nice-block2.svg\" title=\"services-image\" alt=\"services-image\"><\/div>\n\t<\/div>\n\t<div class=\"container-fluidxxx\">\n\t\t<div class=\"members-in\">\n\n\t\t\t<div class=\"members-texts\">\n\t\t\t\t\t\t\t\t\t<h2 class=\"main-title\">Marktpotentieel: <\/h2>\n\t\t\t\t\n\t\t\t\t\n\t\t\t\t\t\t\t\t\t<div class=\"main__text main__text-top-pd\"><p>De Noorse IT-markt wordt geschat op ongeveer 11 miljard euro in 2023, met een verwachte jaarlijkse groei van 5-7%. Dit laat zien dat de markt niet alleen gestaag groeit, maar ook openstaat voor innovatie, vooral op gebieden waar hightech Kaunas sterke expertise heeft, zoals energiebeheer en cyberbeveiliging.<\/p>\n<\/div>\n\t\t\t\t\t\t\t<\/div>\n\t\t<\/div>\n\t<\/div>\n<\/section>\n\n\n\n\n\n\n\n<section id=\"expertise\" class=\"expertise outsourcing-expertise \" style=\"background-image: url('https:\/\/hightechkaunas.com\/wp-content\/uploads\/2024\/10\/pexels-accankisi-3999946-scaled.jpg')\">\n\t<div class=\"container-fluidxxx\">\n\t\t<div class=\"expertise-in\">\n\t\t\t<div class=\"expertise-texts\">\n\t\t\t\t\t\t\t\t\t<h2 class=\"main-title\">Mogelijkheden voor partnerschappen:<\/h2>\n\t\t\t\t\n\t\t\t\t<div class=\"expertise-wrapper rte\">\n\t\t\t\t\t\t\t\t\t\t\t<p>Noorse bedrijven hechten waarde aan duurzame en innovatieve IT-diensten die hen kunnen helpen hun activiteiten te optimaliseren en hun operationele kosten te verlagen. De leden van Hightech Kaunas zetten zich in om diensten van hoge kwaliteit te leveren die kunnen worden afgestemd op de specifieke behoeften van Noorse bedrijven, zoals het verbeteren van de energie-effici\u00ebntie en het waarborgen van gegevensbescherming.<\/p>\n\t\t\t\t\t\t\t\t\t<\/div>\n\t\t\t<\/div>\n\t\t<\/div>\n\t<\/div>\n\n<\/section>\n\n\n\n\n\n\n<section id=\"members\" class=\"members web-section outsourcing-block\">\n\t<div class=\"white-rounded-item\"><\/div>\n\n\t\t<div class=\"imagemember\" style=\"background-image: url('https:\/\/hightechkaunas.com\/wp-content\/uploads\/2024\/10\/pexels-ludvighedenborg-5026758-scaled.jpg')\">\n\t\t<div class=\"niceblockmembers\"><img decoding=\"async\" src=\"https:\/\/hightechkaunas.com\/wp-content\/themes\/itbrolis\/images\/membeers-nice-block2.svg\" title=\"services-image\" alt=\"services-image\"><\/div>\n\t<\/div>\n\t<div class=\"container-fluidxxx\">\n\t\t<div class=\"members-in\">\n\n\t\t\t<div class=\"members-texts\">\n\t\t\t\t\t\t\t\t\t<h2 class=\"main-title\">Technologisch voordeel:<\/h2>\n\t\t\t\t\n\t\t\t\t\n\t\t\t\t\t\t\t\t\t<div class=\"main__text main__text-top-pd\"><p>Bedrijven in het Hightech Kaunas cluster investeren voortdurend in technologische vooruitgang en nieuwe productontwikkeling, waardoor ze geavanceerde oplossingen kunnen bieden aan de Noorse markt. Daarnaast is Litouwen een van de leidende landen in de wereld op het gebied van opleiding en kwalificatie van IT-specialisten, wat een hoge kwaliteit van de dienstverlening garandeert.<\/p>\n<\/div>\n\t\t\t\t\t\t\t<\/div>\n\t\t<\/div>\n\t<\/div>\n<\/section>\n\n\n\n\n\n\n\n<section id=\"expertise\" class=\"expertise outsourcing-expertise \" style=\"background-image: url('https:\/\/hightechkaunas.com\/wp-content\/uploads\/2024\/10\/pexels-pavel-bak-22732182-6649672-scaled.jpg')\">\n\t<div class=\"container-fluidxxx\">\n\t\t<div class=\"expertise-in\">\n\t\t\t<div class=\"expertise-texts\">\n\t\t\t\t\t\t\t\t\t<h2 class=\"main-title\">Neem contact met ons op<\/h2>\n\t\t\t\t\n\t\t\t\t<div class=\"expertise-wrapper rte\">\n\t\t\t\t\t\t\t\t\t\t\t<p>om meer te weten te komen over hoe Hightech Kaunas uw bedrijf kan helpen zijn digitale transformatiedoelstellingen te bereiken en te profiteren van geavanceerde IT-technologie\u00ebn. Wij zijn er om uw bedrijfsgroei en concurrentievermogen op het wereldtoneel te ondersteunen.<\/p>\n\t\t\t\t\t\t\t\t\t<\/div>\n\t\t\t<\/div>\n\t\t<\/div>\n\t<\/div>\n\n<\/section>\n\n\n\n\n\n\n\n\n\n<section id=\"cta\" class=\"cta web-section\">\n\t<div class=\"container-fluid\">\n\t\t<div class=\"cta-block\">\n\t\t\t<div class=\"cta-block__overlay\"><\/div>\n\t\t\t\t\t\t\t<img loading=\"lazy\" decoding=\"async\" width=\"2560\" height=\"1920\" src=\"https:\/\/hightechkaunas.com\/wp-content\/uploads\/2024\/10\/pexels-borisk-5683079-scaled.jpg\" class=\"attachment-full size-full\" alt=\"\" srcset=\"https:\/\/hightechkaunas.com\/wp-content\/uploads\/2024\/10\/pexels-borisk-5683079-scaled.jpg 2560w, https:\/\/hightechkaunas.com\/wp-content\/uploads\/2024\/10\/pexels-borisk-5683079-300x225.jpg 300w, https:\/\/hightechkaunas.com\/wp-content\/uploads\/2024\/10\/pexels-borisk-5683079-1024x768.jpg 1024w, https:\/\/hightechkaunas.com\/wp-content\/uploads\/2024\/10\/pexels-borisk-5683079-768x576.jpg 768w, https:\/\/hightechkaunas.com\/wp-content\/uploads\/2024\/10\/pexels-borisk-5683079-1536x1152.jpg 1536w, https:\/\/hightechkaunas.com\/wp-content\/uploads\/2024\/10\/pexels-borisk-5683079-2048x1536.jpg 2048w\" sizes=\"auto, (max-width: 2560px) 100vw, 2560px\" \/>\t\t\t\t\t\t\t\t\t\t\t\t\t<a class=\"button-blue\" href=\"https:\/\/hightechkaunas.com\/nl\/contacts\/\"\n\t\t\t\t   target=\"_self\">\n\t\t\t\t\tContact\t\t\t\t<\/a>\n\t\t\t\t\t<\/div>\n\t<\/div>\n<\/section>\n\n\n\n\n\n<section id=\"services-text\" class=\"services-text web-section title-text\">\n\t<div class=\"container-fluid\">\n\t\t\t\t\t<h2 class=\"main-title\">\n\t\t\t\tOnze prijzen\t\t\t<\/h2>\n\t\t\t\t\t\t\t<div class=\"subtitle-text\">\n\t\t\t\t<table class=\"table table-responsive\">\n<tbody>\n<tr>\n<td width=\"120\">Functie Senioriteit<\/td>\n<td width=\"120\">Junior<\/td>\n<td width=\"120\">Mid<\/td>\n<td width=\"120\">Senior<\/td>\n<\/tr>\n<tr>\n<td width=\"120\">Bedrijfsanalist<\/td>\n<td width=\"120\">40<\/td>\n<td width=\"120\">55<\/td>\n<td width=\"120\">75<\/td>\n<\/tr>\n<tr>\n<td width=\"120\">Projectmanager<\/td>\n<td width=\"120\">35<\/td>\n<td width=\"120\">45<\/td>\n<td width=\"120\">55<\/td>\n<\/tr>\n<tr>\n<td width=\"120\">Ontwerper<\/td>\n<td width=\"120\">20<\/td>\n<td width=\"120\">40<\/td>\n<td width=\"120\">65<\/td>\n<\/tr>\n<tr>\n<td width=\"120\">Systeemarchitect<\/td>\n<td width=\"120\">40<\/td>\n<td width=\"120\">65<\/td>\n<td width=\"120\">75<\/td>\n<\/tr>\n<tr>\n<td width=\"120\">Front-end ontwikkelaar<\/td>\n<td width=\"120\">35<\/td>\n<td width=\"120\">40<\/td>\n<td width=\"120\">60<\/td>\n<\/tr>\n<tr>\n<td width=\"120\">Back-end ontwikkelaar<\/td>\n<td width=\"120\">30<\/td>\n<td width=\"120\">55<\/td>\n<td width=\"120\">60<\/td>\n<\/tr>\n<tr>\n<td width=\"120\">Tester<\/td>\n<td width=\"120\">30<\/td>\n<td width=\"120\">55<\/td>\n<td width=\"120\">65<\/td>\n<\/tr>\n<tr>\n<td width=\"120\">Devops<\/td>\n<td width=\"120\">40<\/td>\n<td width=\"120\">50<\/td>\n<td width=\"120\">70<\/td>\n<\/tr>\n<\/tbody>\n<\/table>\n\t\t\t<\/div>\n\t\t\t<\/div>\n<\/section>\n\n\n\n\n\n<section class=\"wp-block-group\"><div class=\"wp-block-group__inner-container is-layout-constrained wp-block-group-is-layout-constrained\">\n<div style=\"height:50px\" aria-hidden=\"true\" class=\"wp-block-spacer\"><\/div>\n<\/div><\/section>\n","protected":false},"excerpt":{"rendered":"<p>De Noorse IT-markt is een van de meest geavanceerde in Europa en dankzij zijn ervaring heeft de Hightech-cluster in Kaunas het land veel te bieden.<\/p>\n","protected":false},"author":1,"featured_media":1131,"parent":1321,"menu_order":0,"comment_status":"closed","ping_status":"closed","template":"","meta":{"_acf_changed":false,"inline_featured_image":false,"footnotes":""},"class_list":["post-1301","page","type-page","status-publish","has-post-thumbnail","hentry"],"acf":[],"yoast_head":"<!-- This site is optimized with the Yoast SEO plugin v26.2 - https:\/\/yoast.com\/wordpress\/plugins\/seo\/ -->\n<title>Noorwegen - Hightechkaunas.com<\/title>\n<meta name=\"robots\" content=\"index, follow, max-snippet:-1, max-image-preview:large, max-video-preview:-1\" \/>\n<link rel=\"canonical\" href=\"https:\/\/hightechkaunas.com\/nl\/hightech-outsourcing\/noorwegen\/\" \/>\n<meta property=\"og:locale\" content=\"nl_NL\" \/>\n<meta property=\"og:type\" content=\"article\" \/>\n<meta property=\"og:title\" content=\"Noorwegen - Hightechkaunas.com\" \/>\n<meta property=\"og:description\" content=\"De Noorse IT-markt is een van de meest geavanceerde in Europa en dankzij zijn ervaring heeft de Hightech-cluster in Kaunas het land veel te bieden.\" \/>\n<meta property=\"og:url\" content=\"https:\/\/hightechkaunas.com\/nl\/hightech-outsourcing\/noorwegen\/\" \/>\n<meta property=\"og:site_name\" content=\"Hightechkaunas.com\" \/>\n<meta property=\"article:modified_time\" content=\"2024-11-24T11:32:42+00:00\" \/>\n<meta property=\"og:image\" content=\"https:\/\/hightechkaunas.com\/wp-content\/uploads\/2024\/10\/pexels-borisk-5683079-scaled.jpg\" \/>\n\t<meta property=\"og:image:width\" content=\"2560\" \/>\n\t<meta property=\"og:image:height\" content=\"1920\" \/>\n\t<meta property=\"og:image:type\" content=\"image\/jpeg\" \/>\n<meta name=\"twitter:card\" content=\"summary_large_image\" \/>\n<meta name=\"twitter:label1\" content=\"Geschatte leestijd\" \/>\n\t<meta name=\"twitter:data1\" content=\"1 minuut\" \/>\n<script type=\"application\/ld+json\" class=\"yoast-schema-graph\">{\"@context\":\"https:\/\/schema.org\",\"@graph\":[{\"@type\":\"WebPage\",\"@id\":\"https:\/\/hightechkaunas.com\/nl\/hightech-outsourcing\/noorwegen\/\",\"url\":\"https:\/\/hightechkaunas.com\/nl\/hightech-outsourcing\/noorwegen\/\",\"name\":\"Noorwegen - Hightechkaunas.com\",\"isPartOf\":{\"@id\":\"https:\/\/hightechkaunas.com\/#website\"},\"primaryImageOfPage\":{\"@id\":\"https:\/\/hightechkaunas.com\/nl\/hightech-outsourcing\/noorwegen\/#primaryimage\"},\"image\":{\"@id\":\"https:\/\/hightechkaunas.com\/nl\/hightech-outsourcing\/noorwegen\/#primaryimage\"},\"thumbnailUrl\":\"https:\/\/hightechkaunas.com\/wp-content\/uploads\/2024\/10\/pexels-borisk-5683079-scaled.jpg\",\"datePublished\":\"2024-10-30T10:02:04+00:00\",\"dateModified\":\"2024-11-24T11:32:42+00:00\",\"breadcrumb\":{\"@id\":\"https:\/\/hightechkaunas.com\/nl\/hightech-outsourcing\/noorwegen\/#breadcrumb\"},\"inLanguage\":\"nl-NL\",\"potentialAction\":[{\"@type\":\"ReadAction\",\"target\":[\"https:\/\/hightechkaunas.com\/nl\/hightech-outsourcing\/noorwegen\/\"]}]},{\"@type\":\"ImageObject\",\"inLanguage\":\"nl-NL\",\"@id\":\"https:\/\/hightechkaunas.com\/nl\/hightech-outsourcing\/noorwegen\/#primaryimage\",\"url\":\"https:\/\/hightechkaunas.com\/wp-content\/uploads\/2024\/10\/pexels-borisk-5683079-scaled.jpg\",\"contentUrl\":\"https:\/\/hightechkaunas.com\/wp-content\/uploads\/2024\/10\/pexels-borisk-5683079-scaled.jpg\",\"width\":2560,\"height\":1920},{\"@type\":\"BreadcrumbList\",\"@id\":\"https:\/\/hightechkaunas.com\/nl\/hightech-outsourcing\/noorwegen\/#breadcrumb\",\"itemListElement\":[{\"@type\":\"ListItem\",\"position\":1,\"name\":\"Home\",\"item\":\"https:\/\/hightechkaunas.com\/nl\/\"},{\"@type\":\"ListItem\",\"position\":2,\"name\":\"Hightech Uitbesteding\",\"item\":\"https:\/\/hightechkaunas.com\/nl\/hightech-outsourcing\/\"},{\"@type\":\"ListItem\",\"position\":3,\"name\":\"Noorwegen\"}]},{\"@type\":\"WebSite\",\"@id\":\"https:\/\/hightechkaunas.com\/#website\",\"url\":\"https:\/\/hightechkaunas.com\/\",\"name\":\"Hightechkaunas.com\",\"description\":\"\",\"potentialAction\":[{\"@type\":\"SearchAction\",\"target\":{\"@type\":\"EntryPoint\",\"urlTemplate\":\"https:\/\/hightechkaunas.com\/?s={search_term_string}\"},\"query-input\":{\"@type\":\"PropertyValueSpecification\",\"valueRequired\":true,\"valueName\":\"search_term_string\"}}],\"inLanguage\":\"nl-NL\"}]}<\/script>\n<!-- \/ Yoast SEO plugin. -->","yoast_head_json":{"title":"Noorwegen - Hightechkaunas.com","robots":{"index":"index","follow":"follow","max-snippet":"max-snippet:-1","max-image-preview":"max-image-preview:large","max-video-preview":"max-video-preview:-1"},"canonical":"https:\/\/hightechkaunas.com\/nl\/hightech-outsourcing\/noorwegen\/","og_locale":"nl_NL","og_type":"article","og_title":"Noorwegen - Hightechkaunas.com","og_description":"De Noorse IT-markt is een van de meest geavanceerde in Europa en dankzij zijn ervaring heeft de Hightech-cluster in Kaunas het land veel te bieden.","og_url":"https:\/\/hightechkaunas.com\/nl\/hightech-outsourcing\/noorwegen\/","og_site_name":"Hightechkaunas.com","article_modified_time":"2024-11-24T11:32:42+00:00","og_image":[{"width":2560,"height":1920,"url":"https:\/\/hightechkaunas.com\/wp-content\/uploads\/2024\/10\/pexels-borisk-5683079-scaled.jpg","type":"image\/jpeg"}],"twitter_card":"summary_large_image","twitter_misc":{"Geschatte leestijd":"1 minuut"},"schema":{"@context":"https:\/\/schema.org","@graph":[{"@type":"WebPage","@id":"https:\/\/hightechkaunas.com\/nl\/hightech-outsourcing\/noorwegen\/","url":"https:\/\/hightechkaunas.com\/nl\/hightech-outsourcing\/noorwegen\/","name":"Noorwegen - Hightechkaunas.com","isPartOf":{"@id":"https:\/\/hightechkaunas.com\/#website"},"primaryImageOfPage":{"@id":"https:\/\/hightechkaunas.com\/nl\/hightech-outsourcing\/noorwegen\/#primaryimage"},"image":{"@id":"https:\/\/hightechkaunas.com\/nl\/hightech-outsourcing\/noorwegen\/#primaryimage"},"thumbnailUrl":"https:\/\/hightechkaunas.com\/wp-content\/uploads\/2024\/10\/pexels-borisk-5683079-scaled.jpg","datePublished":"2024-10-30T10:02:04+00:00","dateModified":"2024-11-24T11:32:42+00:00","breadcrumb":{"@id":"https:\/\/hightechkaunas.com\/nl\/hightech-outsourcing\/noorwegen\/#breadcrumb"},"inLanguage":"nl-NL","potentialAction":[{"@type":"ReadAction","target":["https:\/\/hightechkaunas.com\/nl\/hightech-outsourcing\/noorwegen\/"]}]},{"@type":"ImageObject","inLanguage":"nl-NL","@id":"https:\/\/hightechkaunas.com\/nl\/hightech-outsourcing\/noorwegen\/#primaryimage","url":"https:\/\/hightechkaunas.com\/wp-content\/uploads\/2024\/10\/pexels-borisk-5683079-scaled.jpg","contentUrl":"https:\/\/hightechkaunas.com\/wp-content\/uploads\/2024\/10\/pexels-borisk-5683079-scaled.jpg","width":2560,"height":1920},{"@type":"BreadcrumbList","@id":"https:\/\/hightechkaunas.com\/nl\/hightech-outsourcing\/noorwegen\/#breadcrumb","itemListElement":[{"@type":"ListItem","position":1,"name":"Home","item":"https:\/\/hightechkaunas.com\/nl\/"},{"@type":"ListItem","position":2,"name":"Hightech Uitbesteding","item":"https:\/\/hightechkaunas.com\/nl\/hightech-outsourcing\/"},{"@type":"ListItem","position":3,"name":"Noorwegen"}]},{"@type":"WebSite","@id":"https:\/\/hightechkaunas.com\/#website","url":"https:\/\/hightechkaunas.com\/","name":"Hightechkaunas.com","description":"","potentialAction":[{"@type":"SearchAction","target":{"@type":"EntryPoint","urlTemplate":"https:\/\/hightechkaunas.com\/?s={search_term_string}"},"query-input":{"@type":"PropertyValueSpecification","valueRequired":true,"valueName":"search_term_string"}}],"inLanguage":"nl-NL"}]}},"_links":{"self":[{"href":"https:\/\/hightechkaunas.com\/nl\/wp-json\/wp\/v2\/pages\/1301","targetHints":{"allow":["GET"]}}],"collection":[{"href":"https:\/\/hightechkaunas.com\/nl\/wp-json\/wp\/v2\/pages"}],"about":[{"href":"https:\/\/hightechkaunas.com\/nl\/wp-json\/wp\/v2\/types\/page"}],"author":[{"embeddable":true,"href":"https:\/\/hightechkaunas.com\/nl\/wp-json\/wp\/v2\/users\/1"}],"replies":[{"embeddable":true,"href":"https:\/\/hightechkaunas.com\/nl\/wp-json\/wp\/v2\/comments?post=1301"}],"version-history":[{"count":3,"href":"https:\/\/hightechkaunas.com\/nl\/wp-json\/wp\/v2\/pages\/1301\/revisions"}],"predecessor-version":[{"id":1875,"href":"https:\/\/hightechkaunas.com\/nl\/wp-json\/wp\/v2\/pages\/1301\/revisions\/1875"}],"up":[{"embeddable":true,"href":"https:\/\/hightechkaunas.com\/nl\/wp-json\/wp\/v2\/pages\/1321"}],"wp:featuredmedia":[{"embeddable":true,"href":"https:\/\/hightechkaunas.com\/nl\/wp-json\/wp\/v2\/media\/1131"}],"wp:attachment":[{"href":"https:\/\/hightechkaunas.com\/nl\/wp-json\/wp\/v2\/media?parent=1301"}],"curies":[{"name":"wp","href":"https:\/\/api.w.org\/{rel}","templated":true}]}}