{"id":1347,"date":"2024-09-12T12:08:12","date_gmt":"2024-09-12T12:08:12","guid":{"rendered":"https:\/\/hightechkaunas.com\/services\/"},"modified":"2024-10-30T13:47:27","modified_gmt":"2024-10-30T13:47:27","slug":"teenused","status":"publish","type":"page","link":"https:\/\/hightechkaunas.com\/et\/teenused\/","title":{"rendered":"Teenused"},"content":{"rendered":"\r\n\r\n<section id=\"header-block\" class=\"header-block\">\r\n    <div class=\"header-block-texts\">\r\n                    <h1>Meie pakutavad teenused<\/h1>\r\n            <\/div>\r\n        <style>\r\n        .header-block {\r\n            background: url('https:\/\/hightechkaunas.com\/wp-content\/uploads\/2024\/09\/mainservicesimage-scaled.jpg') no-repeat center center;\r\n            background-size: cover;\r\n        }\r\n    <\/style>\r\n<\/section>\r\n\r\n\r\n\n\n\r\n\r\n\r\n\r\n<section id=\"services-list\" class=\"services-list web-section\">\r\n    <div class=\"container-fluid\">\r\n        <div class=\"services-list-in\">\r\n                            <a href=\"https:\/\/hightechkaunas.com\/et\/services\/2d-and-3d-computer-vision-ai-and-robotics\/\" class=\"services-list-item services-list-item-0\">\r\n                    <div class=\"services-list-item-text\">\r\n                        <div class=\"services-list-item-text-helper\">\r\n                            <h3 class=\"main-title\">2D ja 3D COMPUTER VISION, AI ja ROBOTIKA<\/h3>\r\n                            <p>Arvutin\u00e4gemise, tehisintellekti ja robootika integreerimine moodustab v\u00f5imsa s\u00fcnergia arenenud rakenduste jaoks erinevates valdkondades. See l\u00e4henemine v\u00f5imaldab terviklikke lahendusi, mis h\u00f5lmavad 2D- ja 3D-arvutin\u00e4gemist, sealhulgas objektide tuvastamist, m\u00f5\u00f5tmisi, kvaliteedikontrolli ja digitaalse kaksiku rakendamist. Selline terviklik l\u00e4henemisviis kasutab s\u00fcsteemide v\u00f5imekuse suurendamiseks tehisintellekti tehnikaid, nagu masin\u00f5pe ja loomuliku keele t\u00f6\u00f6tlemine. Lisaks sellele h\u00f5lmab robootika kasutuselev\u00f5tt t\u00f6\u00f6stus-, teenindus- ja&#8230;<\/p>\n                            <div class=\"button-black\">Loe edasi<\/div>\r\n                        <\/div>\r\n                    <\/div>\r\n                    <div class=\"services-list-item-image services-list-item-image-0\">\r\n                     <!--   -->                    <\/div>\r\n\r\n                                        <style>\r\n                        .services-list-item-image-0 {\r\n                            background: url('https:\/\/hightechkaunas.com\/wp-content\/uploads\/2024\/09\/services-1-710x350.jpg') no-repeat center center;\r\n                            background-size: cover;\r\n                        }\r\n                    <\/style>\r\n                <\/a>\r\n                                            <a href=\"https:\/\/hightechkaunas.com\/et\/services\/ux-ui-design-and-digital-marketing-solutions-e-commerce\/\" class=\"services-list-item services-list-item-1\">\r\n                    <div class=\"services-list-item-text\">\r\n                        <div class=\"services-list-item-text-helper\">\r\n                            <h3 class=\"main-title\">UX\/UI disain ja digitaalsed turunduslahendused, e-kaubandus<\/h3>\r\n                            <p>Klaster ,,HighTech Kaunas\u201c integreerib sujuvalt UX\/UI disaini ja digitaalse turunduse lahendusi, spetsialiseerudes SEO optimeerimisele, tipptasemel SAASi t\u00f5husale \u00e4rijuhtimisele, terviklikele finants- ja raamatupidamisteenustele, tugevatele \u00e4rilahendustele ja d\u00fcnaamilistele e-kaubanduse platvormidele. Parandage oma \u00e4ri meie tervikliku l\u00e4henemisviisiga, et parandada kasutajakogemust, suurendada n\u00e4htavust internetis ja optimeerida \u00fcldist tulemuslikkust:<\/p>\n                            <div class=\"button-black\">Loe edasi<\/div>\r\n                        <\/div>\r\n                    <\/div>\r\n                    <div class=\"services-list-item-image services-list-item-image-1\">\r\n                     <!--   -->                    <\/div>\r\n\r\n                                        <style>\r\n                        .services-list-item-image-1 {\r\n                            background: url('https:\/\/hightechkaunas.com\/wp-content\/uploads\/2024\/09\/services-2-710x350.jpg') no-repeat center center;\r\n                            background-size: cover;\r\n                        }\r\n                    <\/style>\r\n                <\/a>\r\n                                            <a href=\"https:\/\/hightechkaunas.com\/et\/services\/it-support-services\/\" class=\"services-list-item services-list-item-2\">\r\n                    <div class=\"services-list-item-text\">\r\n                        <div class=\"services-list-item-text-helper\">\r\n                            <h3 class=\"main-title\">IT tugiteenused<\/h3>\r\n                            <p>,,HighTech Kaunas\u201c pakub tugevat IT-tugiteenust, mis vastab nii arendusmeeskondade kui ka idufirmade ainulaadsetele vajadustele nende teekonnal edu poole. Ekspertiisiks on Full Stack arendus, mis tagab tervikliku l\u00e4henemise tipptasemel lahenduste loomiseks. Olenemata sellest, kas otsite spetsiaalset tuge, arendusmeeskondade komplekteerimist v\u00f5i oma idufirma arengu toetamist, pakub klaster kohandatud lahendusi, mis aitavad teie projekte edasi viia.<\/p>\n                            <div class=\"button-black\">Loe edasi<\/div>\r\n                        <\/div>\r\n                    <\/div>\r\n                    <div class=\"services-list-item-image services-list-item-image-2\">\r\n                     <!--   -->                    <\/div>\r\n\r\n                                        <style>\r\n                        .services-list-item-image-2 {\r\n                            background: url('https:\/\/hightechkaunas.com\/wp-content\/uploads\/2024\/09\/services-4-710x350.jpg') no-repeat center center;\r\n                            background-size: cover;\r\n                        }\r\n                    <\/style>\r\n                <\/a>\r\n                                            <a href=\"https:\/\/hightechkaunas.com\/et\/services\/programming-services\/\" class=\"services-list-item services-list-item-3\">\r\n                    <div class=\"services-list-item-text\">\r\n                        <div class=\"services-list-item-text-helper\">\r\n                            <h3 class=\"main-title\">Programmeerimisteenused<\/h3>\r\n                            <p>Klaster pakub terviklikke programmeerimisteenuseid, spetsialiseerudes veebirakenduste arendamisele, mobiilirakenduste arendamisele ja tarkvaraarendusele. Ekspertiis h\u00f5lmab laia valikut tehnoloogiaid, sealhulgas JavaScripti ja .NETi, tagades j\u00f5ulised ja kohandatud lahendused teie ainulaadsetele vajadustele.<\/p>\n                            <div class=\"button-black\">Loe edasi<\/div>\r\n                        <\/div>\r\n                    <\/div>\r\n                    <div class=\"services-list-item-image services-list-item-image-3\">\r\n                     <!--   -->                    <\/div>\r\n\r\n                                        <style>\r\n                        .services-list-item-image-3 {\r\n                            background: url('https:\/\/hightechkaunas.com\/wp-content\/uploads\/2024\/09\/services-5-710x350.jpg') no-repeat center center;\r\n                            background-size: cover;\r\n                        }\r\n                    <\/style>\r\n                <\/a>\r\n                                            <a href=\"https:\/\/hightechkaunas.com\/et\/services\/business-process-optimization\/\" class=\"services-list-item services-list-item-4\">\r\n                    <div class=\"services-list-item-text\">\r\n                        <div class=\"services-list-item-text-helper\">\r\n                            <h3 class=\"main-title\">\u00c4riprotsesside optimeerimine<\/h3>\r\n                            <p>Kujundage oma \u00e4riprotsesse meie tervikliku automatiseerimise l\u00e4henemisviisi abil: Kogege tipptasemel tehnoloogia ja strateegilise oskusteabe s\u00fcnergiat, mis aitab teie organisatsioonil saavutada enneolematut t\u00f5husust ja edu.<\/p>\n                            <div class=\"button-black\">Loe edasi<\/div>\r\n                        <\/div>\r\n                    <\/div>\r\n                    <div class=\"services-list-item-image services-list-item-image-4\">\r\n                     <!--   -->                    <\/div>\r\n\r\n                                        <style>\r\n                        .services-list-item-image-4 {\r\n                            background: url('https:\/\/hightechkaunas.com\/wp-content\/uploads\/2024\/09\/services-3-710x350.jpg') no-repeat center center;\r\n                            background-size: cover;\r\n                        }\r\n                    <\/style>\r\n                <\/a>\r\n                                    <\/div>\r\n    <\/div>\r\n<\/section>\r\n\r\n\r\n\n\n\n<p><\/p>\n","protected":false},"excerpt":{"rendered":"","protected":false},"author":1,"featured_media":0,"parent":0,"menu_order":0,"comment_status":"closed","ping_status":"closed","template":"","meta":{"_acf_changed":false,"inline_featured_image":false,"footnotes":""},"class_list":["post-1347","page","type-page","status-publish","hentry"],"acf":[],"yoast_head":"<!-- This site is optimized with the Yoast SEO plugin v26.2 - https:\/\/yoast.com\/wordpress\/plugins\/seo\/ -->\n<title>Teenused - Hightechkaunas.com<\/title>\n<meta name=\"robots\" content=\"index, follow, max-snippet:-1, max-image-preview:large, max-video-preview:-1\" \/>\n<link rel=\"canonical\" href=\"https:\/\/hightechkaunas.com\/et\/teenused\/\" \/>\n<meta property=\"og:locale\" content=\"et_EE\" \/>\n<meta property=\"og:type\" content=\"article\" \/>\n<meta property=\"og:title\" content=\"Teenused - Hightechkaunas.com\" \/>\n<meta property=\"og:url\" content=\"https:\/\/hightechkaunas.com\/et\/teenused\/\" \/>\n<meta property=\"og:site_name\" content=\"Hightechkaunas.com\" \/>\n<meta property=\"article:modified_time\" content=\"2024-10-30T13:47:27+00:00\" \/>\n<meta name=\"twitter:card\" content=\"summary_large_image\" \/>\n<script type=\"application\/ld+json\" class=\"yoast-schema-graph\">{\"@context\":\"https:\/\/schema.org\",\"@graph\":[{\"@type\":\"WebPage\",\"@id\":\"https:\/\/hightechkaunas.com\/et\/teenused\/\",\"url\":\"https:\/\/hightechkaunas.com\/et\/teenused\/\",\"name\":\"Teenused - Hightechkaunas.com\",\"isPartOf\":{\"@id\":\"https:\/\/hightechkaunas.com\/#website\"},\"datePublished\":\"2024-09-12T12:08:12+00:00\",\"dateModified\":\"2024-10-30T13:47:27+00:00\",\"breadcrumb\":{\"@id\":\"https:\/\/hightechkaunas.com\/et\/teenused\/#breadcrumb\"},\"inLanguage\":\"et\",\"potentialAction\":[{\"@type\":\"ReadAction\",\"target\":[\"https:\/\/hightechkaunas.com\/et\/teenused\/\"]}]},{\"@type\":\"BreadcrumbList\",\"@id\":\"https:\/\/hightechkaunas.com\/et\/teenused\/#breadcrumb\",\"itemListElement\":[{\"@type\":\"ListItem\",\"position\":1,\"name\":\"Home\",\"item\":\"https:\/\/hightechkaunas.com\/et\/\"},{\"@type\":\"ListItem\",\"position\":2,\"name\":\"Teenused\"}]},{\"@type\":\"WebSite\",\"@id\":\"https:\/\/hightechkaunas.com\/#website\",\"url\":\"https:\/\/hightechkaunas.com\/\",\"name\":\"Hightechkaunas.com\",\"description\":\"\",\"potentialAction\":[{\"@type\":\"SearchAction\",\"target\":{\"@type\":\"EntryPoint\",\"urlTemplate\":\"https:\/\/hightechkaunas.com\/?s={search_term_string}\"},\"query-input\":{\"@type\":\"PropertyValueSpecification\",\"valueRequired\":true,\"valueName\":\"search_term_string\"}}],\"inLanguage\":\"et\"}]}<\/script>\n<!-- \/ Yoast SEO plugin. -->","yoast_head_json":{"title":"Teenused - Hightechkaunas.com","robots":{"index":"index","follow":"follow","max-snippet":"max-snippet:-1","max-image-preview":"max-image-preview:large","max-video-preview":"max-video-preview:-1"},"canonical":"https:\/\/hightechkaunas.com\/et\/teenused\/","og_locale":"et_EE","og_type":"article","og_title":"Teenused - Hightechkaunas.com","og_url":"https:\/\/hightechkaunas.com\/et\/teenused\/","og_site_name":"Hightechkaunas.com","article_modified_time":"2024-10-30T13:47:27+00:00","twitter_card":"summary_large_image","schema":{"@context":"https:\/\/schema.org","@graph":[{"@type":"WebPage","@id":"https:\/\/hightechkaunas.com\/et\/teenused\/","url":"https:\/\/hightechkaunas.com\/et\/teenused\/","name":"Teenused - Hightechkaunas.com","isPartOf":{"@id":"https:\/\/hightechkaunas.com\/#website"},"datePublished":"2024-09-12T12:08:12+00:00","dateModified":"2024-10-30T13:47:27+00:00","breadcrumb":{"@id":"https:\/\/hightechkaunas.com\/et\/teenused\/#breadcrumb"},"inLanguage":"et","potentialAction":[{"@type":"ReadAction","target":["https:\/\/hightechkaunas.com\/et\/teenused\/"]}]},{"@type":"BreadcrumbList","@id":"https:\/\/hightechkaunas.com\/et\/teenused\/#breadcrumb","itemListElement":[{"@type":"ListItem","position":1,"name":"Home","item":"https:\/\/hightechkaunas.com\/et\/"},{"@type":"ListItem","position":2,"name":"Teenused"}]},{"@type":"WebSite","@id":"https:\/\/hightechkaunas.com\/#website","url":"https:\/\/hightechkaunas.com\/","name":"Hightechkaunas.com","description":"","potentialAction":[{"@type":"SearchAction","target":{"@type":"EntryPoint","urlTemplate":"https:\/\/hightechkaunas.com\/?s={search_term_string}"},"query-input":{"@type":"PropertyValueSpecification","valueRequired":true,"valueName":"search_term_string"}}],"inLanguage":"et"}]}},"_links":{"self":[{"href":"https:\/\/hightechkaunas.com\/et\/wp-json\/wp\/v2\/pages\/1347","targetHints":{"allow":["GET"]}}],"collection":[{"href":"https:\/\/hightechkaunas.com\/et\/wp-json\/wp\/v2\/pages"}],"about":[{"href":"https:\/\/hightechkaunas.com\/et\/wp-json\/wp\/v2\/types\/page"}],"author":[{"embeddable":true,"href":"https:\/\/hightechkaunas.com\/et\/wp-json\/wp\/v2\/users\/1"}],"replies":[{"embeddable":true,"href":"https:\/\/hightechkaunas.com\/et\/wp-json\/wp\/v2\/comments?post=1347"}],"version-history":[{"count":1,"href":"https:\/\/hightechkaunas.com\/et\/wp-json\/wp\/v2\/pages\/1347\/revisions"}],"predecessor-version":[{"id":1557,"href":"https:\/\/hightechkaunas.com\/et\/wp-json\/wp\/v2\/pages\/1347\/revisions\/1557"}],"wp:attachment":[{"href":"https:\/\/hightechkaunas.com\/et\/wp-json\/wp\/v2\/media?parent=1347"}],"curies":[{"name":"wp","href":"https:\/\/api.w.org\/{rel}","templated":true}]}}