{"id":1342,"date":"2024-09-12T14:37:40","date_gmt":"2024-09-12T14:37:40","guid":{"rendered":"https:\/\/hightechkaunas.com\/news\/"},"modified":"2024-10-30T13:52:37","modified_gmt":"2024-10-30T13:52:37","slug":"news","status":"publish","type":"page","link":"https:\/\/hightechkaunas.com\/et\/news\/","title":{"rendered":"Uudised"},"content":{"rendered":"\r\n\r\n<section id=\"header-block\" class=\"header-block\">\r\n    <div class=\"header-block-texts\">\r\n                    <h1>Mis uut on meie kohta?<\/h1>\r\n            <\/div>\r\n        <style>\r\n        .header-block {\r\n            background: url('https:\/\/hightechkaunas.com\/wp-content\/uploads\/2024\/09\/image-101-scaled.jpg') no-repeat center center;\r\n            background-size: cover;\r\n        }\r\n    <\/style>\r\n<\/section>\r\n\r\n\r\n\n\n\r\n\r\n\r\n\r\n<section id=\"news-list\" class=\"news-list web-section\">\r\n    <div class=\"container-fluid\">\r\n        <div class=\"services-list-in\">\r\n                            <a href=\"https:\/\/hightechkaunas.com\/et\/2025\/10\/02\/de-pitchdeck-van-je-it-partner-gaat-je-backend-niet-repareren-maar-de-juiste-ingenieurs-wel\/\" class=\"services-list-item services-list-item-0\">\r\n                    <div class=\"services-list-item-text\">\r\n                        <div class=\"services-list-item-text-helper\">\r\n                            <div class=\"dateitb\">2025 10 02<\/div>\r\n                            <h3 class=\"main-title\">Miks 90% integratsioonidest eba\u00f5nnestub (ja kuidas sinu oma v\u00f5ib \u00f5nnestuda)<\/h3>\r\n                            <p>Saladus: asi pole koodis, vaid koordineerimises Ettev\u00f5tted, kes p\u00e4\u00e4sevad integratsioonide \u201chauaplatsilt\u201d \u2013 sealhulgas mitmed Kaunase High Tech Clusteri liikmed \u2013 ei k\u00e4sitle integratsiooni tehnilise probleemina. Nad k\u00e4sitlevad seda koordinatsiooniprobleemina. Nad ei ehita ainult API-sid; nad ehitavad arusaamist. Enne, kui kirjutatakse esimene koodirida, korraldavad nad \u201cs\u00f5jaruume\u201d. Mitte show p\u00e4rast, vaid \u00fchtse suuna saavutamiseks. Nad toovad \u00fchte&#8230;<\/p>\n                            <div class=\"button-black\">Loe edasi<\/div>\r\n                        <\/div>\r\n                    <\/div>\r\n                    <div class=\"services-list-item-image services-list-item-image-0\">\r\n                     <!--   -->                    <\/div>\r\n\r\n                                        <style>\r\n                        .services-list-item-image-0 {\r\n                            background: url('https:\/\/hightechkaunas.com\/wp-content\/uploads\/2025\/10\/Visual20-710x350.png') no-repeat center center;\r\n                            background-size: cover;\r\n                        }\r\n                    <\/style>\r\n                <\/a>\r\n                                            <a href=\"https:\/\/hightechkaunas.com\/et\/2025\/09\/09\/vaiksem-targem-kui-valid-oigesti\/\" class=\"services-list-item services-list-item-1\">\r\n                    <div class=\"services-list-item-text\">\r\n                        <div class=\"services-list-item-text-helper\">\r\n                            <div class=\"dateitb\">2025 09 09<\/div>\r\n                            <h3 class=\"main-title\">V\u00e4iksem = Targem (kui valid \u00f5igesti)<\/h3>\r\n                            <p>Suured IT-teenusepakkujad on nagu kruiisilaevad: muljetavaldavad, kallid \u2013 ja piinavalt aeglased kurssi muutma. Kui ilm \u00e4kitselt p\u00f6\u00f6rdub v\u00f5i sinu tarneahel s\u00fcttib p\u00f5lema, v\u00f5id \u00f5nnelik olla, kui kapten selle enne j\u00e4\u00e4m\u00e4ge m\u00e4rkab. See on \u201cskaala\u201d varjatud hind. Paberil tundub k\u00f5ik turvaline: l\u00e4ikivad logod, l\u00f5putud sertifikaadid ja rahustav illusioon, et 500 t\u00f6\u00f6tajaga ettev\u00f5te peab teadma, mida ta&#8230;<\/p>\n                            <div class=\"button-black\">Loe edasi<\/div>\r\n                        <\/div>\r\n                    <\/div>\r\n                    <div class=\"services-list-item-image services-list-item-image-1\">\r\n                     <!--   -->                    <\/div>\r\n\r\n                                        <style>\r\n                        .services-list-item-image-1 {\r\n                            background: url('https:\/\/hightechkaunas.com\/wp-content\/uploads\/2025\/09\/Visual19-710x350.png') no-repeat center center;\r\n                            background-size: cover;\r\n                        }\r\n                    <\/style>\r\n                <\/a>\r\n                                            <a href=\"https:\/\/hightechkaunas.com\/et\/2025\/08\/21\/legacy-susteemide-paastmine-ilma-taieliku-umberkirjutuseta\/\" class=\"services-list-item services-list-item-2\">\r\n                    <div class=\"services-list-item-text\">\r\n                        <div class=\"services-list-item-text-helper\">\r\n                            <div class=\"dateitb\">2025 08 21<\/div>\r\n                            <h3 class=\"main-title\">Legacy-s\u00fcsteemide p\u00e4\u00e4stmine \u2014 ilma t\u00e4ieliku \u00fcmberkirjutuseta<\/h3>\r\n                            <p>Kusagil Euroopas kirjutab \u00fcks CIO praegu alla 2 miljoni euro suurusele s\u00fcsteemi \u00fcmberkirjutamisele \u2014 probleemi lahenduseks, mida oleks saanud fikseerida 200 000 euro ja kuue n\u00e4dala t\u00f6\u00f6ga. See ei ole h\u00fcpoteetiline n\u00e4ide. See juhtub igal n\u00e4dalal ettev\u00f5tte IT-maailmas. See on peaaegu rituaalne: projekt j\u00e4\u00e4b toppama, s\u00fcsteem hakkab t\u00f5rkuma ja keegi \u00fctleb need maagilised s\u00f5nad \u2014&#8230;<\/p>\n                            <div class=\"button-black\">Loe edasi<\/div>\r\n                        <\/div>\r\n                    <\/div>\r\n                    <div class=\"services-list-item-image services-list-item-image-2\">\r\n                     <!--   -->                    <\/div>\r\n\r\n                                        <style>\r\n                        .services-list-item-image-2 {\r\n                            background: url('https:\/\/hightechkaunas.com\/wp-content\/uploads\/2025\/11\/Blog1_V3-710x350.png') no-repeat center center;\r\n                            background-size: cover;\r\n                        }\r\n                    <\/style>\r\n                <\/a>\r\n                                            <a href=\"https:\/\/hightechkaunas.com\/et\/2024\/10\/18\/automating-real-estate-data-integration-for-obh-gruppen-a-s-with-robovirgin\/\" class=\"services-list-item services-list-item-3\">\r\n                    <div class=\"services-list-item-text\">\r\n                        <div class=\"services-list-item-text-helper\">\r\n                            <div class=\"dateitb\">2024 10 18<\/div>\r\n                            <h3 class=\"main-title\">Kinnisvaraandmete integreerimise automatiseerimine OBH &#8211; Gruppen A\/S jaoks Robovirginiga<\/h3>\r\n                            <p>Kinnisvarateenuste kiirelt arenevas maailmas on t\u00f5husus ja t\u00e4psus esmat\u00e4htis. OBH &#8211; Gruppen A\/S, tuntud klient, kes on spetsialiseerunud kinnisvaraga seotud teenustele, nagu hindamised, kahjuaruanded ja energiam\u00f5\u00f5tmised, seisis klientide tellimuste haldamisel silmitsi m\u00e4rkimisv\u00e4\u00e4rsete v\u00e4ljakutsetega. Mitmek\u00fclgset kliendibaasi teenindades, mille hulka kuuluvad eraisikud, kinnisvaramaaklerid ja kindlustusfirmad, oli iga tellimuse puhul vaja andmeid ja dokumente rohkem kui k\u00fcmnest avalikust&#8230;<\/p>\n                            <div class=\"button-black\">Loe edasi<\/div>\r\n                        <\/div>\r\n                    <\/div>\r\n                    <div class=\"services-list-item-image services-list-item-image-3\">\r\n                     <!--   -->                    <\/div>\r\n\r\n                                        <style>\r\n                        .services-list-item-image-3 {\r\n                            background: url('https:\/\/hightechkaunas.com\/wp-content\/uploads\/2024\/10\/cover-automate-real-estate_1024-710x350.png') no-repeat center center;\r\n                            background-size: cover;\r\n                        }\r\n                    <\/style>\r\n                <\/a>\r\n                                            <a href=\"https:\/\/hightechkaunas.com\/et\/2024\/10\/18\/transforming-e-commerce-with-mastercard-click-to-pay\/\" class=\"services-list-item services-list-item-4\">\r\n                    <div class=\"services-list-item-text\">\r\n                        <div class=\"services-list-item-text-helper\">\r\n                            <div class=\"dateitb\">2024 10 18<\/div>\r\n                            <h3 class=\"main-title\">Mastercard Click to Pay muudab e-kaubandust<\/h3>\r\n                            <p>Pidevalt arenevas e-kaubanduse maailmas on sujuv ja turvaline kassakogemus \u00fclioluline kaupmeeste jaoks, kelle eesm\u00e4rk on suurendada klientide rahulolu ja konversioonim\u00e4\u00e4ra. Mastercard m\u00f5istis seda vajadust ja t\u00f6\u00f6tas v\u00e4lja Mastercard Click to Pay, mis on murranguline lahendus, mis on muutnud nii kaupmeeste kui ka tarbijate jaoks veebiostude tegemise maastikku. Selle eduloo v\u00f5tmeisik on Invertus, mis on HighTech&#8230;<\/p>\n                            <div class=\"button-black\">Loe edasi<\/div>\r\n                        <\/div>\r\n                    <\/div>\r\n                    <div class=\"services-list-item-image services-list-item-image-4\">\r\n                     <!--   -->                    <\/div>\r\n\r\n                                        <style>\r\n                        .services-list-item-image-4 {\r\n                            background: url('https:\/\/hightechkaunas.com\/wp-content\/uploads\/2024\/10\/master-710x350.jpg') no-repeat center center;\r\n                            background-size: cover;\r\n                        }\r\n                    <\/style>\r\n                <\/a>\r\n                                            <a href=\"https:\/\/hightechkaunas.com\/et\/2024\/10\/15\/migration-of-mytherese-com-to-sylius-a-collaborative\/\" class=\"services-list-item services-list-item-5\">\r\n                    <div class=\"services-list-item-text\">\r\n                        <div class=\"services-list-item-text-helper\">\r\n                            <div class=\"dateitb\">2024 10 15<\/div>\r\n                            <h3 class=\"main-title\">MyTherese.com migratsioon Sylius&#8217;ile &#8211; koost\u00f6\u00f6projekt<\/h3>\r\n                            <p>\u00dcks juhtivaid \u00fclemaailmseid luksusmoe jaem\u00fc\u00fcjaid MyTheresa. Com, v\u00f5ttis ette m\u00e4rkimisv\u00e4\u00e4rsetehnoloogilist \u00fcmberkujundamist, viies oma e-kaubanduse platvormi Magentolt \u00fcle Syliusele. See\u00fcleminek oli oluline, et toetada oma \u00fclemaailmse kliendibaasi kasvavaid n\u00f5udmisi, suurendadafunktsionaalsust ning tagada sujuvam ja t\u00f5husam kliendikogemus. Keskset rolli m\u00e4ngis\u00fcmberkujundamisel oli Invertuse p\u00fchendunud meeskond, mis on Kaunas Hightechi uhke liige.Klaster.V\u00e4ljakutseMyTheresa.com seisis silmitsi peamise v\u00e4ljakutsega: vajadus uuendada oma&#8230;<\/p>\n                            <div class=\"button-black\">Loe edasi<\/div>\r\n                        <\/div>\r\n                    <\/div>\r\n                    <div class=\"services-list-item-image services-list-item-image-5\">\r\n                     <!--   -->                    <\/div>\r\n\r\n                                        <style>\r\n                        .services-list-item-image-5 {\r\n                            background: url('https:\/\/hightechkaunas.com\/wp-content\/uploads\/2024\/09\/3-naujienos-foto-710x350.jpg') no-repeat center center;\r\n                            background-size: cover;\r\n                        }\r\n                    <\/style>\r\n                <\/a>\r\n                                            <a href=\"https:\/\/hightechkaunas.com\/et\/2024\/09\/19\/highttech-kaunas-cluster-will-strengthen-its-global-competitiveness-abroad\/\" class=\"services-list-item services-list-item-6\">\r\n                    <div class=\"services-list-item-text\">\r\n                        <div class=\"services-list-item-text-helper\">\r\n                            <div class=\"dateitb\">2024 09 19<\/div>\r\n                            <h3 class=\"main-title\">HightTech Kaunase klaster tugevdab oma globaalset konkurentsiv\u00f5imet v\u00e4lismaal<\/h3>\r\n                            <p>Kaunase kaubandus-, t\u00f6\u00f6stus- ja k\u00e4sit\u00f6\u00f6koda moodustas koos oma partneritega &#8211; IT-sektori liikmesettev\u00f5tetega &#8211; integreeritud tehisintellekti, e-kaubanduse ja protsesside automatiseerimise s\u00fcsteemide klastri \u201eHighTech Kaunas\u201c. Klastri konkurentsiv\u00f5ime tugevdamiseks v\u00e4lismaal ja selle integreerimiseks rahvusvahelistesse v\u00f5rgustikesse esitati rahastamistaotlus projekti \u201eExpo Cluster LT\u201c raames. \u201eMeil on hea meel, et edukas projekt loob klastri liikmetele veelgi suuremat lisav\u00e4\u00e4rtust. Projekti tegevused keskenduvad&#8230;<\/p>\n                            <div class=\"button-black\">Loe edasi<\/div>\r\n                        <\/div>\r\n                    <\/div>\r\n                    <div class=\"services-list-item-image services-list-item-image-6\">\r\n                     <!--   -->                    <\/div>\r\n\r\n                                        <style>\r\n                        .services-list-item-image-6 {\r\n                            background: url('https:\/\/hightechkaunas.com\/wp-content\/uploads\/2024\/09\/ezgif-5-cb085322c11e-710x350.jpg') no-repeat center center;\r\n                            background-size: cover;\r\n                        }\r\n                    <\/style>\r\n                <\/a>\r\n                                            <a href=\"https:\/\/hightechkaunas.com\/et\/2024\/09\/19\/why-net-core-is-a-game-changer-for-modern-development\/\" class=\"services-list-item services-list-item-7\">\r\n                    <div class=\"services-list-item-text\">\r\n                        <div class=\"services-list-item-text-helper\">\r\n                            <div class=\"dateitb\">2024 09 19<\/div>\r\n                            <h3 class=\"main-title\">Miks .NET Core on kaasaegse arenduse jaoks m\u00e4ngumuutja<\/h3>\r\n                            <p>R\u00e4\u00e4gime raamistikust, mille vastu meie arendajad ilmselt k\u00f5ige enam kirglikult suhtuvad &#8211; .NET Core. Siin on m\u00f5ned peamised p\u00f5hjused selle populaarsuse t\u00f5usule: K\u00f5igi eeliste k\u00f5rval tuleb .NET Core&#8217;i valikul arvestada ka m\u00f5ne asjaga &#8211; mul on v\u00e4ga piiratud tugi vanematele raamatukogudele ja platvormidele ning see ei ole k\u00f5ige lihtsam raamistik, mida \u00f5ppida isegi neile, kes&#8230;<\/p>\n                            <div class=\"button-black\">Loe edasi<\/div>\r\n                        <\/div>\r\n                    <\/div>\r\n                    <div class=\"services-list-item-image services-list-item-image-7\">\r\n                     <!--   -->                    <\/div>\r\n\r\n                                        <style>\r\n                        .services-list-item-image-7 {\r\n                            background: url('https:\/\/hightechkaunas.com\/wp-content\/uploads\/2024\/09\/2-naujienos-foto.jpg') no-repeat center center;\r\n                            background-size: cover;\r\n                        }\r\n                    <\/style>\r\n                <\/a>\r\n                                            <a href=\"https:\/\/hightechkaunas.com\/et\/2024\/09\/19\/hightech-kaunas-cluster-joins-international-business-networks\/\" class=\"services-list-item services-list-item-8\">\r\n                    <div class=\"services-list-item-text\">\r\n                        <div class=\"services-list-item-text-helper\">\r\n                            <div class=\"dateitb\">2024 09 19<\/div>\r\n                            <h3 class=\"main-title\">HighTech Kaunase klastri liitumine rahvusvaheliste \u00e4riv\u00f5rgustikega<\/h3>\r\n                            <p>HighTech Kaunase klastril on hea meel teatada, et ta on ametlikult liitunud mitme suure \u00fclemaailmse platvormiga, mille eesm\u00e4rk on aidata ettev\u00f5tetel ja teenusepakkujatel end \u00fcle vaadata, hinnata ja laiendada oma haaret. N\u00fc\u00fcdsest alates on klastri liikmed n\u00e4htavad ja k\u00e4ttesaadavad j\u00e4rgmiste tuntud platvormide kaudu: Liitumine nende rahvusvaheliste v\u00f5rgustikega annab klastri ettev\u00f5tetele v\u00f5imaluse tutvustada oma tehnoloogilisi lahendusi&#8230;<\/p>\n                            <div class=\"button-black\">Loe edasi<\/div>\r\n                        <\/div>\r\n                    <\/div>\r\n                    <div class=\"services-list-item-image services-list-item-image-8\">\r\n                     <!--   -->                    <\/div>\r\n\r\n                                        <style>\r\n                        .services-list-item-image-8 {\r\n                            background: url('https:\/\/hightechkaunas.com\/wp-content\/uploads\/2024\/09\/3-naujienos-foto-710x350.jpg') no-repeat center center;\r\n                            background-size: cover;\r\n                        }\r\n                    <\/style>\r\n                <\/a>\r\n                                    <\/div>\r\n    <\/div>\r\n<\/section>\r\n\r\n\r\n","protected":false},"excerpt":{"rendered":"","protected":false},"author":1,"featured_media":0,"parent":0,"menu_order":0,"comment_status":"closed","ping_status":"closed","template":"","meta":{"_acf_changed":false,"inline_featured_image":false,"footnotes":""},"class_list":["post-1342","page","type-page","status-publish","hentry"],"acf":[],"yoast_head":"<!-- This site is optimized with the Yoast SEO plugin v26.2 - https:\/\/yoast.com\/wordpress\/plugins\/seo\/ -->\n<title>Uudised - Hightechkaunas.com<\/title>\n<meta name=\"robots\" content=\"index, follow, max-snippet:-1, max-image-preview:large, max-video-preview:-1\" \/>\n<link rel=\"canonical\" href=\"https:\/\/hightechkaunas.com\/et\/news\/\" \/>\n<meta property=\"og:locale\" content=\"et_EE\" \/>\n<meta property=\"og:type\" content=\"article\" \/>\n<meta property=\"og:title\" content=\"Uudised - Hightechkaunas.com\" \/>\n<meta property=\"og:url\" content=\"https:\/\/hightechkaunas.com\/et\/news\/\" \/>\n<meta property=\"og:site_name\" content=\"Hightechkaunas.com\" \/>\n<meta property=\"article:modified_time\" content=\"2024-10-30T13:52:37+00:00\" \/>\n<meta name=\"twitter:card\" content=\"summary_large_image\" \/>\n<script type=\"application\/ld+json\" class=\"yoast-schema-graph\">{\"@context\":\"https:\/\/schema.org\",\"@graph\":[{\"@type\":\"WebPage\",\"@id\":\"https:\/\/hightechkaunas.com\/et\/news\/\",\"url\":\"https:\/\/hightechkaunas.com\/et\/news\/\",\"name\":\"Uudised - Hightechkaunas.com\",\"isPartOf\":{\"@id\":\"https:\/\/hightechkaunas.com\/#website\"},\"datePublished\":\"2024-09-12T14:37:40+00:00\",\"dateModified\":\"2024-10-30T13:52:37+00:00\",\"breadcrumb\":{\"@id\":\"https:\/\/hightechkaunas.com\/et\/news\/#breadcrumb\"},\"inLanguage\":\"et\",\"potentialAction\":[{\"@type\":\"ReadAction\",\"target\":[\"https:\/\/hightechkaunas.com\/et\/news\/\"]}]},{\"@type\":\"BreadcrumbList\",\"@id\":\"https:\/\/hightechkaunas.com\/et\/news\/#breadcrumb\",\"itemListElement\":[{\"@type\":\"ListItem\",\"position\":1,\"name\":\"Home\",\"item\":\"https:\/\/hightechkaunas.com\/et\/\"},{\"@type\":\"ListItem\",\"position\":2,\"name\":\"Uudised\"}]},{\"@type\":\"WebSite\",\"@id\":\"https:\/\/hightechkaunas.com\/#website\",\"url\":\"https:\/\/hightechkaunas.com\/\",\"name\":\"Hightechkaunas.com\",\"description\":\"\",\"potentialAction\":[{\"@type\":\"SearchAction\",\"target\":{\"@type\":\"EntryPoint\",\"urlTemplate\":\"https:\/\/hightechkaunas.com\/?s={search_term_string}\"},\"query-input\":{\"@type\":\"PropertyValueSpecification\",\"valueRequired\":true,\"valueName\":\"search_term_string\"}}],\"inLanguage\":\"et\"}]}<\/script>\n<!-- \/ Yoast SEO plugin. -->","yoast_head_json":{"title":"Uudised - Hightechkaunas.com","robots":{"index":"index","follow":"follow","max-snippet":"max-snippet:-1","max-image-preview":"max-image-preview:large","max-video-preview":"max-video-preview:-1"},"canonical":"https:\/\/hightechkaunas.com\/et\/news\/","og_locale":"et_EE","og_type":"article","og_title":"Uudised - Hightechkaunas.com","og_url":"https:\/\/hightechkaunas.com\/et\/news\/","og_site_name":"Hightechkaunas.com","article_modified_time":"2024-10-30T13:52:37+00:00","twitter_card":"summary_large_image","schema":{"@context":"https:\/\/schema.org","@graph":[{"@type":"WebPage","@id":"https:\/\/hightechkaunas.com\/et\/news\/","url":"https:\/\/hightechkaunas.com\/et\/news\/","name":"Uudised - Hightechkaunas.com","isPartOf":{"@id":"https:\/\/hightechkaunas.com\/#website"},"datePublished":"2024-09-12T14:37:40+00:00","dateModified":"2024-10-30T13:52:37+00:00","breadcrumb":{"@id":"https:\/\/hightechkaunas.com\/et\/news\/#breadcrumb"},"inLanguage":"et","potentialAction":[{"@type":"ReadAction","target":["https:\/\/hightechkaunas.com\/et\/news\/"]}]},{"@type":"BreadcrumbList","@id":"https:\/\/hightechkaunas.com\/et\/news\/#breadcrumb","itemListElement":[{"@type":"ListItem","position":1,"name":"Home","item":"https:\/\/hightechkaunas.com\/et\/"},{"@type":"ListItem","position":2,"name":"Uudised"}]},{"@type":"WebSite","@id":"https:\/\/hightechkaunas.com\/#website","url":"https:\/\/hightechkaunas.com\/","name":"Hightechkaunas.com","description":"","potentialAction":[{"@type":"SearchAction","target":{"@type":"EntryPoint","urlTemplate":"https:\/\/hightechkaunas.com\/?s={search_term_string}"},"query-input":{"@type":"PropertyValueSpecification","valueRequired":true,"valueName":"search_term_string"}}],"inLanguage":"et"}]}},"_links":{"self":[{"href":"https:\/\/hightechkaunas.com\/et\/wp-json\/wp\/v2\/pages\/1342","targetHints":{"allow":["GET"]}}],"collection":[{"href":"https:\/\/hightechkaunas.com\/et\/wp-json\/wp\/v2\/pages"}],"about":[{"href":"https:\/\/hightechkaunas.com\/et\/wp-json\/wp\/v2\/types\/page"}],"author":[{"embeddable":true,"href":"https:\/\/hightechkaunas.com\/et\/wp-json\/wp\/v2\/users\/1"}],"replies":[{"embeddable":true,"href":"https:\/\/hightechkaunas.com\/et\/wp-json\/wp\/v2\/comments?post=1342"}],"version-history":[{"count":2,"href":"https:\/\/hightechkaunas.com\/et\/wp-json\/wp\/v2\/pages\/1342\/revisions"}],"predecessor-version":[{"id":1561,"href":"https:\/\/hightechkaunas.com\/et\/wp-json\/wp\/v2\/pages\/1342\/revisions\/1561"}],"wp:attachment":[{"href":"https:\/\/hightechkaunas.com\/et\/wp-json\/wp\/v2\/media?parent=1342"}],"curies":[{"name":"wp","href":"https:\/\/api.w.org\/{rel}","templated":true}]}}