{"id":1327,"date":"2024-09-13T03:20:43","date_gmt":"2024-09-13T03:20:43","guid":{"rendered":"https:\/\/hightechkaunas.com\/about-us\/"},"modified":"2024-11-24T09:07:05","modified_gmt":"2024-11-24T09:07:05","slug":"about-us","status":"publish","type":"page","link":"https:\/\/hightechkaunas.com\/et\/about-us\/","title":{"rendered":"Meie kohta"},"content":{"rendered":"\r\n\r\n<section id=\"header-block\" class=\"header-block\">\r\n    <div class=\"header-block-texts\">\r\n                    <h1>Meie kohta<\/h1>\r\n            <\/div>\r\n        <style>\r\n        .header-block {\r\n            background: url('https:\/\/hightechkaunas.com\/wp-content\/uploads\/2024\/09\/members.png') no-repeat center center;\r\n            background-size: cover;\r\n        }\r\n    <\/style>\r\n<\/section>\r\n\r\n\r\n\n\n\r\n\r\n\r\n<section id=\"lefttext\" class=\"lefttext web-section\">\r\n    <div class=\"container-fluid\">\r\n        <div class=\"lefttext-in\">\r\n            <div class=\"rte\">\r\n                                    <p>JSC \u201eInkodus\u201c on 2012. aastal asutatud Euroopa suunitlusega Leedu IT-konsultatsiooniettev\u00f5te. Ettev\u00f5te on alustanud oma tegevust kvaliteetse programmeerimise ja tehnoloogiliste lahenduste tarnimise ettev\u00f5ttena. Hiljem v\u00f5tsid nad aga arvesse klientide n\u00f5udmisi, kohandasid oma \u00e4risuundumust ja n\u00fc\u00fcd \u00fchendab Inkodus parimaid IT-spetsialiste, pakkudes samal ajal teistele ettev\u00f5tetele tarkvaraarendajate p\u00fchendunud meeskonna teenuseid.<br \/>\nErinevalt tavap\u00e4rasest allhankest pakub spetsiaalne tarkvaraarendajate meeskond rohkem kontrolli ja v\u00f5imalust m\u00f5jutada t\u00f6\u00f6protsesse. Vajalike teadmiste ja kogemustega tarkvaraarendajate meeskond on otse k\u00e4ttesaadav, nagu teie enda t\u00f6\u00f6tajad. Samal ajal pakub Inkodus k\u00f5iki vajalikke lisateenuseid, nagu raamatupidamine, teie kaugt\u00f6\u00f6tajate sotsiaalne rahulolu, meeskonna loomine, kontorihaldus ja muud. Spetsiaalses meeskonnas t\u00f6\u00f6tavad ainult usaldusv\u00e4\u00e4rsed ja testitud spetsialistid, kes t\u00f6\u00f6tavad kiiresti ja paindlikult.<br \/>\nEttev\u00f5te on uhke, et pakub oma klientidele pikaajalisi suhteid ja professionaalseid teenuseid. Nende peamine eesm\u00e4rk on klientide vajaduste rahuldamine.<\/p>\n                            <\/div>\r\n        <\/div>\r\n    <\/div>\r\n<\/section>\r\n\r\n\n\n\r\n\r\n\r\n<section id=\"aboutmembers\" class=\"aboutmembers web-section\">\r\n    <div class=\"container-fluid\">\r\n        <div class=\"aboutmembers-in\">\r\n            <div class=\"aboutmemberstitle\">\r\n                <div class=\"aboutmemberstitle\">\r\n                                            <h2 class=\"main-title titlefloatleft\">KLASTRISSE KUULUB 7 LIIGET:<\/h2>\r\n                                        <div class=\"buttonfloatright\">\r\n                        <a class=\"button-blue\" href=\"https:\/\/hightechkaunas.com\/members\/\">Liikmed<\/a>\r\n                    <\/div>\r\n                    <div class=\"clearfix\"><\/div>\r\n                <\/div>\r\n                <div class=\"aboutmemberslist\">\r\n                    <div class=\"members-list-wrapper\">\r\n                                                    <a href=\"https:\/\/hightechkaunas.com\/et\/members\/jsc-confistech\/\" class=\"members-list-wrapper-item members-list-wrapper-item-0\">\r\n                                <div class=\"members-list-wrapper-item-image\">\r\n                                                                            <img decoding=\"async\" src=\"https:\/\/hightechkaunas.com\/wp-content\/uploads\/2024\/09\/confitech.svg\" title=\"item\" alt=\"item\">\r\n                                                                    <\/div>\r\n                            <\/a>\r\n                                                                                <a href=\"https:\/\/hightechkaunas.com\/et\/members\/jsc-definra\/\" class=\"members-list-wrapper-item members-list-wrapper-item-1\">\r\n                                <div class=\"members-list-wrapper-item-image\">\r\n                                                                            <img decoding=\"async\" src=\"https:\/\/hightechkaunas.com\/wp-content\/uploads\/2024\/09\/definra.svg\" title=\"item\" alt=\"item\">\r\n                                                                    <\/div>\r\n                            <\/a>\r\n                                                                                <a href=\"https:\/\/hightechkaunas.com\/et\/members\/jsc-inkodus\/\" class=\"members-list-wrapper-item members-list-wrapper-item-2\">\r\n                                <div class=\"members-list-wrapper-item-image\">\r\n                                                                            <img decoding=\"async\" src=\"https:\/\/hightechkaunas.com\/wp-content\/uploads\/2024\/09\/inkodus.svg\" title=\"item\" alt=\"item\">\r\n                                                                    <\/div>\r\n                            <\/a>\r\n                                                                                <a href=\"https:\/\/hightechkaunas.com\/et\/members\/jsc-invertus\/\" class=\"members-list-wrapper-item members-list-wrapper-item-3\">\r\n                                <div class=\"members-list-wrapper-item-image\">\r\n                                                                            <img decoding=\"async\" src=\"https:\/\/hightechkaunas.com\/wp-content\/uploads\/2024\/09\/invertus.svg\" title=\"item\" alt=\"item\">\r\n                                                                    <\/div>\r\n                            <\/a>\r\n                                                                                <a href=\"https:\/\/hightechkaunas.com\/et\/members\/jsc-matomai\/\" class=\"members-list-wrapper-item members-list-wrapper-item-4\">\r\n                                <div class=\"members-list-wrapper-item-image\">\r\n                                                                            <img decoding=\"async\" src=\"https:\/\/hightechkaunas.com\/wp-content\/uploads\/2024\/09\/matom.svg\" title=\"item\" alt=\"item\">\r\n                                                                    <\/div>\r\n                            <\/a>\r\n                                                                                <a href=\"https:\/\/hightechkaunas.com\/et\/members\/jsc-thinkbig-lt\/\" class=\"members-list-wrapper-item members-list-wrapper-item-5\">\r\n                                <div class=\"members-list-wrapper-item-image\">\r\n                                                                            <img decoding=\"async\" src=\"https:\/\/hightechkaunas.com\/wp-content\/uploads\/2024\/09\/thinkbig.svg\" title=\"item\" alt=\"item\">\r\n                                                                    <\/div>\r\n                            <\/a>\r\n                                                                        <\/div>\r\n                    <div class=\"niceblockmembers\"><img decoding=\"async\" src=\"https:\/\/hightechkaunas.com\/wp-content\/themes\/itbrolis\/images\/membeers-nice-block2.svg\" title=\"services-image\" alt=\"services-image\"><\/div>\r\n                <\/div>\r\n            <\/div>\r\n        <\/div>\r\n    <\/div>\r\n<\/section>\r\n\r\n\n\n\r\n\r\n\r\n\r\n<section id=\"left-right-content\" class=\"left-right-content web-section\">\r\n    <div class=\"container-fluid\">\r\n        <div class=\"left-right-content-in\">\r\n            <div class=\"lfrc-left\">\r\n                                    <h3>Missioon<\/h3>\r\n<div class=\"visiontext\">Eesm\u00e4rk on arendada \u00fclemaailmsel turul v\u00e4ga konkurentsiv\u00f5imelisi \u00fchiseid tooteid ning suurendada nende ettev\u00f5tete konkurentsiv\u00f5imet, n\u00e4htavust, t\u00f5husust ja k\u00e4ttesaadavust.<\/div>                            <\/div>\r\n            <div class=\"lfrc-right\">\r\n                                    <h3>Vission<\/h3>\r\n<div class=\"visiontext\">HighTech Kaunase klastri visioon on saada usaldusv\u00e4\u00e4rseks ja tunnustatud IT-ettev\u00f5tete liiduks, partneriks, kes loob uuenduslikke ja konkurentsiv\u00f5imelisi digitaalseid \u00e4rilahendusi, mis loovad lisav\u00e4\u00e4rtust.<\/div>\r\n                            <\/div>\r\n        <\/div>\r\n    <\/div>\r\n<\/section>\r\n\r\n\r\n\n\n\n\n\n\n<section id=\"expertise\" class=\"expertise outsourcing-expertise \" style=\"background-image: url('https:\/\/hightechkaunas.com\/wp-content\/uploads\/2024\/09\/areas.jpg')\">\n\t<div class=\"container-fluidxxx\">\n\t\t<div class=\"expertise-in\">\n\t\t\t<div class=\"expertise-texts\">\n\t\t\t\t\t\t\t\t\t<h2 class=\"main-title\">Klastriga t\u00f6\u00f6tamise eelised<\/h2>\n\t\t\t\t\n\t\t\t\t<div class=\"expertise-wrapper rte\">\n\t\t\t\t\t\t\t\t\t\t\t<p>Koost\u00f6\u00f6 klastris, nagu n\u00e4iteks \u201eHighTech Kaunas\u201c, pakub ettev\u00f5tetele, kes soovivad kasvada ja tugevdada oma turupositsiooni, mitmeid eeliseid. Klaster \u00fchendab erinevaid ettev\u00f5tteid, mis teevad koost\u00f6\u00f6d ja jagavad ressursse, luues tugeva s\u00fcnergia.<\/p>\n<ul>\n<li><strong>Laiemad ekspordiv\u00f5imalused<\/strong><br \/>\nKlasterettev\u00f5tetel on lihtsam p\u00e4\u00e4seda rahvusvahelistele turgudele, kasutades \u00fchtset kaubam\u00e4rki ning osaledes \u00fchisprojektides ja n\u00e4itustel.<\/li>\n<li><strong>Liikmete vaheline s\u00fcnergia<\/strong><br \/>\nKlastris osalejad saavad kasutada \u00fcksteise teadmisi ja ressursse, mis v\u00f5imaldab pakkuda klientidele keerulisemaid ja kohandatud lahendusi.<\/li>\n<li><strong>Juurdep\u00e4\u00e4s teadmistele ja tehnoloogiale<\/strong><br \/>\nKlastrisse kuuluvad ettev\u00f5tted jagavad tehnoloogilisi uuendusi ja kogemusi, mis soodustab kiiremat tehnoloogilist arengut.<\/li>\n<li><strong>Madalamad kulud<\/strong><br \/>\n\u00dchised ressursid, nagu koolitus, turundus v\u00f5i infrastruktuur, v\u00e4hendavad \u00fcksikute ettev\u00f5tete kulusid.<\/li>\n<li><strong>Tugevam turupositsioon<\/strong><br \/>\nKlastri osana tegutsemine lisab usaldusv\u00e4\u00e4rsust, muutes ettev\u00f5tted atraktiivsemaks suurprojektide ja rahvusvaheliste partnerite jaoks.<\/li>\n<li><strong>Innovatsiooni edendamine<\/strong><br \/>\nKoost\u00f6\u00f6 soodustab uute toodete ja teenuste v\u00e4ljat\u00f6\u00f6tamist, mida oleks iseseisvalt raskem saavutada.<\/li>\n<li><strong>Suurem m\u00fc\u00fck<\/strong><br \/>\nKlastri kaudu on ettev\u00f5tetel lihtsam j\u00f5uda uute klientide ja turgudele, mis aitab kaasa tulude kasvule.<\/li>\n<li><strong>Riskide maandamine<\/strong><br \/>\nKlastrid v\u00f5imaldavad liikmetel jagada riske, eriti suurte v\u00f5i keeruliste projektide puhul.<\/li>\n<li><strong>Jagatud turunduse eelised<\/strong><br \/>\nKlastri liikmed saavad osaleda \u00fchistes turunduskampaaniates, n\u00e4itustel ja muudel \u00fcritustel, mis suurendab br\u00e4ndi tuntust.<\/li>\n<li><strong>\u00d5ppe- ja arenguv\u00f5imalused<\/strong><br \/>\nKlastri liikmed saavad kasu \u00fchistest koolitustest, seminaridest ja konverentsidest, mis parandavad nende p\u00e4devust ja s\u00e4ilitavad konkurentsiv\u00f5ime.<\/li>\n<\/ul>\n\t\t\t\t\t\t\t\t\t<\/div>\n\t\t\t<\/div>\n\t\t<\/div>\n\t<\/div>\n\n<\/section>\n\n\n\n\n\r\n\r\n\r\n<section id=\"lefttext\" class=\"lefttext web-section\">\r\n    <div class=\"container-fluid\">\r\n        <div class=\"lefttext-in\">\r\n            <div class=\"rte\">\r\n                                    <h2>Me oleme erinevad<\/h2>\n<p>HighTech Kaunase klaster eristub teistest selle poolest, et keskendub tipptasemel tehnoloogiate, n\u00e4iteks tehisintellekti, robootika ja arenenud IT-lahenduste integreerimisele erinevates t\u00f6\u00f6stusharudes. Erinevalt paljudest traditsioonilistest klastritest \u00fchendab see ainulaadset segu k\u00f5rgelt spetsialiseerunud ettev\u00f5tetest, alates tehisintellektip\u00f5hisest automatiseerimisest kuni kohandatud ERP-s\u00fcsteemide arendamiseni. Selline mitmekesisus v\u00f5imaldab klastril pakkuda terviklikke digitaalse \u00fcmberkujundamise lahendusi, mis vastavad rahvusvaheliste turgude arenevatele vajadustele. Selle tugev r\u00f5huasetus innovatsioonile, t\u00f6\u00f6stusharudevahelisele koost\u00f6\u00f6le ja liikmete vahelisele teadmiste jagamisele soodustab s\u00fcnergilist keskkonda, mis soodustab teedrajavate lahenduste loomist. Lisaks sellele kasutab klastri aktiivset strateegilist asukohta Kaunases, mis on Euroopa kasvav tehnoloogiakeskus, et parandada juurdep\u00e4\u00e4su talentidele, arenenud infrastruktuurile ja \u00fclemaailmsetele turgudele, muutes selle tehnoloogiap\u00f5histe t\u00f6\u00f6stusharude tuleviku kujundamisel juhtivaks.<\/p>\n                            <\/div>\r\n        <\/div>\r\n    <\/div>\r\n<\/section>\r\n\r\n","protected":false},"excerpt":{"rendered":"","protected":false},"author":1,"featured_media":0,"parent":0,"menu_order":0,"comment_status":"closed","ping_status":"closed","template":"","meta":{"_acf_changed":false,"inline_featured_image":false,"footnotes":""},"class_list":["post-1327","page","type-page","status-publish","hentry"],"acf":[],"yoast_head":"<!-- This site is optimized with the Yoast SEO plugin v26.2 - https:\/\/yoast.com\/wordpress\/plugins\/seo\/ -->\n<title>Meie kohta - Hightechkaunas.com<\/title>\n<meta name=\"robots\" content=\"index, follow, max-snippet:-1, max-image-preview:large, max-video-preview:-1\" \/>\n<link rel=\"canonical\" href=\"https:\/\/hightechkaunas.com\/et\/about-us\/\" \/>\n<meta property=\"og:locale\" content=\"et_EE\" \/>\n<meta property=\"og:type\" content=\"article\" \/>\n<meta property=\"og:title\" content=\"Meie kohta - Hightechkaunas.com\" \/>\n<meta property=\"og:url\" content=\"https:\/\/hightechkaunas.com\/et\/about-us\/\" \/>\n<meta property=\"og:site_name\" content=\"Hightechkaunas.com\" \/>\n<meta property=\"article:modified_time\" content=\"2024-11-24T09:07:05+00:00\" \/>\n<meta name=\"twitter:card\" content=\"summary_large_image\" \/>\n<script type=\"application\/ld+json\" class=\"yoast-schema-graph\">{\"@context\":\"https:\/\/schema.org\",\"@graph\":[{\"@type\":\"WebPage\",\"@id\":\"https:\/\/hightechkaunas.com\/et\/about-us\/\",\"url\":\"https:\/\/hightechkaunas.com\/et\/about-us\/\",\"name\":\"Meie kohta - Hightechkaunas.com\",\"isPartOf\":{\"@id\":\"https:\/\/hightechkaunas.com\/#website\"},\"datePublished\":\"2024-09-13T03:20:43+00:00\",\"dateModified\":\"2024-11-24T09:07:05+00:00\",\"breadcrumb\":{\"@id\":\"https:\/\/hightechkaunas.com\/et\/about-us\/#breadcrumb\"},\"inLanguage\":\"et\",\"potentialAction\":[{\"@type\":\"ReadAction\",\"target\":[\"https:\/\/hightechkaunas.com\/et\/about-us\/\"]}]},{\"@type\":\"BreadcrumbList\",\"@id\":\"https:\/\/hightechkaunas.com\/et\/about-us\/#breadcrumb\",\"itemListElement\":[{\"@type\":\"ListItem\",\"position\":1,\"name\":\"Home\",\"item\":\"https:\/\/hightechkaunas.com\/et\/\"},{\"@type\":\"ListItem\",\"position\":2,\"name\":\"Meie kohta\"}]},{\"@type\":\"WebSite\",\"@id\":\"https:\/\/hightechkaunas.com\/#website\",\"url\":\"https:\/\/hightechkaunas.com\/\",\"name\":\"Hightechkaunas.com\",\"description\":\"\",\"potentialAction\":[{\"@type\":\"SearchAction\",\"target\":{\"@type\":\"EntryPoint\",\"urlTemplate\":\"https:\/\/hightechkaunas.com\/?s={search_term_string}\"},\"query-input\":{\"@type\":\"PropertyValueSpecification\",\"valueRequired\":true,\"valueName\":\"search_term_string\"}}],\"inLanguage\":\"et\"}]}<\/script>\n<!-- \/ Yoast SEO plugin. -->","yoast_head_json":{"title":"Meie kohta - Hightechkaunas.com","robots":{"index":"index","follow":"follow","max-snippet":"max-snippet:-1","max-image-preview":"max-image-preview:large","max-video-preview":"max-video-preview:-1"},"canonical":"https:\/\/hightechkaunas.com\/et\/about-us\/","og_locale":"et_EE","og_type":"article","og_title":"Meie kohta - Hightechkaunas.com","og_url":"https:\/\/hightechkaunas.com\/et\/about-us\/","og_site_name":"Hightechkaunas.com","article_modified_time":"2024-11-24T09:07:05+00:00","twitter_card":"summary_large_image","schema":{"@context":"https:\/\/schema.org","@graph":[{"@type":"WebPage","@id":"https:\/\/hightechkaunas.com\/et\/about-us\/","url":"https:\/\/hightechkaunas.com\/et\/about-us\/","name":"Meie kohta - Hightechkaunas.com","isPartOf":{"@id":"https:\/\/hightechkaunas.com\/#website"},"datePublished":"2024-09-13T03:20:43+00:00","dateModified":"2024-11-24T09:07:05+00:00","breadcrumb":{"@id":"https:\/\/hightechkaunas.com\/et\/about-us\/#breadcrumb"},"inLanguage":"et","potentialAction":[{"@type":"ReadAction","target":["https:\/\/hightechkaunas.com\/et\/about-us\/"]}]},{"@type":"BreadcrumbList","@id":"https:\/\/hightechkaunas.com\/et\/about-us\/#breadcrumb","itemListElement":[{"@type":"ListItem","position":1,"name":"Home","item":"https:\/\/hightechkaunas.com\/et\/"},{"@type":"ListItem","position":2,"name":"Meie kohta"}]},{"@type":"WebSite","@id":"https:\/\/hightechkaunas.com\/#website","url":"https:\/\/hightechkaunas.com\/","name":"Hightechkaunas.com","description":"","potentialAction":[{"@type":"SearchAction","target":{"@type":"EntryPoint","urlTemplate":"https:\/\/hightechkaunas.com\/?s={search_term_string}"},"query-input":{"@type":"PropertyValueSpecification","valueRequired":true,"valueName":"search_term_string"}}],"inLanguage":"et"}]}},"_links":{"self":[{"href":"https:\/\/hightechkaunas.com\/et\/wp-json\/wp\/v2\/pages\/1327","targetHints":{"allow":["GET"]}}],"collection":[{"href":"https:\/\/hightechkaunas.com\/et\/wp-json\/wp\/v2\/pages"}],"about":[{"href":"https:\/\/hightechkaunas.com\/et\/wp-json\/wp\/v2\/types\/page"}],"author":[{"embeddable":true,"href":"https:\/\/hightechkaunas.com\/et\/wp-json\/wp\/v2\/users\/1"}],"replies":[{"embeddable":true,"href":"https:\/\/hightechkaunas.com\/et\/wp-json\/wp\/v2\/comments?post=1327"}],"version-history":[{"count":2,"href":"https:\/\/hightechkaunas.com\/et\/wp-json\/wp\/v2\/pages\/1327\/revisions"}],"predecessor-version":[{"id":1826,"href":"https:\/\/hightechkaunas.com\/et\/wp-json\/wp\/v2\/pages\/1327\/revisions\/1826"}],"wp:attachment":[{"href":"https:\/\/hightechkaunas.com\/et\/wp-json\/wp\/v2\/media?parent=1327"}],"curies":[{"name":"wp","href":"https:\/\/api.w.org\/{rel}","templated":true}]}}