{"id":1322,"date":"2024-10-30T07:28:26","date_gmt":"2024-10-30T07:28:26","guid":{"rendered":"https:\/\/hightechkaunas.com\/hightech-outsourcing\/"},"modified":"2024-10-30T13:35:18","modified_gmt":"2024-10-30T13:35:18","slug":"hightech-outsourcing","status":"publish","type":"page","link":"https:\/\/hightechkaunas.com\/et\/hightech-outsourcing\/","title":{"rendered":"Hightech outsorcing"},"content":{"rendered":"\r\n\r\n<section id=\"header-block\" class=\"header-block\">\r\n    <div class=\"header-block-texts\">\r\n                    <h1>Hightech <br> outsorcing<\/h1>\r\n            <\/div>\r\n        <style>\r\n        .header-block {\r\n            background: url('https:\/\/hightechkaunas.com\/wp-content\/uploads\/2024\/10\/louis-droege-DDmKCvzp-KA-unsplash-scaled.jpg') no-repeat center center;\r\n            background-size: cover;\r\n        }\r\n    <\/style>\r\n<\/section>\r\n\r\n\r\n\n\n\n\n\n\n\n<section id=\"child-pages\" class=\"child-pages web-section\">\n\t<div class=\"container-fluid\">\n\t\t\t\t\t\t\t<div class=\"owl-carousel child-pages-slider\">\n\t\t\t\t\t\t\t\t\t<a href=\"https:\/\/hightechkaunas.com\/et\/hightech-outsourcing\/madalmaad\/\" class=\"news-list-item news-list-item-\">\n\t\t\t\t\t\t<div class=\"news-list-item-image\">\n\t\t\t\t\t\t\t<img loading=\"lazy\" decoding=\"async\" width=\"518\" height=\"300\" src=\"https:\/\/hightechkaunas.com\/wp-content\/uploads\/2024\/10\/pexels-chaitaastic-2031706-518x300.jpg\" class=\"attachment-listpost size-listpost wp-post-image\" alt=\"\" \/>\t\t\t\t\t\t<\/div>\n\t\t\t\t\t\t<div class=\"news-list-item-text\">\n\t\t\t\t\t\t\t<h3>Madalmaad<\/h3>\n\t\t\t\t\t\t\t<p><p>Miks on Hightech Kaunas ideaalne IT-partner Hollandi ettev\u00f5tetele?<\/p>\n<\/p>\n\t\t\t\t\t\t\t<div class=\"news-list-item-text-arrow\"><\/div>\n\t\t\t\t\t\t<\/div>\n\t\t\t\t\t<\/a>\n\t\t\t\t\t\t\t\t\t<a href=\"https:\/\/hightechkaunas.com\/et\/hightech-outsourcing\/estija\/\" class=\"news-list-item news-list-item-\">\n\t\t\t\t\t\t<div class=\"news-list-item-image\">\n\t\t\t\t\t\t\t<img loading=\"lazy\" decoding=\"async\" width=\"518\" height=\"300\" src=\"https:\/\/hightechkaunas.com\/wp-content\/uploads\/2024\/10\/pexels-orlovamaria-4906154-518x300.jpg\" class=\"attachment-listpost size-listpost wp-post-image\" alt=\"\" \/>\t\t\t\t\t\t<\/div>\n\t\t\t\t\t\t<div class=\"news-list-item-text\">\n\t\t\t\t\t\t\t<h3>Eesti<\/h3>\n\t\t\t\t\t\t\t<p><p>In Estonia, a country where innovation and IT solutions are the order of the day, competition is fierce. But this is where Hightech Kaunas can offer significant added value. <\/p>\n<\/p>\n\t\t\t\t\t\t\t<div class=\"news-list-item-text-arrow\"><\/div>\n\t\t\t\t\t\t<\/div>\n\t\t\t\t\t<\/a>\n\t\t\t\t\t\t\t\t\t<a href=\"https:\/\/hightechkaunas.com\/et\/hightech-outsourcing\/denmark\/\" class=\"news-list-item news-list-item-\">\n\t\t\t\t\t\t<div class=\"news-list-item-image\">\n\t\t\t\t\t\t\t<img loading=\"lazy\" decoding=\"async\" width=\"518\" height=\"300\" src=\"https:\/\/hightechkaunas.com\/wp-content\/uploads\/2024\/10\/pexels-pixabay-416024-518x300.jpg\" class=\"attachment-listpost size-listpost wp-post-image\" alt=\"\" \/>\t\t\t\t\t\t<\/div>\n\t\t\t\t\t\t<div class=\"news-list-item-text\">\n\t\t\t\t\t\t\t<h3>Taani<\/h3>\n\t\t\t\t\t\t\t<p><p>Hightech Kaunas v\u00f5ib pakkuda Taani turule v\u00e4\u00e4rtuslikke eeliseid, mis tugevdavad Taani ettev\u00f5tete konkurentsiv\u00f5imet rahvusvahelisel areenil ja aitavad neil saavutada oma tehnoloogilisi eesm\u00e4rke t\u00f5husalt ja uuenduslikult.<\/p>\n<\/p>\n\t\t\t\t\t\t\t<div class=\"news-list-item-text-arrow\"><\/div>\n\t\t\t\t\t\t<\/div>\n\t\t\t\t\t<\/a>\n\t\t\t\t\t\t\t\t\t<a href=\"https:\/\/hightechkaunas.com\/et\/hightech-outsourcing\/norra\/\" class=\"news-list-item news-list-item-\">\n\t\t\t\t\t\t<div class=\"news-list-item-image\">\n\t\t\t\t\t\t\t<img loading=\"lazy\" decoding=\"async\" width=\"518\" height=\"300\" src=\"https:\/\/hightechkaunas.com\/wp-content\/uploads\/2024\/10\/pexels-borisk-5683079-518x300.jpg\" class=\"attachment-listpost size-listpost wp-post-image\" alt=\"\" \/>\t\t\t\t\t\t<\/div>\n\t\t\t\t\t\t<div class=\"news-list-item-text\">\n\t\t\t\t\t\t\t<h3>Norra<\/h3>\n\t\t\t\t\t\t\t<p><p>Norra IT-turg on \u00fcks k\u00f5ige arenenumaid Euroopas ja t\u00e4nu oma kogemustele on Hightech Kaunase klastril riigile palju pakkuda.<\/p>\n<\/p>\n\t\t\t\t\t\t\t<div class=\"news-list-item-text-arrow\"><\/div>\n\t\t\t\t\t\t<\/div>\n\t\t\t\t\t<\/a>\n\t\t\t\t\t\t\t\t\t<a href=\"https:\/\/hightechkaunas.com\/et\/hightech-outsourcing\/uhendkuningriik\/\" class=\"news-list-item news-list-item-\">\n\t\t\t\t\t\t<div class=\"news-list-item-image\">\n\t\t\t\t\t\t\t<img loading=\"lazy\" decoding=\"async\" width=\"518\" height=\"300\" src=\"https:\/\/hightechkaunas.com\/wp-content\/uploads\/2024\/10\/tadas-petrokas-ST8nRuFtjBQ-unsplash-518x300.jpg\" class=\"attachment-listpost size-listpost wp-post-image\" alt=\"\" \/>\t\t\t\t\t\t<\/div>\n\t\t\t\t\t\t<div class=\"news-list-item-text\">\n\t\t\t\t\t\t\t<h3>\u00dchendkuningriik<\/h3>\n\t\t\t\t\t\t\t<p><p>Miks on Hightech Kaunas \u00f5ige \u00dchendkuningriigi klientidele?<\/p>\n<\/p>\n\t\t\t\t\t\t\t<div class=\"news-list-item-text-arrow\"><\/div>\n\t\t\t\t\t\t<\/div>\n\t\t\t\t\t<\/a>\n\t\t\t\t\t\t\t\t\t<a href=\"https:\/\/hightechkaunas.com\/et\/hightech-outsourcing\/ameerika-uhendriigid\/\" class=\"news-list-item news-list-item-\">\n\t\t\t\t\t\t<div class=\"news-list-item-image\">\n\t\t\t\t\t\t\t<img loading=\"lazy\" decoding=\"async\" width=\"518\" height=\"300\" src=\"https:\/\/hightechkaunas.com\/wp-content\/uploads\/2024\/10\/adrian-newell-Itn-olYoPAg-unsplash-518x300.jpg\" class=\"attachment-listpost size-listpost wp-post-image\" alt=\"\" \/>\t\t\t\t\t\t<\/div>\n\t\t\t\t\t\t<div class=\"news-list-item-text\">\n\t\t\t\t\t\t\t<h3>AMEERIKA \u00dcHENDRIIGID<\/h3>\n\t\t\t\t\t\t\t<p><p>Miks peaks USA IT-klient tegema koost\u00f6\u00f6d Hightech Kaunasega?<\/p>\n<\/p>\n\t\t\t\t\t\t\t<div class=\"news-list-item-text-arrow\"><\/div>\n\t\t\t\t\t\t<\/div>\n\t\t\t\t\t<\/a>\n\t\t\t\t\t\t\t\t\t<a href=\"https:\/\/hightechkaunas.com\/et\/hightech-outsourcing\/iirimaa\/\" class=\"news-list-item news-list-item-\">\n\t\t\t\t\t\t<div class=\"news-list-item-image\">\n\t\t\t\t\t\t\t<img loading=\"lazy\" decoding=\"async\" width=\"518\" height=\"300\" src=\"https:\/\/hightechkaunas.com\/wp-content\/uploads\/2024\/10\/pexels-lucianphotography-3566187-518x300.jpg\" class=\"attachment-listpost size-listpost wp-post-image\" alt=\"\" \/>\t\t\t\t\t\t<\/div>\n\t\t\t\t\t\t<div class=\"news-list-item-text\">\n\t\t\t\t\t\t\t<h3>Lirimaa<\/h3>\n\t\t\t\t\t\t\t<p><p>Avastage oma IT-lahendused koos HighTech Kaunasiga: usaldusv\u00e4\u00e4rne partner Iirimaal<\/p>\n<\/p>\n\t\t\t\t\t\t\t<div class=\"news-list-item-text-arrow\"><\/div>\n\t\t\t\t\t\t<\/div>\n\t\t\t\t\t<\/a>\n\t\t\t\t\t\t\t<\/div>\n\t\t\t<\/div>\n<\/section>","protected":false},"excerpt":{"rendered":"","protected":false},"author":1,"featured_media":0,"parent":0,"menu_order":0,"comment_status":"closed","ping_status":"closed","template":"","meta":{"_acf_changed":false,"inline_featured_image":false,"footnotes":""},"class_list":["post-1322","page","type-page","status-publish","hentry"],"acf":[],"yoast_head":"<!-- This site is optimized with the Yoast SEO plugin v26.2 - https:\/\/yoast.com\/wordpress\/plugins\/seo\/ -->\n<title>Hightech outsorcing - Hightechkaunas.com<\/title>\n<meta name=\"robots\" content=\"index, follow, max-snippet:-1, max-image-preview:large, max-video-preview:-1\" \/>\n<link rel=\"canonical\" href=\"https:\/\/hightechkaunas.com\/et\/hightech-outsourcing\/\" \/>\n<meta property=\"og:locale\" content=\"et_EE\" \/>\n<meta property=\"og:type\" content=\"article\" \/>\n<meta property=\"og:title\" content=\"Hightech outsorcing - Hightechkaunas.com\" \/>\n<meta property=\"og:url\" content=\"https:\/\/hightechkaunas.com\/et\/hightech-outsourcing\/\" \/>\n<meta property=\"og:site_name\" content=\"Hightechkaunas.com\" \/>\n<meta property=\"article:modified_time\" content=\"2024-10-30T13:35:18+00:00\" \/>\n<meta name=\"twitter:card\" content=\"summary_large_image\" \/>\n<script type=\"application\/ld+json\" class=\"yoast-schema-graph\">{\"@context\":\"https:\/\/schema.org\",\"@graph\":[{\"@type\":\"WebPage\",\"@id\":\"https:\/\/hightechkaunas.com\/et\/hightech-outsourcing\/\",\"url\":\"https:\/\/hightechkaunas.com\/et\/hightech-outsourcing\/\",\"name\":\"Hightech outsorcing - Hightechkaunas.com\",\"isPartOf\":{\"@id\":\"https:\/\/hightechkaunas.com\/#website\"},\"datePublished\":\"2024-10-30T07:28:26+00:00\",\"dateModified\":\"2024-10-30T13:35:18+00:00\",\"breadcrumb\":{\"@id\":\"https:\/\/hightechkaunas.com\/et\/hightech-outsourcing\/#breadcrumb\"},\"inLanguage\":\"et\",\"potentialAction\":[{\"@type\":\"ReadAction\",\"target\":[\"https:\/\/hightechkaunas.com\/et\/hightech-outsourcing\/\"]}]},{\"@type\":\"BreadcrumbList\",\"@id\":\"https:\/\/hightechkaunas.com\/et\/hightech-outsourcing\/#breadcrumb\",\"itemListElement\":[{\"@type\":\"ListItem\",\"position\":1,\"name\":\"Home\",\"item\":\"https:\/\/hightechkaunas.com\/et\/\"},{\"@type\":\"ListItem\",\"position\":2,\"name\":\"Hightech outsorcing\"}]},{\"@type\":\"WebSite\",\"@id\":\"https:\/\/hightechkaunas.com\/#website\",\"url\":\"https:\/\/hightechkaunas.com\/\",\"name\":\"Hightechkaunas.com\",\"description\":\"\",\"potentialAction\":[{\"@type\":\"SearchAction\",\"target\":{\"@type\":\"EntryPoint\",\"urlTemplate\":\"https:\/\/hightechkaunas.com\/?s={search_term_string}\"},\"query-input\":{\"@type\":\"PropertyValueSpecification\",\"valueRequired\":true,\"valueName\":\"search_term_string\"}}],\"inLanguage\":\"et\"}]}<\/script>\n<!-- \/ Yoast SEO plugin. -->","yoast_head_json":{"title":"Hightech outsorcing - Hightechkaunas.com","robots":{"index":"index","follow":"follow","max-snippet":"max-snippet:-1","max-image-preview":"max-image-preview:large","max-video-preview":"max-video-preview:-1"},"canonical":"https:\/\/hightechkaunas.com\/et\/hightech-outsourcing\/","og_locale":"et_EE","og_type":"article","og_title":"Hightech outsorcing - Hightechkaunas.com","og_url":"https:\/\/hightechkaunas.com\/et\/hightech-outsourcing\/","og_site_name":"Hightechkaunas.com","article_modified_time":"2024-10-30T13:35:18+00:00","twitter_card":"summary_large_image","schema":{"@context":"https:\/\/schema.org","@graph":[{"@type":"WebPage","@id":"https:\/\/hightechkaunas.com\/et\/hightech-outsourcing\/","url":"https:\/\/hightechkaunas.com\/et\/hightech-outsourcing\/","name":"Hightech outsorcing - Hightechkaunas.com","isPartOf":{"@id":"https:\/\/hightechkaunas.com\/#website"},"datePublished":"2024-10-30T07:28:26+00:00","dateModified":"2024-10-30T13:35:18+00:00","breadcrumb":{"@id":"https:\/\/hightechkaunas.com\/et\/hightech-outsourcing\/#breadcrumb"},"inLanguage":"et","potentialAction":[{"@type":"ReadAction","target":["https:\/\/hightechkaunas.com\/et\/hightech-outsourcing\/"]}]},{"@type":"BreadcrumbList","@id":"https:\/\/hightechkaunas.com\/et\/hightech-outsourcing\/#breadcrumb","itemListElement":[{"@type":"ListItem","position":1,"name":"Home","item":"https:\/\/hightechkaunas.com\/et\/"},{"@type":"ListItem","position":2,"name":"Hightech outsorcing"}]},{"@type":"WebSite","@id":"https:\/\/hightechkaunas.com\/#website","url":"https:\/\/hightechkaunas.com\/","name":"Hightechkaunas.com","description":"","potentialAction":[{"@type":"SearchAction","target":{"@type":"EntryPoint","urlTemplate":"https:\/\/hightechkaunas.com\/?s={search_term_string}"},"query-input":{"@type":"PropertyValueSpecification","valueRequired":true,"valueName":"search_term_string"}}],"inLanguage":"et"}]}},"_links":{"self":[{"href":"https:\/\/hightechkaunas.com\/et\/wp-json\/wp\/v2\/pages\/1322","targetHints":{"allow":["GET"]}}],"collection":[{"href":"https:\/\/hightechkaunas.com\/et\/wp-json\/wp\/v2\/pages"}],"about":[{"href":"https:\/\/hightechkaunas.com\/et\/wp-json\/wp\/v2\/types\/page"}],"author":[{"embeddable":true,"href":"https:\/\/hightechkaunas.com\/et\/wp-json\/wp\/v2\/users\/1"}],"replies":[{"embeddable":true,"href":"https:\/\/hightechkaunas.com\/et\/wp-json\/wp\/v2\/comments?post=1322"}],"version-history":[{"count":1,"href":"https:\/\/hightechkaunas.com\/et\/wp-json\/wp\/v2\/pages\/1322\/revisions"}],"predecessor-version":[{"id":1543,"href":"https:\/\/hightechkaunas.com\/et\/wp-json\/wp\/v2\/pages\/1322\/revisions\/1543"}],"wp:attachment":[{"href":"https:\/\/hightechkaunas.com\/et\/wp-json\/wp\/v2\/media?parent=1322"}],"curies":[{"name":"wp","href":"https:\/\/api.w.org\/{rel}","templated":true}]}}