{"id":1312,"date":"2024-10-30T09:28:36","date_gmt":"2024-10-30T09:28:36","guid":{"rendered":"https:\/\/hightechkaunas.com\/jav\/"},"modified":"2024-11-24T11:45:49","modified_gmt":"2024-11-24T11:45:49","slug":"ameerika-uhendriigid","status":"publish","type":"page","link":"https:\/\/hightechkaunas.com\/et\/hightech-outsourcing\/ameerika-uhendriigid\/","title":{"rendered":"AMEERIKA \u00dcHENDRIIGID"},"content":{"rendered":"\r\n\r\n<section id=\"header-block\" class=\"header-block\">\r\n    <div class=\"header-block-texts\">\r\n                    <h1>AMEERIKA \u00dcHENDRIIGID<\/h1>\r\n            <\/div>\r\n        <style>\r\n        .header-block {\r\n            background: url('https:\/\/hightechkaunas.com\/wp-content\/uploads\/2024\/10\/adrian-newell-Itn-olYoPAg-unsplash-scaled.jpg') no-repeat center center;\r\n            background-size: cover;\r\n        }\r\n    <\/style>\r\n<\/section>\r\n\r\n\r\n\n\n\n\n\n\n<section id=\"services-text\" class=\"services-text web-section title-text\">\n\t<div class=\"container-fluid\">\n\t\t\t\t\t<h2 class=\"main-title\">\n\t\t\t\tMiks peaks USA IT-klient tegema koost\u00f6\u00f6d Hightech Kaunasega?\t\t\t<\/h2>\n\t\t\t\t\t<\/div>\n<\/section>\n\n\n\n\n\n\n<section id=\"members\" class=\"members web-section outsourcing-block\">\n\t<div class=\"white-rounded-item\"><\/div>\n\n\t\t<div class=\"imagemember\" style=\"background-image: url('https:\/\/hightechkaunas.com\/wp-content\/uploads\/2024\/10\/bill-stephan-ByVB9WNPl2w-unsplash.jpg')\">\n\t\t<div class=\"niceblockmembers\"><img decoding=\"async\" src=\"https:\/\/hightechkaunas.com\/wp-content\/themes\/itbrolis\/images\/membeers-nice-block2.svg\" title=\"services-image\" alt=\"services-image\"><\/div>\n\t<\/div>\n\t<div class=\"container-fluidxxx\">\n\t\t<div class=\"members-in\">\n\n\t\t\t<div class=\"members-texts\">\n\t\t\t\t\t\t\t\t\t<h2 class=\"main-title\">1. Konkurentsiv\u00f5ime maailmaturul<\/h2>\n\t\t\t\t\n\t\t\t\t\n\t\t\t\t\t\t\t\t\t<div class=\"main__text main__text-top-pd\"><p>USA IT-sektor on \u00fcks konkurentsiv\u00f5imelisemaid ja d\u00fcnaamilisemaid maailmas, mis n\u00f5uab kiiret kohanemist uute tehnoloogiatega, k\u00f5rgetasemelist teenust ja t\u00f5husat projektijuhtimist. <strong>Hightech Kaunas<\/strong> pakub just seda, mida USA IT-kliendid vajavad &#8211; uuenduslikke lahendusi taskukohaste kuludega. <strong>Klasterettev\u00f5tted<\/strong> suudavad pakkuda kuluefektiivsust, mis v\u00f5imaldab USA ettev\u00f5tetel v\u00e4hendada tarkvara arendamise, hoolduse v\u00f5i kasutuselev\u00f5tu kulusid, ilma et see tooks ohvriks kvaliteedi. T\u00e4nu madalamatele tegevuskuludele Leedus suudab Hightech Kaunas pakkuda konkurentsiv\u00f5imelist hinda, s\u00e4ilitades samal ajal USA juhtivate teenusepakkujatega v\u00f5rreldava k\u00f5rge teenindustaseme.<\/p>\n<\/div>\n\t\t\t\t\t\t\t<\/div>\n\t\t<\/div>\n\t<\/div>\n<\/section>\n\n\n\n\n\n<section id=\"members\" class=\"members web-section outsourcing-block\">\n\t<div class=\"white-rounded-item\"><\/div>\n\n\t\t<div class=\"imagemember\" style=\"background-image: url('https:\/\/hightechkaunas.com\/wp-content\/uploads\/2024\/10\/sierra-bell-VR0W2vYVEMk-unsplash-scaled.jpg')\">\n\t\t<div class=\"niceblockmembers\"><img decoding=\"async\" src=\"https:\/\/hightechkaunas.com\/wp-content\/themes\/itbrolis\/images\/membeers-nice-block2.svg\" title=\"services-image\" alt=\"services-image\"><\/div>\n\t<\/div>\n\t<div class=\"container-fluidxxx\">\n\t\t<div class=\"members-in\">\n\n\t\t\t<div class=\"members-texts\">\n\t\t\t\t\t\t\t\t\t<h2 class=\"main-title\">2. Kvaliteetsed talendid ja p\u00e4devus<\/h2>\n\t\t\t\t\n\t\t\t\t\n\t\t\t\t\t\t\t\t\t<div class=\"main__text main__text-top-pd\"><p>Leedust ja eriti <strong>Kaunasest<\/strong> on kujunemas \u00fcks peamisi IT-tippide keskusi Euroopas. Riik on ainulaadne ka oma v\u00f5ime poolest kohaneda v\u00f5imalikult kiiresti d\u00fcnaamiliste turumuutuste ja -vajadustega. Klastri liikmetel on p\u00f5hjalikud oskused tarkvaraarenduse, pilvandmet\u00f6\u00f6tluse, tehisintellekti (AI) ja andmeanal\u00fc\u00fctika valdkonnas. USA ettev\u00f5tete jaoks on oluline, et teenuseid osutaksid kogenud spetsialistid, kellel on \u00f5iged tehnoloogilised oskused, p\u00e4devus ja innovatsioonile orienteeritus, ning <strong>Hightech Kaunas<\/strong> suudab seda pakkuda. <strong>Leedu IT-spetsialistid on kogu maailmas tuntud oma tugeva matemaatilise ja inseneri taustaga<\/strong>, oma v\u00f5imega lahendada keerulisi probleeme ja t\u00f6\u00f6tada v\u00e4lja uuenduslikke lahendusi.<\/p>\n<\/div>\n\t\t\t\t\t\t\t<\/div>\n\t\t<\/div>\n\t<\/div>\n<\/section>\n\n\n\n\n\n<section id=\"members\" class=\"members web-section outsourcing-block\">\n\t<div class=\"white-rounded-item\"><\/div>\n\n\t\t<div class=\"imagemember\" style=\"background-image: url('https:\/\/hightechkaunas.com\/wp-content\/uploads\/2024\/10\/aiden-u-aCSil_nZx2k-unsplash-scaled.jpg')\">\n\t\t<div class=\"niceblockmembers\"><img decoding=\"async\" src=\"https:\/\/hightechkaunas.com\/wp-content\/themes\/itbrolis\/images\/membeers-nice-block2.svg\" title=\"services-image\" alt=\"services-image\"><\/div>\n\t<\/div>\n\t<div class=\"container-fluidxxx\">\n\t\t<div class=\"members-in\">\n\n\t\t\t<div class=\"members-texts\">\n\t\t\t\t\t\t\t\t\t<h2 class=\"main-title\">3. Usaldusv\u00e4\u00e4rne partner digitaalseks \u00fcmberkujundamiseks<\/h2>\n\t\t\t\t\n\t\t\t\t\n\t\t\t\t\t\t\t\t\t<div class=\"main__text main__text-top-pd\"><p>\u00d5igeaegne digitaalne \u00fcmberkujundamine on USA ettev\u00f5tete jaoks peamine \u00e4riline prioriteet. Ettev\u00f5tted p\u00fc\u00fcavad ajakohastada oma s\u00fcsteeme, v\u00f5tta kasutusele automatiseerimislahendusi ja tugevdada pidevalt oma digitaalset kohalolekut maailmaturul. Hightech Kaunas <strong>on spetsialiseerunud digitaalsele \u00fcmberkujundamisele<\/strong>, pakkudes oma klientide erivajadustele kohandatud tipptasemel IT-lahendusi. Klastri meeskonnad t\u00f6\u00f6tavad uusimate tehnoloogiatega, sealhulgas tehisintellekti, masin\u00f5ppe, plokiahela lahenduste ja k\u00fcberturvalisusega.<\/p>\n<\/div>\n\t\t\t\t\t\t\t<\/div>\n\t\t<\/div>\n\t<\/div>\n<\/section>\n\n\n\n\n\n<section id=\"members\" class=\"members web-section outsourcing-block\">\n\t<div class=\"white-rounded-item\"><\/div>\n\n\t\t<div class=\"imagemember\" style=\"background-image: url('https:\/\/hightechkaunas.com\/wp-content\/uploads\/2024\/10\/anvesh-uppunuthula-VMwl7U2qeNg-unsplash-scaled.jpg')\">\n\t\t<div class=\"niceblockmembers\"><img decoding=\"async\" src=\"https:\/\/hightechkaunas.com\/wp-content\/themes\/itbrolis\/images\/membeers-nice-block2.svg\" title=\"services-image\" alt=\"services-image\"><\/div>\n\t<\/div>\n\t<div class=\"container-fluidxxx\">\n\t\t<div class=\"members-in\">\n\n\t\t\t<div class=\"members-texts\">\n\t\t\t\t\t\t\t\t\t<h2 class=\"main-title\">4. Paindlikkus ja kiire reageerimine<\/h2>\n\t\t\t\t\n\t\t\t\t\n\t\t\t\t\t\t\t\t\t<div class=\"main__text main__text-top-pd\"><p>\u00dcks suurimaid v\u00e4ljakutseid USA klientide jaoks \u00fclemaailmsete partneritega t\u00f6\u00f6tamisel on paindlikkuse puudumine. <strong>Kaunase k\u00f5rgtehnoloogiaettev\u00f5tted<\/strong> on v\u00e4ikesed ja keskmise suurusega, mis v\u00f5imaldab neil kiiresti reageerida muutustele ja kohaneda konkreetsete tellimustega. See t\u00e4hendab, et projekti k\u00e4igus saab teha vajalikke muudatusi, s\u00e4ilitades samal ajal t\u00f5husa suhtluse ja tiheda koost\u00f6\u00f6. <strong>V\u00e4ikesed ja keskmise suurusega Leedu IT-partnerid suudavad tagada personaalse l\u00e4henemise igale kliendile<\/strong> ja pakkuda lahendusi, mis vastavad t\u00e4pselt tema vajadustele.<\/p>\n<\/div>\n\t\t\t\t\t\t\t<\/div>\n\t\t<\/div>\n\t<\/div>\n<\/section>\n\n\n\n\n\n<section id=\"members\" class=\"members web-section outsourcing-block\">\n\t<div class=\"white-rounded-item\"><\/div>\n\n\t\t<div class=\"imagemember\" style=\"background-image: url('https:\/\/hightechkaunas.com\/wp-content\/uploads\/2024\/10\/kelvin-zyteng-LMq-rTluKfQ-unsplash-scaled.jpg')\">\n\t\t<div class=\"niceblockmembers\"><img decoding=\"async\" src=\"https:\/\/hightechkaunas.com\/wp-content\/themes\/itbrolis\/images\/membeers-nice-block2.svg\" title=\"services-image\" alt=\"services-image\"><\/div>\n\t<\/div>\n\t<div class=\"container-fluidxxx\">\n\t\t<div class=\"members-in\">\n\n\t\t\t<div class=\"members-texts\">\n\t\t\t\t\t\t\t\t\t<h2 class=\"main-title\">5. T\u00e4iustatud programmeerimis- ja tehnoloogialahendused<\/h2>\n\t\t\t\t\n\t\t\t\t\n\t\t\t\t\t\t\t\t\t<div class=\"main__text main__text-top-pd\"><p>Leedu ja Kaunas on tuntud kui innovatsioonikeskused, kus erinevad tehnoloogilised \u00f6kos\u00fcsteemid arenevad j\u00f5udsalt. Hightech Kaunase klastris on v\u00f5imalik pakkuda mitmesuguseid lahendusi alates finantstehnoloogiast kuni tehisintellektiini, et aidata USA ettev\u00f5tetel oma ambitsioonikaid projekte ellu viia. <strong>Hightech Kaunase eksperdid kasutavad aktiivselt selliseid programmeerimiskeeli nagu Python, Java, C++, .NET ja muid t\u00e4iustatud vahendeid, et pakkuda klientidele kaasaegseid<\/strong>, skaleeritavaid ja turvalisi lahendusi.<\/p>\n<\/div>\n\t\t\t\t\t\t\t<\/div>\n\t\t<\/div>\n\t<\/div>\n<\/section>\n\n\n\n\n\n<section id=\"members\" class=\"members web-section outsourcing-block\">\n\t<div class=\"white-rounded-item\"><\/div>\n\n\t\t<div class=\"imagemember\" style=\"background-image: url('https:\/\/hightechkaunas.com\/wp-content\/uploads\/2024\/10\/magco-togges-_Rx2BD-EMc8-unsplash-scaled.jpg')\">\n\t\t<div class=\"niceblockmembers\"><img decoding=\"async\" src=\"https:\/\/hightechkaunas.com\/wp-content\/themes\/itbrolis\/images\/membeers-nice-block2.svg\" title=\"services-image\" alt=\"services-image\"><\/div>\n\t<\/div>\n\t<div class=\"container-fluidxxx\">\n\t\t<div class=\"members-in\">\n\n\t\t\t<div class=\"members-texts\">\n\t\t\t\t\t\t\t\t\t<h2 class=\"main-title\">6. K\u00fcberturvalisus &#8211; kriitiline valdkond USA ettev\u00f5tete jaoks<\/h2>\n\t\t\t\t\n\t\t\t\t\n\t\t\t\t\t\t\t\t\t<div class=\"main__text main__text-top-pd\"><p>K\u00fcberturvalisus on USA ettev\u00f5tete jaoks oluline valdkond. <strong>Hightech Kaunase<\/strong> meeskondadel on p\u00f5hjalikud teadmised k\u00fcberturvalisuse, sealhulgas riskijuhtimise, IT-infrastruktuuri ohukaitse, andmeturvalisuse lahenduste ja muude oluliste aspektide kohta. USA turu jaoks, mis on pidevalt uute k\u00fcberohtude suhtes avatud, v\u00f5ib koost\u00f6\u00f6 Hightech Kaunase ettev\u00f5ttega olla kasulik lahendus, et v\u00e4ltida turvaprobleeme ja v\u00e4hendada v\u00f5imalikku rahalist kahju.<\/p>\n<p>Oluline on m\u00e4rkida, et Leedu on viimastel aastatel GCI (<strong>Global Cybersecurity Index<\/strong>) kohaselt olnud maailma juhtivate riikide hulgas k\u00fcberturvalisuse valdkonnas ning oli 2023. aastal 2. kohal.<\/p>\n<\/div>\n\t\t\t\t\t\t\t<\/div>\n\t\t<\/div>\n\t<\/div>\n<\/section>\n\n\n\n\n\n<section id=\"members\" class=\"members web-section outsourcing-block\">\n\t<div class=\"white-rounded-item\"><\/div>\n\n\t\t<div class=\"imagemember\" style=\"background-image: url('https:\/\/hightechkaunas.com\/wp-content\/uploads\/2024\/10\/adrian-newell-p2sKP6AJfc0-unsplash-scaled.jpg')\">\n\t\t<div class=\"niceblockmembers\"><img decoding=\"async\" src=\"https:\/\/hightechkaunas.com\/wp-content\/themes\/itbrolis\/images\/membeers-nice-block2.svg\" title=\"services-image\" alt=\"services-image\"><\/div>\n\t<\/div>\n\t<div class=\"container-fluidxxx\">\n\t\t<div class=\"members-in\">\n\n\t\t\t<div class=\"members-texts\">\n\t\t\t\t\t\t\t\t\t<h2 class=\"main-title\">7. Suurem tehnoloogiline paindlikkus<\/h2>\n\t\t\t\t\n\t\t\t\t\n\t\t\t\t\t\t\t\t\t<div class=\"main__text main__text-top-pd\"><p>USA klientide jaoks on oluline juurdep\u00e4\u00e4s paljudele tehnoloogiaspetsialistidele. <strong>Hightech Kaunase<\/strong> klaster pakub mitmekesist IT-teenuste portfelli &#8211; alates <strong>Java, Pythonist, .NETist<\/strong> ja muudest tehnoloogiatest kuni k\u00fcberturvalisuse ja pilvelahendusteni. Allhanke eelis on see, et klient saab t\u00e4pselt seda, mida ta vajab, ilma et ta oleks seotud \u00fche tehnoloogiliselt piiratud partneriga. See v\u00f5imaldab eri platvormide ja s\u00fcsteemide lihtsat integreerimist, et t\u00e4ita konkreetseid \u00e4rivajadusi.<\/p>\n<\/div>\n\t\t\t\t\t\t\t<\/div>\n\t\t<\/div>\n\t<\/div>\n<\/section>\n\n\n\n\n\n\n\n<section id=\"services-text\" class=\"services-text web-section title-text\">\n\t<div class=\"container-fluid\">\n\t\t\t\t\t<h2 class=\"main-title\">\n\t\t\t\tMiks valida Hightech Kaunas?\t\t\t<\/h2>\n\t\t\t\t\t\t\t<div class=\"subtitle-text\">\n\t\t\t\t<p><strong>Hightech Kaunas<\/strong> ei ole mitte ainult usaldusv\u00e4\u00e4rne IT-teenuste pakkuja, vaid ka strateegiline partner, kes aitab USA ettev\u00f5tetel saavutada uusi kasvueesm\u00e4rke. Tippkvaliteediga teenused, taskukohased hinnad, uuenduslikud lahendused, kiirus ja paindlikkus &#8211; need on peamised eelised, mida Hightech Kaunase klastri kaudu saab pakkuda.<\/p>\n\t\t\t<\/div>\n\t\t\t<\/div>\n<\/section>\n\n\n\n\n\n\n\n\n\n<section id=\"cta\" class=\"cta web-section\">\n\t<div class=\"container-fluid\">\n\t\t<div class=\"cta-block\">\n\t\t\t<div class=\"cta-block__overlay\"><\/div>\n\t\t\t\t\t\t\t<img loading=\"lazy\" decoding=\"async\" width=\"1366\" height=\"850\" src=\"https:\/\/hightechkaunas.com\/wp-content\/uploads\/2024\/09\/services-4.jpg\" class=\"attachment-full size-full\" alt=\"\" srcset=\"https:\/\/hightechkaunas.com\/wp-content\/uploads\/2024\/09\/services-4.jpg 1366w, https:\/\/hightechkaunas.com\/wp-content\/uploads\/2024\/09\/services-4-300x187.jpg 300w, https:\/\/hightechkaunas.com\/wp-content\/uploads\/2024\/09\/services-4-1024x637.jpg 1024w, https:\/\/hightechkaunas.com\/wp-content\/uploads\/2024\/09\/services-4-768x478.jpg 768w\" sizes=\"auto, (max-width: 1366px) 100vw, 1366px\" \/>\t\t\t\t\t\t\t\t\t\t<h3 class=\"cta__title\"><strong>Kontakteeruge meiega<\/strong> kohe, et teada saada, kuidas me saame aidata teie ettev\u00f5ttel saavutada oma k\u00f5ige ambitsioonikamaid projekte.<\/h3>\n\t\t\t\t\t\t\t\t\t\t<a class=\"button-blue\" href=\"https:\/\/hightechkaunas.com\/et\/contacts\/\"\n\t\t\t\t   target=\"_self\">\n\t\t\t\t\tKontakt\t\t\t\t<\/a>\n\t\t\t\t\t<\/div>\n\t<\/div>\n<\/section>\n\n\n\n\n\n<section id=\"services-text\" class=\"services-text web-section title-text\">\n\t<div class=\"container-fluid\">\n\t\t\t\t\t<h2 class=\"main-title\">\n\t\t\t\tMeie hinnakujundus\t\t\t<\/h2>\n\t\t\t\t\t\t\t<div class=\"subtitle-text\">\n\t\t\t\t<table class=\"table table-responsive\">\n<tbody>\n<tr>\n<td width=\"120\">Positsioon \\ Senioriteet<\/td>\n<td width=\"120\">Junior<\/td>\n<td width=\"120\">Mid<\/td>\n<td width=\"120\">Senior<\/td>\n<\/tr>\n<tr>\n<td width=\"120\">\u00c4rianal\u00fc\u00fctik<\/td>\n<td width=\"120\">30<\/td>\n<td width=\"120\">50<\/td>\n<td width=\"120\">70<\/td>\n<\/tr>\n<tr>\n<td width=\"120\">Projektijuht<\/td>\n<td width=\"120\">25<\/td>\n<td width=\"120\">40<\/td>\n<td width=\"120\">60<\/td>\n<\/tr>\n<tr>\n<td width=\"120\">Disainer<\/td>\n<td width=\"120\">25<\/td>\n<td width=\"120\">40<\/td>\n<td width=\"120\">60<\/td>\n<\/tr>\n<tr>\n<td width=\"120\">S\u00fcsteemi arhitekt<\/td>\n<td width=\"120\">40<\/td>\n<td width=\"120\">60<\/td>\n<td width=\"120\">80<\/td>\n<\/tr>\n<tr>\n<td width=\"120\">Front-end developer<\/td>\n<td width=\"120\">30<\/td>\n<td width=\"120\">45<\/td>\n<td width=\"120\">60<\/td>\n<\/tr>\n<tr>\n<td width=\"120\">Back-end developer<\/td>\n<td width=\"120\">35<\/td>\n<td width=\"120\">55<\/td>\n<td width=\"120\">65<\/td>\n<\/tr>\n<tr>\n<td width=\"120\">Testija<\/td>\n<td width=\"120\">30<\/td>\n<td width=\"120\">50<\/td>\n<td width=\"120\">65<\/td>\n<\/tr>\n<tr>\n<td width=\"120\">Devops<\/td>\n<td width=\"120\">40<\/td>\n<td width=\"120\">50<\/td>\n<td width=\"120\">70<\/td>\n<\/tr>\n<\/tbody>\n<\/table>\n\t\t\t<\/div>\n\t\t\t<\/div>\n<\/section>\n\n\n\n\n\n<section class=\"wp-block-group\"><div class=\"wp-block-group__inner-container is-layout-constrained wp-block-group-is-layout-constrained\">\n<div style=\"height:50px\" aria-hidden=\"true\" class=\"wp-block-spacer\"><\/div>\n<\/div><\/section>\n","protected":false},"excerpt":{"rendered":"<p>Miks peaks USA IT-klient tegema koost\u00f6\u00f6d Hightech Kaunasega?<\/p>\n","protected":false},"author":1,"featured_media":1052,"parent":1322,"menu_order":0,"comment_status":"closed","ping_status":"closed","template":"","meta":{"_acf_changed":false,"inline_featured_image":false,"footnotes":""},"class_list":["post-1312","page","type-page","status-publish","has-post-thumbnail","hentry"],"acf":[],"yoast_head":"<!-- This site is optimized with the Yoast SEO plugin v26.2 - https:\/\/yoast.com\/wordpress\/plugins\/seo\/ -->\n<title>AMEERIKA \u00dcHENDRIIGID - Hightechkaunas.com<\/title>\n<meta name=\"robots\" content=\"index, follow, max-snippet:-1, max-image-preview:large, max-video-preview:-1\" \/>\n<link rel=\"canonical\" href=\"https:\/\/hightechkaunas.com\/et\/hightech-outsourcing\/ameerika-uhendriigid\/\" \/>\n<meta property=\"og:locale\" content=\"et_EE\" \/>\n<meta property=\"og:type\" content=\"article\" \/>\n<meta property=\"og:title\" content=\"AMEERIKA \u00dcHENDRIIGID - Hightechkaunas.com\" \/>\n<meta property=\"og:description\" content=\"Miks peaks USA IT-klient tegema koost\u00f6\u00f6d Hightech Kaunasega?\" \/>\n<meta property=\"og:url\" content=\"https:\/\/hightechkaunas.com\/et\/hightech-outsourcing\/ameerika-uhendriigid\/\" \/>\n<meta property=\"og:site_name\" content=\"Hightechkaunas.com\" \/>\n<meta property=\"article:modified_time\" content=\"2024-11-24T11:45:49+00:00\" \/>\n<meta property=\"og:image\" content=\"https:\/\/hightechkaunas.com\/wp-content\/uploads\/2024\/10\/adrian-newell-Itn-olYoPAg-unsplash-scaled.jpg\" \/>\n\t<meta property=\"og:image:width\" content=\"2560\" \/>\n\t<meta property=\"og:image:height\" content=\"1684\" \/>\n\t<meta property=\"og:image:type\" content=\"image\/jpeg\" \/>\n<meta name=\"twitter:card\" content=\"summary_large_image\" \/>\n<meta name=\"twitter:label1\" content=\"Est. reading time\" \/>\n\t<meta name=\"twitter:data1\" content=\"1 minut\" \/>\n<script type=\"application\/ld+json\" class=\"yoast-schema-graph\">{\"@context\":\"https:\/\/schema.org\",\"@graph\":[{\"@type\":\"WebPage\",\"@id\":\"https:\/\/hightechkaunas.com\/et\/hightech-outsourcing\/ameerika-uhendriigid\/\",\"url\":\"https:\/\/hightechkaunas.com\/et\/hightech-outsourcing\/ameerika-uhendriigid\/\",\"name\":\"AMEERIKA \u00dcHENDRIIGID - Hightechkaunas.com\",\"isPartOf\":{\"@id\":\"https:\/\/hightechkaunas.com\/#website\"},\"primaryImageOfPage\":{\"@id\":\"https:\/\/hightechkaunas.com\/et\/hightech-outsourcing\/ameerika-uhendriigid\/#primaryimage\"},\"image\":{\"@id\":\"https:\/\/hightechkaunas.com\/et\/hightech-outsourcing\/ameerika-uhendriigid\/#primaryimage\"},\"thumbnailUrl\":\"https:\/\/hightechkaunas.com\/wp-content\/uploads\/2024\/10\/adrian-newell-Itn-olYoPAg-unsplash-scaled.jpg\",\"datePublished\":\"2024-10-30T09:28:36+00:00\",\"dateModified\":\"2024-11-24T11:45:49+00:00\",\"breadcrumb\":{\"@id\":\"https:\/\/hightechkaunas.com\/et\/hightech-outsourcing\/ameerika-uhendriigid\/#breadcrumb\"},\"inLanguage\":\"et\",\"potentialAction\":[{\"@type\":\"ReadAction\",\"target\":[\"https:\/\/hightechkaunas.com\/et\/hightech-outsourcing\/ameerika-uhendriigid\/\"]}]},{\"@type\":\"ImageObject\",\"inLanguage\":\"et\",\"@id\":\"https:\/\/hightechkaunas.com\/et\/hightech-outsourcing\/ameerika-uhendriigid\/#primaryimage\",\"url\":\"https:\/\/hightechkaunas.com\/wp-content\/uploads\/2024\/10\/adrian-newell-Itn-olYoPAg-unsplash-scaled.jpg\",\"contentUrl\":\"https:\/\/hightechkaunas.com\/wp-content\/uploads\/2024\/10\/adrian-newell-Itn-olYoPAg-unsplash-scaled.jpg\",\"width\":2560,\"height\":1684},{\"@type\":\"BreadcrumbList\",\"@id\":\"https:\/\/hightechkaunas.com\/et\/hightech-outsourcing\/ameerika-uhendriigid\/#breadcrumb\",\"itemListElement\":[{\"@type\":\"ListItem\",\"position\":1,\"name\":\"Home\",\"item\":\"https:\/\/hightechkaunas.com\/et\/\"},{\"@type\":\"ListItem\",\"position\":2,\"name\":\"Hightech outsorcing\",\"item\":\"https:\/\/hightechkaunas.com\/et\/hightech-outsourcing\/\"},{\"@type\":\"ListItem\",\"position\":3,\"name\":\"AMEERIKA \u00dcHENDRIIGID\"}]},{\"@type\":\"WebSite\",\"@id\":\"https:\/\/hightechkaunas.com\/#website\",\"url\":\"https:\/\/hightechkaunas.com\/\",\"name\":\"Hightechkaunas.com\",\"description\":\"\",\"potentialAction\":[{\"@type\":\"SearchAction\",\"target\":{\"@type\":\"EntryPoint\",\"urlTemplate\":\"https:\/\/hightechkaunas.com\/?s={search_term_string}\"},\"query-input\":{\"@type\":\"PropertyValueSpecification\",\"valueRequired\":true,\"valueName\":\"search_term_string\"}}],\"inLanguage\":\"et\"}]}<\/script>\n<!-- \/ Yoast SEO plugin. -->","yoast_head_json":{"title":"AMEERIKA \u00dcHENDRIIGID - Hightechkaunas.com","robots":{"index":"index","follow":"follow","max-snippet":"max-snippet:-1","max-image-preview":"max-image-preview:large","max-video-preview":"max-video-preview:-1"},"canonical":"https:\/\/hightechkaunas.com\/et\/hightech-outsourcing\/ameerika-uhendriigid\/","og_locale":"et_EE","og_type":"article","og_title":"AMEERIKA \u00dcHENDRIIGID - Hightechkaunas.com","og_description":"Miks peaks USA IT-klient tegema koost\u00f6\u00f6d Hightech Kaunasega?","og_url":"https:\/\/hightechkaunas.com\/et\/hightech-outsourcing\/ameerika-uhendriigid\/","og_site_name":"Hightechkaunas.com","article_modified_time":"2024-11-24T11:45:49+00:00","og_image":[{"width":2560,"height":1684,"url":"https:\/\/hightechkaunas.com\/wp-content\/uploads\/2024\/10\/adrian-newell-Itn-olYoPAg-unsplash-scaled.jpg","type":"image\/jpeg"}],"twitter_card":"summary_large_image","twitter_misc":{"Est. reading time":"1 minut"},"schema":{"@context":"https:\/\/schema.org","@graph":[{"@type":"WebPage","@id":"https:\/\/hightechkaunas.com\/et\/hightech-outsourcing\/ameerika-uhendriigid\/","url":"https:\/\/hightechkaunas.com\/et\/hightech-outsourcing\/ameerika-uhendriigid\/","name":"AMEERIKA \u00dcHENDRIIGID - Hightechkaunas.com","isPartOf":{"@id":"https:\/\/hightechkaunas.com\/#website"},"primaryImageOfPage":{"@id":"https:\/\/hightechkaunas.com\/et\/hightech-outsourcing\/ameerika-uhendriigid\/#primaryimage"},"image":{"@id":"https:\/\/hightechkaunas.com\/et\/hightech-outsourcing\/ameerika-uhendriigid\/#primaryimage"},"thumbnailUrl":"https:\/\/hightechkaunas.com\/wp-content\/uploads\/2024\/10\/adrian-newell-Itn-olYoPAg-unsplash-scaled.jpg","datePublished":"2024-10-30T09:28:36+00:00","dateModified":"2024-11-24T11:45:49+00:00","breadcrumb":{"@id":"https:\/\/hightechkaunas.com\/et\/hightech-outsourcing\/ameerika-uhendriigid\/#breadcrumb"},"inLanguage":"et","potentialAction":[{"@type":"ReadAction","target":["https:\/\/hightechkaunas.com\/et\/hightech-outsourcing\/ameerika-uhendriigid\/"]}]},{"@type":"ImageObject","inLanguage":"et","@id":"https:\/\/hightechkaunas.com\/et\/hightech-outsourcing\/ameerika-uhendriigid\/#primaryimage","url":"https:\/\/hightechkaunas.com\/wp-content\/uploads\/2024\/10\/adrian-newell-Itn-olYoPAg-unsplash-scaled.jpg","contentUrl":"https:\/\/hightechkaunas.com\/wp-content\/uploads\/2024\/10\/adrian-newell-Itn-olYoPAg-unsplash-scaled.jpg","width":2560,"height":1684},{"@type":"BreadcrumbList","@id":"https:\/\/hightechkaunas.com\/et\/hightech-outsourcing\/ameerika-uhendriigid\/#breadcrumb","itemListElement":[{"@type":"ListItem","position":1,"name":"Home","item":"https:\/\/hightechkaunas.com\/et\/"},{"@type":"ListItem","position":2,"name":"Hightech outsorcing","item":"https:\/\/hightechkaunas.com\/et\/hightech-outsourcing\/"},{"@type":"ListItem","position":3,"name":"AMEERIKA \u00dcHENDRIIGID"}]},{"@type":"WebSite","@id":"https:\/\/hightechkaunas.com\/#website","url":"https:\/\/hightechkaunas.com\/","name":"Hightechkaunas.com","description":"","potentialAction":[{"@type":"SearchAction","target":{"@type":"EntryPoint","urlTemplate":"https:\/\/hightechkaunas.com\/?s={search_term_string}"},"query-input":{"@type":"PropertyValueSpecification","valueRequired":true,"valueName":"search_term_string"}}],"inLanguage":"et"}]}},"_links":{"self":[{"href":"https:\/\/hightechkaunas.com\/et\/wp-json\/wp\/v2\/pages\/1312","targetHints":{"allow":["GET"]}}],"collection":[{"href":"https:\/\/hightechkaunas.com\/et\/wp-json\/wp\/v2\/pages"}],"about":[{"href":"https:\/\/hightechkaunas.com\/et\/wp-json\/wp\/v2\/types\/page"}],"author":[{"embeddable":true,"href":"https:\/\/hightechkaunas.com\/et\/wp-json\/wp\/v2\/users\/1"}],"replies":[{"embeddable":true,"href":"https:\/\/hightechkaunas.com\/et\/wp-json\/wp\/v2\/comments?post=1312"}],"version-history":[{"count":4,"href":"https:\/\/hightechkaunas.com\/et\/wp-json\/wp\/v2\/pages\/1312\/revisions"}],"predecessor-version":[{"id":1879,"href":"https:\/\/hightechkaunas.com\/et\/wp-json\/wp\/v2\/pages\/1312\/revisions\/1879"}],"up":[{"embeddable":true,"href":"https:\/\/hightechkaunas.com\/et\/wp-json\/wp\/v2\/pages\/1322"}],"wp:featuredmedia":[{"embeddable":true,"href":"https:\/\/hightechkaunas.com\/et\/wp-json\/wp\/v2\/media\/1052"}],"wp:attachment":[{"href":"https:\/\/hightechkaunas.com\/et\/wp-json\/wp\/v2\/media?parent=1312"}],"curies":[{"name":"wp","href":"https:\/\/api.w.org\/{rel}","templated":true}]}}