{"id":1307,"date":"2024-10-30T09:43:05","date_gmt":"2024-10-30T09:43:05","guid":{"rendered":"https:\/\/hightechkaunas.com\/jk\/"},"modified":"2024-11-24T11:49:55","modified_gmt":"2024-11-24T11:49:55","slug":"uhendkuningriik","status":"publish","type":"page","link":"https:\/\/hightechkaunas.com\/et\/hightech-outsourcing\/uhendkuningriik\/","title":{"rendered":"\u00dchendkuningriik"},"content":{"rendered":"\r\n\r\n<section id=\"header-block\" class=\"header-block\">\r\n    <div class=\"header-block-texts\">\r\n                    <h1>\u00dchendkuningriik<\/h1>\r\n            <\/div>\r\n        <style>\r\n        .header-block {\r\n            background: url('https:\/\/hightechkaunas.com\/wp-content\/uploads\/2024\/10\/tadas-petrokas-ST8nRuFtjBQ-unsplash-scaled.jpg') no-repeat center center;\r\n            background-size: cover;\r\n        }\r\n    <\/style>\r\n<\/section>\r\n\r\n\r\n\n\n\n\n\n\n<section id=\"expertise\" class=\"expertise outsourcing-expertise \" style=\"background-image: url('https:\/\/hightechkaunas.com\/wp-content\/uploads\/2024\/10\/marcin-nowak-iXqTqC-f6jI-unsplash-scaled.jpg')\">\n\t<div class=\"container-fluidxxx\">\n\t\t<div class=\"expertise-in\">\n\t\t\t<div class=\"expertise-texts\">\n\t\t\t\t\t\t\t\t\t<h2 class=\"main-title\">1. Kohandamine \u00dchendkuningriigi \u00e4rikultuuri ja vajadustega<\/h2>\n\t\t\t\t\n\t\t\t\t<div class=\"expertise-wrapper rte\">\n\t\t\t\t\t\t\t\t\t\t\t<p>Leedu IT-sektor on aastate jooksul omandanud m\u00e4rkimisv\u00e4\u00e4rseid kogemusi koost\u00f6\u00f6s rahvusvaheliste partneritega, sealhulgas \u00dchendkuningriigi ettev\u00f5tetega. Eduka koost\u00f6\u00f6 \u00fcks olulisemaid aspekte on v\u00f5ime kohaneda kohaliku \u00e4rikultuuri ja erivajadustega. \u00dchendkuningriigi \u00e4rikeskkonda iseloomustab keskendumine kvaliteedile, t\u00e4htaegadest kinnipidamisele ja k\u00f5rgetasemelisele teenindusele ning Hightech Kaunase liikmed on valmis neid n\u00f5udeid t\u00e4itma. T\u00e4nu tihedale koost\u00f6\u00f6le v\u00e4lispartneritega ja pidevale \u00f5ppimisele maailma parimatest tavadest on Leedu ettev\u00f5tted v\u00f5imelised kiiresti ja t\u00f5husalt kohanema \u00dchendkuningriigi \u00e4ritegevuse erip\u00e4radega.<\/p>\n\t\t\t\t\t\t\t\t\t<\/div>\n\t\t\t<\/div>\n\t\t<\/div>\n\t<\/div>\n\n<\/section>\n\n\n\n\n\n\n\n\n<section id=\"expertise\" class=\"expertise outsourcing-expertise \" style=\"background-image: url('https:\/\/hightechkaunas.com\/wp-content\/uploads\/2024\/10\/pexels-dominikagregus-672532-1.jpg')\">\n\t<div class=\"container-fluidxxx\">\n\t\t<div class=\"expertise-in\">\n\t\t\t<div class=\"expertise-texts\">\n\t\t\t\t\t\t\t\t\t<h2 class=\"main-title\">2. Kvaliteetsed ja uuenduslikud lahendused<\/h2>\n\t\t\t\t\n\t\t\t\t<div class=\"expertise-wrapper rte\">\n\t\t\t\t\t\t\t\t\t\t\t<p>Juurdep\u00e4\u00e4s uuenduslikele lahendustele on \u00dchendkuningriigi klientide jaoks \u00fclioluline ning Hightech Kaunas on tuntud oma v\u00f5ime poolest arendada kaasaegseid ja kohandatud IT-teenuseid. See v\u00f5ib olla eriti oluline sellistes sektorites nagu fintech, healthtech ja edtech &#8211; segmentides, kus \u00dchendkuningriigi ettev\u00f5tted kasvavad kiiresti ja otsivad pidevalt tehnoloogilisi lahendusi. Koost\u00f6\u00f6 Hightech Kaunasega annab teile v\u00f5imaluse saada kasu spetsiaalsetest IT-lahendustest, mis on loodud ettev\u00f5tte tulemuslikkuse ja konkurentsiv\u00f5ime parandamiseks.<\/p>\n\t\t\t\t\t\t\t\t\t<\/div>\n\t\t\t<\/div>\n\t\t<\/div>\n\t<\/div>\n\n<\/section>\n\n\n\n\n\n\n\n\n<section id=\"expertise\" class=\"expertise outsourcing-expertise \" style=\"background-image: url('https:\/\/hightechkaunas.com\/wp-content\/uploads\/2024\/10\/pexels-pixabay-258117-scaled.jpg')\">\n\t<div class=\"container-fluidxxx\">\n\t\t<div class=\"expertise-in\">\n\t\t\t<div class=\"expertise-texts\">\n\t\t\t\t\t\t\t\t\t<h2 class=\"main-title\">3. Tehnoloogiapartner digitaalses \u00fcmberkujundamises<\/h2>\n\t\t\t\t\n\t\t\t\t<div class=\"expertise-wrapper rte\">\n\t\t\t\t\t\t\t\t\t\t\t<p>\u00dchendkuningriigi ettev\u00f5tted investeerivad suurel m\u00e4\u00e4ral digitaalsesse \u00fcmberkujundamisse, mis on oluline, et s\u00e4ilitada konkurentsiv\u00f5ime maailmaturul. \u201eHightech Kaunas v\u00f5ib olla selles protsessis partneriks, aidates teil viia oma ettev\u00f5te \u00fcle pilveplatvormidele, integreerida t\u00e4iustatud tehisintellekti s\u00fcsteeme, automatiseerida protsesse v\u00f5i optimeerida oma IT-infrastruktuuri. Selliste teenuste osutamine tagab, et \u00dchendkuningriigi ettev\u00f5tted saavad mitte ainult kiiresti kohaneda digitaalsete muutustega, vaid ka konkurentide ees, kasutades k\u00f5ige kvaliteetsemat tehnoloogiat.<\/p>\n\t\t\t\t\t\t\t\t\t<\/div>\n\t\t\t<\/div>\n\t\t<\/div>\n\t<\/div>\n\n<\/section>\n\n\n\n\n\n\n\n\n<section id=\"expertise\" class=\"expertise outsourcing-expertise \" style=\"background-image: url('https:\/\/hightechkaunas.com\/wp-content\/uploads\/2024\/10\/pexels-markusspiske-92632-1-scaled.jpg')\">\n\t<div class=\"container-fluidxxx\">\n\t\t<div class=\"expertise-in\">\n\t\t\t<div class=\"expertise-texts\">\n\t\t\t\t\t\t\t\t\t<h2 class=\"main-title\">4. Kulude optimeerimine ilma kvaliteedi kaotamiseta<\/h2>\n\t\t\t\t\n\t\t\t\t<div class=\"expertise-wrapper rte\">\n\t\t\t\t\t\t\t\t\t\t\t<p>\u00dcks peamisi eeliseid, mida Hightech Kaunas pakub \u00dchendkuningriigi klientidele, on v\u00f5imalus saada maailmatasemel IT-teenuseid konkurentsiv\u00f5imelise hinnaga. Programmeerimisteenuste hinnad Leedus on sageli madalamad kui \u00dchendkuningriigis, kuid teenuse kvaliteet on \u00fcletamatu. See v\u00f5imaldab \u00dchendkuningriigi ettev\u00f5tetel mitte ainult v\u00e4hendada IT-kulusid, vaid ka investeerida strateegilistesse IT-lahendustesse, mis aitavad parandada \u00e4riprotsesse, suurendada turvalisust v\u00f5i suurendada t\u00f5husust.<\/p>\n\t\t\t\t\t\t\t\t\t<\/div>\n\t\t\t<\/div>\n\t\t<\/div>\n\t<\/div>\n\n<\/section>\n\n\n\n\n\n\n\n\n<section id=\"expertise\" class=\"expertise outsourcing-expertise \" style=\"background-image: url('https:\/\/hightechkaunas.com\/wp-content\/uploads\/2024\/10\/pexels-manualman32-726484.jpg')\">\n\t<div class=\"container-fluidxxx\">\n\t\t<div class=\"expertise-in\">\n\t\t\t<div class=\"expertise-texts\">\n\t\t\t\t\t\t\t\t\t<h2 class=\"main-title\">5. Erialased teadmised ja paindlikkus<\/h2>\n\t\t\t\t\n\t\t\t\t<div class=\"expertise-wrapper rte\">\n\t\t\t\t\t\t\t\t\t\t\t<p>\u201eHightech Kaunase klastri ettev\u00f5tetel on eriteadmised paljudes IT-valdkondades, n\u00e4iteks finantstehnoloogia, e-tervise, asjade interneti ja k\u00fcberturvalisuse valdkonnas. Sellised sektorid on eriti olulised \u00dchendkuningriigi turu jaoks, kus digitaalne innovatsioon ja turvalahendused on prioriteediks. Lisaks on Leedu IT-ettev\u00f5tted tuntud oma paindlikkuse, kiire kohanemisv\u00f5ime klientide vajadustega ja v\u00f5ime poolest lahendada keerulisi projekte isegi tihedate t\u00e4htaegade jooksul.<\/p>\n\t\t\t\t\t\t\t\t\t<\/div>\n\t\t\t<\/div>\n\t\t<\/div>\n\t<\/div>\n\n<\/section>\n\n\n\n\n\n\n\n\n<section id=\"expertise\" class=\"expertise outsourcing-expertise \" style=\"background-image: url('https:\/\/hightechkaunas.com\/wp-content\/uploads\/2024\/10\/pexels-pixabay-280347-scaled.jpg')\">\n\t<div class=\"container-fluidxxx\">\n\t\t<div class=\"expertise-in\">\n\t\t\t<div class=\"expertise-texts\">\n\t\t\t\t\t\t\t\t\t<h2 class=\"main-title\">6. K\u00fcberturvalisuse lahendused<\/h2>\n\t\t\t\t\n\t\t\t\t<div class=\"expertise-wrapper rte\">\n\t\t\t\t\t\t\t\t\t\t\t<p>K\u00fcberturvalisus on \u00dchendkuningriigi ettev\u00f5tete jaoks \u00fclioluline, eriti finantstehnoloogia ja tervishoiusektoris. Leedu IT-sektoril on selles valdkonnas tugevad teadmised, pakkudes nii ennetavaid kui ka reageerivaid teenuseid. \u201eHightech Kaunase klaster pakub erakordselt k\u00f5rgetasemelisi lahendusi, mis aitavad tagada ettev\u00f5tte andmete turvalisuse ja \u00e4ritegevuse j\u00e4rjepidevuse.<\/p>\n\t\t\t\t\t\t\t\t\t<\/div>\n\t\t\t<\/div>\n\t\t<\/div>\n\t<\/div>\n\n<\/section>\n\n\n\n\n\n\n\n\n<section id=\"expertise\" class=\"expertise outsourcing-expertise \" style=\"background-image: url('https:\/\/hightechkaunas.com\/wp-content\/uploads\/2024\/10\/pexels-oltion-bregu-80627-338454-scaled.jpg')\">\n\t<div class=\"container-fluidxxx\">\n\t\t<div class=\"expertise-in\">\n\t\t\t<div class=\"expertise-texts\">\n\t\t\t\t\t\t\t\t\t<h2 class=\"main-title\">7. Pikaajaline usaldus ja koost\u00f6\u00f6<\/h2>\n\t\t\t\t\n\t\t\t\t<div class=\"expertise-wrapper rte\">\n\t\t\t\t\t\t\t\t\t\t\t<p>\u00dchendkuningriigi klientide jaoks on oluline, et neil oleks usaldusv\u00e4\u00e4rne partner, kellega nad saaksid koost\u00f6\u00f6d teha mitte ainult kuudeks, vaid aastateks. \u201eHightech Kaunas v\u00e4\u00e4rtustab pikaajalist koost\u00f6\u00f6d ja on valmis saama usaldusv\u00e4\u00e4rseks tehnoloogiapartneriks \u00dchendkuningriigi ettev\u00f5tetele. Hightech Kaunase liikmed tagavad pideva t\u00e4iustamise ja parimate tulemuste saavutamise kaudu sujuva koost\u00f6\u00f6, mis on eriti oluline pikaajaliste strateegiate ja suuremahuliste projektide v\u00e4ljat\u00f6\u00f6tamisel.<\/p>\n\t\t\t\t\t\t\t\t\t<\/div>\n\t\t\t<\/div>\n\t\t<\/div>\n\t<\/div>\n\n<\/section>\n\n\n\n\n\n\n\n\n\n<section id=\"cta\" class=\"cta web-section\">\n\t<div class=\"container-fluid\">\n\t\t<div class=\"cta-block\">\n\t\t\t<div class=\"cta-block__overlay\"><\/div>\n\t\t\t\t\t\t\t<img loading=\"lazy\" decoding=\"async\" width=\"2560\" height=\"1706\" src=\"https:\/\/hightechkaunas.com\/wp-content\/uploads\/2024\/10\/marcin-nowak-iXqTqC-f6jI-unsplash-scaled.jpg\" class=\"attachment-full size-full\" alt=\"\" srcset=\"https:\/\/hightechkaunas.com\/wp-content\/uploads\/2024\/10\/marcin-nowak-iXqTqC-f6jI-unsplash-scaled.jpg 2560w, https:\/\/hightechkaunas.com\/wp-content\/uploads\/2024\/10\/marcin-nowak-iXqTqC-f6jI-unsplash-300x200.jpg 300w, https:\/\/hightechkaunas.com\/wp-content\/uploads\/2024\/10\/marcin-nowak-iXqTqC-f6jI-unsplash-1024x683.jpg 1024w, https:\/\/hightechkaunas.com\/wp-content\/uploads\/2024\/10\/marcin-nowak-iXqTqC-f6jI-unsplash-768x512.jpg 768w, https:\/\/hightechkaunas.com\/wp-content\/uploads\/2024\/10\/marcin-nowak-iXqTqC-f6jI-unsplash-1536x1024.jpg 1536w, https:\/\/hightechkaunas.com\/wp-content\/uploads\/2024\/10\/marcin-nowak-iXqTqC-f6jI-unsplash-2048x1365.jpg 2048w\" sizes=\"auto, (max-width: 2560px) 100vw, 2560px\" \/>\t\t\t\t\t\t\t\t\t\t<h3 class=\"cta__title\">Kui otsite usaldusv\u00e4\u00e4rset, innovatiivset ja kvaliteetset IT-partnerit, on Hightech Kaunas parim valik \u00dchendkuningriigi ettev\u00f5tetele. V\u00f5tke meiega \u00fchendust ja alustame arutelu selle \u00fcle, kuidas me saame aidata kaasa teie ettev\u00f5tte edule.<\/h3>\n\t\t\t\t\t\t\t\t\t\t<a class=\"button-blue\" href=\"https:\/\/hightechkaunas.com\/et\/contacts\/\"\n\t\t\t\t   target=\"_self\">\n\t\t\t\t\tKontakt\t\t\t\t<\/a>\n\t\t\t\t\t<\/div>\n\t<\/div>\n<\/section>\n\n\n<section class=\"wp-block-group\"><div class=\"wp-block-group__inner-container is-layout-constrained wp-block-group-is-layout-constrained\">\n<div style=\"height:50px\" aria-hidden=\"true\" class=\"wp-block-spacer\"><\/div>\n<\/div><\/section>\n\n\n\n\n\n\n<section id=\"services-text\" class=\"services-text web-section title-text\">\n\t<div class=\"container-fluid\">\n\t\t\t\t\t<h2 class=\"main-title\">\n\t\t\t\tMeie hinnakujundus\t\t\t<\/h2>\n\t\t\t\t\t\t\t<div class=\"subtitle-text\">\n\t\t\t\t<table class=\"table table-responsive\">\n<tbody>\n<tr>\n<td width=\"120\">Positsioon \\ Senioriteet<\/td>\n<td width=\"120\">Junior<\/td>\n<td width=\"120\">Mid<\/td>\n<td width=\"120\">Senior<\/td>\n<\/tr>\n<tr>\n<td width=\"120\">\u00c4rianal\u00fc\u00fctik<\/td>\n<td width=\"120\">35<\/td>\n<td width=\"120\">60<\/td>\n<td width=\"120\">70<\/td>\n<\/tr>\n<tr>\n<td width=\"120\">Projektijuht<\/td>\n<td width=\"120\">30<\/td>\n<td width=\"120\">40<\/td>\n<td width=\"120\">55<\/td>\n<\/tr>\n<tr>\n<td width=\"120\">Disainer<\/td>\n<td width=\"120\">25<\/td>\n<td width=\"120\">45<\/td>\n<td width=\"120\">60<\/td>\n<\/tr>\n<tr>\n<td width=\"120\">S\u00fcsteemi arhitekt<\/td>\n<td width=\"120\">45<\/td>\n<td width=\"120\">65<\/td>\n<td width=\"120\">75<\/td>\n<\/tr>\n<tr>\n<td width=\"120\">Front-end developer<\/td>\n<td width=\"120\">35<\/td>\n<td width=\"120\">45<\/td>\n<td width=\"120\">65<\/td>\n<\/tr>\n<tr>\n<td width=\"120\">Back-end developer<\/td>\n<td width=\"120\">30<\/td>\n<td width=\"120\">55<\/td>\n<td width=\"120\">65<\/td>\n<\/tr>\n<tr>\n<td width=\"120\">Testija<\/td>\n<td width=\"120\">35<\/td>\n<td width=\"120\">50<\/td>\n<td width=\"120\">60<\/td>\n<\/tr>\n<tr>\n<td width=\"120\">Devops<\/td>\n<td width=\"120\">40<\/td>\n<td width=\"120\">50<\/td>\n<td width=\"120\">70<\/td>\n<\/tr>\n<\/tbody>\n<\/table>\n\t\t\t<\/div>\n\t\t\t<\/div>\n<\/section>\n\n\n","protected":false},"excerpt":{"rendered":"<p>Miks on Hightech Kaunas \u00f5ige \u00dchendkuningriigi klientidele?<\/p>\n","protected":false},"author":1,"featured_media":1092,"parent":1322,"menu_order":0,"comment_status":"closed","ping_status":"closed","template":"","meta":{"_acf_changed":false,"inline_featured_image":false,"footnotes":""},"class_list":["post-1307","page","type-page","status-publish","has-post-thumbnail","hentry"],"acf":[],"yoast_head":"<!-- This site is optimized with the Yoast SEO plugin v26.2 - https:\/\/yoast.com\/wordpress\/plugins\/seo\/ -->\n<title>\u00dchendkuningriik - Hightechkaunas.com<\/title>\n<meta name=\"robots\" content=\"index, follow, max-snippet:-1, max-image-preview:large, max-video-preview:-1\" \/>\n<link rel=\"canonical\" href=\"https:\/\/hightechkaunas.com\/et\/hightech-outsourcing\/uhendkuningriik\/\" \/>\n<meta property=\"og:locale\" content=\"et_EE\" \/>\n<meta property=\"og:type\" content=\"article\" \/>\n<meta property=\"og:title\" content=\"\u00dchendkuningriik - Hightechkaunas.com\" \/>\n<meta property=\"og:description\" content=\"Miks on Hightech Kaunas \u00f5ige \u00dchendkuningriigi klientidele?\" \/>\n<meta property=\"og:url\" content=\"https:\/\/hightechkaunas.com\/et\/hightech-outsourcing\/uhendkuningriik\/\" \/>\n<meta property=\"og:site_name\" content=\"Hightechkaunas.com\" \/>\n<meta property=\"article:modified_time\" content=\"2024-11-24T11:49:55+00:00\" \/>\n<meta property=\"og:image\" content=\"https:\/\/hightechkaunas.com\/wp-content\/uploads\/2024\/10\/tadas-petrokas-ST8nRuFtjBQ-unsplash-scaled.jpg\" \/>\n\t<meta property=\"og:image:width\" content=\"2048\" \/>\n\t<meta property=\"og:image:height\" content=\"2560\" \/>\n\t<meta property=\"og:image:type\" content=\"image\/jpeg\" \/>\n<meta name=\"twitter:card\" content=\"summary_large_image\" \/>\n<meta name=\"twitter:label1\" content=\"Est. reading time\" \/>\n\t<meta name=\"twitter:data1\" content=\"1 minut\" \/>\n<script type=\"application\/ld+json\" class=\"yoast-schema-graph\">{\"@context\":\"https:\/\/schema.org\",\"@graph\":[{\"@type\":\"WebPage\",\"@id\":\"https:\/\/hightechkaunas.com\/et\/hightech-outsourcing\/uhendkuningriik\/\",\"url\":\"https:\/\/hightechkaunas.com\/et\/hightech-outsourcing\/uhendkuningriik\/\",\"name\":\"\u00dchendkuningriik - Hightechkaunas.com\",\"isPartOf\":{\"@id\":\"https:\/\/hightechkaunas.com\/#website\"},\"primaryImageOfPage\":{\"@id\":\"https:\/\/hightechkaunas.com\/et\/hightech-outsourcing\/uhendkuningriik\/#primaryimage\"},\"image\":{\"@id\":\"https:\/\/hightechkaunas.com\/et\/hightech-outsourcing\/uhendkuningriik\/#primaryimage\"},\"thumbnailUrl\":\"https:\/\/hightechkaunas.com\/wp-content\/uploads\/2024\/10\/tadas-petrokas-ST8nRuFtjBQ-unsplash-scaled.jpg\",\"datePublished\":\"2024-10-30T09:43:05+00:00\",\"dateModified\":\"2024-11-24T11:49:55+00:00\",\"breadcrumb\":{\"@id\":\"https:\/\/hightechkaunas.com\/et\/hightech-outsourcing\/uhendkuningriik\/#breadcrumb\"},\"inLanguage\":\"et\",\"potentialAction\":[{\"@type\":\"ReadAction\",\"target\":[\"https:\/\/hightechkaunas.com\/et\/hightech-outsourcing\/uhendkuningriik\/\"]}]},{\"@type\":\"ImageObject\",\"inLanguage\":\"et\",\"@id\":\"https:\/\/hightechkaunas.com\/et\/hightech-outsourcing\/uhendkuningriik\/#primaryimage\",\"url\":\"https:\/\/hightechkaunas.com\/wp-content\/uploads\/2024\/10\/tadas-petrokas-ST8nRuFtjBQ-unsplash-scaled.jpg\",\"contentUrl\":\"https:\/\/hightechkaunas.com\/wp-content\/uploads\/2024\/10\/tadas-petrokas-ST8nRuFtjBQ-unsplash-scaled.jpg\",\"width\":2048,\"height\":2560},{\"@type\":\"BreadcrumbList\",\"@id\":\"https:\/\/hightechkaunas.com\/et\/hightech-outsourcing\/uhendkuningriik\/#breadcrumb\",\"itemListElement\":[{\"@type\":\"ListItem\",\"position\":1,\"name\":\"Home\",\"item\":\"https:\/\/hightechkaunas.com\/et\/\"},{\"@type\":\"ListItem\",\"position\":2,\"name\":\"Hightech outsorcing\",\"item\":\"https:\/\/hightechkaunas.com\/et\/hightech-outsourcing\/\"},{\"@type\":\"ListItem\",\"position\":3,\"name\":\"\u00dchendkuningriik\"}]},{\"@type\":\"WebSite\",\"@id\":\"https:\/\/hightechkaunas.com\/#website\",\"url\":\"https:\/\/hightechkaunas.com\/\",\"name\":\"Hightechkaunas.com\",\"description\":\"\",\"potentialAction\":[{\"@type\":\"SearchAction\",\"target\":{\"@type\":\"EntryPoint\",\"urlTemplate\":\"https:\/\/hightechkaunas.com\/?s={search_term_string}\"},\"query-input\":{\"@type\":\"PropertyValueSpecification\",\"valueRequired\":true,\"valueName\":\"search_term_string\"}}],\"inLanguage\":\"et\"}]}<\/script>\n<!-- \/ Yoast SEO plugin. -->","yoast_head_json":{"title":"\u00dchendkuningriik - Hightechkaunas.com","robots":{"index":"index","follow":"follow","max-snippet":"max-snippet:-1","max-image-preview":"max-image-preview:large","max-video-preview":"max-video-preview:-1"},"canonical":"https:\/\/hightechkaunas.com\/et\/hightech-outsourcing\/uhendkuningriik\/","og_locale":"et_EE","og_type":"article","og_title":"\u00dchendkuningriik - Hightechkaunas.com","og_description":"Miks on Hightech Kaunas \u00f5ige \u00dchendkuningriigi klientidele?","og_url":"https:\/\/hightechkaunas.com\/et\/hightech-outsourcing\/uhendkuningriik\/","og_site_name":"Hightechkaunas.com","article_modified_time":"2024-11-24T11:49:55+00:00","og_image":[{"width":2048,"height":2560,"url":"https:\/\/hightechkaunas.com\/wp-content\/uploads\/2024\/10\/tadas-petrokas-ST8nRuFtjBQ-unsplash-scaled.jpg","type":"image\/jpeg"}],"twitter_card":"summary_large_image","twitter_misc":{"Est. reading time":"1 minut"},"schema":{"@context":"https:\/\/schema.org","@graph":[{"@type":"WebPage","@id":"https:\/\/hightechkaunas.com\/et\/hightech-outsourcing\/uhendkuningriik\/","url":"https:\/\/hightechkaunas.com\/et\/hightech-outsourcing\/uhendkuningriik\/","name":"\u00dchendkuningriik - Hightechkaunas.com","isPartOf":{"@id":"https:\/\/hightechkaunas.com\/#website"},"primaryImageOfPage":{"@id":"https:\/\/hightechkaunas.com\/et\/hightech-outsourcing\/uhendkuningriik\/#primaryimage"},"image":{"@id":"https:\/\/hightechkaunas.com\/et\/hightech-outsourcing\/uhendkuningriik\/#primaryimage"},"thumbnailUrl":"https:\/\/hightechkaunas.com\/wp-content\/uploads\/2024\/10\/tadas-petrokas-ST8nRuFtjBQ-unsplash-scaled.jpg","datePublished":"2024-10-30T09:43:05+00:00","dateModified":"2024-11-24T11:49:55+00:00","breadcrumb":{"@id":"https:\/\/hightechkaunas.com\/et\/hightech-outsourcing\/uhendkuningriik\/#breadcrumb"},"inLanguage":"et","potentialAction":[{"@type":"ReadAction","target":["https:\/\/hightechkaunas.com\/et\/hightech-outsourcing\/uhendkuningriik\/"]}]},{"@type":"ImageObject","inLanguage":"et","@id":"https:\/\/hightechkaunas.com\/et\/hightech-outsourcing\/uhendkuningriik\/#primaryimage","url":"https:\/\/hightechkaunas.com\/wp-content\/uploads\/2024\/10\/tadas-petrokas-ST8nRuFtjBQ-unsplash-scaled.jpg","contentUrl":"https:\/\/hightechkaunas.com\/wp-content\/uploads\/2024\/10\/tadas-petrokas-ST8nRuFtjBQ-unsplash-scaled.jpg","width":2048,"height":2560},{"@type":"BreadcrumbList","@id":"https:\/\/hightechkaunas.com\/et\/hightech-outsourcing\/uhendkuningriik\/#breadcrumb","itemListElement":[{"@type":"ListItem","position":1,"name":"Home","item":"https:\/\/hightechkaunas.com\/et\/"},{"@type":"ListItem","position":2,"name":"Hightech outsorcing","item":"https:\/\/hightechkaunas.com\/et\/hightech-outsourcing\/"},{"@type":"ListItem","position":3,"name":"\u00dchendkuningriik"}]},{"@type":"WebSite","@id":"https:\/\/hightechkaunas.com\/#website","url":"https:\/\/hightechkaunas.com\/","name":"Hightechkaunas.com","description":"","potentialAction":[{"@type":"SearchAction","target":{"@type":"EntryPoint","urlTemplate":"https:\/\/hightechkaunas.com\/?s={search_term_string}"},"query-input":{"@type":"PropertyValueSpecification","valueRequired":true,"valueName":"search_term_string"}}],"inLanguage":"et"}]}},"_links":{"self":[{"href":"https:\/\/hightechkaunas.com\/et\/wp-json\/wp\/v2\/pages\/1307","targetHints":{"allow":["GET"]}}],"collection":[{"href":"https:\/\/hightechkaunas.com\/et\/wp-json\/wp\/v2\/pages"}],"about":[{"href":"https:\/\/hightechkaunas.com\/et\/wp-json\/wp\/v2\/types\/page"}],"author":[{"embeddable":true,"href":"https:\/\/hightechkaunas.com\/et\/wp-json\/wp\/v2\/users\/1"}],"replies":[{"embeddable":true,"href":"https:\/\/hightechkaunas.com\/et\/wp-json\/wp\/v2\/comments?post=1307"}],"version-history":[{"count":5,"href":"https:\/\/hightechkaunas.com\/et\/wp-json\/wp\/v2\/pages\/1307\/revisions"}],"predecessor-version":[{"id":1880,"href":"https:\/\/hightechkaunas.com\/et\/wp-json\/wp\/v2\/pages\/1307\/revisions\/1880"}],"up":[{"embeddable":true,"href":"https:\/\/hightechkaunas.com\/et\/wp-json\/wp\/v2\/pages\/1322"}],"wp:featuredmedia":[{"embeddable":true,"href":"https:\/\/hightechkaunas.com\/et\/wp-json\/wp\/v2\/media\/1092"}],"wp:attachment":[{"href":"https:\/\/hightechkaunas.com\/et\/wp-json\/wp\/v2\/media?parent=1307"}],"curies":[{"name":"wp","href":"https:\/\/api.w.org\/{rel}","templated":true}]}}