{"id":1302,"date":"2024-10-30T10:02:04","date_gmt":"2024-10-30T10:02:04","guid":{"rendered":"https:\/\/hightechkaunas.com\/norvegija\/"},"modified":"2024-11-24T11:55:30","modified_gmt":"2024-11-24T11:55:30","slug":"norra","status":"publish","type":"page","link":"https:\/\/hightechkaunas.com\/et\/hightech-outsourcing\/norra\/","title":{"rendered":"Norra"},"content":{"rendered":"\r\n\r\n<section id=\"header-block\" class=\"header-block\">\r\n    <div class=\"header-block-texts\">\r\n                    <h1>Norra<\/h1>\r\n            <\/div>\r\n        <style>\r\n        .header-block {\r\n            background: url('https:\/\/hightechkaunas.com\/wp-content\/uploads\/2024\/10\/pexels-borisk-5683079-scaled.jpg') no-repeat center center;\r\n            background-size: cover;\r\n        }\r\n    <\/style>\r\n<\/section>\r\n\r\n\r\n\n\n\r\n\r\n\r\n\r\n<section id=\"left-right-content\" class=\"left-right-content web-section\">\r\n    <div class=\"container-fluid\">\r\n        <div class=\"left-right-content-in\">\r\n            <div class=\"lfrc-left\">\r\n                                    <div class=\"visiontext\">Norra IT-turg on \u00fcks Euroopa k\u00f5ige arenenumaid ning t\u00e4nu oma kogemustele on Hightech Kaunase klastril riigile palju pakkuda. \u0160i rinka yra atvira naujov\u0117ms ir technologij\u0173 diegimui, kuris glaud\u017eiai susij\u0119s su auk\u0161tais aplinkos tvarumo, energetikos efektyvumo bei skaitmenin\u0117s transformacijos standartais. Norra on tuntud oma tugeva IT-infrastruktuuri, k\u00f5rge innovatsioonitaseme ning teadus- ja arendustegevusse tehtavate investeeringute poolest.\r\n\r\nTranslated with DeepL.com (free version)<\/div>                            <\/div>\r\n            <div class=\"lfrc-right\">\r\n                                    <div class=\"visiontext\">Hightech Kaunas kui IT-klaster, mis \u00fchendab erinevaid Leedu k\u00f5rgelt kvalifitseeritud IT-ettev\u00f5tteid, vastab ideaalselt Norra turu ootustele. Klaster suudab pakkuda laia valikut teenuseid &#8211; alates tarkvaraarendusest kuni pilvetehnoloogiate ja k\u00fcberturvalisuse lahendusteni -, mis on Norra kaasaegse ettev\u00f5tluse jaoks h\u00e4davajalikud.\r\n<\/div>                            <\/div>\r\n        <\/div>\r\n    <\/div>\r\n<\/section>\r\n\r\n\r\n\n\n\n\n<section id=\"members\" class=\"members web-section outsourcing-block\">\n\t<div class=\"white-rounded-item\"><\/div>\n\n\t\t<div class=\"imagemember\" style=\"background-image: url('https:\/\/hightechkaunas.com\/wp-content\/uploads\/2024\/10\/pexels-asemirski-14543554-scaled.jpg')\">\n\t\t<div class=\"niceblockmembers\"><img decoding=\"async\" src=\"https:\/\/hightechkaunas.com\/wp-content\/themes\/itbrolis\/images\/membeers-nice-block2.svg\" title=\"services-image\" alt=\"services-image\"><\/div>\n\t<\/div>\n\t<div class=\"container-fluidxxx\">\n\t\t<div class=\"members-in\">\n\n\t\t\t<div class=\"members-texts\">\n\t\t\t\t\t\t\t\t\t<h2 class=\"main-title\">Turupotentsiaal:<\/h2>\n\t\t\t\t\n\t\t\t\t\n\t\t\t\t\t\t\t\t\t<div class=\"main__text main__text-top-pd\"><p>Norra IT-turg on 2023. aastal hinnanguliselt umbes 11 miljardit eurot ja prognoositav aastane kasvum\u00e4\u00e4r on 5-7%. See n\u00e4itab, et turg ei ole mitte ainult stabiilselt kasvav, vaid ka avatud innovatsioonile, eriti valdkondades, kus k\u00f5rgtehnoloogilisel Kaunasel on tugevad teadmised, n\u00e4iteks energiamajandus ja k\u00fcberturvalisus.<\/p>\n<\/div>\n\t\t\t\t\t\t\t<\/div>\n\t\t<\/div>\n\t<\/div>\n<\/section>\n\n\n\n\n\n\n\n<section id=\"expertise\" class=\"expertise outsourcing-expertise \" style=\"background-image: url('https:\/\/hightechkaunas.com\/wp-content\/uploads\/2024\/10\/pexels-accankisi-3999946-scaled.jpg')\">\n\t<div class=\"container-fluidxxx\">\n\t\t<div class=\"expertise-in\">\n\t\t\t<div class=\"expertise-texts\">\n\t\t\t\t\t\t\t\t\t<h2 class=\"main-title\">Partnerlusv\u00f5imalused:<\/h2>\n\t\t\t\t\n\t\t\t\t<div class=\"expertise-wrapper rte\">\n\t\t\t\t\t\t\t\t\t\t\t<p>Norra ettev\u00f5tted hindavad j\u00e4tkusuutlikke ja uuenduslikke IT-teenuseid, mis aitavad neil optimeerida oma tegevust ja v\u00e4hendada tegevuskulusid. Hightech Kaunase liikmed on p\u00fchendunud kvaliteetsete teenuste osutamisele, mida saab kohandada Norra ettev\u00f5tete erivajadustele, n\u00e4iteks energiat\u00f5hususe parandamisele ja andmekaitse tagamisele.<\/p>\n\t\t\t\t\t\t\t\t\t<\/div>\n\t\t\t<\/div>\n\t\t<\/div>\n\t<\/div>\n\n<\/section>\n\n\n\n\n\n\n<section id=\"members\" class=\"members web-section outsourcing-block\">\n\t<div class=\"white-rounded-item\"><\/div>\n\n\t\t<div class=\"imagemember\" style=\"background-image: url('https:\/\/hightechkaunas.com\/wp-content\/uploads\/2024\/10\/pexels-ludvighedenborg-5026758-scaled.jpg')\">\n\t\t<div class=\"niceblockmembers\"><img decoding=\"async\" src=\"https:\/\/hightechkaunas.com\/wp-content\/themes\/itbrolis\/images\/membeers-nice-block2.svg\" title=\"services-image\" alt=\"services-image\"><\/div>\n\t<\/div>\n\t<div class=\"container-fluidxxx\">\n\t\t<div class=\"members-in\">\n\n\t\t\t<div class=\"members-texts\">\n\t\t\t\t\t\t\t\t\t<h2 class=\"main-title\">Tehnoloogiline eelis:<\/h2>\n\t\t\t\t\n\t\t\t\t\n\t\t\t\t\t\t\t\t\t<div class=\"main__text main__text-top-pd\"><p>Hightech Kaunase klastri ettev\u00f5tted investeerivad pidevalt tehnoloogilisse arengusse ja uute toodete arendamisse, mis v\u00f5imaldab neil pakkuda Norra turule tipptasemel lahendusi. Lisaks on Leedu \u00fcks maailma juhtivaid riike IT-spetsialistide hariduse ja kvalifikatsiooni poolest, mis tagab teenuste k\u00f5rge kvaliteedi.<\/p>\n<\/div>\n\t\t\t\t\t\t\t<\/div>\n\t\t<\/div>\n\t<\/div>\n<\/section>\n\n\n\n\n\n\n\n<section id=\"expertise\" class=\"expertise outsourcing-expertise \" style=\"background-image: url('https:\/\/hightechkaunas.com\/wp-content\/uploads\/2024\/10\/pexels-pavel-bak-22732182-6649672-scaled.jpg')\">\n\t<div class=\"container-fluidxxx\">\n\t\t<div class=\"expertise-in\">\n\t\t\t<div class=\"expertise-texts\">\n\t\t\t\t\t\t\t\t\t<h2 class=\"main-title\">V\u00f5tke meiega \u00fchendust<\/h2>\n\t\t\t\t\n\t\t\t\t<div class=\"expertise-wrapper rte\">\n\t\t\t\t\t\t\t\t\t\t\t<p>et saada rohkem teavet selle kohta, kuidas Hightech Kaunas saab aidata teie ettev\u00f5ttel saavutada oma digitaalse \u00fcmberkujundamise eesm\u00e4rke ja saada kasu tipptasemel IT-tehnoloogiatest. Oleme siin, et toetada teie ettev\u00f5tte kasvu ja konkurentsiv\u00f5imet globaalsel tasandil.<\/p>\n\t\t\t\t\t\t\t\t\t<\/div>\n\t\t\t<\/div>\n\t\t<\/div>\n\t<\/div>\n\n<\/section>\n\n\n\n\n\n\n\n\n\n<section id=\"cta\" class=\"cta web-section\">\n\t<div class=\"container-fluid\">\n\t\t<div class=\"cta-block\">\n\t\t\t<div class=\"cta-block__overlay\"><\/div>\n\t\t\t\t\t\t\t<img loading=\"lazy\" decoding=\"async\" width=\"2560\" height=\"1920\" src=\"https:\/\/hightechkaunas.com\/wp-content\/uploads\/2024\/10\/pexels-borisk-5683079-scaled.jpg\" class=\"attachment-full size-full\" alt=\"\" srcset=\"https:\/\/hightechkaunas.com\/wp-content\/uploads\/2024\/10\/pexels-borisk-5683079-scaled.jpg 2560w, https:\/\/hightechkaunas.com\/wp-content\/uploads\/2024\/10\/pexels-borisk-5683079-300x225.jpg 300w, https:\/\/hightechkaunas.com\/wp-content\/uploads\/2024\/10\/pexels-borisk-5683079-1024x768.jpg 1024w, https:\/\/hightechkaunas.com\/wp-content\/uploads\/2024\/10\/pexels-borisk-5683079-768x576.jpg 768w, https:\/\/hightechkaunas.com\/wp-content\/uploads\/2024\/10\/pexels-borisk-5683079-1536x1152.jpg 1536w, https:\/\/hightechkaunas.com\/wp-content\/uploads\/2024\/10\/pexels-borisk-5683079-2048x1536.jpg 2048w\" sizes=\"auto, (max-width: 2560px) 100vw, 2560px\" \/>\t\t\t\t\t\t\t\t\t\t\t\t\t<a class=\"button-blue\" href=\"https:\/\/hightechkaunas.com\/et\/contacts\/\"\n\t\t\t\t   target=\"_self\">\n\t\t\t\t\tKontakt\t\t\t\t<\/a>\n\t\t\t\t\t<\/div>\n\t<\/div>\n<\/section>\n\n\n\n\n\n<section id=\"services-text\" class=\"services-text web-section title-text\">\n\t<div class=\"container-fluid\">\n\t\t\t\t\t<h2 class=\"main-title\">\n\t\t\t\tMeie hinnakujundus\t\t\t<\/h2>\n\t\t\t\t\t\t\t<div class=\"subtitle-text\">\n\t\t\t\t<table class=\"table table-responsive\">\n<tbody>\n<tr>\n<td width=\"120\">Positsioon \\ Senioriteet<\/td>\n<td width=\"120\">Junior<\/td>\n<td width=\"120\">Mid<\/td>\n<td width=\"120\">Senior<\/td>\n<\/tr>\n<tr>\n<td width=\"120\">\u00c4rianal\u00fc\u00fctik<\/td>\n<td width=\"120\">40<\/td>\n<td width=\"120\">55<\/td>\n<td width=\"120\">75<\/td>\n<\/tr>\n<tr>\n<td width=\"120\">Projektijuht<\/td>\n<td width=\"120\">35<\/td>\n<td width=\"120\">45<\/td>\n<td width=\"120\">55<\/td>\n<\/tr>\n<tr>\n<td width=\"120\">Disainer<\/td>\n<td width=\"120\">20<\/td>\n<td width=\"120\">40<\/td>\n<td width=\"120\">65<\/td>\n<\/tr>\n<tr>\n<td width=\"120\">S\u00fcsteemi arhitekt<\/td>\n<td width=\"120\">40<\/td>\n<td width=\"120\">65<\/td>\n<td width=\"120\">75<\/td>\n<\/tr>\n<tr>\n<td width=\"120\">Front-end developer<\/td>\n<td width=\"120\">35<\/td>\n<td width=\"120\">40<\/td>\n<td width=\"120\">60<\/td>\n<\/tr>\n<tr>\n<td width=\"120\">Back-end developer<\/td>\n<td width=\"120\">30<\/td>\n<td width=\"120\">55<\/td>\n<td width=\"120\">60<\/td>\n<\/tr>\n<tr>\n<td width=\"120\">Testija<\/td>\n<td width=\"120\">30<\/td>\n<td width=\"120\">55<\/td>\n<td width=\"120\">65<\/td>\n<\/tr>\n<tr>\n<td width=\"120\">Devops<\/td>\n<td width=\"120\">40<\/td>\n<td width=\"120\">50<\/td>\n<td width=\"120\">70<\/td>\n<\/tr>\n<\/tbody>\n<\/table>\n\t\t\t<\/div>\n\t\t\t<\/div>\n<\/section>\n\n\n\n\n\n<section class=\"wp-block-group\"><div class=\"wp-block-group__inner-container is-layout-constrained wp-block-group-is-layout-constrained\">\n<div style=\"height:50px\" aria-hidden=\"true\" class=\"wp-block-spacer\"><\/div>\n<\/div><\/section>\n","protected":false},"excerpt":{"rendered":"<p>Norra IT-turg on \u00fcks k\u00f5ige arenenumaid Euroopas ja t\u00e4nu oma kogemustele on Hightech Kaunase klastril riigile palju pakkuda.<\/p>\n","protected":false},"author":1,"featured_media":1132,"parent":1322,"menu_order":0,"comment_status":"closed","ping_status":"closed","template":"","meta":{"_acf_changed":false,"inline_featured_image":false,"footnotes":""},"class_list":["post-1302","page","type-page","status-publish","has-post-thumbnail","hentry"],"acf":[],"yoast_head":"<!-- This site is optimized with the Yoast SEO plugin v26.2 - https:\/\/yoast.com\/wordpress\/plugins\/seo\/ -->\n<title>Norra - Hightechkaunas.com<\/title>\n<meta name=\"robots\" content=\"index, follow, max-snippet:-1, max-image-preview:large, max-video-preview:-1\" \/>\n<link rel=\"canonical\" href=\"https:\/\/hightechkaunas.com\/et\/hightech-outsourcing\/norra\/\" \/>\n<meta property=\"og:locale\" content=\"et_EE\" \/>\n<meta property=\"og:type\" content=\"article\" \/>\n<meta property=\"og:title\" content=\"Norra - Hightechkaunas.com\" \/>\n<meta property=\"og:description\" content=\"Norra IT-turg on \u00fcks k\u00f5ige arenenumaid Euroopas ja t\u00e4nu oma kogemustele on Hightech Kaunase klastril riigile palju pakkuda.\" \/>\n<meta property=\"og:url\" content=\"https:\/\/hightechkaunas.com\/et\/hightech-outsourcing\/norra\/\" \/>\n<meta property=\"og:site_name\" content=\"Hightechkaunas.com\" \/>\n<meta property=\"article:modified_time\" content=\"2024-11-24T11:55:30+00:00\" \/>\n<meta property=\"og:image\" content=\"https:\/\/hightechkaunas.com\/wp-content\/uploads\/2024\/10\/pexels-borisk-5683079-scaled.jpg\" \/>\n\t<meta property=\"og:image:width\" content=\"2560\" \/>\n\t<meta property=\"og:image:height\" content=\"1920\" \/>\n\t<meta property=\"og:image:type\" content=\"image\/jpeg\" \/>\n<meta name=\"twitter:card\" content=\"summary_large_image\" \/>\n<meta name=\"twitter:label1\" content=\"Est. reading time\" \/>\n\t<meta name=\"twitter:data1\" content=\"1 minut\" \/>\n<script type=\"application\/ld+json\" class=\"yoast-schema-graph\">{\"@context\":\"https:\/\/schema.org\",\"@graph\":[{\"@type\":\"WebPage\",\"@id\":\"https:\/\/hightechkaunas.com\/et\/hightech-outsourcing\/norra\/\",\"url\":\"https:\/\/hightechkaunas.com\/et\/hightech-outsourcing\/norra\/\",\"name\":\"Norra - Hightechkaunas.com\",\"isPartOf\":{\"@id\":\"https:\/\/hightechkaunas.com\/#website\"},\"primaryImageOfPage\":{\"@id\":\"https:\/\/hightechkaunas.com\/et\/hightech-outsourcing\/norra\/#primaryimage\"},\"image\":{\"@id\":\"https:\/\/hightechkaunas.com\/et\/hightech-outsourcing\/norra\/#primaryimage\"},\"thumbnailUrl\":\"https:\/\/hightechkaunas.com\/wp-content\/uploads\/2024\/10\/pexels-borisk-5683079-scaled.jpg\",\"datePublished\":\"2024-10-30T10:02:04+00:00\",\"dateModified\":\"2024-11-24T11:55:30+00:00\",\"breadcrumb\":{\"@id\":\"https:\/\/hightechkaunas.com\/et\/hightech-outsourcing\/norra\/#breadcrumb\"},\"inLanguage\":\"et\",\"potentialAction\":[{\"@type\":\"ReadAction\",\"target\":[\"https:\/\/hightechkaunas.com\/et\/hightech-outsourcing\/norra\/\"]}]},{\"@type\":\"ImageObject\",\"inLanguage\":\"et\",\"@id\":\"https:\/\/hightechkaunas.com\/et\/hightech-outsourcing\/norra\/#primaryimage\",\"url\":\"https:\/\/hightechkaunas.com\/wp-content\/uploads\/2024\/10\/pexels-borisk-5683079-scaled.jpg\",\"contentUrl\":\"https:\/\/hightechkaunas.com\/wp-content\/uploads\/2024\/10\/pexels-borisk-5683079-scaled.jpg\",\"width\":2560,\"height\":1920},{\"@type\":\"BreadcrumbList\",\"@id\":\"https:\/\/hightechkaunas.com\/et\/hightech-outsourcing\/norra\/#breadcrumb\",\"itemListElement\":[{\"@type\":\"ListItem\",\"position\":1,\"name\":\"Home\",\"item\":\"https:\/\/hightechkaunas.com\/et\/\"},{\"@type\":\"ListItem\",\"position\":2,\"name\":\"Hightech outsorcing\",\"item\":\"https:\/\/hightechkaunas.com\/et\/hightech-outsourcing\/\"},{\"@type\":\"ListItem\",\"position\":3,\"name\":\"Norra\"}]},{\"@type\":\"WebSite\",\"@id\":\"https:\/\/hightechkaunas.com\/#website\",\"url\":\"https:\/\/hightechkaunas.com\/\",\"name\":\"Hightechkaunas.com\",\"description\":\"\",\"potentialAction\":[{\"@type\":\"SearchAction\",\"target\":{\"@type\":\"EntryPoint\",\"urlTemplate\":\"https:\/\/hightechkaunas.com\/?s={search_term_string}\"},\"query-input\":{\"@type\":\"PropertyValueSpecification\",\"valueRequired\":true,\"valueName\":\"search_term_string\"}}],\"inLanguage\":\"et\"}]}<\/script>\n<!-- \/ Yoast SEO plugin. -->","yoast_head_json":{"title":"Norra - Hightechkaunas.com","robots":{"index":"index","follow":"follow","max-snippet":"max-snippet:-1","max-image-preview":"max-image-preview:large","max-video-preview":"max-video-preview:-1"},"canonical":"https:\/\/hightechkaunas.com\/et\/hightech-outsourcing\/norra\/","og_locale":"et_EE","og_type":"article","og_title":"Norra - Hightechkaunas.com","og_description":"Norra IT-turg on \u00fcks k\u00f5ige arenenumaid Euroopas ja t\u00e4nu oma kogemustele on Hightech Kaunase klastril riigile palju pakkuda.","og_url":"https:\/\/hightechkaunas.com\/et\/hightech-outsourcing\/norra\/","og_site_name":"Hightechkaunas.com","article_modified_time":"2024-11-24T11:55:30+00:00","og_image":[{"width":2560,"height":1920,"url":"https:\/\/hightechkaunas.com\/wp-content\/uploads\/2024\/10\/pexels-borisk-5683079-scaled.jpg","type":"image\/jpeg"}],"twitter_card":"summary_large_image","twitter_misc":{"Est. reading time":"1 minut"},"schema":{"@context":"https:\/\/schema.org","@graph":[{"@type":"WebPage","@id":"https:\/\/hightechkaunas.com\/et\/hightech-outsourcing\/norra\/","url":"https:\/\/hightechkaunas.com\/et\/hightech-outsourcing\/norra\/","name":"Norra - Hightechkaunas.com","isPartOf":{"@id":"https:\/\/hightechkaunas.com\/#website"},"primaryImageOfPage":{"@id":"https:\/\/hightechkaunas.com\/et\/hightech-outsourcing\/norra\/#primaryimage"},"image":{"@id":"https:\/\/hightechkaunas.com\/et\/hightech-outsourcing\/norra\/#primaryimage"},"thumbnailUrl":"https:\/\/hightechkaunas.com\/wp-content\/uploads\/2024\/10\/pexels-borisk-5683079-scaled.jpg","datePublished":"2024-10-30T10:02:04+00:00","dateModified":"2024-11-24T11:55:30+00:00","breadcrumb":{"@id":"https:\/\/hightechkaunas.com\/et\/hightech-outsourcing\/norra\/#breadcrumb"},"inLanguage":"et","potentialAction":[{"@type":"ReadAction","target":["https:\/\/hightechkaunas.com\/et\/hightech-outsourcing\/norra\/"]}]},{"@type":"ImageObject","inLanguage":"et","@id":"https:\/\/hightechkaunas.com\/et\/hightech-outsourcing\/norra\/#primaryimage","url":"https:\/\/hightechkaunas.com\/wp-content\/uploads\/2024\/10\/pexels-borisk-5683079-scaled.jpg","contentUrl":"https:\/\/hightechkaunas.com\/wp-content\/uploads\/2024\/10\/pexels-borisk-5683079-scaled.jpg","width":2560,"height":1920},{"@type":"BreadcrumbList","@id":"https:\/\/hightechkaunas.com\/et\/hightech-outsourcing\/norra\/#breadcrumb","itemListElement":[{"@type":"ListItem","position":1,"name":"Home","item":"https:\/\/hightechkaunas.com\/et\/"},{"@type":"ListItem","position":2,"name":"Hightech outsorcing","item":"https:\/\/hightechkaunas.com\/et\/hightech-outsourcing\/"},{"@type":"ListItem","position":3,"name":"Norra"}]},{"@type":"WebSite","@id":"https:\/\/hightechkaunas.com\/#website","url":"https:\/\/hightechkaunas.com\/","name":"Hightechkaunas.com","description":"","potentialAction":[{"@type":"SearchAction","target":{"@type":"EntryPoint","urlTemplate":"https:\/\/hightechkaunas.com\/?s={search_term_string}"},"query-input":{"@type":"PropertyValueSpecification","valueRequired":true,"valueName":"search_term_string"}}],"inLanguage":"et"}]}},"_links":{"self":[{"href":"https:\/\/hightechkaunas.com\/et\/wp-json\/wp\/v2\/pages\/1302","targetHints":{"allow":["GET"]}}],"collection":[{"href":"https:\/\/hightechkaunas.com\/et\/wp-json\/wp\/v2\/pages"}],"about":[{"href":"https:\/\/hightechkaunas.com\/et\/wp-json\/wp\/v2\/types\/page"}],"author":[{"embeddable":true,"href":"https:\/\/hightechkaunas.com\/et\/wp-json\/wp\/v2\/users\/1"}],"replies":[{"embeddable":true,"href":"https:\/\/hightechkaunas.com\/et\/wp-json\/wp\/v2\/comments?post=1302"}],"version-history":[{"count":4,"href":"https:\/\/hightechkaunas.com\/et\/wp-json\/wp\/v2\/pages\/1302\/revisions"}],"predecessor-version":[{"id":1885,"href":"https:\/\/hightechkaunas.com\/et\/wp-json\/wp\/v2\/pages\/1302\/revisions\/1885"}],"up":[{"embeddable":true,"href":"https:\/\/hightechkaunas.com\/et\/wp-json\/wp\/v2\/pages\/1322"}],"wp:featuredmedia":[{"embeddable":true,"href":"https:\/\/hightechkaunas.com\/et\/wp-json\/wp\/v2\/media\/1132"}],"wp:attachment":[{"href":"https:\/\/hightechkaunas.com\/et\/wp-json\/wp\/v2\/media?parent=1302"}],"curies":[{"name":"wp","href":"https:\/\/api.w.org\/{rel}","templated":true}]}}