{"id":1297,"date":"2024-10-30T10:13:49","date_gmt":"2024-10-30T10:13:49","guid":{"rendered":"https:\/\/hightechkaunas.com\/danija\/"},"modified":"2024-11-24T11:54:25","modified_gmt":"2024-11-24T11:54:25","slug":"denmark","status":"publish","type":"page","link":"https:\/\/hightechkaunas.com\/et\/hightech-outsourcing\/denmark\/","title":{"rendered":"Taani"},"content":{"rendered":"\r\n\r\n<section id=\"header-block\" class=\"header-block\">\r\n    <div class=\"header-block-texts\">\r\n                    <h1>Taani<\/h1>\r\n            <\/div>\r\n        <style>\r\n        .header-block {\r\n            background: url('https:\/\/hightechkaunas.com\/wp-content\/uploads\/2024\/10\/pexels-pixabay-416024-scaled.jpg') no-repeat center center;\r\n            background-size: cover;\r\n        }\r\n    <\/style>\r\n<\/section>\r\n\r\n\r\n\n\n\r\n\r\n\r\n<section id=\"lefttext\" class=\"lefttext web-section\">\r\n    <div class=\"container-fluid\">\r\n        <div class=\"lefttext-in\">\r\n            <div class=\"rte\">\r\n                                    <p>Hightech Kaunas v\u00f5ib pakkuda Taani turule v\u00e4\u00e4rtuslikke eeliseid, mis tugevdavad Taani ettev\u00f5tete konkurentsiv\u00f5imet rahvusvahelisel areenil ja aitavad neil saavutada oma tehnoloogilisi eesm\u00e4rke t\u00f5husalt ja uuenduslikult.<\/p>\n                            <\/div>\r\n        <\/div>\r\n    <\/div>\r\n<\/section>\r\n\r\n\n\n\n\n\n\n<section id=\"services-text\" class=\"services-text web-section\">\n\t<div class=\"container-fluid\">\n\t\t<div class=\"services-list-in\">\n\t\t\t<a href=\"\" class=\"services-list-item services-list-item- services-text-link\">\n\t\t\t\t<div class=\"services-list-item-text\">\n\t\t\t\t\t<div class=\"services-list-item-text-helper\">\n\t\t\t\t\t\t<h3 class=\"main-title\">Innovatsioon ja tehnoloogiline areng:<\/h3>\n\t\t\t\t\t\t<p>Leedu ja eelk\u00f5ige Hightech Kaunase klaster on tuntud oma uuenduslike IT-lahenduste, sealhulgas tehisintellekti, pilvetehnoloogiate ja intelligentsete s\u00fcsteemide arendamise poolest. See annab Taani ettev\u00f5tetele v\u00f5imaluse integreerida tipptasemel tehnoloogiaid, mis v\u00f5ivad parandada nende toodete ja teenuste kvaliteeti, optimeerida tegevust ja v\u00e4hendada kulusid.<\/p>\n\t\t\t\t\t<\/div>\n\t\t\t\t<\/div>\n\t\t\t\t<div class=\"services-list-item-image services-list-item-image- services-text-image\"\n\t\t\t\t     style=\"background-image: url('https:\/\/hightechkaunas.com\/wp-content\/uploads\/2024\/10\/pexels-pixabay-415722-scaled.jpg')\">\n\t\t\t\t<\/div>\n\t\t\t<\/a>\n\t\t<\/div>\n\t<\/div>\n<\/section>\n\n\n\n\n\n\n<section id=\"services-text\" class=\"services-text web-section\">\n\t<div class=\"container-fluid\">\n\t\t<div class=\"services-list-in\">\n\t\t\t<a href=\"\" class=\"services-list-item services-list-item- services-text-link\">\n\t\t\t\t<div class=\"services-list-item-text\">\n\t\t\t\t\t<div class=\"services-list-item-text-helper\">\n\t\t\t\t\t\t<h3 class=\"main-title\">Klientide vajadustega kohanemine:<\/h3>\n\t\t\t\t\t\t<p>Hightech Kaunase liikmed on paindlikud ja avatud individuaalsetele projektidele, mis t\u00e4hendab, et iga lahendust saab kohandada vastavalt konkreetse Taani ettev\u00f5tte vajadustele. See on eriti oluline innovaatiliste turgude puhul, mis muutuvad kiiresti ja peavad kiiresti reageerima turumuutustele.<\/p>\n\t\t\t\t\t<\/div>\n\t\t\t\t<\/div>\n\t\t\t\t<div class=\"services-list-item-image services-list-item-image- services-text-image\"\n\t\t\t\t     style=\"background-image: url('https:\/\/hightechkaunas.com\/wp-content\/uploads\/2024\/10\/pexels-shvets-2563679-scaled.jpg')\">\n\t\t\t\t<\/div>\n\t\t\t<\/a>\n\t\t<\/div>\n\t<\/div>\n<\/section>\n\n\n\n\n\n\n<section id=\"services-text\" class=\"services-text web-section\">\n\t<div class=\"container-fluid\">\n\t\t<div class=\"services-list-in\">\n\t\t\t<a href=\"\" class=\"services-list-item services-list-item- services-text-link\">\n\t\t\t\t<div class=\"services-list-item-text\">\n\t\t\t\t\t<div class=\"services-list-item-text-helper\">\n\t\t\t\t\t\t<h3 class=\"main-title\">Hea hinna ja kvaliteedi suhe:<\/h3>\n\t\t\t\t\t\t<p>Leedu IT-sektor on tuntud mitte ainult tugeva akadeemilise koolituse ja k\u00f5rge kvalifikatsiooni, vaid ka soodsama hinnakujunduse poolest v\u00f5rreldes teiste L\u00e4\u00e4ne-Euroopa riikidega. See annab Taani ettev\u00f5tetele v\u00f5imaluse saada kvaliteetset teenust soodsama hinnaga, suurendades seega oma investeeringute tasuvust.<\/p>\n\t\t\t\t\t<\/div>\n\t\t\t\t<\/div>\n\t\t\t\t<div class=\"services-list-item-image services-list-item-image- services-text-image\"\n\t\t\t\t     style=\"background-image: url('https:\/\/hightechkaunas.com\/wp-content\/uploads\/2024\/10\/pexels-bamparima-2761152-scaled.jpg')\">\n\t\t\t\t<\/div>\n\t\t\t<\/a>\n\t\t<\/div>\n\t<\/div>\n<\/section>\n\n\n\n\n\n\n<section id=\"services-text\" class=\"services-text web-section\">\n\t<div class=\"container-fluid\">\n\t\t<div class=\"services-list-in\">\n\t\t\t<a href=\"\" class=\"services-list-item services-list-item- services-text-link\">\n\t\t\t\t<div class=\"services-list-item-text\">\n\t\t\t\t\t<div class=\"services-list-item-text-helper\">\n\t\t\t\t\t\t<h3 class=\"main-title\">Geograafiline ja kultuuriline l\u00e4hedus:<\/h3>\n\t\t\t\t\t\t<p>Leedu on Taanile geograafiliselt ja kultuuriliselt l\u00e4hedal, mis lihtsustab koost\u00f6\u00f6d, suhtlemist ja logistikat. Euroopa Liidu \u00fchine liikmesuse staatus tagab \u00e4ritegevuse l\u00e4bipaistvuse ja \u00f5iguskindluse \u00fchtsel viisil.<\/p>\n\t\t\t\t\t<\/div>\n\t\t\t\t<\/div>\n\t\t\t\t<div class=\"services-list-item-image services-list-item-image- services-text-image\"\n\t\t\t\t     style=\"background-image: url('https:\/\/hightechkaunas.com\/wp-content\/uploads\/2024\/10\/pexels-alinaskazka-27330739-scaled.jpg')\">\n\t\t\t\t<\/div>\n\t\t\t<\/a>\n\t\t<\/div>\n\t<\/div>\n<\/section>\n\n\n\n\n\n\n<section id=\"services-text\" class=\"services-text web-section\">\n\t<div class=\"container-fluid\">\n\t\t<div class=\"services-list-in\">\n\t\t\t<a href=\"\" class=\"services-list-item services-list-item- services-text-link\">\n\t\t\t\t<div class=\"services-list-item-text\">\n\t\t\t\t\t<div class=\"services-list-item-text-helper\">\n\t\t\t\t\t\t<h3 class=\"main-title\">Rahvusvaheline kogemus ja keeleoskus:<\/h3>\n\t\t\t\t\t\t<p>Hightech Kaunase liikmetel on lai rahvusvaheline v\u00f5rgustik ja nad oskavad mitmeid v\u00f5\u00f5rkeeli, sealhulgas inglise keelt, mida kasutatakse laialdaselt Taani \u00e4rikeskkonnas. See h\u00f5lbustab suhtlemist ja projektijuhtimist.<\/p>\n\t\t\t\t\t<\/div>\n\t\t\t\t<\/div>\n\t\t\t\t<div class=\"services-list-item-image services-list-item-image- services-text-image\"\n\t\t\t\t     style=\"background-image: url('https:\/\/hightechkaunas.com\/wp-content\/uploads\/2024\/10\/pexels-tanathip-rattanatum-1050216-2026324-scaled.jpg')\">\n\t\t\t\t<\/div>\n\t\t\t<\/a>\n\t\t<\/div>\n\t<\/div>\n<\/section>\n\n\n\n\n\n\n<section id=\"services-text\" class=\"services-text web-section\">\n\t<div class=\"container-fluid\">\n\t\t<div class=\"services-list-in\">\n\t\t\t<a href=\"\" class=\"services-list-item services-list-item- services-text-link\">\n\t\t\t\t<div class=\"services-list-item-text\">\n\t\t\t\t\t<div class=\"services-list-item-text-helper\">\n\t\t\t\t\t\t<h3 class=\"main-title\">Algatused ja toetusprogrammid:<\/h3>\n\t\t\t\t\t\t<p>Hightech Kaunas osaleb aktiivselt erinevates riiklikes ja rahvusvahelistes programmides, mis edendavad tehnoloogia arengut ja uute lahenduste kasutuselev\u00f5ttu. Selle tulemusena hoitakse klastri liikmed kursis uusimate tehnoloogiate ja tehnikatega, mis v\u00f5ivad Taani turule kasu tuua.<\/p>\n\t\t\t\t\t<\/div>\n\t\t\t\t<\/div>\n\t\t\t\t<div class=\"services-list-item-image services-list-item-image- services-text-image\"\n\t\t\t\t     style=\"background-image: url('https:\/\/hightechkaunas.com\/wp-content\/uploads\/2024\/10\/pexels-magda-ehlers-pexels-772177-scaled.jpg')\">\n\t\t\t\t<\/div>\n\t\t\t<\/a>\n\t\t<\/div>\n\t<\/div>\n<\/section>\n\n\n\n\n\n\n\n<section id=\"cta\" class=\"cta web-section\">\n\t<div class=\"container-fluid\">\n\t\t<div class=\"cta-block\">\n\t\t\t<div class=\"cta-block__overlay\"><\/div>\n\t\t\t\t\t\t\t<img loading=\"lazy\" decoding=\"async\" width=\"863\" height=\"584\" src=\"https:\/\/hightechkaunas.com\/wp-content\/uploads\/2024\/09\/3-naujienos-foto.jpg\" class=\"attachment-full size-full\" alt=\"\" srcset=\"https:\/\/hightechkaunas.com\/wp-content\/uploads\/2024\/09\/3-naujienos-foto.jpg 863w, https:\/\/hightechkaunas.com\/wp-content\/uploads\/2024\/09\/3-naujienos-foto-300x203.jpg 300w, https:\/\/hightechkaunas.com\/wp-content\/uploads\/2024\/09\/3-naujienos-foto-768x520.jpg 768w\" sizes=\"auto, (max-width: 863px) 100vw, 863px\" \/>\t\t\t\t\t\t\t\t\t\t<h3 class=\"cta__title\">Taani ettev\u00f5tetele, kes otsivad usaldusv\u00e4\u00e4rset ja innovatiivset IT-partnerit, pakub Hightech Kaunas mitte ainult kvaliteetseid tehnoloogiateenuseid, vaid ka igak\u00fclgset tuge ja konsultatsioone IT-lahenduste rakendamisel. V\u00f5tke meiega \u00fchendust, et teada saada, kuidas me saame aidata kaasa teie ettev\u00f5tte edule.<\/h3>\n\t\t\t\t\t\t\t\t\t\t<a class=\"button-blue\" href=\"https:\/\/hightechkaunas.com\/et\/contacts\/\"\n\t\t\t\t   target=\"_self\">\n\t\t\t\t\tKontakt\t\t\t\t<\/a>\n\t\t\t\t\t<\/div>\n\t<\/div>\n<\/section>\n\n\n<section class=\"wp-block-group\"><div class=\"wp-block-group__inner-container is-layout-constrained wp-block-group-is-layout-constrained\">\n<div style=\"height:50px\" aria-hidden=\"true\" class=\"wp-block-spacer\"><\/div>\n<\/div><\/section>\n\n\n\n\n\n\n<section id=\"services-text\" class=\"services-text web-section title-text\">\n\t<div class=\"container-fluid\">\n\t\t\t\t\t<h2 class=\"main-title\">\n\t\t\t\tMeie hinnakujundus\t\t\t<\/h2>\n\t\t\t\t\t\t\t<div class=\"subtitle-text\">\n\t\t\t\t<table class=\"table table-responsive\">\n<tbody>\n<tr>\n<td width=\"120\">Positsioon \\ Senioriteet<\/td>\n<td width=\"120\">Junior<\/td>\n<td width=\"120\">Mid<\/td>\n<td width=\"120\">Senior<\/td>\n<\/tr>\n<tr>\n<td width=\"120\">\u00c4rianal\u00fc\u00fctik<\/td>\n<td width=\"120\">45<\/td>\n<td width=\"120\">55<\/td>\n<td width=\"120\">70<\/td>\n<\/tr>\n<tr>\n<td width=\"120\">Projektijuht<\/td>\n<td width=\"120\">35<\/td>\n<td width=\"120\">40<\/td>\n<td width=\"120\">60<\/td>\n<\/tr>\n<tr>\n<td width=\"120\">Disainer<\/td>\n<td width=\"120\">20<\/td>\n<td width=\"120\">45<\/td>\n<td width=\"120\">65<\/td>\n<\/tr>\n<tr>\n<td width=\"120\">S\u00fcsteemi arhitekt<\/td>\n<td width=\"120\">40<\/td>\n<td width=\"120\">60<\/td>\n<td width=\"120\">70<\/td>\n<\/tr>\n<tr>\n<td width=\"120\">Front-end developer<\/td>\n<td width=\"120\">35<\/td>\n<td width=\"120\">45<\/td>\n<td width=\"120\">65<\/td>\n<\/tr>\n<tr>\n<td width=\"120\">Back-end developer<\/td>\n<td width=\"120\">30<\/td>\n<td width=\"120\">50<\/td>\n<td width=\"120\">60<\/td>\n<\/tr>\n<tr>\n<td width=\"120\">Testija<\/td>\n<td width=\"120\">30<\/td>\n<td width=\"120\">50<\/td>\n<td width=\"120\">65<\/td>\n<\/tr>\n<tr>\n<td width=\"120\">Devops<\/td>\n<td width=\"120\">40<\/td>\n<td width=\"120\">55<\/td>\n<td width=\"120\">70<\/td>\n<\/tr>\n<\/tbody>\n<\/table>\n\t\t\t<\/div>\n\t\t\t<\/div>\n<\/section>\n\n\n","protected":false},"excerpt":{"rendered":"<p>Hightech Kaunas v\u00f5ib pakkuda Taani turule v\u00e4\u00e4rtuslikke eeliseid, mis tugevdavad Taani ettev\u00f5tete konkurentsiv\u00f5imet rahvusvahelisel areenil ja aitavad neil saavutada oma tehnoloogilisi eesm\u00e4rke t\u00f5husalt ja uuenduslikult.<\/p>\n","protected":false},"author":1,"featured_media":1167,"parent":1322,"menu_order":0,"comment_status":"closed","ping_status":"closed","template":"","meta":{"_acf_changed":false,"inline_featured_image":false,"footnotes":""},"class_list":["post-1297","page","type-page","status-publish","has-post-thumbnail","hentry"],"acf":[],"yoast_head":"<!-- This site is optimized with the Yoast SEO plugin v26.2 - https:\/\/yoast.com\/wordpress\/plugins\/seo\/ -->\n<title>Taani - Hightechkaunas.com<\/title>\n<meta name=\"robots\" content=\"index, follow, max-snippet:-1, max-image-preview:large, max-video-preview:-1\" \/>\n<link rel=\"canonical\" href=\"https:\/\/hightechkaunas.com\/et\/hightech-outsourcing\/denmark\/\" \/>\n<meta property=\"og:locale\" content=\"et_EE\" \/>\n<meta property=\"og:type\" content=\"article\" \/>\n<meta property=\"og:title\" content=\"Taani - Hightechkaunas.com\" \/>\n<meta property=\"og:description\" content=\"Hightech Kaunas v\u00f5ib pakkuda Taani turule v\u00e4\u00e4rtuslikke eeliseid, mis tugevdavad Taani ettev\u00f5tete konkurentsiv\u00f5imet rahvusvahelisel areenil ja aitavad neil saavutada oma tehnoloogilisi eesm\u00e4rke t\u00f5husalt ja uuenduslikult.\" \/>\n<meta property=\"og:url\" content=\"https:\/\/hightechkaunas.com\/et\/hightech-outsourcing\/denmark\/\" \/>\n<meta property=\"og:site_name\" content=\"Hightechkaunas.com\" \/>\n<meta property=\"article:modified_time\" content=\"2024-11-24T11:54:25+00:00\" \/>\n<meta property=\"og:image\" content=\"https:\/\/hightechkaunas.com\/wp-content\/uploads\/2024\/10\/pexels-pixabay-416024-scaled.jpg\" \/>\n\t<meta property=\"og:image:width\" content=\"2560\" \/>\n\t<meta property=\"og:image:height\" content=\"1702\" \/>\n\t<meta property=\"og:image:type\" content=\"image\/jpeg\" \/>\n<meta name=\"twitter:card\" content=\"summary_large_image\" \/>\n<meta name=\"twitter:label1\" content=\"Est. reading time\" \/>\n\t<meta name=\"twitter:data1\" content=\"1 minut\" \/>\n<script type=\"application\/ld+json\" class=\"yoast-schema-graph\">{\"@context\":\"https:\/\/schema.org\",\"@graph\":[{\"@type\":\"WebPage\",\"@id\":\"https:\/\/hightechkaunas.com\/et\/hightech-outsourcing\/denmark\/\",\"url\":\"https:\/\/hightechkaunas.com\/et\/hightech-outsourcing\/denmark\/\",\"name\":\"Taani - Hightechkaunas.com\",\"isPartOf\":{\"@id\":\"https:\/\/hightechkaunas.com\/#website\"},\"primaryImageOfPage\":{\"@id\":\"https:\/\/hightechkaunas.com\/et\/hightech-outsourcing\/denmark\/#primaryimage\"},\"image\":{\"@id\":\"https:\/\/hightechkaunas.com\/et\/hightech-outsourcing\/denmark\/#primaryimage\"},\"thumbnailUrl\":\"https:\/\/hightechkaunas.com\/wp-content\/uploads\/2024\/10\/pexels-pixabay-416024-scaled.jpg\",\"datePublished\":\"2024-10-30T10:13:49+00:00\",\"dateModified\":\"2024-11-24T11:54:25+00:00\",\"breadcrumb\":{\"@id\":\"https:\/\/hightechkaunas.com\/et\/hightech-outsourcing\/denmark\/#breadcrumb\"},\"inLanguage\":\"et\",\"potentialAction\":[{\"@type\":\"ReadAction\",\"target\":[\"https:\/\/hightechkaunas.com\/et\/hightech-outsourcing\/denmark\/\"]}]},{\"@type\":\"ImageObject\",\"inLanguage\":\"et\",\"@id\":\"https:\/\/hightechkaunas.com\/et\/hightech-outsourcing\/denmark\/#primaryimage\",\"url\":\"https:\/\/hightechkaunas.com\/wp-content\/uploads\/2024\/10\/pexels-pixabay-416024-scaled.jpg\",\"contentUrl\":\"https:\/\/hightechkaunas.com\/wp-content\/uploads\/2024\/10\/pexels-pixabay-416024-scaled.jpg\",\"width\":2560,\"height\":1702},{\"@type\":\"BreadcrumbList\",\"@id\":\"https:\/\/hightechkaunas.com\/et\/hightech-outsourcing\/denmark\/#breadcrumb\",\"itemListElement\":[{\"@type\":\"ListItem\",\"position\":1,\"name\":\"Home\",\"item\":\"https:\/\/hightechkaunas.com\/et\/\"},{\"@type\":\"ListItem\",\"position\":2,\"name\":\"Hightech outsorcing\",\"item\":\"https:\/\/hightechkaunas.com\/et\/hightech-outsourcing\/\"},{\"@type\":\"ListItem\",\"position\":3,\"name\":\"Taani\"}]},{\"@type\":\"WebSite\",\"@id\":\"https:\/\/hightechkaunas.com\/#website\",\"url\":\"https:\/\/hightechkaunas.com\/\",\"name\":\"Hightechkaunas.com\",\"description\":\"\",\"potentialAction\":[{\"@type\":\"SearchAction\",\"target\":{\"@type\":\"EntryPoint\",\"urlTemplate\":\"https:\/\/hightechkaunas.com\/?s={search_term_string}\"},\"query-input\":{\"@type\":\"PropertyValueSpecification\",\"valueRequired\":true,\"valueName\":\"search_term_string\"}}],\"inLanguage\":\"et\"}]}<\/script>\n<!-- \/ Yoast SEO plugin. -->","yoast_head_json":{"title":"Taani - Hightechkaunas.com","robots":{"index":"index","follow":"follow","max-snippet":"max-snippet:-1","max-image-preview":"max-image-preview:large","max-video-preview":"max-video-preview:-1"},"canonical":"https:\/\/hightechkaunas.com\/et\/hightech-outsourcing\/denmark\/","og_locale":"et_EE","og_type":"article","og_title":"Taani - Hightechkaunas.com","og_description":"Hightech Kaunas v\u00f5ib pakkuda Taani turule v\u00e4\u00e4rtuslikke eeliseid, mis tugevdavad Taani ettev\u00f5tete konkurentsiv\u00f5imet rahvusvahelisel areenil ja aitavad neil saavutada oma tehnoloogilisi eesm\u00e4rke t\u00f5husalt ja uuenduslikult.","og_url":"https:\/\/hightechkaunas.com\/et\/hightech-outsourcing\/denmark\/","og_site_name":"Hightechkaunas.com","article_modified_time":"2024-11-24T11:54:25+00:00","og_image":[{"width":2560,"height":1702,"url":"https:\/\/hightechkaunas.com\/wp-content\/uploads\/2024\/10\/pexels-pixabay-416024-scaled.jpg","type":"image\/jpeg"}],"twitter_card":"summary_large_image","twitter_misc":{"Est. reading time":"1 minut"},"schema":{"@context":"https:\/\/schema.org","@graph":[{"@type":"WebPage","@id":"https:\/\/hightechkaunas.com\/et\/hightech-outsourcing\/denmark\/","url":"https:\/\/hightechkaunas.com\/et\/hightech-outsourcing\/denmark\/","name":"Taani - Hightechkaunas.com","isPartOf":{"@id":"https:\/\/hightechkaunas.com\/#website"},"primaryImageOfPage":{"@id":"https:\/\/hightechkaunas.com\/et\/hightech-outsourcing\/denmark\/#primaryimage"},"image":{"@id":"https:\/\/hightechkaunas.com\/et\/hightech-outsourcing\/denmark\/#primaryimage"},"thumbnailUrl":"https:\/\/hightechkaunas.com\/wp-content\/uploads\/2024\/10\/pexels-pixabay-416024-scaled.jpg","datePublished":"2024-10-30T10:13:49+00:00","dateModified":"2024-11-24T11:54:25+00:00","breadcrumb":{"@id":"https:\/\/hightechkaunas.com\/et\/hightech-outsourcing\/denmark\/#breadcrumb"},"inLanguage":"et","potentialAction":[{"@type":"ReadAction","target":["https:\/\/hightechkaunas.com\/et\/hightech-outsourcing\/denmark\/"]}]},{"@type":"ImageObject","inLanguage":"et","@id":"https:\/\/hightechkaunas.com\/et\/hightech-outsourcing\/denmark\/#primaryimage","url":"https:\/\/hightechkaunas.com\/wp-content\/uploads\/2024\/10\/pexels-pixabay-416024-scaled.jpg","contentUrl":"https:\/\/hightechkaunas.com\/wp-content\/uploads\/2024\/10\/pexels-pixabay-416024-scaled.jpg","width":2560,"height":1702},{"@type":"BreadcrumbList","@id":"https:\/\/hightechkaunas.com\/et\/hightech-outsourcing\/denmark\/#breadcrumb","itemListElement":[{"@type":"ListItem","position":1,"name":"Home","item":"https:\/\/hightechkaunas.com\/et\/"},{"@type":"ListItem","position":2,"name":"Hightech outsorcing","item":"https:\/\/hightechkaunas.com\/et\/hightech-outsourcing\/"},{"@type":"ListItem","position":3,"name":"Taani"}]},{"@type":"WebSite","@id":"https:\/\/hightechkaunas.com\/#website","url":"https:\/\/hightechkaunas.com\/","name":"Hightechkaunas.com","description":"","potentialAction":[{"@type":"SearchAction","target":{"@type":"EntryPoint","urlTemplate":"https:\/\/hightechkaunas.com\/?s={search_term_string}"},"query-input":{"@type":"PropertyValueSpecification","valueRequired":true,"valueName":"search_term_string"}}],"inLanguage":"et"}]}},"_links":{"self":[{"href":"https:\/\/hightechkaunas.com\/et\/wp-json\/wp\/v2\/pages\/1297","targetHints":{"allow":["GET"]}}],"collection":[{"href":"https:\/\/hightechkaunas.com\/et\/wp-json\/wp\/v2\/pages"}],"about":[{"href":"https:\/\/hightechkaunas.com\/et\/wp-json\/wp\/v2\/types\/page"}],"author":[{"embeddable":true,"href":"https:\/\/hightechkaunas.com\/et\/wp-json\/wp\/v2\/users\/1"}],"replies":[{"embeddable":true,"href":"https:\/\/hightechkaunas.com\/et\/wp-json\/wp\/v2\/comments?post=1297"}],"version-history":[{"count":3,"href":"https:\/\/hightechkaunas.com\/et\/wp-json\/wp\/v2\/pages\/1297\/revisions"}],"predecessor-version":[{"id":1884,"href":"https:\/\/hightechkaunas.com\/et\/wp-json\/wp\/v2\/pages\/1297\/revisions\/1884"}],"up":[{"embeddable":true,"href":"https:\/\/hightechkaunas.com\/et\/wp-json\/wp\/v2\/pages\/1322"}],"wp:featuredmedia":[{"embeddable":true,"href":"https:\/\/hightechkaunas.com\/et\/wp-json\/wp\/v2\/media\/1167"}],"wp:attachment":[{"href":"https:\/\/hightechkaunas.com\/et\/wp-json\/wp\/v2\/media?parent=1297"}],"curies":[{"name":"wp","href":"https:\/\/api.w.org\/{rel}","templated":true}]}}