{"id":1292,"date":"2024-10-30T10:28:22","date_gmt":"2024-10-30T10:28:22","guid":{"rendered":"https:\/\/hightechkaunas.com\/estija\/"},"modified":"2024-11-24T11:50:57","modified_gmt":"2024-11-24T11:50:57","slug":"estija","status":"publish","type":"page","link":"https:\/\/hightechkaunas.com\/et\/hightech-outsourcing\/estija\/","title":{"rendered":"Eesti"},"content":{"rendered":"\r\n\r\n<section id=\"header-block\" class=\"header-block\">\r\n    <div class=\"header-block-texts\">\r\n                    <h1>Eesti<\/h1>\r\n            <\/div>\r\n        <style>\r\n        .header-block {\r\n            background: url('https:\/\/hightechkaunas.com\/wp-content\/uploads\/2024\/10\/pexels-orlovamaria-4906154-scaled.jpg') no-repeat center center;\r\n            background-size: cover;\r\n        }\r\n    <\/style>\r\n<\/section>\r\n\r\n\r\n\n\n\n\n\n\n<section id=\"services-text\" class=\"services-text web-section\">\n\t<div class=\"container-fluid\">\n\t\t\t\t\t<h2 class=\"main-title\">\n\t\t\t\tMiks on Hightech Kaunas Eesti turu jaoks atraktiivne valik?\t\t\t<\/h2>\n\t\t\t\t\t\t\t\t\t<div class=\"blocks-list\">\n\t\t\t\t\t\t\t\t\t<div class=\"block-text-item\">\n\t\t\t\t\t\t                            <div class=\"block-text-item__icon\">\n\t\t\t\t\t\t\t\t<img loading=\"lazy\" decoding=\"async\" width=\"512\" height=\"512\" src=\"https:\/\/hightechkaunas.com\/wp-content\/uploads\/2024\/10\/online-data.png-1.webp\" class=\"\" alt=\"\" srcset=\"https:\/\/hightechkaunas.com\/wp-content\/uploads\/2024\/10\/online-data.png-1.webp 512w, https:\/\/hightechkaunas.com\/wp-content\/uploads\/2024\/10\/online-data.png-1-300x300.webp 300w, https:\/\/hightechkaunas.com\/wp-content\/uploads\/2024\/10\/online-data.png-1-150x150.webp 150w\" sizes=\"auto, (max-width: 512px) 100vw, 512px\" \/>                            <\/div>\n\t\t\t\t\t\t\t\t\t\t\t\t<p><strong>Kohanemisv\u00f5ime kohaliku turu vajadustele:<\/strong> me m\u00f5istame, et Eesti IT-turg n\u00f5uab reageerimisv\u00f5imet ja paindlikkust. Hightech Kaunase meeskond koosneb k\u00f5rge kvalifikatsiooniga spetsialistidest, kes on valmis probleeme kiiresti lahendama ja kohandama lahendusi kliendi vajadustele.<\/p>\n\t\t\t\t\t<\/div>\n\t\t\t\t\t\t\t\t\t<div class=\"block-text-item\">\n\t\t\t\t\t\t                            <div class=\"block-text-item__icon\">\n\t\t\t\t\t\t\t\t<img loading=\"lazy\" decoding=\"async\" width=\"512\" height=\"512\" src=\"https:\/\/hightechkaunas.com\/wp-content\/uploads\/2024\/10\/company_9235107-1.png\" class=\"\" alt=\"\" srcset=\"https:\/\/hightechkaunas.com\/wp-content\/uploads\/2024\/10\/company_9235107-1.png 512w, https:\/\/hightechkaunas.com\/wp-content\/uploads\/2024\/10\/company_9235107-1-300x300.png 300w, https:\/\/hightechkaunas.com\/wp-content\/uploads\/2024\/10\/company_9235107-1-150x150.png 150w\" sizes=\"auto, (max-width: 512px) 100vw, 512px\" \/>                            <\/div>\n\t\t\t\t\t\t\t\t\t\t\t\t<p><strong>Juurdep\u00e4\u00e4s rahvusvahelisele kogemusele:<\/strong> Kuigi Eesti on IT-innovatsioonides juhtpositsioonil, annab rahvusvaheline kogemus meile v\u00f5imaluse tuua uusi ideid ja vaatenurki, mida saab kohalikul turul rakendada protsesside v\u00f5i uuenduste optimeerimiseks.<\/p>\n\t\t\t\t\t<\/div>\n\t\t\t\t\t\t\t\t\t<div class=\"block-text-item\">\n\t\t\t\t\t\t                            <div class=\"block-text-item__icon\">\n\t\t\t\t\t\t\t\t<img loading=\"lazy\" decoding=\"async\" width=\"512\" height=\"512\" src=\"https:\/\/hightechkaunas.com\/wp-content\/uploads\/2024\/10\/business_13599882-1.png\" class=\"\" alt=\"\" srcset=\"https:\/\/hightechkaunas.com\/wp-content\/uploads\/2024\/10\/business_13599882-1.png 512w, https:\/\/hightechkaunas.com\/wp-content\/uploads\/2024\/10\/business_13599882-1-300x300.png 300w, https:\/\/hightechkaunas.com\/wp-content\/uploads\/2024\/10\/business_13599882-1-150x150.png 150w\" sizes=\"auto, (max-width: 512px) 100vw, 512px\" \/>                            <\/div>\n\t\t\t\t\t\t\t\t\t\t\t\t<p><strong>Hea hinna ja kvaliteedi suhe:<\/strong> pakume teenuseid, mis on Leedus soodsamad kui kohalikes ettev\u00f5tetes Eestis. See annab Eesti ettev\u00f5tetele rahalist paindlikkust ja v\u00f5imaldab neil oma eelarvet t\u00f5husamalt jaotada.<\/p>\n\t\t\t\t\t<\/div>\n\t\t\t\t\t\t\t\t\t<div class=\"block-text-item\">\n\t\t\t\t\t\t                            <div class=\"block-text-item__icon\">\n\t\t\t\t\t\t\t\t<img loading=\"lazy\" decoding=\"async\" width=\"256\" height=\"256\" src=\"https:\/\/hightechkaunas.com\/wp-content\/uploads\/2024\/10\/4961750.png\" class=\"\" alt=\"\" srcset=\"https:\/\/hightechkaunas.com\/wp-content\/uploads\/2024\/10\/4961750.png 256w, https:\/\/hightechkaunas.com\/wp-content\/uploads\/2024\/10\/4961750-150x150.png 150w\" sizes=\"auto, (max-width: 256px) 100vw, 256px\" \/>                            <\/div>\n\t\t\t\t\t\t\t\t\t\t\t\t<p><strong>Koost\u00f6\u00f6 klientidega<\/strong>: me v\u00e4\u00e4rtustame tihedat koost\u00f6\u00f6d klientidega ja pidevat suhtlemist, mis on eriti oluline Eesti-suguses kiirelt arenevas IT-keskkonnas.<\/p>\n\t\t\t\t\t<\/div>\n\t\t\t\t\t\t\t\t\t<div class=\"block-text-item\">\n\t\t\t\t\t\t                            <div class=\"block-text-item__icon\">\n\t\t\t\t\t\t\t\t<img loading=\"lazy\" decoding=\"async\" width=\"512\" height=\"512\" src=\"https:\/\/hightechkaunas.com\/wp-content\/uploads\/2024\/10\/business-development_14436319-1.png\" class=\"\" alt=\"\" srcset=\"https:\/\/hightechkaunas.com\/wp-content\/uploads\/2024\/10\/business-development_14436319-1.png 512w, https:\/\/hightechkaunas.com\/wp-content\/uploads\/2024\/10\/business-development_14436319-1-300x300.png 300w, https:\/\/hightechkaunas.com\/wp-content\/uploads\/2024\/10\/business-development_14436319-1-150x150.png 150w\" sizes=\"auto, (max-width: 512px) 100vw, 512px\" \/>                            <\/div>\n\t\t\t\t\t\t\t\t\t\t\t\t<p><strong>Innovatsioon ja tehnoloogia:<\/strong> meie meeskond ei ole mitte ainult kursis uusimate tehnoloogiliste suundumustega, vaid osaleb aktiivselt nende arendamises ja rakendamises. See t\u00e4hendab, et suudame pakkuda tipptasemel lahendusi, mis vastavad ka k\u00f5ige n\u00f5udlikumate Eesti turuosaliste ootustele.<\/p>\n\t\t\t\t\t<\/div>\n\t\t\t\t\t\t\t<\/div>\n\t\t\t<\/div>\n<\/section>\n\n\n\n<section id=\"members\" class=\"members web-section location-about\">\n\t<div class=\"white-rounded-item\"><\/div>\n\t<div class=\"imagemember\">\n\t\t<div class=\"niceblockmembers\"><img decoding=\"async\" src=\"https:\/\/hightechkaunas.com\/wp-content\/themes\/itbrolis\/images\/membeers-nice-block2.svg\" title=\"services-image\" alt=\"services-image\"><\/div>\n\t\t\t\t<style>\n\t\t\t.imagemember {\n\t\t\t\tbackground: url('') no-repeat right center;\n\t\t\t\tbackground-size: cover;\n\t\t\t}\n\t\t<\/style>\n\t<\/div>\n\t<div class=\"container-fluidxxx\">\n\t\t<div class=\"members-in\">\n\n\t\t\t<div class=\"members-texts\">\n\t\t\t\t\t\t\t\t\t<h2 class=\"main-title\">Eestis, kus innovatsioon ja IT-lahendused on p\u00e4evakorras, on konkurents tihe. Kuid just siin saab Hightech Kaunas pakkuda olulist lisav\u00e4\u00e4rtust. Me oleme Leedu tehnoloogiaekspertide meeskond, kes suudab mitte ainult pakkuda kvaliteetseid teenuseid, vaid ka konkurentsiv\u00f5imelisemaid hindu kui kohalikud tarnijad.<\/h2>\n\t\t\t\t\n\t\t\t<\/div>\n\t\t<\/div>\n\t<\/div>\n<\/section>\n\n\n\n\n\n<section id=\"members\" class=\"members web-section outsourcing-block\">\n\t<div class=\"white-rounded-item\"><\/div>\n\n\t\t<div class=\"imagemember\" style=\"background-image: url('https:\/\/hightechkaunas.com\/wp-content\/uploads\/2024\/10\/pexels-liis-piirmets-624964619-17890549-scaled.jpg')\">\n\t\t<div class=\"niceblockmembers\"><img decoding=\"async\" src=\"https:\/\/hightechkaunas.com\/wp-content\/themes\/itbrolis\/images\/membeers-nice-block2.svg\" title=\"services-image\" alt=\"services-image\"><\/div>\n\t<\/div>\n\t<div class=\"container-fluidxxx\">\n\t\t<div class=\"members-in\">\n\n\t\t\t<div class=\"members-texts\">\n\t\t\t\t\t\t\t\t\t<h2 class=\"main-title\">Me m\u00f5istame, et iga Eesti ettev\u00f5te p\u00fc\u00fcab s\u00e4ilitada tehnoloogilist eelisolukorda ja optimeerida oma tegevust. <\/h2>\n\t\t\t\t\n\t\t\t\t\n\t\t\t\t\t\t\t\t\t<div class=\"main__text main__text-top-pd\"><p>Hightech Kaunas on valmis olema see usaldusv\u00e4\u00e4rne partner, kes aitab teie ettev\u00f5ttel selles d\u00fcnaamilises keskkonnas kasvada ja konkurentsiv\u00f5imelisena p\u00fcsida.<\/p>\n<\/div>\n\t\t\t\t\t\t\t<\/div>\n\t\t<\/div>\n\t<\/div>\n<\/section>\n\n\n\n\n\n\n\n\n<section id=\"cta\" class=\"cta web-section\">\n\t<div class=\"container-fluid\">\n\t\t<div class=\"cta-block\">\n\t\t\t<div class=\"cta-block__overlay\"><\/div>\n\t\t\t\t\t\t\t<img loading=\"lazy\" decoding=\"async\" width=\"612\" height=\"459\" src=\"https:\/\/hightechkaunas.com\/wp-content\/uploads\/2024\/09\/sky.jpg\" class=\"attachment-full size-full\" alt=\"\" srcset=\"https:\/\/hightechkaunas.com\/wp-content\/uploads\/2024\/09\/sky.jpg 612w, https:\/\/hightechkaunas.com\/wp-content\/uploads\/2024\/09\/sky-300x225.jpg 300w\" sizes=\"auto, (max-width: 612px) 100vw, 612px\" \/>\t\t\t\t\t\t\t\t\t\t<h3 class=\"cta__title\"><strong>Kontakteeruge meiega<\/strong> juba t\u00e4na, et teada saada, kuidas me saame teie ettev\u00f5tet aidata.<\/h3>\n\t\t\t\t\t\t\t\t\t\t<a class=\"button-blue\" href=\"https:\/\/hightechkaunas.com\/et\/contacts\/\"\n\t\t\t\t   target=\"_self\">\n\t\t\t\t\tKontakt\t\t\t\t<\/a>\n\t\t\t\t\t<\/div>\n\t<\/div>\n<\/section>\n\n\n<section class=\"wp-block-group\"><div class=\"wp-block-group__inner-container is-layout-constrained wp-block-group-is-layout-constrained\">\n<div style=\"height:50px\" aria-hidden=\"true\" class=\"wp-block-spacer\"><\/div>\n<\/div><\/section>\n\n\n\n\n\n\n<section id=\"services-text\" class=\"services-text web-section title-text\">\n\t<div class=\"container-fluid\">\n\t\t\t\t\t<h2 class=\"main-title\">\n\t\t\t\tMeie hinnakujundus\t\t\t<\/h2>\n\t\t\t\t\t\t\t<div class=\"subtitle-text\">\n\t\t\t\t<table class=\"table table-responsive\">\n<tbody>\n<tr>\n<td width=\"120\">Positsioon \\ Senioriteet<\/td>\n<td width=\"120\">Junior<\/td>\n<td width=\"120\">Mid<\/td>\n<td width=\"120\">Senior<\/td>\n<\/tr>\n<tr>\n<td width=\"120\">\u00c4rianal\u00fc\u00fctik<\/td>\n<td width=\"120\">40<\/td>\n<td width=\"120\">50<\/td>\n<td width=\"120\">75<\/td>\n<\/tr>\n<tr>\n<td width=\"120\">Projektijuht<\/td>\n<td width=\"120\">30<\/td>\n<td width=\"120\">40<\/td>\n<td width=\"120\">65<\/td>\n<\/tr>\n<tr>\n<td width=\"120\">Disainer<\/td>\n<td width=\"120\">25<\/td>\n<td width=\"120\">40<\/td>\n<td width=\"120\">65<\/td>\n<\/tr>\n<tr>\n<td width=\"120\">S\u00fcsteemi arhitekt<\/td>\n<td width=\"120\">40<\/td>\n<td width=\"120\">60<\/td>\n<td width=\"120\">70<\/td>\n<\/tr>\n<tr>\n<td width=\"120\">Front-end developer<\/td>\n<td width=\"120\">35<\/td>\n<td width=\"120\">40<\/td>\n<td width=\"120\">60<\/td>\n<\/tr>\n<tr>\n<td width=\"120\">Back-end developer<\/td>\n<td width=\"120\">30<\/td>\n<td width=\"120\">50<\/td>\n<td width=\"120\">60<\/td>\n<\/tr>\n<tr>\n<td width=\"120\">Testija<\/td>\n<td width=\"120\">35<\/td>\n<td width=\"120\">55<\/td>\n<td width=\"120\">65<\/td>\n<\/tr>\n<tr>\n<td width=\"120\">Devops<\/td>\n<td width=\"120\">40<\/td>\n<td width=\"120\">50<\/td>\n<td width=\"120\">70<\/td>\n<\/tr>\n<\/tbody>\n<\/table>\n\t\t\t<\/div>\n\t\t\t<\/div>\n<\/section>\n\n\n","protected":false},"excerpt":{"rendered":"<p>In Estonia, a country where innovation and IT solutions are the order of the day, competition is fierce. But this is where Hightech Kaunas can offer significant added value. <\/p>\n","protected":false},"author":1,"featured_media":1202,"parent":1322,"menu_order":0,"comment_status":"closed","ping_status":"closed","template":"","meta":{"_acf_changed":false,"inline_featured_image":false,"footnotes":""},"class_list":["post-1292","page","type-page","status-publish","has-post-thumbnail","hentry"],"acf":[],"yoast_head":"<!-- This site is optimized with the Yoast SEO plugin v26.2 - https:\/\/yoast.com\/wordpress\/plugins\/seo\/ -->\n<title>Eesti - Hightechkaunas.com<\/title>\n<meta name=\"robots\" content=\"index, follow, max-snippet:-1, max-image-preview:large, max-video-preview:-1\" \/>\n<link rel=\"canonical\" href=\"https:\/\/hightechkaunas.com\/et\/hightech-outsourcing\/estija\/\" \/>\n<meta property=\"og:locale\" content=\"et_EE\" \/>\n<meta property=\"og:type\" content=\"article\" \/>\n<meta property=\"og:title\" content=\"Eesti - Hightechkaunas.com\" \/>\n<meta property=\"og:description\" content=\"In Estonia, a country where innovation and IT solutions are the order of the day, competition is fierce. But this is where Hightech Kaunas can offer significant added value.\" \/>\n<meta property=\"og:url\" content=\"https:\/\/hightechkaunas.com\/et\/hightech-outsourcing\/estija\/\" \/>\n<meta property=\"og:site_name\" content=\"Hightechkaunas.com\" \/>\n<meta property=\"article:modified_time\" content=\"2024-11-24T11:50:57+00:00\" \/>\n<meta property=\"og:image\" content=\"https:\/\/hightechkaunas.com\/wp-content\/uploads\/2024\/10\/pexels-orlovamaria-4906154-scaled.jpg\" \/>\n\t<meta property=\"og:image:width\" content=\"1707\" \/>\n\t<meta property=\"og:image:height\" content=\"2560\" \/>\n\t<meta property=\"og:image:type\" content=\"image\/jpeg\" \/>\n<meta name=\"twitter:card\" content=\"summary_large_image\" \/>\n<meta name=\"twitter:label1\" content=\"Est. reading time\" \/>\n\t<meta name=\"twitter:data1\" content=\"1 minut\" \/>\n<script type=\"application\/ld+json\" class=\"yoast-schema-graph\">{\"@context\":\"https:\/\/schema.org\",\"@graph\":[{\"@type\":\"WebPage\",\"@id\":\"https:\/\/hightechkaunas.com\/et\/hightech-outsourcing\/estija\/\",\"url\":\"https:\/\/hightechkaunas.com\/et\/hightech-outsourcing\/estija\/\",\"name\":\"Eesti - Hightechkaunas.com\",\"isPartOf\":{\"@id\":\"https:\/\/hightechkaunas.com\/#website\"},\"primaryImageOfPage\":{\"@id\":\"https:\/\/hightechkaunas.com\/et\/hightech-outsourcing\/estija\/#primaryimage\"},\"image\":{\"@id\":\"https:\/\/hightechkaunas.com\/et\/hightech-outsourcing\/estija\/#primaryimage\"},\"thumbnailUrl\":\"https:\/\/hightechkaunas.com\/wp-content\/uploads\/2024\/10\/pexels-orlovamaria-4906154-scaled.jpg\",\"datePublished\":\"2024-10-30T10:28:22+00:00\",\"dateModified\":\"2024-11-24T11:50:57+00:00\",\"breadcrumb\":{\"@id\":\"https:\/\/hightechkaunas.com\/et\/hightech-outsourcing\/estija\/#breadcrumb\"},\"inLanguage\":\"et\",\"potentialAction\":[{\"@type\":\"ReadAction\",\"target\":[\"https:\/\/hightechkaunas.com\/et\/hightech-outsourcing\/estija\/\"]}]},{\"@type\":\"ImageObject\",\"inLanguage\":\"et\",\"@id\":\"https:\/\/hightechkaunas.com\/et\/hightech-outsourcing\/estija\/#primaryimage\",\"url\":\"https:\/\/hightechkaunas.com\/wp-content\/uploads\/2024\/10\/pexels-orlovamaria-4906154-scaled.jpg\",\"contentUrl\":\"https:\/\/hightechkaunas.com\/wp-content\/uploads\/2024\/10\/pexels-orlovamaria-4906154-scaled.jpg\",\"width\":1707,\"height\":2560},{\"@type\":\"BreadcrumbList\",\"@id\":\"https:\/\/hightechkaunas.com\/et\/hightech-outsourcing\/estija\/#breadcrumb\",\"itemListElement\":[{\"@type\":\"ListItem\",\"position\":1,\"name\":\"Home\",\"item\":\"https:\/\/hightechkaunas.com\/et\/\"},{\"@type\":\"ListItem\",\"position\":2,\"name\":\"Hightech outsorcing\",\"item\":\"https:\/\/hightechkaunas.com\/et\/hightech-outsourcing\/\"},{\"@type\":\"ListItem\",\"position\":3,\"name\":\"Eesti\"}]},{\"@type\":\"WebSite\",\"@id\":\"https:\/\/hightechkaunas.com\/#website\",\"url\":\"https:\/\/hightechkaunas.com\/\",\"name\":\"Hightechkaunas.com\",\"description\":\"\",\"potentialAction\":[{\"@type\":\"SearchAction\",\"target\":{\"@type\":\"EntryPoint\",\"urlTemplate\":\"https:\/\/hightechkaunas.com\/?s={search_term_string}\"},\"query-input\":{\"@type\":\"PropertyValueSpecification\",\"valueRequired\":true,\"valueName\":\"search_term_string\"}}],\"inLanguage\":\"et\"}]}<\/script>\n<!-- \/ Yoast SEO plugin. -->","yoast_head_json":{"title":"Eesti - Hightechkaunas.com","robots":{"index":"index","follow":"follow","max-snippet":"max-snippet:-1","max-image-preview":"max-image-preview:large","max-video-preview":"max-video-preview:-1"},"canonical":"https:\/\/hightechkaunas.com\/et\/hightech-outsourcing\/estija\/","og_locale":"et_EE","og_type":"article","og_title":"Eesti - Hightechkaunas.com","og_description":"In Estonia, a country where innovation and IT solutions are the order of the day, competition is fierce. But this is where Hightech Kaunas can offer significant added value.","og_url":"https:\/\/hightechkaunas.com\/et\/hightech-outsourcing\/estija\/","og_site_name":"Hightechkaunas.com","article_modified_time":"2024-11-24T11:50:57+00:00","og_image":[{"width":1707,"height":2560,"url":"https:\/\/hightechkaunas.com\/wp-content\/uploads\/2024\/10\/pexels-orlovamaria-4906154-scaled.jpg","type":"image\/jpeg"}],"twitter_card":"summary_large_image","twitter_misc":{"Est. reading time":"1 minut"},"schema":{"@context":"https:\/\/schema.org","@graph":[{"@type":"WebPage","@id":"https:\/\/hightechkaunas.com\/et\/hightech-outsourcing\/estija\/","url":"https:\/\/hightechkaunas.com\/et\/hightech-outsourcing\/estija\/","name":"Eesti - Hightechkaunas.com","isPartOf":{"@id":"https:\/\/hightechkaunas.com\/#website"},"primaryImageOfPage":{"@id":"https:\/\/hightechkaunas.com\/et\/hightech-outsourcing\/estija\/#primaryimage"},"image":{"@id":"https:\/\/hightechkaunas.com\/et\/hightech-outsourcing\/estija\/#primaryimage"},"thumbnailUrl":"https:\/\/hightechkaunas.com\/wp-content\/uploads\/2024\/10\/pexels-orlovamaria-4906154-scaled.jpg","datePublished":"2024-10-30T10:28:22+00:00","dateModified":"2024-11-24T11:50:57+00:00","breadcrumb":{"@id":"https:\/\/hightechkaunas.com\/et\/hightech-outsourcing\/estija\/#breadcrumb"},"inLanguage":"et","potentialAction":[{"@type":"ReadAction","target":["https:\/\/hightechkaunas.com\/et\/hightech-outsourcing\/estija\/"]}]},{"@type":"ImageObject","inLanguage":"et","@id":"https:\/\/hightechkaunas.com\/et\/hightech-outsourcing\/estija\/#primaryimage","url":"https:\/\/hightechkaunas.com\/wp-content\/uploads\/2024\/10\/pexels-orlovamaria-4906154-scaled.jpg","contentUrl":"https:\/\/hightechkaunas.com\/wp-content\/uploads\/2024\/10\/pexels-orlovamaria-4906154-scaled.jpg","width":1707,"height":2560},{"@type":"BreadcrumbList","@id":"https:\/\/hightechkaunas.com\/et\/hightech-outsourcing\/estija\/#breadcrumb","itemListElement":[{"@type":"ListItem","position":1,"name":"Home","item":"https:\/\/hightechkaunas.com\/et\/"},{"@type":"ListItem","position":2,"name":"Hightech outsorcing","item":"https:\/\/hightechkaunas.com\/et\/hightech-outsourcing\/"},{"@type":"ListItem","position":3,"name":"Eesti"}]},{"@type":"WebSite","@id":"https:\/\/hightechkaunas.com\/#website","url":"https:\/\/hightechkaunas.com\/","name":"Hightechkaunas.com","description":"","potentialAction":[{"@type":"SearchAction","target":{"@type":"EntryPoint","urlTemplate":"https:\/\/hightechkaunas.com\/?s={search_term_string}"},"query-input":{"@type":"PropertyValueSpecification","valueRequired":true,"valueName":"search_term_string"}}],"inLanguage":"et"}]}},"_links":{"self":[{"href":"https:\/\/hightechkaunas.com\/et\/wp-json\/wp\/v2\/pages\/1292","targetHints":{"allow":["GET"]}}],"collection":[{"href":"https:\/\/hightechkaunas.com\/et\/wp-json\/wp\/v2\/pages"}],"about":[{"href":"https:\/\/hightechkaunas.com\/et\/wp-json\/wp\/v2\/types\/page"}],"author":[{"embeddable":true,"href":"https:\/\/hightechkaunas.com\/et\/wp-json\/wp\/v2\/users\/1"}],"replies":[{"embeddable":true,"href":"https:\/\/hightechkaunas.com\/et\/wp-json\/wp\/v2\/comments?post=1292"}],"version-history":[{"count":3,"href":"https:\/\/hightechkaunas.com\/et\/wp-json\/wp\/v2\/pages\/1292\/revisions"}],"predecessor-version":[{"id":1881,"href":"https:\/\/hightechkaunas.com\/et\/wp-json\/wp\/v2\/pages\/1292\/revisions\/1881"}],"up":[{"embeddable":true,"href":"https:\/\/hightechkaunas.com\/et\/wp-json\/wp\/v2\/pages\/1322"}],"wp:featuredmedia":[{"embeddable":true,"href":"https:\/\/hightechkaunas.com\/et\/wp-json\/wp\/v2\/media\/1202"}],"wp:attachment":[{"href":"https:\/\/hightechkaunas.com\/et\/wp-json\/wp\/v2\/media?parent=1292"}],"curies":[{"name":"wp","href":"https:\/\/api.w.org\/{rel}","templated":true}]}}