{"id":1287,"date":"2024-10-30T10:42:24","date_gmt":"2024-10-30T10:42:24","guid":{"rendered":"https:\/\/hightechkaunas.com\/nyderlandai\/"},"modified":"2024-11-24T11:53:22","modified_gmt":"2024-11-24T11:53:22","slug":"madalmaad","status":"publish","type":"page","link":"https:\/\/hightechkaunas.com\/et\/hightech-outsourcing\/madalmaad\/","title":{"rendered":"Madalmaad"},"content":{"rendered":"\r\n\r\n<section id=\"header-block\" class=\"header-block\">\r\n    <div class=\"header-block-texts\">\r\n                    <h1>Madalmaad<\/h1>\r\n            <\/div>\r\n        <style>\r\n        .header-block {\r\n            background: url('https:\/\/hightechkaunas.com\/wp-content\/uploads\/2024\/10\/pexels-chaitaastic-2031706-scaled.jpg') no-repeat center center;\r\n            background-size: cover;\r\n        }\r\n    <\/style>\r\n<\/section>\r\n\r\n\r\n\n\n\n<section id=\"members\" class=\"members web-section location-about\">\n\t<div class=\"white-rounded-item\"><\/div>\n\t<div class=\"imagemember\">\n\t\t<div class=\"niceblockmembers\"><img decoding=\"async\" src=\"https:\/\/hightechkaunas.com\/wp-content\/themes\/itbrolis\/images\/membeers-nice-block2.svg\" title=\"services-image\" alt=\"services-image\"><\/div>\n\t\t\t\t<style>\n\t\t\t.imagemember {\n\t\t\t\tbackground: url('') no-repeat right center;\n\t\t\t\tbackground-size: cover;\n\t\t\t}\n\t\t<\/style>\n\t<\/div>\n\t<div class=\"container-fluidxxx\">\n\t\t<div class=\"members-in\">\n\n\t\t\t<div class=\"members-texts\">\n\t\t\t\t\t\t\t\t\t<h2 class=\"main-title\">Miks on Hightech Kaunas ideaalne IT-partner Hollandi ettev\u00f5tetele?<\/h2>\n\t\t\t\t\n\t\t\t<\/div>\n\t\t<\/div>\n\t<\/div>\n<\/section>\n\n\n\n\n\n\n\n<section id=\"expertise\" class=\"expertise outsourcing-expertise outsourcing-expertise-reverse\" style=\"background-image: url('https:\/\/hightechkaunas.com\/wp-content\/uploads\/2024\/10\/pexels-katapal-1258865-scaled.jpg')\">\n\t<div class=\"container-fluidxxx\">\n\t\t<div class=\"expertise-in\">\n\t\t\t<div class=\"expertise-texts\">\n\t\t\t\t\t\t\t\t\t<h2 class=\"main-title\">Saavutage edukas tehnoloogiakeskus:<\/h2>\n\t\t\t\t\n\t\t\t\t<div class=\"expertise-wrapper rte\">\n\t\t\t\t\t\t\t\t\t\t\t<p>Leedus on kiiresti kasvav tehnoloogiasektor, mille keskmes on Kaunas. \u201eHightech Kaunas on 7 juhtiva IT-ettev\u00f5tte klastriks, mis avab v\u00e4rava sellele d\u00fcnaamilisele maastikule. Pakume laia valikut IT-teenuseid, sealhulgas tarkvaraarendust, IoT-lahendusi, e-kaubanduse platvorme ja UX\/UI-disaini, mis sobivad ideaalselt Hollandi turu vajadustega.<\/p>\n\t\t\t\t\t\t\t\t\t<\/div>\n\t\t\t<\/div>\n\t\t<\/div>\n\t<\/div>\n\n<\/section>\n\n\n\n\n\n\n\n\n<section id=\"expertise\" class=\"expertise outsourcing-expertise \" style=\"background-image: url('https:\/\/hightechkaunas.com\/wp-content\/uploads\/2024\/10\/pexels-teodor-savin-192072-600622-scaled.jpg')\">\n\t<div class=\"container-fluidxxx\">\n\t\t<div class=\"expertise-in\">\n\t\t\t<div class=\"expertise-texts\">\n\t\t\t\t\t\t\t\t\t<h2 class=\"main-title\">T\u00e4itke talentide puuduj\u00e4\u00e4k:<\/h2>\n\t\t\t\t\n\t\t\t\t<div class=\"expertise-wrapper rte\">\n\t\t\t\t\t\t\t\t\t\t\t<p>Madalmaades on puudus kvalifitseeritud IT-spetsialistidest. \u201eHightech Kaunas pakub juurdep\u00e4\u00e4su k\u00f5rgelt kvalifitseeritud ja kogenud IT-spetsialistidele, kes on valmis seda puuduj\u00e4\u00e4ki t\u00e4itma. Meie klastri liikmed pakuvad kvaliteetseid teenuseid konkurentsiv\u00f5imeliste hindadega, tagades, et teie projektid on varustatud parimate talentidega.<\/p>\n\t\t\t\t\t\t\t\t\t<\/div>\n\t\t\t<\/div>\n\t\t<\/div>\n\t<\/div>\n\n<\/section>\n\n\n\n\n\n\n\n\n<section id=\"expertise\" class=\"expertise outsourcing-expertise outsourcing-expertise-reverse\" style=\"background-image: url('https:\/\/hightechkaunas.com\/wp-content\/uploads\/2024\/10\/pexels-pixabay-358178-scaled.jpg')\">\n\t<div class=\"container-fluidxxx\">\n\t\t<div class=\"expertise-in\">\n\t\t\t<div class=\"expertise-texts\">\n\t\t\t\t\t\t\t\t\t<h2 class=\"main-title\">Soodne ettev\u00f5tluskeskkond:<\/h2>\n\t\t\t\t\n\t\t\t\t<div class=\"expertise-wrapper rte\">\n\t\t\t\t\t\t\t\t\t\t\t<p>Leedu pakub s\u00f5bralikku ettev\u00f5tluskeskkonda, kus b\u00fcrokraatia on minimaalne, atraktiivne maksukorraldus ja h\u00e4sti arenenud infrastruktuur. See h\u00f5lbustab sujuvat koost\u00f6\u00f6d Hightech Kaunase ettev\u00f5ttega, mis muudab \u00e4risuhete loomise lihtsaks.<\/p>\n\t\t\t\t\t\t\t\t\t<\/div>\n\t\t\t<\/div>\n\t\t<\/div>\n\t<\/div>\n\n<\/section>\n\n\n\n\n\n\n\n\n<section id=\"expertise\" class=\"expertise outsourcing-expertise \" style=\"background-image: url('https:\/\/hightechkaunas.com\/wp-content\/uploads\/2024\/10\/pexels-pluyar-1483145-scaled.jpg')\">\n\t<div class=\"container-fluidxxx\">\n\t\t<div class=\"expertise-in\">\n\t\t\t<div class=\"expertise-texts\">\n\t\t\t\t\t\t\t\t\t<h2 class=\"main-title\">Erinevad IT-lahendused:<\/h2>\n\t\t\t\t\n\t\t\t\t<div class=\"expertise-wrapper rte\">\n\t\t\t\t\t\t\t\t\t\t\t<p>\u201eHightech Kaunas pakub laia valikut IT-teenuseid, sealhulgas tarkvaraarendust, pilvandmet\u00f6\u00f6tlust, k\u00fcberturvalisust, andmeanal\u00fc\u00fcsi ja tehisintellekti. Meie klastri liikmed vastavad Hollandi ettev\u00f5tete mitmekesistele vajadustele, pakkudes erinevatele v\u00e4ljakutsetele kohandatud lahendusi.<\/p>\n\t\t\t\t\t\t\t\t\t<\/div>\n\t\t\t<\/div>\n\t\t<\/div>\n\t<\/div>\n\n<\/section>\n\n\n\n\n\n\n\n\n<section id=\"expertise\" class=\"expertise outsourcing-expertise outsourcing-expertise-reverse\" style=\"background-image: url('https:\/\/hightechkaunas.com\/wp-content\/uploads\/2024\/10\/pexels-adrien-olichon-1257089-4237154-scaled.jpg')\">\n\t<div class=\"container-fluidxxx\">\n\t\t<div class=\"expertise-in\">\n\t\t\t<div class=\"expertise-texts\">\n\t\t\t\t\t\t\t\t\t<h2 class=\"main-title\">Liituge digitaalse \u00fcmberkujundamisega:<\/h2>\n\t\t\t\t\n\t\t\t\t<div class=\"expertise-wrapper rte\">\n\t\t\t\t\t\t\t\t\t\t\t<p>Madalmaad on digitaliseerimise valdkonnas juhtpositsioonil ja n\u00f5udlus IT-teenuste j\u00e4rele kasvab j\u00e4tkuvalt. \u201eHightech Kaunas on valmis aitama Hollandi ettev\u00f5tteid nende digitaalsel \u00fcmberkujundamisel, pakkudes tipptasemel lahendusi ja teadmisi.<\/p>\n\t\t\t\t\t\t\t\t\t<\/div>\n\t\t\t<\/div>\n\t\t<\/div>\n\t<\/div>\n\n<\/section>\n\n\n\n\n\n\n\n\n<section id=\"expertise\" class=\"expertise outsourcing-expertise \" style=\"background-image: url('https:\/\/hightechkaunas.com\/wp-content\/uploads\/2024\/10\/pexels-adrien-olichon-1257089-3884483-scaled.jpg')\">\n\t<div class=\"container-fluidxxx\">\n\t\t<div class=\"expertise-in\">\n\t\t\t<div class=\"expertise-texts\">\n\t\t\t\t\t\t\t\t\t<h2 class=\"main-title\">Geograafiline ja kultuuriline l\u00e4hedus:<\/h2>\n\t\t\t\t\n\t\t\t\t<div class=\"expertise-wrapper rte\">\n\t\t\t\t\t\t\t\t\t\t\t<p>Leedu asub Madalmaade l\u00e4hedal, mis lihtsustab reisimist ja suhtlemist. Lisaks sellele on m\u00f5lemal riigil sarnane \u00e4rikultuur ja t\u00f6\u00f6eetika, mis loob soodsa keskkonna ladusaks koost\u00f6\u00f6ks Hightech Kaunase ettev\u00f5ttega.<\/p>\n\t\t\t\t\t\t\t\t\t<\/div>\n\t\t\t<\/div>\n\t\t<\/div>\n\t<\/div>\n\n<\/section>\n\n\n\n\n\n\n\n\n<section id=\"expertise\" class=\"expertise outsourcing-expertise outsourcing-expertise-reverse\" style=\"background-image: url('https:\/\/hightechkaunas.com\/wp-content\/uploads\/2024\/10\/pexels-adrien-olichon-1257089-3884492-scaled.jpg')\">\n\t<div class=\"container-fluidxxx\">\n\t\t<div class=\"expertise-in\">\n\t\t\t<div class=\"expertise-texts\">\n\t\t\t\t\t\t\t\t\t<h2 class=\"main-title\">Tugev IT-\u00f6kos\u00fcsteem:<\/h2>\n\t\t\t\t\n\t\t\t\t<div class=\"expertise-wrapper rte\">\n\t\t\t\t\t\t\t\t\t\t\t<p>Leedus on tugev ja uuenduslik IT-sektor, mis pakub Hollandi ettev\u00f5tetele v\u00e4\u00e4rtuslikke partnerlussuhteid. Koost\u00f6\u00f6 Hightech Kaunase ettev\u00f5ttega v\u00f5imaldab juurdep\u00e4\u00e4su uusimatele tehnoloogiatele ja teadmistele turul, mis stimuleerib kasvu ja arengut.<\/p>\n\t\t\t\t\t\t\t\t\t<\/div>\n\t\t\t<\/div>\n\t\t<\/div>\n\t<\/div>\n\n<\/section>\n\n\n\n\n\n\n\n\n\n<section id=\"cta\" class=\"cta web-section\">\n\t<div class=\"container-fluid\">\n\t\t<div class=\"cta-block\">\n\t\t\t<div class=\"cta-block__overlay\"><\/div>\n\t\t\t\t\t\t\t<img loading=\"lazy\" decoding=\"async\" width=\"1792\" height=\"1024\" src=\"https:\/\/hightechkaunas.com\/wp-content\/uploads\/2024\/10\/DALL\u00b7E-2024-04-20-19.00.56-A-cinematic-scene-depicting-an-anonymous-hacker-now-featuring-a-distinctive-Guy-Fawkes-mask-often-associated-with-Anonymous-resting-on-the-desk-b.webp\" class=\"attachment-full size-full\" alt=\"\" srcset=\"https:\/\/hightechkaunas.com\/wp-content\/uploads\/2024\/10\/DALL\u00b7E-2024-04-20-19.00.56-A-cinematic-scene-depicting-an-anonymous-hacker-now-featuring-a-distinctive-Guy-Fawkes-mask-often-associated-with-Anonymous-resting-on-the-desk-b.webp 1792w, https:\/\/hightechkaunas.com\/wp-content\/uploads\/2024\/10\/DALL\u00b7E-2024-04-20-19.00.56-A-cinematic-scene-depicting-an-anonymous-hacker-now-featuring-a-distinctive-Guy-Fawkes-mask-often-associated-with-Anonymous-resting-on-the-desk-b-300x171.webp 300w, https:\/\/hightechkaunas.com\/wp-content\/uploads\/2024\/10\/DALL\u00b7E-2024-04-20-19.00.56-A-cinematic-scene-depicting-an-anonymous-hacker-now-featuring-a-distinctive-Guy-Fawkes-mask-often-associated-with-Anonymous-resting-on-the-desk-b-1024x585.webp 1024w, https:\/\/hightechkaunas.com\/wp-content\/uploads\/2024\/10\/DALL\u00b7E-2024-04-20-19.00.56-A-cinematic-scene-depicting-an-anonymous-hacker-now-featuring-a-distinctive-Guy-Fawkes-mask-often-associated-with-Anonymous-resting-on-the-desk-b-768x439.webp 768w, https:\/\/hightechkaunas.com\/wp-content\/uploads\/2024\/10\/DALL\u00b7E-2024-04-20-19.00.56-A-cinematic-scene-depicting-an-anonymous-hacker-now-featuring-a-distinctive-Guy-Fawkes-mask-often-associated-with-Anonymous-resting-on-the-desk-b-1536x878.webp 1536w\" sizes=\"auto, (max-width: 1792px) 100vw, 1792px\" \/>\t\t\t\t\t\t\t\t\t\t<h3 class=\"cta__title\"><strong> V\u00f5ta meiega \u00fchendust<\/strong> juba t\u00e4na ja uuri, kuidas Hightech Kaunas v\u00f5ib saada sinu usaldusv\u00e4\u00e4rseks IT-partneriks Leedus!<\/h3>\n\t\t\t\t\t\t\t\t\t\t<a class=\"button-blue\" href=\"https:\/\/hightechkaunas.com\/et\/contacts\/\"\n\t\t\t\t   target=\"_self\">\n\t\t\t\t\tKontakt\t\t\t\t<\/a>\n\t\t\t\t\t<\/div>\n\t<\/div>\n<\/section>\n\n\n\n\n\n<section id=\"services-text\" class=\"services-text web-section title-text\">\n\t<div class=\"container-fluid\">\n\t\t\t\t\t<h2 class=\"main-title\">\n\t\t\t\tMeie hinnakujundus\t\t\t<\/h2>\n\t\t\t\t\t\t\t<div class=\"subtitle-text\">\n\t\t\t\t<table class=\"table table-responsive\">\n<tbody>\n<tr>\n<td width=\"120\">Positsioon \\ Senioriteet<\/td>\n<td width=\"120\">Junior<\/td>\n<td width=\"120\">Mid<\/td>\n<td width=\"120\">Senior<\/td>\n<\/tr>\n<tr>\n<td width=\"120\">\u00c4rianal\u00fc\u00fctik<\/td>\n<td width=\"120\">35<\/td>\n<td width=\"120\">55<\/td>\n<td width=\"120\">75<\/td>\n<\/tr>\n<tr>\n<td width=\"120\">Projektijuht<\/td>\n<td width=\"120\">25<\/td>\n<td width=\"120\">45<\/td>\n<td width=\"120\">65<\/td>\n<\/tr>\n<tr>\n<td width=\"120\">Disainer<\/td>\n<td width=\"120\">25<\/td>\n<td width=\"120\">45<\/td>\n<td width=\"120\">65<\/td>\n<\/tr>\n<tr>\n<td width=\"120\">S\u00fcsteemi arhitekt<\/td>\n<td width=\"120\">45<\/td>\n<td width=\"120\">65<\/td>\n<td width=\"120\">80<\/td>\n<\/tr>\n<tr>\n<td width=\"120\">Front-end developer<\/td>\n<td width=\"120\">30<\/td>\n<td width=\"120\">40<\/td>\n<td width=\"120\">65<\/td>\n<\/tr>\n<tr>\n<td width=\"120\">Back-end developer<\/td>\n<td width=\"120\">30<\/td>\n<td width=\"120\">50<\/td>\n<td width=\"120\">60<\/td>\n<\/tr>\n<tr>\n<td width=\"120\">Testija<\/td>\n<td width=\"120\">35<\/td>\n<td width=\"120\">55<\/td>\n<td width=\"120\">65<\/td>\n<\/tr>\n<tr>\n<td width=\"120\">Devops<\/td>\n<td width=\"120\">45<\/td>\n<td width=\"120\">55<\/td>\n<td width=\"120\">70<\/td>\n<\/tr>\n<\/tbody>\n<\/table>\n\t\t\t<\/div>\n\t\t\t<\/div>\n<\/section>\n\n\n\n\n\n<section class=\"wp-block-group\"><div class=\"wp-block-group__inner-container is-layout-constrained wp-block-group-is-layout-constrained\">\n<div style=\"height:50px\" aria-hidden=\"true\" class=\"wp-block-spacer\"><\/div>\n<\/div><\/section>\n","protected":false},"excerpt":{"rendered":"<p>Miks on Hightech Kaunas ideaalne IT-partner Hollandi ettev\u00f5tetele?<\/p>\n","protected":false},"author":1,"featured_media":1212,"parent":1322,"menu_order":0,"comment_status":"closed","ping_status":"closed","template":"","meta":{"_acf_changed":false,"inline_featured_image":false,"footnotes":""},"class_list":["post-1287","page","type-page","status-publish","has-post-thumbnail","hentry"],"acf":[],"yoast_head":"<!-- This site is optimized with the Yoast SEO plugin v26.2 - https:\/\/yoast.com\/wordpress\/plugins\/seo\/ -->\n<title>Madalmaad - Hightechkaunas.com<\/title>\n<meta name=\"robots\" content=\"index, follow, max-snippet:-1, max-image-preview:large, max-video-preview:-1\" \/>\n<link rel=\"canonical\" href=\"https:\/\/hightechkaunas.com\/et\/hightech-outsourcing\/madalmaad\/\" \/>\n<meta property=\"og:locale\" content=\"et_EE\" \/>\n<meta property=\"og:type\" content=\"article\" \/>\n<meta property=\"og:title\" content=\"Madalmaad - Hightechkaunas.com\" \/>\n<meta property=\"og:description\" content=\"Miks on Hightech Kaunas ideaalne IT-partner Hollandi ettev\u00f5tetele?\" \/>\n<meta property=\"og:url\" content=\"https:\/\/hightechkaunas.com\/et\/hightech-outsourcing\/madalmaad\/\" \/>\n<meta property=\"og:site_name\" content=\"Hightechkaunas.com\" \/>\n<meta property=\"article:modified_time\" content=\"2024-11-24T11:53:22+00:00\" \/>\n<meta property=\"og:image\" content=\"https:\/\/hightechkaunas.com\/wp-content\/uploads\/2024\/10\/pexels-chaitaastic-2031706-scaled.jpg\" \/>\n\t<meta property=\"og:image:width\" content=\"2560\" \/>\n\t<meta property=\"og:image:height\" content=\"1441\" \/>\n\t<meta property=\"og:image:type\" content=\"image\/jpeg\" \/>\n<meta name=\"twitter:card\" content=\"summary_large_image\" \/>\n<meta name=\"twitter:label1\" content=\"Est. reading time\" \/>\n\t<meta name=\"twitter:data1\" content=\"1 minut\" \/>\n<script type=\"application\/ld+json\" class=\"yoast-schema-graph\">{\"@context\":\"https:\/\/schema.org\",\"@graph\":[{\"@type\":\"WebPage\",\"@id\":\"https:\/\/hightechkaunas.com\/et\/hightech-outsourcing\/madalmaad\/\",\"url\":\"https:\/\/hightechkaunas.com\/et\/hightech-outsourcing\/madalmaad\/\",\"name\":\"Madalmaad - Hightechkaunas.com\",\"isPartOf\":{\"@id\":\"https:\/\/hightechkaunas.com\/#website\"},\"primaryImageOfPage\":{\"@id\":\"https:\/\/hightechkaunas.com\/et\/hightech-outsourcing\/madalmaad\/#primaryimage\"},\"image\":{\"@id\":\"https:\/\/hightechkaunas.com\/et\/hightech-outsourcing\/madalmaad\/#primaryimage\"},\"thumbnailUrl\":\"https:\/\/hightechkaunas.com\/wp-content\/uploads\/2024\/10\/pexels-chaitaastic-2031706-scaled.jpg\",\"datePublished\":\"2024-10-30T10:42:24+00:00\",\"dateModified\":\"2024-11-24T11:53:22+00:00\",\"breadcrumb\":{\"@id\":\"https:\/\/hightechkaunas.com\/et\/hightech-outsourcing\/madalmaad\/#breadcrumb\"},\"inLanguage\":\"et\",\"potentialAction\":[{\"@type\":\"ReadAction\",\"target\":[\"https:\/\/hightechkaunas.com\/et\/hightech-outsourcing\/madalmaad\/\"]}]},{\"@type\":\"ImageObject\",\"inLanguage\":\"et\",\"@id\":\"https:\/\/hightechkaunas.com\/et\/hightech-outsourcing\/madalmaad\/#primaryimage\",\"url\":\"https:\/\/hightechkaunas.com\/wp-content\/uploads\/2024\/10\/pexels-chaitaastic-2031706-scaled.jpg\",\"contentUrl\":\"https:\/\/hightechkaunas.com\/wp-content\/uploads\/2024\/10\/pexels-chaitaastic-2031706-scaled.jpg\",\"width\":2560,\"height\":1441},{\"@type\":\"BreadcrumbList\",\"@id\":\"https:\/\/hightechkaunas.com\/et\/hightech-outsourcing\/madalmaad\/#breadcrumb\",\"itemListElement\":[{\"@type\":\"ListItem\",\"position\":1,\"name\":\"Home\",\"item\":\"https:\/\/hightechkaunas.com\/et\/\"},{\"@type\":\"ListItem\",\"position\":2,\"name\":\"Hightech outsorcing\",\"item\":\"https:\/\/hightechkaunas.com\/et\/hightech-outsourcing\/\"},{\"@type\":\"ListItem\",\"position\":3,\"name\":\"Madalmaad\"}]},{\"@type\":\"WebSite\",\"@id\":\"https:\/\/hightechkaunas.com\/#website\",\"url\":\"https:\/\/hightechkaunas.com\/\",\"name\":\"Hightechkaunas.com\",\"description\":\"\",\"potentialAction\":[{\"@type\":\"SearchAction\",\"target\":{\"@type\":\"EntryPoint\",\"urlTemplate\":\"https:\/\/hightechkaunas.com\/?s={search_term_string}\"},\"query-input\":{\"@type\":\"PropertyValueSpecification\",\"valueRequired\":true,\"valueName\":\"search_term_string\"}}],\"inLanguage\":\"et\"}]}<\/script>\n<!-- \/ Yoast SEO plugin. -->","yoast_head_json":{"title":"Madalmaad - Hightechkaunas.com","robots":{"index":"index","follow":"follow","max-snippet":"max-snippet:-1","max-image-preview":"max-image-preview:large","max-video-preview":"max-video-preview:-1"},"canonical":"https:\/\/hightechkaunas.com\/et\/hightech-outsourcing\/madalmaad\/","og_locale":"et_EE","og_type":"article","og_title":"Madalmaad - Hightechkaunas.com","og_description":"Miks on Hightech Kaunas ideaalne IT-partner Hollandi ettev\u00f5tetele?","og_url":"https:\/\/hightechkaunas.com\/et\/hightech-outsourcing\/madalmaad\/","og_site_name":"Hightechkaunas.com","article_modified_time":"2024-11-24T11:53:22+00:00","og_image":[{"width":2560,"height":1441,"url":"https:\/\/hightechkaunas.com\/wp-content\/uploads\/2024\/10\/pexels-chaitaastic-2031706-scaled.jpg","type":"image\/jpeg"}],"twitter_card":"summary_large_image","twitter_misc":{"Est. reading time":"1 minut"},"schema":{"@context":"https:\/\/schema.org","@graph":[{"@type":"WebPage","@id":"https:\/\/hightechkaunas.com\/et\/hightech-outsourcing\/madalmaad\/","url":"https:\/\/hightechkaunas.com\/et\/hightech-outsourcing\/madalmaad\/","name":"Madalmaad - Hightechkaunas.com","isPartOf":{"@id":"https:\/\/hightechkaunas.com\/#website"},"primaryImageOfPage":{"@id":"https:\/\/hightechkaunas.com\/et\/hightech-outsourcing\/madalmaad\/#primaryimage"},"image":{"@id":"https:\/\/hightechkaunas.com\/et\/hightech-outsourcing\/madalmaad\/#primaryimage"},"thumbnailUrl":"https:\/\/hightechkaunas.com\/wp-content\/uploads\/2024\/10\/pexels-chaitaastic-2031706-scaled.jpg","datePublished":"2024-10-30T10:42:24+00:00","dateModified":"2024-11-24T11:53:22+00:00","breadcrumb":{"@id":"https:\/\/hightechkaunas.com\/et\/hightech-outsourcing\/madalmaad\/#breadcrumb"},"inLanguage":"et","potentialAction":[{"@type":"ReadAction","target":["https:\/\/hightechkaunas.com\/et\/hightech-outsourcing\/madalmaad\/"]}]},{"@type":"ImageObject","inLanguage":"et","@id":"https:\/\/hightechkaunas.com\/et\/hightech-outsourcing\/madalmaad\/#primaryimage","url":"https:\/\/hightechkaunas.com\/wp-content\/uploads\/2024\/10\/pexels-chaitaastic-2031706-scaled.jpg","contentUrl":"https:\/\/hightechkaunas.com\/wp-content\/uploads\/2024\/10\/pexels-chaitaastic-2031706-scaled.jpg","width":2560,"height":1441},{"@type":"BreadcrumbList","@id":"https:\/\/hightechkaunas.com\/et\/hightech-outsourcing\/madalmaad\/#breadcrumb","itemListElement":[{"@type":"ListItem","position":1,"name":"Home","item":"https:\/\/hightechkaunas.com\/et\/"},{"@type":"ListItem","position":2,"name":"Hightech outsorcing","item":"https:\/\/hightechkaunas.com\/et\/hightech-outsourcing\/"},{"@type":"ListItem","position":3,"name":"Madalmaad"}]},{"@type":"WebSite","@id":"https:\/\/hightechkaunas.com\/#website","url":"https:\/\/hightechkaunas.com\/","name":"Hightechkaunas.com","description":"","potentialAction":[{"@type":"SearchAction","target":{"@type":"EntryPoint","urlTemplate":"https:\/\/hightechkaunas.com\/?s={search_term_string}"},"query-input":{"@type":"PropertyValueSpecification","valueRequired":true,"valueName":"search_term_string"}}],"inLanguage":"et"}]}},"_links":{"self":[{"href":"https:\/\/hightechkaunas.com\/et\/wp-json\/wp\/v2\/pages\/1287","targetHints":{"allow":["GET"]}}],"collection":[{"href":"https:\/\/hightechkaunas.com\/et\/wp-json\/wp\/v2\/pages"}],"about":[{"href":"https:\/\/hightechkaunas.com\/et\/wp-json\/wp\/v2\/types\/page"}],"author":[{"embeddable":true,"href":"https:\/\/hightechkaunas.com\/et\/wp-json\/wp\/v2\/users\/1"}],"replies":[{"embeddable":true,"href":"https:\/\/hightechkaunas.com\/et\/wp-json\/wp\/v2\/comments?post=1287"}],"version-history":[{"count":6,"href":"https:\/\/hightechkaunas.com\/et\/wp-json\/wp\/v2\/pages\/1287\/revisions"}],"predecessor-version":[{"id":1883,"href":"https:\/\/hightechkaunas.com\/et\/wp-json\/wp\/v2\/pages\/1287\/revisions\/1883"}],"up":[{"embeddable":true,"href":"https:\/\/hightechkaunas.com\/et\/wp-json\/wp\/v2\/pages\/1322"}],"wp:featuredmedia":[{"embeddable":true,"href":"https:\/\/hightechkaunas.com\/et\/wp-json\/wp\/v2\/media\/1212"}],"wp:attachment":[{"href":"https:\/\/hightechkaunas.com\/et\/wp-json\/wp\/v2\/media?parent=1287"}],"curies":[{"name":"wp","href":"https:\/\/api.w.org\/{rel}","templated":true}]}}