{"id":1829,"date":"2024-11-22T18:45:44","date_gmt":"2024-11-22T18:45:44","guid":{"rendered":"https:\/\/hightechkaunas.com\/?page_id=1829"},"modified":"2024-11-24T10:09:27","modified_gmt":"2024-11-24T10:09:27","slug":"industrier","status":"publish","type":"page","link":"https:\/\/hightechkaunas.com\/da\/industrier\/","title":{"rendered":"Industrier"},"content":{"rendered":"\n\n\n\n<section id=\"services-text\" class=\"services-text web-section title-text\">\n\t<div class=\"container-fluid\">\n\t\t\t\t\t<h2 class=\"main-title\">\n\t\t\t\tVi er specialiserede i disse brancher\t\t\t<\/h2>\n\t\t\t\t\t\t\t<div class=\"subtitle-text\">\n\t\t\t\t<table>\n<tbody>\n<tr>\n<td width=\"150\">Position \\ Anciennitet<\/td>\n<td width=\"150\">Junior<\/td>\n<td width=\"150\">Midt<\/td>\n<td width=\"150\">Senior<\/td>\n<\/tr>\n<tr>\n<td style=\"padding-right: 15px;\" width=\"150\">Forretningsanalytiker<\/td>\n<td width=\"150\">30<\/td>\n<td width=\"150\">50<\/td>\n<td width=\"150\">70<\/td>\n<\/tr>\n<tr>\n<td width=\"150\">Projektleder<\/td>\n<td width=\"150\">25<\/td>\n<td width=\"150\">40<\/td>\n<td width=\"150\">60<\/td>\n<\/tr>\n<tr>\n<td width=\"150\">Designer<\/td>\n<td width=\"150\">25<\/td>\n<td width=\"150\">40<\/td>\n<td width=\"150\">60<\/td>\n<\/tr>\n<tr>\n<td width=\"150\">Systemarkitekt<\/td>\n<td width=\"150\">40<\/td>\n<td width=\"150\">60<\/td>\n<td width=\"150\">80<\/td>\n<\/tr>\n<tr>\n<td width=\"150\">Front-end udvikler<\/td>\n<td width=\"150\">30<\/td>\n<td width=\"150\">45<\/td>\n<td width=\"150\">60<\/td>\n<\/tr>\n<tr>\n<td width=\"150\">Backend-udvikler<\/td>\n<td width=\"150\">35<\/td>\n<td width=\"150\">55<\/td>\n<td width=\"150\">65<\/td>\n<\/tr>\n<tr>\n<td width=\"150\">Tester<\/td>\n<td width=\"150\">30<\/td>\n<td width=\"150\">50<\/td>\n<td width=\"150\">65<\/td>\n<\/tr>\n<tr>\n<td width=\"150\">Devops<\/td>\n<td width=\"150\">40<\/td>\n<td width=\"150\">50<\/td>\n<td width=\"150\">70<\/td>\n<\/tr>\n<\/tbody>\n<\/table>\n\t\t\t<\/div>\n\t\t\t<\/div>\n<\/section>\n\n\n\n\n\n\n\n\n\n<section id=\"cta\" class=\"cta web-section\">\n\t<div class=\"container-fluid\">\n\t\t<div class=\"cta-block\">\n\t\t\t<div class=\"cta-block__overlay\"><\/div>\n\t\t\t\t\t\t\t<img loading=\"lazy\" decoding=\"async\" width=\"1366\" height=\"850\" src=\"https:\/\/hightechkaunas.com\/wp-content\/uploads\/2024\/09\/services-4.jpg\" class=\"attachment-full size-full\" alt=\"\" srcset=\"https:\/\/hightechkaunas.com\/wp-content\/uploads\/2024\/09\/services-4.jpg 1366w, https:\/\/hightechkaunas.com\/wp-content\/uploads\/2024\/09\/services-4-300x187.jpg 300w, https:\/\/hightechkaunas.com\/wp-content\/uploads\/2024\/09\/services-4-1024x637.jpg 1024w, https:\/\/hightechkaunas.com\/wp-content\/uploads\/2024\/09\/services-4-768x478.jpg 768w\" sizes=\"auto, (max-width: 1366px) 100vw, 1366px\" \/>\t\t\t\t\t\t\t\t\t\t<h3 class=\"cta__title\"><strong>Kontakt os<\/strong> nu for at finde ud af, hvordan vi kan hj\u00e6lpe din virksomhed med at n\u00e5 sine mest ambiti\u00f8se projekter.<\/h3>\n\t\t\t\t\t\t\t\t\t\t<a class=\"button-blue\" href=\"https:\/\/hightechkaunas.com\/da\/contacts\/\"\n\t\t\t\t   target=\"_self\">\n\t\t\t\t\tKontakt os\t\t\t\t<\/a>\n\t\t\t\t\t<\/div>\n\t<\/div>\n<\/section>","protected":false},"excerpt":{"rendered":"","protected":false},"author":1,"featured_media":0,"parent":0,"menu_order":0,"comment_status":"closed","ping_status":"closed","template":"","meta":{"_acf_changed":false,"inline_featured_image":false,"footnotes":""},"class_list":["post-1829","page","type-page","status-publish","hentry"],"acf":[],"yoast_head":"<!-- This site is optimized with the Yoast SEO plugin v26.2 - https:\/\/yoast.com\/wordpress\/plugins\/seo\/ -->\n<title>Industrier - Hightechkaunas.com<\/title>\n<meta name=\"robots\" content=\"index, follow, max-snippet:-1, max-image-preview:large, max-video-preview:-1\" \/>\n<link rel=\"canonical\" href=\"https:\/\/hightechkaunas.com\/da\/industrier\/\" \/>\n<meta property=\"og:locale\" content=\"da_DK\" \/>\n<meta property=\"og:type\" content=\"article\" \/>\n<meta property=\"og:title\" content=\"Industrier - Hightechkaunas.com\" \/>\n<meta property=\"og:url\" content=\"https:\/\/hightechkaunas.com\/da\/industrier\/\" \/>\n<meta property=\"og:site_name\" content=\"Hightechkaunas.com\" \/>\n<meta property=\"article:modified_time\" content=\"2024-11-24T10:09:27+00:00\" \/>\n<meta name=\"twitter:card\" content=\"summary_large_image\" \/>\n<script type=\"application\/ld+json\" class=\"yoast-schema-graph\">{\"@context\":\"https:\/\/schema.org\",\"@graph\":[{\"@type\":\"WebPage\",\"@id\":\"https:\/\/hightechkaunas.com\/da\/industrier\/\",\"url\":\"https:\/\/hightechkaunas.com\/da\/industrier\/\",\"name\":\"Industrier - Hightechkaunas.com\",\"isPartOf\":{\"@id\":\"https:\/\/hightechkaunas.com\/#website\"},\"datePublished\":\"2024-11-22T18:45:44+00:00\",\"dateModified\":\"2024-11-24T10:09:27+00:00\",\"breadcrumb\":{\"@id\":\"https:\/\/hightechkaunas.com\/da\/industrier\/#breadcrumb\"},\"inLanguage\":\"da-DK\",\"potentialAction\":[{\"@type\":\"ReadAction\",\"target\":[\"https:\/\/hightechkaunas.com\/da\/industrier\/\"]}]},{\"@type\":\"BreadcrumbList\",\"@id\":\"https:\/\/hightechkaunas.com\/da\/industrier\/#breadcrumb\",\"itemListElement\":[{\"@type\":\"ListItem\",\"position\":1,\"name\":\"Home\",\"item\":\"https:\/\/hightechkaunas.com\/da\/\"},{\"@type\":\"ListItem\",\"position\":2,\"name\":\"Industrier\"}]},{\"@type\":\"WebSite\",\"@id\":\"https:\/\/hightechkaunas.com\/#website\",\"url\":\"https:\/\/hightechkaunas.com\/\",\"name\":\"Hightechkaunas.com\",\"description\":\"\",\"potentialAction\":[{\"@type\":\"SearchAction\",\"target\":{\"@type\":\"EntryPoint\",\"urlTemplate\":\"https:\/\/hightechkaunas.com\/?s={search_term_string}\"},\"query-input\":{\"@type\":\"PropertyValueSpecification\",\"valueRequired\":true,\"valueName\":\"search_term_string\"}}],\"inLanguage\":\"da-DK\"}]}<\/script>\n<!-- \/ Yoast SEO plugin. -->","yoast_head_json":{"title":"Industrier - Hightechkaunas.com","robots":{"index":"index","follow":"follow","max-snippet":"max-snippet:-1","max-image-preview":"max-image-preview:large","max-video-preview":"max-video-preview:-1"},"canonical":"https:\/\/hightechkaunas.com\/da\/industrier\/","og_locale":"da_DK","og_type":"article","og_title":"Industrier - Hightechkaunas.com","og_url":"https:\/\/hightechkaunas.com\/da\/industrier\/","og_site_name":"Hightechkaunas.com","article_modified_time":"2024-11-24T10:09:27+00:00","twitter_card":"summary_large_image","schema":{"@context":"https:\/\/schema.org","@graph":[{"@type":"WebPage","@id":"https:\/\/hightechkaunas.com\/da\/industrier\/","url":"https:\/\/hightechkaunas.com\/da\/industrier\/","name":"Industrier - Hightechkaunas.com","isPartOf":{"@id":"https:\/\/hightechkaunas.com\/#website"},"datePublished":"2024-11-22T18:45:44+00:00","dateModified":"2024-11-24T10:09:27+00:00","breadcrumb":{"@id":"https:\/\/hightechkaunas.com\/da\/industrier\/#breadcrumb"},"inLanguage":"da-DK","potentialAction":[{"@type":"ReadAction","target":["https:\/\/hightechkaunas.com\/da\/industrier\/"]}]},{"@type":"BreadcrumbList","@id":"https:\/\/hightechkaunas.com\/da\/industrier\/#breadcrumb","itemListElement":[{"@type":"ListItem","position":1,"name":"Home","item":"https:\/\/hightechkaunas.com\/da\/"},{"@type":"ListItem","position":2,"name":"Industrier"}]},{"@type":"WebSite","@id":"https:\/\/hightechkaunas.com\/#website","url":"https:\/\/hightechkaunas.com\/","name":"Hightechkaunas.com","description":"","potentialAction":[{"@type":"SearchAction","target":{"@type":"EntryPoint","urlTemplate":"https:\/\/hightechkaunas.com\/?s={search_term_string}"},"query-input":{"@type":"PropertyValueSpecification","valueRequired":true,"valueName":"search_term_string"}}],"inLanguage":"da-DK"}]}},"_links":{"self":[{"href":"https:\/\/hightechkaunas.com\/da\/wp-json\/wp\/v2\/pages\/1829","targetHints":{"allow":["GET"]}}],"collection":[{"href":"https:\/\/hightechkaunas.com\/da\/wp-json\/wp\/v2\/pages"}],"about":[{"href":"https:\/\/hightechkaunas.com\/da\/wp-json\/wp\/v2\/types\/page"}],"author":[{"embeddable":true,"href":"https:\/\/hightechkaunas.com\/da\/wp-json\/wp\/v2\/users\/1"}],"replies":[{"embeddable":true,"href":"https:\/\/hightechkaunas.com\/da\/wp-json\/wp\/v2\/comments?post=1829"}],"version-history":[{"count":3,"href":"https:\/\/hightechkaunas.com\/da\/wp-json\/wp\/v2\/pages\/1829\/revisions"}],"predecessor-version":[{"id":1839,"href":"https:\/\/hightechkaunas.com\/da\/wp-json\/wp\/v2\/pages\/1829\/revisions\/1839"}],"wp:attachment":[{"href":"https:\/\/hightechkaunas.com\/da\/wp-json\/wp\/v2\/media?parent=1829"}],"curies":[{"name":"wp","href":"https:\/\/api.w.org\/{rel}","templated":true}]}}