{"id":1345,"date":"2024-09-12T12:08:12","date_gmt":"2024-09-12T12:08:12","guid":{"rendered":"https:\/\/hightechkaunas.com\/services\/"},"modified":"2024-10-30T14:19:54","modified_gmt":"2024-10-30T14:19:54","slug":"services","status":"publish","type":"page","link":"https:\/\/hightechkaunas.com\/da\/services\/","title":{"rendered":"Serviceydelser"},"content":{"rendered":"\r\n\r\n<section id=\"header-block\" class=\"header-block\">\r\n    <div class=\"header-block-texts\">\r\n                    <h1>De tjenester, vi tilbyder<\/h1>\r\n            <\/div>\r\n        <style>\r\n        .header-block {\r\n            background: url('https:\/\/hightechkaunas.com\/wp-content\/uploads\/2024\/09\/mainservicesimage-scaled.jpg') no-repeat center center;\r\n            background-size: cover;\r\n        }\r\n    <\/style>\r\n<\/section>\r\n\r\n\r\n\n\n\r\n\r\n\r\n\r\n<section id=\"services-list\" class=\"services-list web-section\">\r\n    <div class=\"container-fluid\">\r\n        <div class=\"services-list-in\">\r\n                            <a href=\"https:\/\/hightechkaunas.com\/da\/services\/2d-and-3d-computer-vision-ai-and-robotics\/\" class=\"services-list-item services-list-item-0\">\r\n                    <div class=\"services-list-item-text\">\r\n                        <div class=\"services-list-item-text-helper\">\r\n                            <h3 class=\"main-title\">2D og 3D COMPUTER VISION, AI og ROBOTIK<\/h3>\r\n                            <p>Integrationen af computersyn, kunstig intelligens og robotteknologi udg\u00f8r en st\u00e6rk synergi for avancerede applikationer p\u00e5 tv\u00e6rs af forskellige dom\u00e6ner. Denne konvergens muligg\u00f8r omfattende l\u00f8sninger, der omfatter 2D- og 3D-computersyn, herunder objektgenkendelse, m\u00e5linger, kvalitetskontrol og implementering af digitale tvillinger. Denne holistiske tilgang udnytter kunstig intelligens-teknikker som maskinl\u00e6ring og naturlig sprogbehandling til at forbedre systemernes kapacitet. Derudover&#8230;<\/p>\n                            <div class=\"button-black\">L\u00e6s mere om det<\/div>\r\n                        <\/div>\r\n                    <\/div>\r\n                    <div class=\"services-list-item-image services-list-item-image-0\">\r\n                     <!--   -->                    <\/div>\r\n\r\n                                        <style>\r\n                        .services-list-item-image-0 {\r\n                            background: url('https:\/\/hightechkaunas.com\/wp-content\/uploads\/2024\/09\/services-1-710x350.jpg') no-repeat center center;\r\n                            background-size: cover;\r\n                        }\r\n                    <\/style>\r\n                <\/a>\r\n                                            <a href=\"https:\/\/hightechkaunas.com\/da\/services\/ux-ui-design-and-digital-marketing-solutions-e-commerce\/\" class=\"services-list-item services-list-item-1\">\r\n                    <div class=\"services-list-item-text\">\r\n                        <div class=\"services-list-item-text-helper\">\r\n                            <h3 class=\"main-title\">UX\/UI-design og digitale marketingl\u00f8sninger, e-handel<\/h3>\r\n                            <p>Klyngen ,,HighTech Kaunas\u00ab integrerer problemfrit UX\/UI-design og digitale marketingl\u00f8sninger med speciale i SEO-optimering, banebrydende SAAS til effektiv forretningsstyring, omfattende finans- og regnskabstjenester, robuste virksomhedsl\u00f8sninger og dynamiske e-handelsplatforme. L\u00f8ft din virksomhed med vores holistiske tilgang til at forbedre brugeroplevelsen, skabe online synlighed og optimere den samlede performance:<\/p>\n                            <div class=\"button-black\">L\u00e6s mere om det<\/div>\r\n                        <\/div>\r\n                    <\/div>\r\n                    <div class=\"services-list-item-image services-list-item-image-1\">\r\n                     <!--   -->                    <\/div>\r\n\r\n                                        <style>\r\n                        .services-list-item-image-1 {\r\n                            background: url('https:\/\/hightechkaunas.com\/wp-content\/uploads\/2024\/09\/services-2-710x350.jpg') no-repeat center center;\r\n                            background-size: cover;\r\n                        }\r\n                    <\/style>\r\n                <\/a>\r\n                                            <a href=\"https:\/\/hightechkaunas.com\/da\/services\/it-support-services\/\" class=\"services-list-item services-list-item-2\">\r\n                    <div class=\"services-list-item-text\">\r\n                        <div class=\"services-list-item-text-helper\">\r\n                            <h3 class=\"main-title\">IT-supporttjenester<\/h3>\r\n                            <p>,,HighTech Kaunas\u00ab tilbyder en robust it-supporttjeneste, der im\u00f8dekommer de unikke behov hos b\u00e5de udviklerteams og startups p\u00e5 deres rejse mod succes. Ekspertisen ligger i Full Stack-udvikling, hvilket sikrer en holistisk tilgang til at skabe banebrydende l\u00f8sninger. Uanset om du er p\u00e5 udkig efter dedikeret support, samling af udviklerteams eller pleje af udviklingen af din startup,&#8230;<\/p>\n                            <div class=\"button-black\">L\u00e6s mere om det<\/div>\r\n                        <\/div>\r\n                    <\/div>\r\n                    <div class=\"services-list-item-image services-list-item-image-2\">\r\n                     <!--   -->                    <\/div>\r\n\r\n                                        <style>\r\n                        .services-list-item-image-2 {\r\n                            background: url('https:\/\/hightechkaunas.com\/wp-content\/uploads\/2024\/09\/services-4-710x350.jpg') no-repeat center center;\r\n                            background-size: cover;\r\n                        }\r\n                    <\/style>\r\n                <\/a>\r\n                                            <a href=\"https:\/\/hightechkaunas.com\/da\/services\/programming-services\/\" class=\"services-list-item services-list-item-3\">\r\n                    <div class=\"services-list-item-text\">\r\n                        <div class=\"services-list-item-text-helper\">\r\n                            <h3 class=\"main-title\">Programmeringstjenester<\/h3>\r\n                            <p>Klyngen tilbyder omfattende programmeringsydelser med speciale i webapp-udvikling, mobilapp-udvikling og softwareudvikling. Ekspertisen sp\u00e6nder over en bred vifte af teknologier, herunder JavaScript og .NET, hvilket sikrer robuste og skr\u00e6ddersyede l\u00f8sninger til dine unikke behov.<\/p>\n                            <div class=\"button-black\">L\u00e6s mere om det<\/div>\r\n                        <\/div>\r\n                    <\/div>\r\n                    <div class=\"services-list-item-image services-list-item-image-3\">\r\n                     <!--   -->                    <\/div>\r\n\r\n                                        <style>\r\n                        .services-list-item-image-3 {\r\n                            background: url('https:\/\/hightechkaunas.com\/wp-content\/uploads\/2024\/09\/services-5-710x350.jpg') no-repeat center center;\r\n                            background-size: cover;\r\n                        }\r\n                    <\/style>\r\n                <\/a>\r\n                                            <a href=\"https:\/\/hightechkaunas.com\/da\/services\/business-process-optimization\/\" class=\"services-list-item services-list-item-4\">\r\n                    <div class=\"services-list-item-text\">\r\n                        <div class=\"services-list-item-text-helper\">\r\n                            <h3 class=\"main-title\">Optimering af forretningsprocesser<\/h3>\r\n                            <p>Revolution\u00e9r dine forretningsprocesser med vores holistiske automatiseringstilgang: Oplev synergien mellem banebrydende teknologi og strategisk ekspertise, der driver din organisation frem mod uovertruffen effektivitet og succes.<\/p>\n                            <div class=\"button-black\">L\u00e6s mere om det<\/div>\r\n                        <\/div>\r\n                    <\/div>\r\n                    <div class=\"services-list-item-image services-list-item-image-4\">\r\n                     <!--   -->                    <\/div>\r\n\r\n                                        <style>\r\n                        .services-list-item-image-4 {\r\n                            background: url('https:\/\/hightechkaunas.com\/wp-content\/uploads\/2024\/09\/services-3-710x350.jpg') no-repeat center center;\r\n                            background-size: cover;\r\n                        }\r\n                    <\/style>\r\n                <\/a>\r\n                                    <\/div>\r\n    <\/div>\r\n<\/section>\r\n\r\n\r\n\n\n\n<p><\/p>\n","protected":false},"excerpt":{"rendered":"","protected":false},"author":1,"featured_media":0,"parent":0,"menu_order":0,"comment_status":"closed","ping_status":"closed","template":"","meta":{"_acf_changed":false,"inline_featured_image":false,"footnotes":""},"class_list":["post-1345","page","type-page","status-publish","hentry"],"acf":[],"yoast_head":"<!-- This site is optimized with the Yoast SEO plugin v26.2 - https:\/\/yoast.com\/wordpress\/plugins\/seo\/ -->\n<title>Serviceydelser - Hightechkaunas.com<\/title>\n<meta name=\"robots\" content=\"index, follow, max-snippet:-1, max-image-preview:large, max-video-preview:-1\" \/>\n<link rel=\"canonical\" href=\"https:\/\/hightechkaunas.com\/da\/services\/\" \/>\n<meta property=\"og:locale\" content=\"da_DK\" \/>\n<meta property=\"og:type\" content=\"article\" \/>\n<meta property=\"og:title\" content=\"Serviceydelser - Hightechkaunas.com\" \/>\n<meta property=\"og:url\" content=\"https:\/\/hightechkaunas.com\/da\/services\/\" \/>\n<meta property=\"og:site_name\" content=\"Hightechkaunas.com\" \/>\n<meta property=\"article:modified_time\" content=\"2024-10-30T14:19:54+00:00\" \/>\n<meta name=\"twitter:card\" content=\"summary_large_image\" \/>\n<script type=\"application\/ld+json\" class=\"yoast-schema-graph\">{\"@context\":\"https:\/\/schema.org\",\"@graph\":[{\"@type\":\"WebPage\",\"@id\":\"https:\/\/hightechkaunas.com\/da\/services\/\",\"url\":\"https:\/\/hightechkaunas.com\/da\/services\/\",\"name\":\"Serviceydelser - Hightechkaunas.com\",\"isPartOf\":{\"@id\":\"https:\/\/hightechkaunas.com\/#website\"},\"datePublished\":\"2024-09-12T12:08:12+00:00\",\"dateModified\":\"2024-10-30T14:19:54+00:00\",\"breadcrumb\":{\"@id\":\"https:\/\/hightechkaunas.com\/da\/services\/#breadcrumb\"},\"inLanguage\":\"da-DK\",\"potentialAction\":[{\"@type\":\"ReadAction\",\"target\":[\"https:\/\/hightechkaunas.com\/da\/services\/\"]}]},{\"@type\":\"BreadcrumbList\",\"@id\":\"https:\/\/hightechkaunas.com\/da\/services\/#breadcrumb\",\"itemListElement\":[{\"@type\":\"ListItem\",\"position\":1,\"name\":\"Home\",\"item\":\"https:\/\/hightechkaunas.com\/da\/\"},{\"@type\":\"ListItem\",\"position\":2,\"name\":\"Serviceydelser\"}]},{\"@type\":\"WebSite\",\"@id\":\"https:\/\/hightechkaunas.com\/#website\",\"url\":\"https:\/\/hightechkaunas.com\/\",\"name\":\"Hightechkaunas.com\",\"description\":\"\",\"potentialAction\":[{\"@type\":\"SearchAction\",\"target\":{\"@type\":\"EntryPoint\",\"urlTemplate\":\"https:\/\/hightechkaunas.com\/?s={search_term_string}\"},\"query-input\":{\"@type\":\"PropertyValueSpecification\",\"valueRequired\":true,\"valueName\":\"search_term_string\"}}],\"inLanguage\":\"da-DK\"}]}<\/script>\n<!-- \/ Yoast SEO plugin. -->","yoast_head_json":{"title":"Serviceydelser - Hightechkaunas.com","robots":{"index":"index","follow":"follow","max-snippet":"max-snippet:-1","max-image-preview":"max-image-preview:large","max-video-preview":"max-video-preview:-1"},"canonical":"https:\/\/hightechkaunas.com\/da\/services\/","og_locale":"da_DK","og_type":"article","og_title":"Serviceydelser - Hightechkaunas.com","og_url":"https:\/\/hightechkaunas.com\/da\/services\/","og_site_name":"Hightechkaunas.com","article_modified_time":"2024-10-30T14:19:54+00:00","twitter_card":"summary_large_image","schema":{"@context":"https:\/\/schema.org","@graph":[{"@type":"WebPage","@id":"https:\/\/hightechkaunas.com\/da\/services\/","url":"https:\/\/hightechkaunas.com\/da\/services\/","name":"Serviceydelser - Hightechkaunas.com","isPartOf":{"@id":"https:\/\/hightechkaunas.com\/#website"},"datePublished":"2024-09-12T12:08:12+00:00","dateModified":"2024-10-30T14:19:54+00:00","breadcrumb":{"@id":"https:\/\/hightechkaunas.com\/da\/services\/#breadcrumb"},"inLanguage":"da-DK","potentialAction":[{"@type":"ReadAction","target":["https:\/\/hightechkaunas.com\/da\/services\/"]}]},{"@type":"BreadcrumbList","@id":"https:\/\/hightechkaunas.com\/da\/services\/#breadcrumb","itemListElement":[{"@type":"ListItem","position":1,"name":"Home","item":"https:\/\/hightechkaunas.com\/da\/"},{"@type":"ListItem","position":2,"name":"Serviceydelser"}]},{"@type":"WebSite","@id":"https:\/\/hightechkaunas.com\/#website","url":"https:\/\/hightechkaunas.com\/","name":"Hightechkaunas.com","description":"","potentialAction":[{"@type":"SearchAction","target":{"@type":"EntryPoint","urlTemplate":"https:\/\/hightechkaunas.com\/?s={search_term_string}"},"query-input":{"@type":"PropertyValueSpecification","valueRequired":true,"valueName":"search_term_string"}}],"inLanguage":"da-DK"}]}},"_links":{"self":[{"href":"https:\/\/hightechkaunas.com\/da\/wp-json\/wp\/v2\/pages\/1345","targetHints":{"allow":["GET"]}}],"collection":[{"href":"https:\/\/hightechkaunas.com\/da\/wp-json\/wp\/v2\/pages"}],"about":[{"href":"https:\/\/hightechkaunas.com\/da\/wp-json\/wp\/v2\/types\/page"}],"author":[{"embeddable":true,"href":"https:\/\/hightechkaunas.com\/da\/wp-json\/wp\/v2\/users\/1"}],"replies":[{"embeddable":true,"href":"https:\/\/hightechkaunas.com\/da\/wp-json\/wp\/v2\/comments?post=1345"}],"version-history":[{"count":1,"href":"https:\/\/hightechkaunas.com\/da\/wp-json\/wp\/v2\/pages\/1345\/revisions"}],"predecessor-version":[{"id":1589,"href":"https:\/\/hightechkaunas.com\/da\/wp-json\/wp\/v2\/pages\/1345\/revisions\/1589"}],"wp:attachment":[{"href":"https:\/\/hightechkaunas.com\/da\/wp-json\/wp\/v2\/media?parent=1345"}],"curies":[{"name":"wp","href":"https:\/\/api.w.org\/{rel}","templated":true}]}}