{"id":1340,"date":"2024-09-12T14:37:40","date_gmt":"2024-09-12T14:37:40","guid":{"rendered":"https:\/\/hightechkaunas.com\/news\/"},"modified":"2024-10-30T14:17:00","modified_gmt":"2024-10-30T14:17:00","slug":"news","status":"publish","type":"page","link":"https:\/\/hightechkaunas.com\/da\/news\/","title":{"rendered":"Nyheder"},"content":{"rendered":"\r\n\r\n<section id=\"header-block\" class=\"header-block\">\r\n    <div class=\"header-block-texts\">\r\n                    <h1>Hvad er det nye ved os?<\/h1>\r\n            <\/div>\r\n        <style>\r\n        .header-block {\r\n            background: url('https:\/\/hightechkaunas.com\/wp-content\/uploads\/2024\/09\/image-101-scaled.jpg') no-repeat center center;\r\n            background-size: cover;\r\n        }\r\n    <\/style>\r\n<\/section>\r\n\r\n\r\n\n\n\r\n\r\n\r\n\r\n<section id=\"news-list\" class=\"news-list web-section\">\r\n    <div class=\"container-fluid\">\r\n        <div class=\"services-list-in\">\r\n                            <a href=\"https:\/\/hightechkaunas.com\/da\/2025\/10\/02\/din-it-partners-pitchdeck-loeser-ikke-dit-backend-rod\/\" class=\"services-list-item services-list-item-0\">\r\n                    <div class=\"services-list-item-text\">\r\n                        <div class=\"services-list-item-text-helper\">\r\n                            <div class=\"dateitb\">2025 10 02<\/div>\r\n                            <h3 class=\"main-title\">Hvorfor 90 % af integrationer fejler (og hvordan din kan lykkes)<\/h3>\r\n                            <p>\u201cVi har en leverand\u00f8r, der brokker sig over vores change-proces. Hvert projekt er der en ny database eller API, de skal bruge\u2026 vi skal igennem hele change-cirkuset igen\u2026\u201d \u2013 r\/sysadmin Hvis du har v\u00e6ret i integrationsverdenen i mere end fem minutter, har du h\u00f8rt den slags rant f\u00f8r \u2014 og sandsynligvis ogs\u00e5 levet det. De&#8230;<\/p>\n                            <div class=\"button-black\">L\u00e6s mere om det<\/div>\r\n                        <\/div>\r\n                    <\/div>\r\n                    <div class=\"services-list-item-image services-list-item-image-0\">\r\n                     <!--   -->                    <\/div>\r\n\r\n                                        <style>\r\n                        .services-list-item-image-0 {\r\n                            background: url('https:\/\/hightechkaunas.com\/wp-content\/uploads\/2025\/10\/Visual20-710x350.png') no-repeat center center;\r\n                            background-size: cover;\r\n                        }\r\n                    <\/style>\r\n                <\/a>\r\n                                            <a href=\"https:\/\/hightechkaunas.com\/da\/2025\/09\/09\/mindre-klogere-naar-du-vaelger-rigtigt\/\" class=\"services-list-item services-list-item-1\">\r\n                    <div class=\"services-list-item-text\">\r\n                        <div class=\"services-list-item-text-helper\">\r\n                            <div class=\"dateitb\">2025 09 09<\/div>\r\n                            <h3 class=\"main-title\">Mindre = Klogere (n\u00e5r du v\u00e6lger rigtigt)<\/h3>\r\n                            <p>Store IT-leverand\u00f8rer er som krydstogtskibe: imponerende, dyre \u2013 og elendigt langsomme til at \u00e6ndre kurs. N\u00e5r vejret skifter, eller din forsyningsk\u00e6de pludselig st\u00e5r i brand, er du heldig, hvis kaptajnen overhovedet opdager det, f\u00f8r du rammer isbjerget. Det er den skjulte pris for \u201cskalering\u201d. Det ser trygt ud p\u00e5 papiret. Glitrende logoer, certificeringer i massevis&#8230;<\/p>\n                            <div class=\"button-black\">L\u00e6s mere om det<\/div>\r\n                        <\/div>\r\n                    <\/div>\r\n                    <div class=\"services-list-item-image services-list-item-image-1\">\r\n                     <!--   -->                    <\/div>\r\n\r\n                                        <style>\r\n                        .services-list-item-image-1 {\r\n                            background: url('https:\/\/hightechkaunas.com\/wp-content\/uploads\/2025\/09\/Visual19-710x350.png') no-repeat center center;\r\n                            background-size: cover;\r\n                        }\r\n                    <\/style>\r\n                <\/a>\r\n                                            <a href=\"https:\/\/hightechkaunas.com\/da\/2025\/08\/21\/redning-af-legacy-systemer-uden-et-komplet-rewrite\/\" class=\"services-list-item services-list-item-2\">\r\n                    <div class=\"services-list-item-text\">\r\n                        <div class=\"services-list-item-text-helper\">\r\n                            <div class=\"dateitb\">2025 08 21<\/div>\r\n                            <h3 class=\"main-title\">Redning af Legacy-systemer \u2014 uden et komplet rewrite<\/h3>\r\n                            <p>Et eller andet sted derude sidder en CIO og godkender et komplet system-rewrite til 2 millioner euro \u2013 for et problem, der kunne v\u00e6re l\u00f8st med en 200.000 euro patch og seks ugers arbejde. Det er ikke et hypotetisk scenarie. Det sker hver uge i enterprise-IT. Det eneste mere forudsigelige end en over-engineeret \u201cdigital transformation\u201d&#8230;<\/p>\n                            <div class=\"button-black\">L\u00e6s mere om det<\/div>\r\n                        <\/div>\r\n                    <\/div>\r\n                    <div class=\"services-list-item-image services-list-item-image-2\">\r\n                     <!--   -->                    <\/div>\r\n\r\n                                        <style>\r\n                        .services-list-item-image-2 {\r\n                            background: url('https:\/\/hightechkaunas.com\/wp-content\/uploads\/2025\/11\/Blog1_V3-710x350.png') no-repeat center center;\r\n                            background-size: cover;\r\n                        }\r\n                    <\/style>\r\n                <\/a>\r\n                                            <a href=\"https:\/\/hightechkaunas.com\/da\/2024\/10\/18\/automating-real-estate-data-integration-for-obh-gruppen-a-s-with-robovirgin\/\" class=\"services-list-item services-list-item-3\">\r\n                    <div class=\"services-list-item-text\">\r\n                        <div class=\"services-list-item-text-helper\">\r\n                            <div class=\"dateitb\">2024 10 18<\/div>\r\n                            <h3 class=\"main-title\">Automatisering af integration af ejendomsdata for OBH &#8211; Gruppen A\/S med Robovirgin<\/h3>\r\n                            <p>I den hurtige verden af ejendomsservice er effektivitet og n\u00f8jagtighed altafg\u00f8rende. OBH &#8211; Gruppen A\/S, en fremtr\u00e6dende kunde, der specialiserer sig i ejendomsrelaterede tjenester s\u00e5som vurderinger, skadesrapporter og energivurderinger, stod over for betydelige udfordringer med at h\u00e5ndtere kundeordrer. De betjener en mangfoldig kundekreds, der omfatter privatpersoner, ejendomsm\u00e6glere og forsikringsselskaber, og hver ordre kr\u00e6vede data og&#8230;<\/p>\n                            <div class=\"button-black\">L\u00e6s mere om det<\/div>\r\n                        <\/div>\r\n                    <\/div>\r\n                    <div class=\"services-list-item-image services-list-item-image-3\">\r\n                     <!--   -->                    <\/div>\r\n\r\n                                        <style>\r\n                        .services-list-item-image-3 {\r\n                            background: url('https:\/\/hightechkaunas.com\/wp-content\/uploads\/2024\/10\/cover-automate-real-estate_1024-710x350.png') no-repeat center center;\r\n                            background-size: cover;\r\n                        }\r\n                    <\/style>\r\n                <\/a>\r\n                                            <a href=\"https:\/\/hightechkaunas.com\/da\/2024\/10\/18\/transforming-e-commerce-with-mastercard-click-to-pay\/\" class=\"services-list-item services-list-item-4\">\r\n                    <div class=\"services-list-item-text\">\r\n                        <div class=\"services-list-item-text-helper\">\r\n                            <div class=\"dateitb\">2024 10 18<\/div>\r\n                            <h3 class=\"main-title\">Transformerer e-handel med Mastercard Click to Pay<\/h3>\r\n                            <p>I den evigt udviklende verden af e-handel er det afg\u00f8rende at give en problemfri og sikker checkout-oplevelse for handlende, der \u00f8nsker at \u00f8ge kundetilfredsheden og \u00f8ge konverteringsraten. Mastercard anerkendte dette behov og udviklede Mastercard Click to Pay, en banebrydende l\u00f8sning, der har \u00e6ndret online shopping-landskabet for b\u00e5de handlende og forbrugere. En n\u00f8glespiller i denne succeshistorie&#8230;<\/p>\n                            <div class=\"button-black\">L\u00e6s mere om det<\/div>\r\n                        <\/div>\r\n                    <\/div>\r\n                    <div class=\"services-list-item-image services-list-item-image-4\">\r\n                     <!--   -->                    <\/div>\r\n\r\n                                        <style>\r\n                        .services-list-item-image-4 {\r\n                            background: url('https:\/\/hightechkaunas.com\/wp-content\/uploads\/2024\/10\/master-710x350.jpg') no-repeat center center;\r\n                            background-size: cover;\r\n                        }\r\n                    <\/style>\r\n                <\/a>\r\n                                            <a href=\"https:\/\/hightechkaunas.com\/da\/2024\/10\/15\/migration-of-mytherese-com-to-sylius-a-collaborative\/\" class=\"services-list-item services-list-item-5\">\r\n                    <div class=\"services-list-item-text\">\r\n                        <div class=\"services-list-item-text-helper\">\r\n                            <div class=\"dateitb\">2024 10 15<\/div>\r\n                            <h3 class=\"main-title\">Migrering af MyTherese.com til Sylius &#8211; et samarbejde<\/h3>\r\n                            <p>En af de f\u00f8rende globale forhandlere af luksusmode, MyTheresa. Com, foretog en betydeligteknologisk transformation ved at migrere sin e-handelsplatform fra Magento til Sylius. Dennemigrering var afg\u00f8rende for at underst\u00f8tte de voksende krav fra den globale kundebase, forbedrefunktionalitet og sikre en smidigere og mere effektiv kundeoplevelse. En central rolle i dennedenne transformation var det dedikerede team&#8230;<\/p>\n                            <div class=\"button-black\">L\u00e6s mere om det<\/div>\r\n                        <\/div>\r\n                    <\/div>\r\n                    <div class=\"services-list-item-image services-list-item-image-5\">\r\n                     <!--   -->                    <\/div>\r\n\r\n                                        <style>\r\n                        .services-list-item-image-5 {\r\n                            background: url('https:\/\/hightechkaunas.com\/wp-content\/uploads\/2024\/09\/3-naujienos-foto-710x350.jpg') no-repeat center center;\r\n                            background-size: cover;\r\n                        }\r\n                    <\/style>\r\n                <\/a>\r\n                                            <a href=\"https:\/\/hightechkaunas.com\/da\/2024\/09\/19\/highttech-kaunas-cluster-will-strengthen-its-global-competitiveness-abroad\/\" class=\"services-list-item services-list-item-6\">\r\n                    <div class=\"services-list-item-text\">\r\n                        <div class=\"services-list-item-text-helper\">\r\n                            <div class=\"dateitb\">2024 09 19<\/div>\r\n                            <h3 class=\"main-title\">&#8216;HightTech Kaunas&#8217;-klyngen vil styrke sin globale konkurrenceevne i udlandet<\/h3>\r\n                            <p>Kaunas Chamber of Commerce, Industry, and Crafts har sammen med sine partnere &#8211; medlemsvirksomheder i IT-sektoren &#8211; dannet en integreret klynge for kunstig intelligens, e-handel og procesautomatiseringssystemer kaldet \u00bbHighTech Kaunas\u00ab. For at styrke klyngens konkurrenceevne i udlandet og integrere den i internationale netv\u00e6rk blev der indsendt en ans\u00f8gning om finansiering under projektet \u00bbExpo Cluster LT\u00ab&#8230;.<\/p>\n                            <div class=\"button-black\">L\u00e6s mere om det<\/div>\r\n                        <\/div>\r\n                    <\/div>\r\n                    <div class=\"services-list-item-image services-list-item-image-6\">\r\n                     <!--   -->                    <\/div>\r\n\r\n                                        <style>\r\n                        .services-list-item-image-6 {\r\n                            background: url('https:\/\/hightechkaunas.com\/wp-content\/uploads\/2024\/09\/ezgif-5-cb085322c11e-710x350.jpg') no-repeat center center;\r\n                            background-size: cover;\r\n                        }\r\n                    <\/style>\r\n                <\/a>\r\n                                            <a href=\"https:\/\/hightechkaunas.com\/da\/2024\/09\/19\/why-net-core-is-a-game-changer-for-modern-development\/\" class=\"services-list-item services-list-item-7\">\r\n                    <div class=\"services-list-item-text\">\r\n                        <div class=\"services-list-item-text-helper\">\r\n                            <div class=\"dateitb\">2024 09 19<\/div>\r\n                            <h3 class=\"main-title\">Hvorfor .NET Core er en game-changer for moderne udvikling<\/h3>\r\n                            <p>Lad os tale om et framework, som vores udviklere nok er mest begejstrede for &#8211; .NET Core. Her er nogle af de vigtigste grunde til dets stigende popularitet: Med alle fordelene er der ogs\u00e5 et par ting, man skal overveje, n\u00e5r man v\u00e6lger .NET Core &#8211; det har meget begr\u00e6nset underst\u00f8ttelse af \u00e6ldre biblioteker og&#8230;<\/p>\n                            <div class=\"button-black\">L\u00e6s mere om det<\/div>\r\n                        <\/div>\r\n                    <\/div>\r\n                    <div class=\"services-list-item-image services-list-item-image-7\">\r\n                     <!--   -->                    <\/div>\r\n\r\n                                        <style>\r\n                        .services-list-item-image-7 {\r\n                            background: url('https:\/\/hightechkaunas.com\/wp-content\/uploads\/2024\/09\/2-naujienos-foto.jpg') no-repeat center center;\r\n                            background-size: cover;\r\n                        }\r\n                    <\/style>\r\n                <\/a>\r\n                                            <a href=\"https:\/\/hightechkaunas.com\/da\/2024\/09\/19\/hightech-kaunas-cluster-joins-international-business-networks\/\" class=\"services-list-item services-list-item-8\">\r\n                    <div class=\"services-list-item-text\">\r\n                        <div class=\"services-list-item-text-helper\">\r\n                            <div class=\"dateitb\">2024 09 19<\/div>\r\n                            <h3 class=\"main-title\">HighTech Kaunas-klyngen slutter sig til internationale forretningsnetv\u00e6rk<\/h3>\r\n                            <p>HighTech Kaunas Cluster er glad for at kunne meddele, at den officielt har tilsluttet sig flere store globale platforme, der er designet til at hj\u00e6lpe virksomheder og tjenesteudbydere med at blive gennemg\u00e5et, evalueret og udvide deres r\u00e6kkevidde. Fra nu af er klyngens medlemmer synlige og tilg\u00e6ngelige via f\u00f8lgende anerkendte platforme: Ved at deltage i disse&#8230;<\/p>\n                            <div class=\"button-black\">L\u00e6s mere om det<\/div>\r\n                        <\/div>\r\n                    <\/div>\r\n                    <div class=\"services-list-item-image services-list-item-image-8\">\r\n                     <!--   -->                    <\/div>\r\n\r\n                                        <style>\r\n                        .services-list-item-image-8 {\r\n                            background: url('https:\/\/hightechkaunas.com\/wp-content\/uploads\/2024\/09\/3-naujienos-foto-710x350.jpg') no-repeat center center;\r\n                            background-size: cover;\r\n                        }\r\n                    <\/style>\r\n                <\/a>\r\n                                    <\/div>\r\n    <\/div>\r\n<\/section>\r\n\r\n\r\n","protected":false},"excerpt":{"rendered":"","protected":false},"author":1,"featured_media":0,"parent":0,"menu_order":0,"comment_status":"closed","ping_status":"closed","template":"","meta":{"_acf_changed":false,"inline_featured_image":false,"footnotes":""},"class_list":["post-1340","page","type-page","status-publish","hentry"],"acf":[],"yoast_head":"<!-- This site is optimized with the Yoast SEO plugin v26.2 - https:\/\/yoast.com\/wordpress\/plugins\/seo\/ -->\n<title>Nyheder - Hightechkaunas.com<\/title>\n<meta name=\"robots\" content=\"index, follow, max-snippet:-1, max-image-preview:large, max-video-preview:-1\" \/>\n<link rel=\"canonical\" href=\"https:\/\/hightechkaunas.com\/da\/news\/\" \/>\n<meta property=\"og:locale\" content=\"da_DK\" \/>\n<meta property=\"og:type\" content=\"article\" \/>\n<meta property=\"og:title\" content=\"Nyheder - Hightechkaunas.com\" \/>\n<meta property=\"og:url\" content=\"https:\/\/hightechkaunas.com\/da\/news\/\" \/>\n<meta property=\"og:site_name\" content=\"Hightechkaunas.com\" \/>\n<meta property=\"article:modified_time\" content=\"2024-10-30T14:17:00+00:00\" \/>\n<meta name=\"twitter:card\" content=\"summary_large_image\" \/>\n<script type=\"application\/ld+json\" class=\"yoast-schema-graph\">{\"@context\":\"https:\/\/schema.org\",\"@graph\":[{\"@type\":\"WebPage\",\"@id\":\"https:\/\/hightechkaunas.com\/da\/news\/\",\"url\":\"https:\/\/hightechkaunas.com\/da\/news\/\",\"name\":\"Nyheder - Hightechkaunas.com\",\"isPartOf\":{\"@id\":\"https:\/\/hightechkaunas.com\/#website\"},\"datePublished\":\"2024-09-12T14:37:40+00:00\",\"dateModified\":\"2024-10-30T14:17:00+00:00\",\"breadcrumb\":{\"@id\":\"https:\/\/hightechkaunas.com\/da\/news\/#breadcrumb\"},\"inLanguage\":\"da-DK\",\"potentialAction\":[{\"@type\":\"ReadAction\",\"target\":[\"https:\/\/hightechkaunas.com\/da\/news\/\"]}]},{\"@type\":\"BreadcrumbList\",\"@id\":\"https:\/\/hightechkaunas.com\/da\/news\/#breadcrumb\",\"itemListElement\":[{\"@type\":\"ListItem\",\"position\":1,\"name\":\"Home\",\"item\":\"https:\/\/hightechkaunas.com\/da\/\"},{\"@type\":\"ListItem\",\"position\":2,\"name\":\"Nyheder\"}]},{\"@type\":\"WebSite\",\"@id\":\"https:\/\/hightechkaunas.com\/#website\",\"url\":\"https:\/\/hightechkaunas.com\/\",\"name\":\"Hightechkaunas.com\",\"description\":\"\",\"potentialAction\":[{\"@type\":\"SearchAction\",\"target\":{\"@type\":\"EntryPoint\",\"urlTemplate\":\"https:\/\/hightechkaunas.com\/?s={search_term_string}\"},\"query-input\":{\"@type\":\"PropertyValueSpecification\",\"valueRequired\":true,\"valueName\":\"search_term_string\"}}],\"inLanguage\":\"da-DK\"}]}<\/script>\n<!-- \/ Yoast SEO plugin. -->","yoast_head_json":{"title":"Nyheder - Hightechkaunas.com","robots":{"index":"index","follow":"follow","max-snippet":"max-snippet:-1","max-image-preview":"max-image-preview:large","max-video-preview":"max-video-preview:-1"},"canonical":"https:\/\/hightechkaunas.com\/da\/news\/","og_locale":"da_DK","og_type":"article","og_title":"Nyheder - Hightechkaunas.com","og_url":"https:\/\/hightechkaunas.com\/da\/news\/","og_site_name":"Hightechkaunas.com","article_modified_time":"2024-10-30T14:17:00+00:00","twitter_card":"summary_large_image","schema":{"@context":"https:\/\/schema.org","@graph":[{"@type":"WebPage","@id":"https:\/\/hightechkaunas.com\/da\/news\/","url":"https:\/\/hightechkaunas.com\/da\/news\/","name":"Nyheder - Hightechkaunas.com","isPartOf":{"@id":"https:\/\/hightechkaunas.com\/#website"},"datePublished":"2024-09-12T14:37:40+00:00","dateModified":"2024-10-30T14:17:00+00:00","breadcrumb":{"@id":"https:\/\/hightechkaunas.com\/da\/news\/#breadcrumb"},"inLanguage":"da-DK","potentialAction":[{"@type":"ReadAction","target":["https:\/\/hightechkaunas.com\/da\/news\/"]}]},{"@type":"BreadcrumbList","@id":"https:\/\/hightechkaunas.com\/da\/news\/#breadcrumb","itemListElement":[{"@type":"ListItem","position":1,"name":"Home","item":"https:\/\/hightechkaunas.com\/da\/"},{"@type":"ListItem","position":2,"name":"Nyheder"}]},{"@type":"WebSite","@id":"https:\/\/hightechkaunas.com\/#website","url":"https:\/\/hightechkaunas.com\/","name":"Hightechkaunas.com","description":"","potentialAction":[{"@type":"SearchAction","target":{"@type":"EntryPoint","urlTemplate":"https:\/\/hightechkaunas.com\/?s={search_term_string}"},"query-input":{"@type":"PropertyValueSpecification","valueRequired":true,"valueName":"search_term_string"}}],"inLanguage":"da-DK"}]}},"_links":{"self":[{"href":"https:\/\/hightechkaunas.com\/da\/wp-json\/wp\/v2\/pages\/1340","targetHints":{"allow":["GET"]}}],"collection":[{"href":"https:\/\/hightechkaunas.com\/da\/wp-json\/wp\/v2\/pages"}],"about":[{"href":"https:\/\/hightechkaunas.com\/da\/wp-json\/wp\/v2\/types\/page"}],"author":[{"embeddable":true,"href":"https:\/\/hightechkaunas.com\/da\/wp-json\/wp\/v2\/users\/1"}],"replies":[{"embeddable":true,"href":"https:\/\/hightechkaunas.com\/da\/wp-json\/wp\/v2\/comments?post=1340"}],"version-history":[{"count":1,"href":"https:\/\/hightechkaunas.com\/da\/wp-json\/wp\/v2\/pages\/1340\/revisions"}],"predecessor-version":[{"id":1585,"href":"https:\/\/hightechkaunas.com\/da\/wp-json\/wp\/v2\/pages\/1340\/revisions\/1585"}],"wp:attachment":[{"href":"https:\/\/hightechkaunas.com\/da\/wp-json\/wp\/v2\/media?parent=1340"}],"curies":[{"name":"wp","href":"https:\/\/api.w.org\/{rel}","templated":true}]}}