{"id":1325,"date":"2024-09-13T03:20:43","date_gmt":"2024-09-13T03:20:43","guid":{"rendered":"https:\/\/hightechkaunas.com\/about-us\/"},"modified":"2024-11-24T09:02:43","modified_gmt":"2024-11-24T09:02:43","slug":"about-us","status":"publish","type":"page","link":"https:\/\/hightechkaunas.com\/da\/about-us\/","title":{"rendered":"Om os"},"content":{"rendered":"\r\n\r\n<section id=\"header-block\" class=\"header-block\">\r\n    <div class=\"header-block-texts\">\r\n                    <h1>Om os<\/h1>\r\n            <\/div>\r\n        <style>\r\n        .header-block {\r\n            background: url('https:\/\/hightechkaunas.com\/wp-content\/uploads\/2024\/09\/members.png') no-repeat center center;\r\n            background-size: cover;\r\n        }\r\n    <\/style>\r\n<\/section>\r\n\r\n\r\n\n\n\r\n\r\n\r\n<section id=\"lefttext\" class=\"lefttext web-section\">\r\n    <div class=\"container-fluid\">\r\n        <div class=\"lefttext-in\">\r\n            <div class=\"rte\">\r\n                                    <p>JSC \u00bbInkodus\u00ab er en europ\u00e6isk orienteret litauisk IT-konsulentvirksomhed, der blev etableret i 2012. Virksomheden startede sin forretning som leverand\u00f8r af programmering og teknologiske l\u00f8sninger af h\u00f8j kvalitet. Men senere tog de kundernes krav i betragtning, justerede deres forretningsudvikling, og nu forener Incodus de bedste it-fagfolk, mens de leverer dedikerede team af softwareudviklere til andre virksomheder.<br \/>\nI mods\u00e6tning til standard outsourcing giver det dedikerede team af softwareudviklere mere kontrol og mulighed for at p\u00e5virke arbejdsprocesser. Et team af softwareudviklere med den n\u00f8dvendige viden og erfaring er direkte tilg\u00e6ngeligt, ligesom dine egne medarbejdere. I mellemtiden leverer Inkodus alle n\u00f8dvendige ekstra tjenester som regnskab, social tilfredshed med dit fjernteam, teambuilding, kontoradministration og andet. Det dedikerede team best\u00e5r kun af p\u00e5lidelige og testede specialister, som arbejder hurtigt og fleksibelt.<br \/>\nVirksomheden er stolt af at kunne tilbyde langsigtede relationer og professionel service til sine kunder. Deres hovedm\u00e5l er at tilfredsstille kundernes behov.<\/p>\n                            <\/div>\r\n        <\/div>\r\n    <\/div>\r\n<\/section>\r\n\r\n\n\n\r\n\r\n\r\n<section id=\"aboutmembers\" class=\"aboutmembers web-section\">\r\n    <div class=\"container-fluid\">\r\n        <div class=\"aboutmembers-in\">\r\n            <div class=\"aboutmemberstitle\">\r\n                <div class=\"aboutmemberstitle\">\r\n                                            <h2 class=\"main-title titlefloatleft\">KLYNGEN BEST\u00c5R AF 7 MEDLEMMER:<\/h2>\r\n                                        <div class=\"buttonfloatright\">\r\n                        <a class=\"button-blue\" href=\"https:\/\/hightechkaunas.com\/members\/\">Medlemmer<\/a>\r\n                    <\/div>\r\n                    <div class=\"clearfix\"><\/div>\r\n                <\/div>\r\n                <div class=\"aboutmemberslist\">\r\n                    <div class=\"members-list-wrapper\">\r\n                                                    <a href=\"https:\/\/hightechkaunas.com\/da\/members\/jsc-confistech\/\" class=\"members-list-wrapper-item members-list-wrapper-item-0\">\r\n                                <div class=\"members-list-wrapper-item-image\">\r\n                                                                            <img decoding=\"async\" src=\"https:\/\/hightechkaunas.com\/wp-content\/uploads\/2024\/09\/confitech.svg\" title=\"item\" alt=\"item\">\r\n                                                                    <\/div>\r\n                            <\/a>\r\n                                                                                <a href=\"https:\/\/hightechkaunas.com\/da\/members\/jsc-definra\/\" class=\"members-list-wrapper-item members-list-wrapper-item-1\">\r\n                                <div class=\"members-list-wrapper-item-image\">\r\n                                                                            <img decoding=\"async\" src=\"https:\/\/hightechkaunas.com\/wp-content\/uploads\/2024\/09\/definra.svg\" title=\"item\" alt=\"item\">\r\n                                                                    <\/div>\r\n                            <\/a>\r\n                                                                                <a href=\"https:\/\/hightechkaunas.com\/da\/members\/jsc-inkodus\/\" class=\"members-list-wrapper-item members-list-wrapper-item-2\">\r\n                                <div class=\"members-list-wrapper-item-image\">\r\n                                                                            <img decoding=\"async\" src=\"https:\/\/hightechkaunas.com\/wp-content\/uploads\/2024\/09\/inkodus.svg\" title=\"item\" alt=\"item\">\r\n                                                                    <\/div>\r\n                            <\/a>\r\n                                                                                <a href=\"https:\/\/hightechkaunas.com\/da\/members\/jsc-invertus\/\" class=\"members-list-wrapper-item members-list-wrapper-item-3\">\r\n                                <div class=\"members-list-wrapper-item-image\">\r\n                                                                            <img decoding=\"async\" src=\"https:\/\/hightechkaunas.com\/wp-content\/uploads\/2024\/09\/invertus.svg\" title=\"item\" alt=\"item\">\r\n                                                                    <\/div>\r\n                            <\/a>\r\n                                                                                <a href=\"https:\/\/hightechkaunas.com\/da\/members\/jsc-matomai\/\" class=\"members-list-wrapper-item members-list-wrapper-item-4\">\r\n                                <div class=\"members-list-wrapper-item-image\">\r\n                                                                            <img decoding=\"async\" src=\"https:\/\/hightechkaunas.com\/wp-content\/uploads\/2024\/09\/matom.svg\" title=\"item\" alt=\"item\">\r\n                                                                    <\/div>\r\n                            <\/a>\r\n                                                                                <a href=\"https:\/\/hightechkaunas.com\/da\/members\/jsc-thinkbig-lt\/\" class=\"members-list-wrapper-item members-list-wrapper-item-5\">\r\n                                <div class=\"members-list-wrapper-item-image\">\r\n                                                                            <img decoding=\"async\" src=\"https:\/\/hightechkaunas.com\/wp-content\/uploads\/2024\/09\/thinkbig.svg\" title=\"item\" alt=\"item\">\r\n                                                                    <\/div>\r\n                            <\/a>\r\n                                                                        <\/div>\r\n                    <div class=\"niceblockmembers\"><img decoding=\"async\" src=\"https:\/\/hightechkaunas.com\/wp-content\/themes\/itbrolis\/images\/membeers-nice-block2.svg\" title=\"services-image\" alt=\"services-image\"><\/div>\r\n                <\/div>\r\n            <\/div>\r\n        <\/div>\r\n    <\/div>\r\n<\/section>\r\n\r\n\n\n\r\n\r\n\r\n\r\n<section id=\"left-right-content\" class=\"left-right-content web-section\">\r\n    <div class=\"container-fluid\">\r\n        <div class=\"left-right-content-in\">\r\n            <div class=\"lfrc-left\">\r\n                                    <h3>Mission<\/h3>\r\n<div class=\"visiontext\">M\u00e5let er at udvikle meget konkurrencedygtige f\u00e6lles produkter p\u00e5 det globale marked og \u00f8ge disse virksomheders konkurrenceevne, synlighed, effektivitet og tilg\u00e6ngelighed.<\/div>                            <\/div>\r\n            <div class=\"lfrc-right\">\r\n                                    <h3>Vission<\/h3>\r\n<div class=\"visiontext\">Visionen for \u00bbHighTech Kaunas\u00ab-klyngen er at blive en p\u00e5lidelig og anerkendt it-virksomhedsalliance, en partner, som skaber innovative og konkurrencedygtige digitale forretningsl\u00f8sninger, der skaber merv\u00e6rdi.<\/div>\r\n                            <\/div>\r\n        <\/div>\r\n    <\/div>\r\n<\/section>\r\n\r\n\r\n\n\n\n\n\n\n<section id=\"expertise\" class=\"expertise outsourcing-expertise \" style=\"background-image: url('https:\/\/hightechkaunas.com\/wp-content\/uploads\/2024\/09\/areas.jpg')\">\n\t<div class=\"container-fluidxxx\">\n\t\t<div class=\"expertise-in\">\n\t\t\t<div class=\"expertise-texts\">\n\t\t\t\t\t\t\t\t\t<h2 class=\"main-title\">Fordele ved at arbejde med en klynge<\/h2>\n\t\t\t\t\n\t\t\t\t<div class=\"expertise-wrapper rte\">\n\t\t\t\t\t\t\t\t\t\t\t<p>Samarbejde i en klynge som \u00bbHighTech Kaunas\u00ab giver mange fordele for virksomheder, der \u00f8nsker at vokse og styrke deres markedsposition. En klynge forener forskellige virksomheder, der samarbejder og deler ressourcer, hvilket skaber en st\u00e6rk synergi.<\/p>\n<ul>\n<li><strong>Bredere eksportmuligheder<\/strong><br \/>\nKlyngevirksomheder kan lettere f\u00e5 adgang til internationale markeder ved at udnytte et f\u00e6lles brand og deltage i f\u00e6lles projekter og udstillinger.<\/li>\n<li><strong>Synergi blandt medlemmerne<\/strong><br \/>\nKlyngens deltagere kan udnytte hinandens ekspertise og ressourcer, hvilket g\u00f8r det muligt at levere mere komplekse og skr\u00e6ddersyede l\u00f8sninger til kunderne.<\/li>\n<li><strong>Adgang til viden og teknologi<\/strong><br \/>\nVirksomhederne i klyngen deler teknologiske innovationer og erfaringer, hvilket fremmer en hurtigere teknologisk udvikling.<\/li>\n<li><strong>Lavere omkostninger<\/strong><br \/>\nDelte ressourcer som uddannelse, markedsf\u00f8ring eller infrastruktur reducerer den enkelte virksomheds udgifter.<\/li>\n<li><strong>St\u00e6rkere markedspositionering<\/strong><br \/>\nAt operere som en del af en klynge \u00f8ger trov\u00e6rdigheden, hvilket g\u00f8r virksomhederne mere attraktive for store projekter og internationale partnere.<\/li>\n<li><strong>Fremme af innovation<\/strong><br \/>\nSamarbejde tilskynder til udvikling af nye produkter og tjenester, som ville v\u00e6re sv\u00e6rere at opn\u00e5 p\u00e5 egen h\u00e5nd.<\/li>\n<li><strong>\u00d8get salg<\/strong><br \/>\nGennem klyngen kan virksomheder lettere n\u00e5 ud til nye kunder og markeder, hvilket bidrager til v\u00e6kst i oms\u00e6tningen.<\/li>\n<li><strong>Begr\u00e6nsning af risici<\/strong><br \/>\nKlynger giver medlemmerne mulighed for at dele risici, is\u00e6r i store eller komplekse projekter.<\/li>\n<li><strong>F\u00e6lles markedsf\u00f8ringsfordele<\/strong><br \/>\nKlyngens medlemmer kan deltage i f\u00e6lles markedsf\u00f8ringskampagner, udstillinger og andre arrangementer, hvilket \u00f8ger brandbevidstheden.<br \/>\nMuligheder for l\u00e6ring og udvikling<br \/>\nKlyngemedlemmer f\u00e5r gavn af f\u00e6lles tr\u00e6ning, seminarer og konferencer, hvilket forbedrer deres kompetencer og opretholder konkurrenceevnen.<\/li>\n<\/ul>\n\t\t\t\t\t\t\t\t\t<\/div>\n\t\t\t<\/div>\n\t\t<\/div>\n\t<\/div>\n\n<\/section>\n\n\n\n\n\r\n\r\n\r\n<section id=\"lefttext\" class=\"lefttext web-section\">\r\n    <div class=\"container-fluid\">\r\n        <div class=\"lefttext-in\">\r\n            <div class=\"rte\">\r\n                                    <h2>Vi er forskellige<\/h2>\n<p>&#8220;HighTech Kaunas&#8221;-klyngen skiller sig ud fra andre p\u00e5 grund af sit enest\u00e5ende fokus p\u00e5 at integrere banebrydende teknologier som kunstig intelligens, robotteknologi og avancerede IT-l\u00f8sninger p\u00e5 tv\u00e6rs af forskellige brancher. I mods\u00e6tning til mange traditionelle klynger forener den en unik blanding af h\u00f8jt specialiserede virksomheder, der sp\u00e6nder fra AI-drevet automatisering til skr\u00e6ddersyet udvikling af ERP-systemer. Denne mangfoldighed g\u00f8r det muligt for klyngen at levere omfattende l\u00f8sninger til digital transformation, der im\u00f8dekommer de internationale markeders skiftende behov. Klyngens st\u00e6rke fokus p\u00e5 innovation, samarbejde p\u00e5 tv\u00e6rs af brancher og vidensdeling mellem medlemmerne skaber et synergistisk milj\u00f8, der fremmer udviklingen af banebrydende l\u00f8sninger. Desuden udnytter klyngen aktivt sin strategiske placering i Kaunas, et voksende teknologisk knudepunkt i Europa, til at forbedre adgangen til talent, avanceret infrastruktur og globale markeder, hvilket g\u00f8r den til en leder i udformningen af fremtiden for teknologidrevne industrier.<\/p>\n                            <\/div>\r\n        <\/div>\r\n    <\/div>\r\n<\/section>\r\n\r\n","protected":false},"excerpt":{"rendered":"","protected":false},"author":1,"featured_media":0,"parent":0,"menu_order":0,"comment_status":"closed","ping_status":"closed","template":"","meta":{"_acf_changed":false,"inline_featured_image":false,"footnotes":""},"class_list":["post-1325","page","type-page","status-publish","hentry"],"acf":[],"yoast_head":"<!-- This site is optimized with the Yoast SEO plugin v26.2 - https:\/\/yoast.com\/wordpress\/plugins\/seo\/ -->\n<title>Om os - Hightechkaunas.com<\/title>\n<meta name=\"robots\" content=\"index, follow, max-snippet:-1, max-image-preview:large, max-video-preview:-1\" \/>\n<link rel=\"canonical\" href=\"https:\/\/hightechkaunas.com\/da\/about-us\/\" \/>\n<meta property=\"og:locale\" content=\"da_DK\" \/>\n<meta property=\"og:type\" content=\"article\" \/>\n<meta property=\"og:title\" content=\"Om os - Hightechkaunas.com\" \/>\n<meta property=\"og:url\" content=\"https:\/\/hightechkaunas.com\/da\/about-us\/\" \/>\n<meta property=\"og:site_name\" content=\"Hightechkaunas.com\" \/>\n<meta property=\"article:modified_time\" content=\"2024-11-24T09:02:43+00:00\" \/>\n<meta name=\"twitter:card\" content=\"summary_large_image\" \/>\n<script type=\"application\/ld+json\" class=\"yoast-schema-graph\">{\"@context\":\"https:\/\/schema.org\",\"@graph\":[{\"@type\":\"WebPage\",\"@id\":\"https:\/\/hightechkaunas.com\/da\/about-us\/\",\"url\":\"https:\/\/hightechkaunas.com\/da\/about-us\/\",\"name\":\"Om os - Hightechkaunas.com\",\"isPartOf\":{\"@id\":\"https:\/\/hightechkaunas.com\/#website\"},\"datePublished\":\"2024-09-13T03:20:43+00:00\",\"dateModified\":\"2024-11-24T09:02:43+00:00\",\"breadcrumb\":{\"@id\":\"https:\/\/hightechkaunas.com\/da\/about-us\/#breadcrumb\"},\"inLanguage\":\"da-DK\",\"potentialAction\":[{\"@type\":\"ReadAction\",\"target\":[\"https:\/\/hightechkaunas.com\/da\/about-us\/\"]}]},{\"@type\":\"BreadcrumbList\",\"@id\":\"https:\/\/hightechkaunas.com\/da\/about-us\/#breadcrumb\",\"itemListElement\":[{\"@type\":\"ListItem\",\"position\":1,\"name\":\"Home\",\"item\":\"https:\/\/hightechkaunas.com\/da\/\"},{\"@type\":\"ListItem\",\"position\":2,\"name\":\"Om os\"}]},{\"@type\":\"WebSite\",\"@id\":\"https:\/\/hightechkaunas.com\/#website\",\"url\":\"https:\/\/hightechkaunas.com\/\",\"name\":\"Hightechkaunas.com\",\"description\":\"\",\"potentialAction\":[{\"@type\":\"SearchAction\",\"target\":{\"@type\":\"EntryPoint\",\"urlTemplate\":\"https:\/\/hightechkaunas.com\/?s={search_term_string}\"},\"query-input\":{\"@type\":\"PropertyValueSpecification\",\"valueRequired\":true,\"valueName\":\"search_term_string\"}}],\"inLanguage\":\"da-DK\"}]}<\/script>\n<!-- \/ Yoast SEO plugin. -->","yoast_head_json":{"title":"Om os - Hightechkaunas.com","robots":{"index":"index","follow":"follow","max-snippet":"max-snippet:-1","max-image-preview":"max-image-preview:large","max-video-preview":"max-video-preview:-1"},"canonical":"https:\/\/hightechkaunas.com\/da\/about-us\/","og_locale":"da_DK","og_type":"article","og_title":"Om os - Hightechkaunas.com","og_url":"https:\/\/hightechkaunas.com\/da\/about-us\/","og_site_name":"Hightechkaunas.com","article_modified_time":"2024-11-24T09:02:43+00:00","twitter_card":"summary_large_image","schema":{"@context":"https:\/\/schema.org","@graph":[{"@type":"WebPage","@id":"https:\/\/hightechkaunas.com\/da\/about-us\/","url":"https:\/\/hightechkaunas.com\/da\/about-us\/","name":"Om os - Hightechkaunas.com","isPartOf":{"@id":"https:\/\/hightechkaunas.com\/#website"},"datePublished":"2024-09-13T03:20:43+00:00","dateModified":"2024-11-24T09:02:43+00:00","breadcrumb":{"@id":"https:\/\/hightechkaunas.com\/da\/about-us\/#breadcrumb"},"inLanguage":"da-DK","potentialAction":[{"@type":"ReadAction","target":["https:\/\/hightechkaunas.com\/da\/about-us\/"]}]},{"@type":"BreadcrumbList","@id":"https:\/\/hightechkaunas.com\/da\/about-us\/#breadcrumb","itemListElement":[{"@type":"ListItem","position":1,"name":"Home","item":"https:\/\/hightechkaunas.com\/da\/"},{"@type":"ListItem","position":2,"name":"Om os"}]},{"@type":"WebSite","@id":"https:\/\/hightechkaunas.com\/#website","url":"https:\/\/hightechkaunas.com\/","name":"Hightechkaunas.com","description":"","potentialAction":[{"@type":"SearchAction","target":{"@type":"EntryPoint","urlTemplate":"https:\/\/hightechkaunas.com\/?s={search_term_string}"},"query-input":{"@type":"PropertyValueSpecification","valueRequired":true,"valueName":"search_term_string"}}],"inLanguage":"da-DK"}]}},"_links":{"self":[{"href":"https:\/\/hightechkaunas.com\/da\/wp-json\/wp\/v2\/pages\/1325","targetHints":{"allow":["GET"]}}],"collection":[{"href":"https:\/\/hightechkaunas.com\/da\/wp-json\/wp\/v2\/pages"}],"about":[{"href":"https:\/\/hightechkaunas.com\/da\/wp-json\/wp\/v2\/types\/page"}],"author":[{"embeddable":true,"href":"https:\/\/hightechkaunas.com\/da\/wp-json\/wp\/v2\/users\/1"}],"replies":[{"embeddable":true,"href":"https:\/\/hightechkaunas.com\/da\/wp-json\/wp\/v2\/comments?post=1325"}],"version-history":[{"count":3,"href":"https:\/\/hightechkaunas.com\/da\/wp-json\/wp\/v2\/pages\/1325\/revisions"}],"predecessor-version":[{"id":1821,"href":"https:\/\/hightechkaunas.com\/da\/wp-json\/wp\/v2\/pages\/1325\/revisions\/1821"}],"wp:attachment":[{"href":"https:\/\/hightechkaunas.com\/da\/wp-json\/wp\/v2\/media?parent=1325"}],"curies":[{"name":"wp","href":"https:\/\/api.w.org\/{rel}","templated":true}]}}