{"id":1320,"date":"2024-10-30T07:28:26","date_gmt":"2024-10-30T07:28:26","guid":{"rendered":"https:\/\/hightechkaunas.com\/hightech-outsourcing\/"},"modified":"2024-10-30T14:33:55","modified_gmt":"2024-10-30T14:33:55","slug":"hightech-outsourcing","status":"publish","type":"page","link":"https:\/\/hightechkaunas.com\/da\/hightech-outsourcing\/","title":{"rendered":"Hightech outsourcing"},"content":{"rendered":"\r\n\r\n<section id=\"header-block\" class=\"header-block\">\r\n    <div class=\"header-block-texts\">\r\n                    <h1>Hightech <br> outsorcing<\/h1>\r\n            <\/div>\r\n        <style>\r\n        .header-block {\r\n            background: url('https:\/\/hightechkaunas.com\/wp-content\/uploads\/2024\/10\/louis-droege-DDmKCvzp-KA-unsplash-scaled.jpg') no-repeat center center;\r\n            background-size: cover;\r\n        }\r\n    <\/style>\r\n<\/section>\r\n\r\n\r\n\n\n\n\n\n\n\n<section id=\"child-pages\" class=\"child-pages web-section\">\n\t<div class=\"container-fluid\">\n\t\t\t\t\t\t\t<div class=\"owl-carousel child-pages-slider\">\n\t\t\t\t\t\t\t\t\t<a href=\"https:\/\/hightechkaunas.com\/da\/hightech-outsourcing\/holland\/\" class=\"news-list-item news-list-item-\">\n\t\t\t\t\t\t<div class=\"news-list-item-image\">\n\t\t\t\t\t\t\t<img loading=\"lazy\" decoding=\"async\" width=\"518\" height=\"300\" src=\"https:\/\/hightechkaunas.com\/wp-content\/uploads\/2024\/10\/pexels-chaitaastic-2031706-518x300.jpg\" class=\"attachment-listpost size-listpost wp-post-image\" alt=\"\" \/>\t\t\t\t\t\t<\/div>\n\t\t\t\t\t\t<div class=\"news-list-item-text\">\n\t\t\t\t\t\t\t<h3>Holland<\/h3>\n\t\t\t\t\t\t\t<p><p>Hvorfor er Hightech Kaunas den ideelle it-partner for hollandske virksomheder?<\/p>\n<\/p>\n\t\t\t\t\t\t\t<div class=\"news-list-item-text-arrow\"><\/div>\n\t\t\t\t\t\t<\/div>\n\t\t\t\t\t<\/a>\n\t\t\t\t\t\t\t\t\t<a href=\"https:\/\/hightechkaunas.com\/da\/hightech-outsourcing\/estland\/\" class=\"news-list-item news-list-item-\">\n\t\t\t\t\t\t<div class=\"news-list-item-image\">\n\t\t\t\t\t\t\t<img loading=\"lazy\" decoding=\"async\" width=\"518\" height=\"300\" src=\"https:\/\/hightechkaunas.com\/wp-content\/uploads\/2024\/10\/pexels-orlovamaria-4906154-518x300.jpg\" class=\"attachment-listpost size-listpost wp-post-image\" alt=\"\" \/>\t\t\t\t\t\t<\/div>\n\t\t\t\t\t\t<div class=\"news-list-item-text\">\n\t\t\t\t\t\t\t<h3>Estland<\/h3>\n\t\t\t\t\t\t\t<p><p>I Estland, som er et land, hvor innovation og IT-l\u00f8sninger er dagens orden, er konkurrencen h\u00e5rd. Men det er her, Hightech Kaunas kan tilbyde en betydelig merv\u00e6rdi.<\/p>\n<\/p>\n\t\t\t\t\t\t\t<div class=\"news-list-item-text-arrow\"><\/div>\n\t\t\t\t\t\t<\/div>\n\t\t\t\t\t<\/a>\n\t\t\t\t\t\t\t\t\t<a href=\"https:\/\/hightechkaunas.com\/da\/hightech-outsourcing\/danija\/\" class=\"news-list-item news-list-item-\">\n\t\t\t\t\t\t<div class=\"news-list-item-image\">\n\t\t\t\t\t\t\t<img loading=\"lazy\" decoding=\"async\" width=\"518\" height=\"300\" src=\"https:\/\/hightechkaunas.com\/wp-content\/uploads\/2024\/10\/pexels-pixabay-416024-518x300.jpg\" class=\"attachment-listpost size-listpost wp-post-image\" alt=\"\" \/>\t\t\t\t\t\t<\/div>\n\t\t\t\t\t\t<div class=\"news-list-item-text\">\n\t\t\t\t\t\t\t<h3>Danmark<\/h3>\n\t\t\t\t\t\t\t<p><p>Hightech Kaunas kan tilbyde v\u00e6rdifulde fordele til det danske marked, som vil styrke danske virksomheders konkurrenceevne p\u00e5 den internationale arena og hj\u00e6lpe dem med at n\u00e5 deres teknologiske m\u00e5l p\u00e5 en effektiv og innovativ m\u00e5de.<\/p>\n<\/p>\n\t\t\t\t\t\t\t<div class=\"news-list-item-text-arrow\"><\/div>\n\t\t\t\t\t\t<\/div>\n\t\t\t\t\t<\/a>\n\t\t\t\t\t\t\t\t\t<a href=\"https:\/\/hightechkaunas.com\/da\/hightech-outsourcing\/norge\/\" class=\"news-list-item news-list-item-\">\n\t\t\t\t\t\t<div class=\"news-list-item-image\">\n\t\t\t\t\t\t\t<img loading=\"lazy\" decoding=\"async\" width=\"518\" height=\"300\" src=\"https:\/\/hightechkaunas.com\/wp-content\/uploads\/2024\/10\/pexels-borisk-5683079-518x300.jpg\" class=\"attachment-listpost size-listpost wp-post-image\" alt=\"\" \/>\t\t\t\t\t\t<\/div>\n\t\t\t\t\t\t<div class=\"news-list-item-text\">\n\t\t\t\t\t\t\t<h3>Norge<\/h3>\n\t\t\t\t\t\t\t<p><p>Det norske it-marked er et af de mest avancerede i Europa, og takket v\u00e6re sin erfaring har Hightech Kaunas-klyngen meget at tilbyde landet.<\/p>\n<\/p>\n\t\t\t\t\t\t\t<div class=\"news-list-item-text-arrow\"><\/div>\n\t\t\t\t\t\t<\/div>\n\t\t\t\t\t<\/a>\n\t\t\t\t\t\t\t\t\t<a href=\"https:\/\/hightechkaunas.com\/da\/hightech-outsourcing\/det-forenede-kongerige\/\" class=\"news-list-item news-list-item-\">\n\t\t\t\t\t\t<div class=\"news-list-item-image\">\n\t\t\t\t\t\t\t<img loading=\"lazy\" decoding=\"async\" width=\"518\" height=\"300\" src=\"https:\/\/hightechkaunas.com\/wp-content\/uploads\/2024\/10\/tadas-petrokas-ST8nRuFtjBQ-unsplash-518x300.jpg\" class=\"attachment-listpost size-listpost wp-post-image\" alt=\"\" \/>\t\t\t\t\t\t<\/div>\n\t\t\t\t\t\t<div class=\"news-list-item-text\">\n\t\t\t\t\t\t\t<h3>Det Forenede Kongerige<\/h3>\n\t\t\t\t\t\t\t<p><p>Hvorfor er Hightech Kaunas det rigtige for britiske kunder?<\/p>\n<\/p>\n\t\t\t\t\t\t\t<div class=\"news-list-item-text-arrow\"><\/div>\n\t\t\t\t\t\t<\/div>\n\t\t\t\t\t<\/a>\n\t\t\t\t\t\t\t\t\t<a href=\"https:\/\/hightechkaunas.com\/da\/hightech-outsourcing\/de-forenede-stater-i-amerika\/\" class=\"news-list-item news-list-item-\">\n\t\t\t\t\t\t<div class=\"news-list-item-image\">\n\t\t\t\t\t\t\t<img loading=\"lazy\" decoding=\"async\" width=\"518\" height=\"300\" src=\"https:\/\/hightechkaunas.com\/wp-content\/uploads\/2024\/10\/adrian-newell-Itn-olYoPAg-unsplash-518x300.jpg\" class=\"attachment-listpost size-listpost wp-post-image\" alt=\"\" \/>\t\t\t\t\t\t<\/div>\n\t\t\t\t\t\t<div class=\"news-list-item-text\">\n\t\t\t\t\t\t\t<h3>DE FORENEDE STATER I AMERIKA<\/h3>\n\t\t\t\t\t\t\t<p><p>Hvorfor skal en amerikansk it-kunde v\u00e6lge at arbejde med Hightech Kaunas?<\/p>\n<\/p>\n\t\t\t\t\t\t\t<div class=\"news-list-item-text-arrow\"><\/div>\n\t\t\t\t\t\t<\/div>\n\t\t\t\t\t<\/a>\n\t\t\t\t\t\t\t\t\t<a href=\"https:\/\/hightechkaunas.com\/da\/hightech-outsourcing\/irland\/\" class=\"news-list-item news-list-item-\">\n\t\t\t\t\t\t<div class=\"news-list-item-image\">\n\t\t\t\t\t\t\t<img loading=\"lazy\" decoding=\"async\" width=\"518\" height=\"300\" src=\"https:\/\/hightechkaunas.com\/wp-content\/uploads\/2024\/10\/pexels-lucianphotography-3566187-518x300.jpg\" class=\"attachment-listpost size-listpost wp-post-image\" alt=\"\" \/>\t\t\t\t\t\t<\/div>\n\t\t\t\t\t\t<div class=\"news-list-item-text\">\n\t\t\t\t\t\t\t<h3>Irland<\/h3>\n\t\t\t\t\t\t\t<p><p>Oplev dine IT-l\u00f8sninger med HighTech Kaunas: en betroet partner i Irland<\/p>\n<\/p>\n\t\t\t\t\t\t\t<div class=\"news-list-item-text-arrow\"><\/div>\n\t\t\t\t\t\t<\/div>\n\t\t\t\t\t<\/a>\n\t\t\t\t\t\t\t<\/div>\n\t\t\t<\/div>\n<\/section>","protected":false},"excerpt":{"rendered":"","protected":false},"author":1,"featured_media":0,"parent":0,"menu_order":0,"comment_status":"closed","ping_status":"closed","template":"","meta":{"_acf_changed":false,"inline_featured_image":false,"footnotes":""},"class_list":["post-1320","page","type-page","status-publish","hentry"],"acf":[],"yoast_head":"<!-- This site is optimized with the Yoast SEO plugin v26.2 - https:\/\/yoast.com\/wordpress\/plugins\/seo\/ -->\n<title>Hightech outsourcing - Hightechkaunas.com<\/title>\n<meta name=\"robots\" content=\"index, follow, max-snippet:-1, max-image-preview:large, max-video-preview:-1\" \/>\n<link rel=\"canonical\" href=\"https:\/\/hightechkaunas.com\/da\/hightech-outsourcing\/\" \/>\n<meta property=\"og:locale\" content=\"da_DK\" \/>\n<meta property=\"og:type\" content=\"article\" \/>\n<meta property=\"og:title\" content=\"Hightech outsourcing - Hightechkaunas.com\" \/>\n<meta property=\"og:url\" content=\"https:\/\/hightechkaunas.com\/da\/hightech-outsourcing\/\" \/>\n<meta property=\"og:site_name\" content=\"Hightechkaunas.com\" \/>\n<meta property=\"article:modified_time\" content=\"2024-10-30T14:33:55+00:00\" \/>\n<meta name=\"twitter:card\" content=\"summary_large_image\" \/>\n<script type=\"application\/ld+json\" class=\"yoast-schema-graph\">{\"@context\":\"https:\/\/schema.org\",\"@graph\":[{\"@type\":\"WebPage\",\"@id\":\"https:\/\/hightechkaunas.com\/da\/hightech-outsourcing\/\",\"url\":\"https:\/\/hightechkaunas.com\/da\/hightech-outsourcing\/\",\"name\":\"Hightech outsourcing - Hightechkaunas.com\",\"isPartOf\":{\"@id\":\"https:\/\/hightechkaunas.com\/#website\"},\"datePublished\":\"2024-10-30T07:28:26+00:00\",\"dateModified\":\"2024-10-30T14:33:55+00:00\",\"breadcrumb\":{\"@id\":\"https:\/\/hightechkaunas.com\/da\/hightech-outsourcing\/#breadcrumb\"},\"inLanguage\":\"da-DK\",\"potentialAction\":[{\"@type\":\"ReadAction\",\"target\":[\"https:\/\/hightechkaunas.com\/da\/hightech-outsourcing\/\"]}]},{\"@type\":\"BreadcrumbList\",\"@id\":\"https:\/\/hightechkaunas.com\/da\/hightech-outsourcing\/#breadcrumb\",\"itemListElement\":[{\"@type\":\"ListItem\",\"position\":1,\"name\":\"Home\",\"item\":\"https:\/\/hightechkaunas.com\/da\/\"},{\"@type\":\"ListItem\",\"position\":2,\"name\":\"Hightech outsourcing\"}]},{\"@type\":\"WebSite\",\"@id\":\"https:\/\/hightechkaunas.com\/#website\",\"url\":\"https:\/\/hightechkaunas.com\/\",\"name\":\"Hightechkaunas.com\",\"description\":\"\",\"potentialAction\":[{\"@type\":\"SearchAction\",\"target\":{\"@type\":\"EntryPoint\",\"urlTemplate\":\"https:\/\/hightechkaunas.com\/?s={search_term_string}\"},\"query-input\":{\"@type\":\"PropertyValueSpecification\",\"valueRequired\":true,\"valueName\":\"search_term_string\"}}],\"inLanguage\":\"da-DK\"}]}<\/script>\n<!-- \/ Yoast SEO plugin. -->","yoast_head_json":{"title":"Hightech outsourcing - Hightechkaunas.com","robots":{"index":"index","follow":"follow","max-snippet":"max-snippet:-1","max-image-preview":"max-image-preview:large","max-video-preview":"max-video-preview:-1"},"canonical":"https:\/\/hightechkaunas.com\/da\/hightech-outsourcing\/","og_locale":"da_DK","og_type":"article","og_title":"Hightech outsourcing - Hightechkaunas.com","og_url":"https:\/\/hightechkaunas.com\/da\/hightech-outsourcing\/","og_site_name":"Hightechkaunas.com","article_modified_time":"2024-10-30T14:33:55+00:00","twitter_card":"summary_large_image","schema":{"@context":"https:\/\/schema.org","@graph":[{"@type":"WebPage","@id":"https:\/\/hightechkaunas.com\/da\/hightech-outsourcing\/","url":"https:\/\/hightechkaunas.com\/da\/hightech-outsourcing\/","name":"Hightech outsourcing - Hightechkaunas.com","isPartOf":{"@id":"https:\/\/hightechkaunas.com\/#website"},"datePublished":"2024-10-30T07:28:26+00:00","dateModified":"2024-10-30T14:33:55+00:00","breadcrumb":{"@id":"https:\/\/hightechkaunas.com\/da\/hightech-outsourcing\/#breadcrumb"},"inLanguage":"da-DK","potentialAction":[{"@type":"ReadAction","target":["https:\/\/hightechkaunas.com\/da\/hightech-outsourcing\/"]}]},{"@type":"BreadcrumbList","@id":"https:\/\/hightechkaunas.com\/da\/hightech-outsourcing\/#breadcrumb","itemListElement":[{"@type":"ListItem","position":1,"name":"Home","item":"https:\/\/hightechkaunas.com\/da\/"},{"@type":"ListItem","position":2,"name":"Hightech outsourcing"}]},{"@type":"WebSite","@id":"https:\/\/hightechkaunas.com\/#website","url":"https:\/\/hightechkaunas.com\/","name":"Hightechkaunas.com","description":"","potentialAction":[{"@type":"SearchAction","target":{"@type":"EntryPoint","urlTemplate":"https:\/\/hightechkaunas.com\/?s={search_term_string}"},"query-input":{"@type":"PropertyValueSpecification","valueRequired":true,"valueName":"search_term_string"}}],"inLanguage":"da-DK"}]}},"_links":{"self":[{"href":"https:\/\/hightechkaunas.com\/da\/wp-json\/wp\/v2\/pages\/1320","targetHints":{"allow":["GET"]}}],"collection":[{"href":"https:\/\/hightechkaunas.com\/da\/wp-json\/wp\/v2\/pages"}],"about":[{"href":"https:\/\/hightechkaunas.com\/da\/wp-json\/wp\/v2\/types\/page"}],"author":[{"embeddable":true,"href":"https:\/\/hightechkaunas.com\/da\/wp-json\/wp\/v2\/users\/1"}],"replies":[{"embeddable":true,"href":"https:\/\/hightechkaunas.com\/da\/wp-json\/wp\/v2\/comments?post=1320"}],"version-history":[{"count":1,"href":"https:\/\/hightechkaunas.com\/da\/wp-json\/wp\/v2\/pages\/1320\/revisions"}],"predecessor-version":[{"id":1609,"href":"https:\/\/hightechkaunas.com\/da\/wp-json\/wp\/v2\/pages\/1320\/revisions\/1609"}],"wp:attachment":[{"href":"https:\/\/hightechkaunas.com\/da\/wp-json\/wp\/v2\/media?parent=1320"}],"curies":[{"name":"wp","href":"https:\/\/api.w.org\/{rel}","templated":true}]}}