{"id":1310,"date":"2024-10-30T09:28:36","date_gmt":"2024-10-30T09:28:36","guid":{"rendered":"https:\/\/hightechkaunas.com\/jav\/"},"modified":"2024-11-24T11:11:12","modified_gmt":"2024-11-24T11:11:12","slug":"de-forenede-stater-i-amerika","status":"publish","type":"page","link":"https:\/\/hightechkaunas.com\/da\/hightech-outsourcing\/de-forenede-stater-i-amerika\/","title":{"rendered":"DE FORENEDE STATER I AMERIKA"},"content":{"rendered":"\r\n\r\n<section id=\"header-block\" class=\"header-block\">\r\n    <div class=\"header-block-texts\">\r\n                    <h1>DE FORENEDE STATER I AMERIKA<\/h1>\r\n            <\/div>\r\n        <style>\r\n        .header-block {\r\n            background: url('https:\/\/hightechkaunas.com\/wp-content\/uploads\/2024\/10\/adrian-newell-Itn-olYoPAg-unsplash-scaled.jpg') no-repeat center center;\r\n            background-size: cover;\r\n        }\r\n    <\/style>\r\n<\/section>\r\n\r\n\r\n\n\n\n\n\n\n<section id=\"services-text\" class=\"services-text web-section title-text\">\n\t<div class=\"container-fluid\">\n\t\t\t\t\t<h2 class=\"main-title\">\n\t\t\t\tHvorfor skal en amerikansk it-kunde v\u00e6lge at arbejde med Hightech Kaunas?\t\t\t<\/h2>\n\t\t\t\t\t<\/div>\n<\/section>\n\n\n\n\n\n\n<section id=\"members\" class=\"members web-section outsourcing-block\">\n\t<div class=\"white-rounded-item\"><\/div>\n\n\t\t<div class=\"imagemember\" style=\"background-image: url('https:\/\/hightechkaunas.com\/wp-content\/uploads\/2024\/10\/bill-stephan-ByVB9WNPl2w-unsplash.jpg')\">\n\t\t<div class=\"niceblockmembers\"><img decoding=\"async\" src=\"https:\/\/hightechkaunas.com\/wp-content\/themes\/itbrolis\/images\/membeers-nice-block2.svg\" title=\"services-image\" alt=\"services-image\"><\/div>\n\t<\/div>\n\t<div class=\"container-fluidxxx\">\n\t\t<div class=\"members-in\">\n\n\t\t\t<div class=\"members-texts\">\n\t\t\t\t\t\t\t\t\t<h2 class=\"main-title\">1. Konkurrenceevne p\u00e5 det globale marked<\/h2>\n\t\t\t\t\n\t\t\t\t\n\t\t\t\t\t\t\t\t\t<div class=\"main__text main__text-top-pd\"><p>Den amerikanske it-sektor er en af de mest konkurrencedygtige og dynamiske i verden, og den kr\u00e6ver hurtig tilpasning til nye teknologier, overlegen service og effektiv projektstyring. <strong>Hightech Kaunas<\/strong> tilbyder pr\u00e6cis det, amerikanske IT-kunder har brug for &#8211; en pakke med innovative l\u00f8sninger til en overkommelig pris. <strong>Klyngevirksomheder<\/strong> kan tilbyde omkostningseffektivitet, s\u00e5 amerikanske virksomheder kan reducere omkostningerne til softwareudvikling, vedligeholdelse eller implementering uden at g\u00e5 p\u00e5 kompromis med kvaliteten. P\u00e5 grund af de lavere driftsomkostninger i Litauen er Hightech Kaunas i stand til at tilbyde konkurrencedygtige priser og samtidig opretholde et h\u00f8jt serviceniveau, der kan sammenlignes med f\u00f8rende amerikanske serviceudbydere.<\/p>\n<\/div>\n\t\t\t\t\t\t\t<\/div>\n\t\t<\/div>\n\t<\/div>\n<\/section>\n\n\n\n\n\n<section id=\"members\" class=\"members web-section outsourcing-block\">\n\t<div class=\"white-rounded-item\"><\/div>\n\n\t\t<div class=\"imagemember\" style=\"background-image: url('https:\/\/hightechkaunas.com\/wp-content\/uploads\/2024\/10\/sierra-bell-VR0W2vYVEMk-unsplash-scaled.jpg')\">\n\t\t<div class=\"niceblockmembers\"><img decoding=\"async\" src=\"https:\/\/hightechkaunas.com\/wp-content\/themes\/itbrolis\/images\/membeers-nice-block2.svg\" title=\"services-image\" alt=\"services-image\"><\/div>\n\t<\/div>\n\t<div class=\"container-fluidxxx\">\n\t\t<div class=\"members-in\">\n\n\t\t\t<div class=\"members-texts\">\n\t\t\t\t\t\t\t\t\t<h2 class=\"main-title\">2. Talent og kompetencer af h\u00f8j kvalitet<\/h2>\n\t\t\t\t\n\t\t\t\t\n\t\t\t\t\t\t\t\t\t<div class=\"main__text main__text-top-pd\"><p>Litauen, og is\u00e6r <strong>Kaunas<\/strong>, er ved at blive et af de vigtigste knudepunkter for IT-talenter i Europa. Landet er ogs\u00e5 unikt i sin evne til at tilpasse sig s\u00e5 hurtigt som muligt til dynamiske markeds\u00e6ndringer og -behov. Klyngens medlemmer har en bred vifte af f\u00e6rdigheder inden for softwareudvikling, cloud computing, kunstig intelligens (AI) og dataanalyse. Det er vigtigt for amerikanske virksomheder at modtage tjenester leveret af erfarne fagfolk med de rette teknologiske f\u00e6rdigheder, kompetencer og innovationsorientering, og det kan <strong>Hightech Kaunas<\/strong> levere. <strong>Litauiske it-professionelle er kendt verden over for deres st\u00e6rke matematiske og tekniske baggrund<\/strong>, deres evne til at l\u00f8se komplekse udfordringer og udvikle innovative l\u00f8sninger.<\/p>\n<\/div>\n\t\t\t\t\t\t\t<\/div>\n\t\t<\/div>\n\t<\/div>\n<\/section>\n\n\n\n\n\n<section id=\"members\" class=\"members web-section outsourcing-block\">\n\t<div class=\"white-rounded-item\"><\/div>\n\n\t\t<div class=\"imagemember\" style=\"background-image: url('https:\/\/hightechkaunas.com\/wp-content\/uploads\/2024\/10\/aiden-u-aCSil_nZx2k-unsplash-scaled.jpg')\">\n\t\t<div class=\"niceblockmembers\"><img decoding=\"async\" src=\"https:\/\/hightechkaunas.com\/wp-content\/themes\/itbrolis\/images\/membeers-nice-block2.svg\" title=\"services-image\" alt=\"services-image\"><\/div>\n\t<\/div>\n\t<div class=\"container-fluidxxx\">\n\t\t<div class=\"members-in\">\n\n\t\t\t<div class=\"members-texts\">\n\t\t\t\t\t\t\t\t\t<h2 class=\"main-title\">3. En betroet partner til digital transformation<\/h2>\n\t\t\t\t\n\t\t\t\t\n\t\t\t\t\t\t\t\t\t<div class=\"main__text main__text-top-pd\"><p>Rettidig digital transformation er en vigtig forretningsprioritet for amerikanske virksomheder. Virksomhederne str\u00e6ber efter at modernisere deres systemer, implementere automatiseringsl\u00f8sninger og l\u00f8bende styrke deres digitale tilstedev\u00e6relse p\u00e5 det globale marked. Hightech Kaunas har <strong>specialiseret sig i digital transformation<\/strong> og tilbyder avancerede it-l\u00f8sninger, der er skr\u00e6ddersyet til kundernes specifikke behov. Klyngens teams arbejder med de nyeste teknologier, herunder kunstig intelligens, maskinl\u00e6ring, blockchain-l\u00f8sninger og cybersikkerhed.<\/p>\n<\/div>\n\t\t\t\t\t\t\t<\/div>\n\t\t<\/div>\n\t<\/div>\n<\/section>\n\n\n\n\n\n<section id=\"members\" class=\"members web-section outsourcing-block\">\n\t<div class=\"white-rounded-item\"><\/div>\n\n\t\t<div class=\"imagemember\" style=\"background-image: url('https:\/\/hightechkaunas.com\/wp-content\/uploads\/2024\/10\/anvesh-uppunuthula-VMwl7U2qeNg-unsplash-scaled.jpg')\">\n\t\t<div class=\"niceblockmembers\"><img decoding=\"async\" src=\"https:\/\/hightechkaunas.com\/wp-content\/themes\/itbrolis\/images\/membeers-nice-block2.svg\" title=\"services-image\" alt=\"services-image\"><\/div>\n\t<\/div>\n\t<div class=\"container-fluidxxx\">\n\t\t<div class=\"members-in\">\n\n\t\t\t<div class=\"members-texts\">\n\t\t\t\t\t\t\t\t\t<h2 class=\"main-title\">4. Fleksibilitet og hurtig reaktion<\/h2>\n\t\t\t\t\n\t\t\t\t\n\t\t\t\t\t\t\t\t\t<div class=\"main__text main__text-top-pd\"><p>En af de st\u00f8rste udfordringer for amerikanske kunder, n\u00e5r de arbejder med globale partnere, er manglen p\u00e5 fleksibilitet. <strong>H\u00f8jteknologiske virksomheder i Kaunas<\/strong> er sm\u00e5 og mellemstore, hvilket giver dem mulighed for at reagere hurtigt p\u00e5 \u00e6ndringer og tilpasse sig specifikke ordrer. Det betyder, at der kan foretages n\u00f8dvendige \u00e6ndringer i l\u00f8bet af et projekt, samtidig med at der opretholdes en effektiv kommunikation og et t\u00e6t samarbejde. <strong>Sm\u00e5 og mellemstore litauiske it-partnere kan sikre en personlig tilgang til hver enkelt kunde<\/strong> og tilbyde l\u00f8sninger, der pr\u00e6cist matcher deres behov.<\/p>\n<\/div>\n\t\t\t\t\t\t\t<\/div>\n\t\t<\/div>\n\t<\/div>\n<\/section>\n\n\n\n\n\n<section id=\"members\" class=\"members web-section outsourcing-block\">\n\t<div class=\"white-rounded-item\"><\/div>\n\n\t\t<div class=\"imagemember\" style=\"background-image: url('https:\/\/hightechkaunas.com\/wp-content\/uploads\/2024\/10\/kelvin-zyteng-LMq-rTluKfQ-unsplash-scaled.jpg')\">\n\t\t<div class=\"niceblockmembers\"><img decoding=\"async\" src=\"https:\/\/hightechkaunas.com\/wp-content\/themes\/itbrolis\/images\/membeers-nice-block2.svg\" title=\"services-image\" alt=\"services-image\"><\/div>\n\t<\/div>\n\t<div class=\"container-fluidxxx\">\n\t\t<div class=\"members-in\">\n\n\t\t\t<div class=\"members-texts\">\n\t\t\t\t\t\t\t\t\t<h2 class=\"main-title\">5. Avancerede programmerings- og teknologil\u00f8sninger<\/h2>\n\t\t\t\t\n\t\t\t\t\n\t\t\t\t\t\t\t\t\t<div class=\"main__text main__text-top-pd\"><p>Litauen og Kaunas er kendt som innovationscentre, hvor forskellige teknologiske \u00f8kosystemer trives. Fra fintech til AI kan Hightech Kaunas-klyngen tilbyde en bred vifte af l\u00f8sninger, der kan hj\u00e6lpe amerikanske virksomheder med at realisere deres ambiti\u00f8se projekter. <strong>Programmeringssprog som Python, Java, C++, .NET og andre avancerede v\u00e6rkt\u00f8jer bruges aktivt af Hightech Kaunas&#8217; eksperter til at give kunderne moderne<\/strong>, skalerbare og sikre l\u00f8sninger.<\/p>\n<\/div>\n\t\t\t\t\t\t\t<\/div>\n\t\t<\/div>\n\t<\/div>\n<\/section>\n\n\n\n\n\n<section id=\"members\" class=\"members web-section outsourcing-block\">\n\t<div class=\"white-rounded-item\"><\/div>\n\n\t\t<div class=\"imagemember\" style=\"background-image: url('https:\/\/hightechkaunas.com\/wp-content\/uploads\/2024\/10\/magco-togges-_Rx2BD-EMc8-unsplash-scaled.jpg')\">\n\t\t<div class=\"niceblockmembers\"><img decoding=\"async\" src=\"https:\/\/hightechkaunas.com\/wp-content\/themes\/itbrolis\/images\/membeers-nice-block2.svg\" title=\"services-image\" alt=\"services-image\"><\/div>\n\t<\/div>\n\t<div class=\"container-fluidxxx\">\n\t\t<div class=\"members-in\">\n\n\t\t\t<div class=\"members-texts\">\n\t\t\t\t\t\t\t\t\t<h2 class=\"main-title\">6. Cybersikkerhed &#8211; et kritisk omr\u00e5de for amerikanske virksomheder<\/h2>\n\t\t\t\t\n\t\t\t\t\n\t\t\t\t\t\t\t\t\t<div class=\"main__text main__text-top-pd\"><p>Cybersikkerhed er et vigtigt fokusomr\u00e5de for amerikanske virksomheder. <strong>Hightech Kaunas<\/strong> &#8216; teams har dyb ekspertise inden for cybersikkerhed, herunder risikostyring, beskyttelse af IT-infrastruktur mod trusler, datasikkerhedsl\u00f8sninger og andre vigtige aspekter. For det amerikanske marked, som konstant uds\u00e6ttes for nye cybertrusler, kan et samarbejde med Hightech Kaunas v\u00e6re en fordelagtig l\u00f8sning til at undg\u00e5 sikkerhedsproblemer og minimere potentielle \u00f8konomiske skader.<\/p>\n<p>Det er vigtigt at bem\u00e6rke, at Litauen har v\u00e6ret blandt verdens f\u00f8rende lande inden for cybersikkerhed i de sidste par \u00e5r if\u00f8lge GCI (<strong>Global Cybersecurity Index<\/strong>) og blev rangeret som nr. 2 i 2023.<\/p>\n<\/div>\n\t\t\t\t\t\t\t<\/div>\n\t\t<\/div>\n\t<\/div>\n<\/section>\n\n\n\n\n\n<section id=\"members\" class=\"members web-section outsourcing-block\">\n\t<div class=\"white-rounded-item\"><\/div>\n\n\t\t<div class=\"imagemember\" style=\"background-image: url('https:\/\/hightechkaunas.com\/wp-content\/uploads\/2024\/10\/adrian-newell-p2sKP6AJfc0-unsplash-scaled.jpg')\">\n\t\t<div class=\"niceblockmembers\"><img decoding=\"async\" src=\"https:\/\/hightechkaunas.com\/wp-content\/themes\/itbrolis\/images\/membeers-nice-block2.svg\" title=\"services-image\" alt=\"services-image\"><\/div>\n\t<\/div>\n\t<div class=\"container-fluidxxx\">\n\t\t<div class=\"members-in\">\n\n\t\t\t<div class=\"members-texts\">\n\t\t\t\t\t\t\t\t\t<h2 class=\"main-title\">7. \u00d8get teknologisk fleksibilitet<\/h2>\n\t\t\t\t\n\t\t\t\t\n\t\t\t\t\t\t\t\t\t<div class=\"main__text main__text-top-pd\"><p>Adgang til en bred vifte af teknologispecialister er vigtig for amerikanske kunder. <strong>Hightech Kaunas-klyngen<\/strong> tilbyder en mangfoldig portef\u00f8lje af IT-ydelser &#8211; fra <strong>Java, Python, .NET<\/strong> og andre teknologier til cybersikkerhed og cloud-l\u00f8sninger <strong>.<\/strong> Fordelen ved outsourcing er, at kunden kan f\u00e5 pr\u00e6cis det, de har brug for, uden at v\u00e6re bundet til en teknologisk begr\u00e6nset partner. Det g\u00f8r det nemt at integrere forskellige platforme og systemer for at opfylde specifikke forretningsbehov.<\/p>\n<\/div>\n\t\t\t\t\t\t\t<\/div>\n\t\t<\/div>\n\t<\/div>\n<\/section>\n\n\n\n\n\n\n\n<section id=\"services-text\" class=\"services-text web-section title-text\">\n\t<div class=\"container-fluid\">\n\t\t\t\t\t<h2 class=\"main-title\">\n\t\t\t\tHvorfor v\u00e6lge Hightech Kaunas?\t\t\t<\/h2>\n\t\t\t\t\t\t\t<div class=\"subtitle-text\">\n\t\t\t\t<p><strong>Hightech Kaunas<\/strong> er ikke kun en p\u00e5lidelig IT-serviceudbyder, men ogs\u00e5 en strategisk partner, der kan hj\u00e6lpe amerikanske virksomheder med at n\u00e5 nye v\u00e6kstm\u00e5l. Tjenester af h\u00f8jeste kvalitet, overkommelige priser, innovative l\u00f8sninger, hastighed og fleksibilitet &#8211; det er de vigtigste fordele, som Hightech Kaunas-klyngen kan tilbyde.<\/p>\n\t\t\t<\/div>\n\t\t\t<\/div>\n<\/section>\n\n\n\n\n\n\n\n\n\n<section id=\"cta\" class=\"cta web-section\">\n\t<div class=\"container-fluid\">\n\t\t<div class=\"cta-block\">\n\t\t\t<div class=\"cta-block__overlay\"><\/div>\n\t\t\t\t\t\t\t<img loading=\"lazy\" decoding=\"async\" width=\"1366\" height=\"850\" src=\"https:\/\/hightechkaunas.com\/wp-content\/uploads\/2024\/09\/services-4.jpg\" class=\"attachment-full size-full\" alt=\"\" srcset=\"https:\/\/hightechkaunas.com\/wp-content\/uploads\/2024\/09\/services-4.jpg 1366w, https:\/\/hightechkaunas.com\/wp-content\/uploads\/2024\/09\/services-4-300x187.jpg 300w, https:\/\/hightechkaunas.com\/wp-content\/uploads\/2024\/09\/services-4-1024x637.jpg 1024w, https:\/\/hightechkaunas.com\/wp-content\/uploads\/2024\/09\/services-4-768x478.jpg 768w\" sizes=\"auto, (max-width: 1366px) 100vw, 1366px\" \/>\t\t\t\t\t\t\t\t\t\t<h3 class=\"cta__title\"><strong>Kontakt os<\/strong> nu for at finde ud af, hvordan vi kan hj\u00e6lpe din virksomhed med at n\u00e5 sine mest ambiti\u00f8se projekter.<\/h3>\n\t\t\t\t\t\t\t\t\t\t<a class=\"button-blue\" href=\"https:\/\/hightechkaunas.com\/da\/contacts\/\"\n\t\t\t\t   target=\"_self\">\n\t\t\t\t\tKontakt os\t\t\t\t<\/a>\n\t\t\t\t\t<\/div>\n\t<\/div>\n<\/section>\n\n\n\n\n\n<section id=\"services-text\" class=\"services-text web-section title-text\">\n\t<div class=\"container-fluid\">\n\t\t\t\t\t<h2 class=\"main-title\">\n\t\t\t\tVores priser\t\t\t<\/h2>\n\t\t\t\t\t\t\t<div class=\"subtitle-text\">\n\t\t\t\t<table class=\"table table-responsive\">\n<tbody>\n<tr>\n<td width=\"120\">Position \\ Anciennitet<\/td>\n<td width=\"120\">Junior<\/td>\n<td width=\"120\">Mid<\/td>\n<td width=\"120\">Senior<\/td>\n<\/tr>\n<tr>\n<td width=\"120\">Forretningsanalytiker<\/td>\n<td width=\"120\">30<\/td>\n<td width=\"120\">50<\/td>\n<td width=\"120\">70<\/td>\n<\/tr>\n<tr>\n<td width=\"120\">Projektleder<\/td>\n<td width=\"120\">25<\/td>\n<td width=\"120\">40<\/td>\n<td width=\"120\">60<\/td>\n<\/tr>\n<tr>\n<td width=\"120\">Designer<\/td>\n<td width=\"120\">25<\/td>\n<td width=\"120\">40<\/td>\n<td width=\"120\">60<\/td>\n<\/tr>\n<tr>\n<td width=\"120\">Systemarkitekt<\/td>\n<td width=\"120\">40<\/td>\n<td width=\"120\">60<\/td>\n<td width=\"120\">80<\/td>\n<\/tr>\n<tr>\n<td width=\"120\">Front-end udvikler<\/td>\n<td width=\"120\">30<\/td>\n<td width=\"120\">45<\/td>\n<td width=\"120\">60<\/td>\n<\/tr>\n<tr>\n<td width=\"120\">Backend-udvikler<\/td>\n<td width=\"120\">35<\/td>\n<td width=\"120\">55<\/td>\n<td width=\"120\">65<\/td>\n<\/tr>\n<tr>\n<td width=\"120\">Tester<\/td>\n<td width=\"120\">30<\/td>\n<td width=\"120\">50<\/td>\n<td width=\"120\">65<\/td>\n<\/tr>\n<tr>\n<td width=\"120\">Devops<\/td>\n<td width=\"120\">40<\/td>\n<td width=\"120\">50<\/td>\n<td width=\"120\">70<\/td>\n<\/tr>\n<\/tbody>\n<\/table>\n\t\t\t<\/div>\n\t\t\t<\/div>\n<\/section>\n\n\n\n\n\n<section class=\"wp-block-group\"><div class=\"wp-block-group__inner-container is-layout-constrained wp-block-group-is-layout-constrained\">\n<div style=\"height:50px\" aria-hidden=\"true\" class=\"wp-block-spacer\"><\/div>\n<\/div><\/section>\n","protected":false},"excerpt":{"rendered":"<p>Hvorfor skal en amerikansk it-kunde v\u00e6lge at arbejde med Hightech Kaunas?<\/p>\n","protected":false},"author":1,"featured_media":1050,"parent":1320,"menu_order":0,"comment_status":"closed","ping_status":"closed","template":"","meta":{"_acf_changed":false,"inline_featured_image":false,"footnotes":""},"class_list":["post-1310","page","type-page","status-publish","has-post-thumbnail","hentry"],"acf":[],"yoast_head":"<!-- This site is optimized with the Yoast SEO plugin v26.2 - https:\/\/yoast.com\/wordpress\/plugins\/seo\/ -->\n<title>DE FORENEDE STATER I AMERIKA - Hightechkaunas.com<\/title>\n<meta name=\"robots\" content=\"index, follow, max-snippet:-1, max-image-preview:large, max-video-preview:-1\" \/>\n<link rel=\"canonical\" href=\"https:\/\/hightechkaunas.com\/da\/hightech-outsourcing\/de-forenede-stater-i-amerika\/\" \/>\n<meta property=\"og:locale\" content=\"da_DK\" \/>\n<meta property=\"og:type\" content=\"article\" \/>\n<meta property=\"og:title\" content=\"DE FORENEDE STATER I AMERIKA - Hightechkaunas.com\" \/>\n<meta property=\"og:description\" content=\"Hvorfor skal en amerikansk it-kunde v\u00e6lge at arbejde med Hightech Kaunas?\" \/>\n<meta property=\"og:url\" content=\"https:\/\/hightechkaunas.com\/da\/hightech-outsourcing\/de-forenede-stater-i-amerika\/\" \/>\n<meta property=\"og:site_name\" content=\"Hightechkaunas.com\" \/>\n<meta property=\"article:modified_time\" content=\"2024-11-24T11:11:12+00:00\" \/>\n<meta property=\"og:image\" content=\"https:\/\/hightechkaunas.com\/wp-content\/uploads\/2024\/10\/adrian-newell-Itn-olYoPAg-unsplash-scaled.jpg\" \/>\n\t<meta property=\"og:image:width\" content=\"2560\" \/>\n\t<meta property=\"og:image:height\" content=\"1684\" \/>\n\t<meta property=\"og:image:type\" content=\"image\/jpeg\" \/>\n<meta name=\"twitter:card\" content=\"summary_large_image\" \/>\n<meta name=\"twitter:label1\" content=\"Estimeret l\u00e6setid\" \/>\n\t<meta name=\"twitter:data1\" content=\"1 minut\" \/>\n<script type=\"application\/ld+json\" class=\"yoast-schema-graph\">{\"@context\":\"https:\/\/schema.org\",\"@graph\":[{\"@type\":\"WebPage\",\"@id\":\"https:\/\/hightechkaunas.com\/da\/hightech-outsourcing\/de-forenede-stater-i-amerika\/\",\"url\":\"https:\/\/hightechkaunas.com\/da\/hightech-outsourcing\/de-forenede-stater-i-amerika\/\",\"name\":\"DE FORENEDE STATER I AMERIKA - Hightechkaunas.com\",\"isPartOf\":{\"@id\":\"https:\/\/hightechkaunas.com\/#website\"},\"primaryImageOfPage\":{\"@id\":\"https:\/\/hightechkaunas.com\/da\/hightech-outsourcing\/de-forenede-stater-i-amerika\/#primaryimage\"},\"image\":{\"@id\":\"https:\/\/hightechkaunas.com\/da\/hightech-outsourcing\/de-forenede-stater-i-amerika\/#primaryimage\"},\"thumbnailUrl\":\"https:\/\/hightechkaunas.com\/wp-content\/uploads\/2024\/10\/adrian-newell-Itn-olYoPAg-unsplash-scaled.jpg\",\"datePublished\":\"2024-10-30T09:28:36+00:00\",\"dateModified\":\"2024-11-24T11:11:12+00:00\",\"breadcrumb\":{\"@id\":\"https:\/\/hightechkaunas.com\/da\/hightech-outsourcing\/de-forenede-stater-i-amerika\/#breadcrumb\"},\"inLanguage\":\"da-DK\",\"potentialAction\":[{\"@type\":\"ReadAction\",\"target\":[\"https:\/\/hightechkaunas.com\/da\/hightech-outsourcing\/de-forenede-stater-i-amerika\/\"]}]},{\"@type\":\"ImageObject\",\"inLanguage\":\"da-DK\",\"@id\":\"https:\/\/hightechkaunas.com\/da\/hightech-outsourcing\/de-forenede-stater-i-amerika\/#primaryimage\",\"url\":\"https:\/\/hightechkaunas.com\/wp-content\/uploads\/2024\/10\/adrian-newell-Itn-olYoPAg-unsplash-scaled.jpg\",\"contentUrl\":\"https:\/\/hightechkaunas.com\/wp-content\/uploads\/2024\/10\/adrian-newell-Itn-olYoPAg-unsplash-scaled.jpg\",\"width\":2560,\"height\":1684},{\"@type\":\"BreadcrumbList\",\"@id\":\"https:\/\/hightechkaunas.com\/da\/hightech-outsourcing\/de-forenede-stater-i-amerika\/#breadcrumb\",\"itemListElement\":[{\"@type\":\"ListItem\",\"position\":1,\"name\":\"Home\",\"item\":\"https:\/\/hightechkaunas.com\/da\/\"},{\"@type\":\"ListItem\",\"position\":2,\"name\":\"Hightech outsourcing\",\"item\":\"https:\/\/hightechkaunas.com\/da\/hightech-outsourcing\/\"},{\"@type\":\"ListItem\",\"position\":3,\"name\":\"DE FORENEDE STATER I AMERIKA\"}]},{\"@type\":\"WebSite\",\"@id\":\"https:\/\/hightechkaunas.com\/#website\",\"url\":\"https:\/\/hightechkaunas.com\/\",\"name\":\"Hightechkaunas.com\",\"description\":\"\",\"potentialAction\":[{\"@type\":\"SearchAction\",\"target\":{\"@type\":\"EntryPoint\",\"urlTemplate\":\"https:\/\/hightechkaunas.com\/?s={search_term_string}\"},\"query-input\":{\"@type\":\"PropertyValueSpecification\",\"valueRequired\":true,\"valueName\":\"search_term_string\"}}],\"inLanguage\":\"da-DK\"}]}<\/script>\n<!-- \/ Yoast SEO plugin. -->","yoast_head_json":{"title":"DE FORENEDE STATER I AMERIKA - Hightechkaunas.com","robots":{"index":"index","follow":"follow","max-snippet":"max-snippet:-1","max-image-preview":"max-image-preview:large","max-video-preview":"max-video-preview:-1"},"canonical":"https:\/\/hightechkaunas.com\/da\/hightech-outsourcing\/de-forenede-stater-i-amerika\/","og_locale":"da_DK","og_type":"article","og_title":"DE FORENEDE STATER I AMERIKA - Hightechkaunas.com","og_description":"Hvorfor skal en amerikansk it-kunde v\u00e6lge at arbejde med Hightech Kaunas?","og_url":"https:\/\/hightechkaunas.com\/da\/hightech-outsourcing\/de-forenede-stater-i-amerika\/","og_site_name":"Hightechkaunas.com","article_modified_time":"2024-11-24T11:11:12+00:00","og_image":[{"width":2560,"height":1684,"url":"https:\/\/hightechkaunas.com\/wp-content\/uploads\/2024\/10\/adrian-newell-Itn-olYoPAg-unsplash-scaled.jpg","type":"image\/jpeg"}],"twitter_card":"summary_large_image","twitter_misc":{"Estimeret l\u00e6setid":"1 minut"},"schema":{"@context":"https:\/\/schema.org","@graph":[{"@type":"WebPage","@id":"https:\/\/hightechkaunas.com\/da\/hightech-outsourcing\/de-forenede-stater-i-amerika\/","url":"https:\/\/hightechkaunas.com\/da\/hightech-outsourcing\/de-forenede-stater-i-amerika\/","name":"DE FORENEDE STATER I AMERIKA - Hightechkaunas.com","isPartOf":{"@id":"https:\/\/hightechkaunas.com\/#website"},"primaryImageOfPage":{"@id":"https:\/\/hightechkaunas.com\/da\/hightech-outsourcing\/de-forenede-stater-i-amerika\/#primaryimage"},"image":{"@id":"https:\/\/hightechkaunas.com\/da\/hightech-outsourcing\/de-forenede-stater-i-amerika\/#primaryimage"},"thumbnailUrl":"https:\/\/hightechkaunas.com\/wp-content\/uploads\/2024\/10\/adrian-newell-Itn-olYoPAg-unsplash-scaled.jpg","datePublished":"2024-10-30T09:28:36+00:00","dateModified":"2024-11-24T11:11:12+00:00","breadcrumb":{"@id":"https:\/\/hightechkaunas.com\/da\/hightech-outsourcing\/de-forenede-stater-i-amerika\/#breadcrumb"},"inLanguage":"da-DK","potentialAction":[{"@type":"ReadAction","target":["https:\/\/hightechkaunas.com\/da\/hightech-outsourcing\/de-forenede-stater-i-amerika\/"]}]},{"@type":"ImageObject","inLanguage":"da-DK","@id":"https:\/\/hightechkaunas.com\/da\/hightech-outsourcing\/de-forenede-stater-i-amerika\/#primaryimage","url":"https:\/\/hightechkaunas.com\/wp-content\/uploads\/2024\/10\/adrian-newell-Itn-olYoPAg-unsplash-scaled.jpg","contentUrl":"https:\/\/hightechkaunas.com\/wp-content\/uploads\/2024\/10\/adrian-newell-Itn-olYoPAg-unsplash-scaled.jpg","width":2560,"height":1684},{"@type":"BreadcrumbList","@id":"https:\/\/hightechkaunas.com\/da\/hightech-outsourcing\/de-forenede-stater-i-amerika\/#breadcrumb","itemListElement":[{"@type":"ListItem","position":1,"name":"Home","item":"https:\/\/hightechkaunas.com\/da\/"},{"@type":"ListItem","position":2,"name":"Hightech outsourcing","item":"https:\/\/hightechkaunas.com\/da\/hightech-outsourcing\/"},{"@type":"ListItem","position":3,"name":"DE FORENEDE STATER I AMERIKA"}]},{"@type":"WebSite","@id":"https:\/\/hightechkaunas.com\/#website","url":"https:\/\/hightechkaunas.com\/","name":"Hightechkaunas.com","description":"","potentialAction":[{"@type":"SearchAction","target":{"@type":"EntryPoint","urlTemplate":"https:\/\/hightechkaunas.com\/?s={search_term_string}"},"query-input":{"@type":"PropertyValueSpecification","valueRequired":true,"valueName":"search_term_string"}}],"inLanguage":"da-DK"}]}},"_links":{"self":[{"href":"https:\/\/hightechkaunas.com\/da\/wp-json\/wp\/v2\/pages\/1310","targetHints":{"allow":["GET"]}}],"collection":[{"href":"https:\/\/hightechkaunas.com\/da\/wp-json\/wp\/v2\/pages"}],"about":[{"href":"https:\/\/hightechkaunas.com\/da\/wp-json\/wp\/v2\/types\/page"}],"author":[{"embeddable":true,"href":"https:\/\/hightechkaunas.com\/da\/wp-json\/wp\/v2\/users\/1"}],"replies":[{"embeddable":true,"href":"https:\/\/hightechkaunas.com\/da\/wp-json\/wp\/v2\/comments?post=1310"}],"version-history":[{"count":4,"href":"https:\/\/hightechkaunas.com\/da\/wp-json\/wp\/v2\/pages\/1310\/revisions"}],"predecessor-version":[{"id":1861,"href":"https:\/\/hightechkaunas.com\/da\/wp-json\/wp\/v2\/pages\/1310\/revisions\/1861"}],"up":[{"embeddable":true,"href":"https:\/\/hightechkaunas.com\/da\/wp-json\/wp\/v2\/pages\/1320"}],"wp:featuredmedia":[{"embeddable":true,"href":"https:\/\/hightechkaunas.com\/da\/wp-json\/wp\/v2\/media\/1050"}],"wp:attachment":[{"href":"https:\/\/hightechkaunas.com\/da\/wp-json\/wp\/v2\/media?parent=1310"}],"curies":[{"name":"wp","href":"https:\/\/api.w.org\/{rel}","templated":true}]}}