{"id":1305,"date":"2024-10-30T09:43:05","date_gmt":"2024-10-30T09:43:05","guid":{"rendered":"https:\/\/hightechkaunas.com\/jk\/"},"modified":"2024-11-24T11:12:44","modified_gmt":"2024-11-24T11:12:44","slug":"det-forenede-kongerige","status":"publish","type":"page","link":"https:\/\/hightechkaunas.com\/da\/hightech-outsourcing\/det-forenede-kongerige\/","title":{"rendered":"Det Forenede Kongerige"},"content":{"rendered":"\r\n\r\n<section id=\"header-block\" class=\"header-block\">\r\n    <div class=\"header-block-texts\">\r\n                    <h1>Det Forenede Kongerige<\/h1>\r\n            <\/div>\r\n        <style>\r\n        .header-block {\r\n            background: url('https:\/\/hightechkaunas.com\/wp-content\/uploads\/2024\/10\/tadas-petrokas-ST8nRuFtjBQ-unsplash-scaled.jpg') no-repeat center center;\r\n            background-size: cover;\r\n        }\r\n    <\/style>\r\n<\/section>\r\n\r\n\r\n\n\n\n\n\n\n<section id=\"expertise\" class=\"expertise outsourcing-expertise \" style=\"background-image: url('https:\/\/hightechkaunas.com\/wp-content\/uploads\/2024\/10\/marcin-nowak-iXqTqC-f6jI-unsplash-scaled.jpg')\">\n\t<div class=\"container-fluidxxx\">\n\t\t<div class=\"expertise-in\">\n\t\t\t<div class=\"expertise-texts\">\n\t\t\t\t\t\t\t\t\t<h2 class=\"main-title\">1. Tilpasning til britisk virksomhedskultur og -behov<\/h2>\n\t\t\t\t\n\t\t\t\t<div class=\"expertise-wrapper rte\">\n\t\t\t\t\t\t\t\t\t\t\t<p>Den litauiske it-sektor har i \u00e5renes l\u00f8b f\u00e5et stor erfaring med at arbejde sammen med internationale partnere, herunder britiske virksomheder. Et af de vigtigste aspekter af et vellykket samarbejde er evnen til at tilpasse sig den lokale forretningskultur og de specifikke behov. Det britiske forretningsmilj\u00f8 er kendetegnet ved et fokus p\u00e5 kvalitet, overholdelse af deadlines og et h\u00f8jt serviceniveau, og medlemmerne af Hightech Kaunas er klar til at opfylde disse krav. Takket v\u00e6re et t\u00e6t samarbejde med udenlandske partnere og l\u00f8bende l\u00e6ring af global best practice har litauiske virksomheder mulighed for hurtigt og effektivt at tilpasse sig de britiske forretningskarakteristika.<\/p>\n\t\t\t\t\t\t\t\t\t<\/div>\n\t\t\t<\/div>\n\t\t<\/div>\n\t<\/div>\n\n<\/section>\n\n\n\n\n\n\n\n\n<section id=\"expertise\" class=\"expertise outsourcing-expertise \" style=\"background-image: url('https:\/\/hightechkaunas.com\/wp-content\/uploads\/2024\/10\/pexels-dominikagregus-672532-1.jpg')\">\n\t<div class=\"container-fluidxxx\">\n\t\t<div class=\"expertise-in\">\n\t\t\t<div class=\"expertise-texts\">\n\t\t\t\t\t\t\t\t\t<h2 class=\"main-title\">2. H\u00f8j kvalitet og innovative l\u00f8sninger<\/h2>\n\t\t\t\t\n\t\t\t\t<div class=\"expertise-wrapper rte\">\n\t\t\t\t\t\t\t\t\t\t\t<p>Adgang til innovative l\u00f8sninger er afg\u00f8rende for britiske kunder, og Hightech Kaunas er kendt for sin evne til at udvikle moderne og skr\u00e6ddersyede IT-tjenester. Det kan v\u00e6re s\u00e6rligt relevant i sektorer som fintech, healthtech og edtech &#8211; segmenter, hvor britiske virksomheder vokser hurtigt og konstant er p\u00e5 udkig efter teknologiske l\u00f8sninger. Et samarbejde med Hightech Kaunas giver dig mulighed for at drage fordel af specialiserede IT-l\u00f8sninger, der er designet til at forbedre virksomhedens resultater og konkurrenceevne.<\/p>\n\t\t\t\t\t\t\t\t\t<\/div>\n\t\t\t<\/div>\n\t\t<\/div>\n\t<\/div>\n\n<\/section>\n\n\n\n\n\n\n\n\n<section id=\"expertise\" class=\"expertise outsourcing-expertise \" style=\"background-image: url('https:\/\/hightechkaunas.com\/wp-content\/uploads\/2024\/10\/pexels-pixabay-258117-scaled.jpg')\">\n\t<div class=\"container-fluidxxx\">\n\t\t<div class=\"expertise-in\">\n\t\t\t<div class=\"expertise-texts\">\n\t\t\t\t\t\t\t\t\t<h2 class=\"main-title\">3. Teknologipartner i digital transformation<\/h2>\n\t\t\t\t\n\t\t\t\t<div class=\"expertise-wrapper rte\">\n\t\t\t\t\t\t\t\t\t\t\t<p>Britiske virksomheder investerer massivt i digital transformation, hvilket er afg\u00f8rende for at forblive konkurrencedygtig p\u00e5 det globale marked. \u00bbHightech Kaunas kan v\u00e6re en partner i denne proces og hj\u00e6lpe dig med at migrere din virksomhed til cloud-platforme, integrere avancerede systemer med kunstig intelligens, automatisere processer eller optimere din it-infrastruktur. Ved at levere s\u00e5danne tjenester sikrer vi, at britiske virksomheder ikke kun kan tilpasse sig hurtigt til digitale forandringer, men ogs\u00e5 overg\u00e5 deres konkurrenter med teknologi af h\u00f8jeste kvalitet.<\/p>\n\t\t\t\t\t\t\t\t\t<\/div>\n\t\t\t<\/div>\n\t\t<\/div>\n\t<\/div>\n\n<\/section>\n\n\n\n\n\n\n\n\n<section id=\"expertise\" class=\"expertise outsourcing-expertise \" style=\"background-image: url('https:\/\/hightechkaunas.com\/wp-content\/uploads\/2024\/10\/pexels-markusspiske-92632-1-scaled.jpg')\">\n\t<div class=\"container-fluidxxx\">\n\t\t<div class=\"expertise-in\">\n\t\t\t<div class=\"expertise-texts\">\n\t\t\t\t\t\t\t\t\t<h2 class=\"main-title\">4. Omkostningsoptimering uden tab af kvalitet<\/h2>\n\t\t\t\t\n\t\t\t\t<div class=\"expertise-wrapper rte\">\n\t\t\t\t\t\t\t\t\t\t\t<p>En af de st\u00f8rste fordele ved Hightech Kaunas for britiske kunder er muligheden for at f\u00e5 it-services i verdensklasse til en konkurrencedygtig pris. Priserne p\u00e5 programmeringsydelser i Litauen er ofte lavere end i Storbritannien, men kvaliteten af ydelserne er uovertruffen. Det giver britiske virksomheder mulighed for ikke kun at reducere it-omkostningerne, men ogs\u00e5 at investere i strategiske it-l\u00f8sninger, der hj\u00e6lper med at forbedre forretningsprocesser, \u00f8ge sikkerheden eller \u00f8ge effektiviteten.<\/p>\n\t\t\t\t\t\t\t\t\t<\/div>\n\t\t\t<\/div>\n\t\t<\/div>\n\t<\/div>\n\n<\/section>\n\n\n\n\n\n\n\n\n<section id=\"expertise\" class=\"expertise outsourcing-expertise \" style=\"background-image: url('https:\/\/hightechkaunas.com\/wp-content\/uploads\/2024\/10\/pexels-manualman32-726484.jpg')\">\n\t<div class=\"container-fluidxxx\">\n\t\t<div class=\"expertise-in\">\n\t\t\t<div class=\"expertise-texts\">\n\t\t\t\t\t\t\t\t\t<h2 class=\"main-title\">5. Specialiseret ekspertise og fleksibilitet<\/h2>\n\t\t\t\t\n\t\t\t\t<div class=\"expertise-wrapper rte\">\n\t\t\t\t\t\t\t\t\t\t\t<p>&#8220;Virksomhederne i Hightech Kaunas-klyngen har specifik ekspertise inden for mange niche-it-omr\u00e5der, s\u00e5som fintech, eHealth, IoT og cybersikkerhed. Disse sektorer er s\u00e6rligt relevante for det britiske marked, hvor digital innovation og sikkerhedsl\u00f8sninger er en prioritet. Desuden er litauiske it-virksomheder kendt for deres fleksibilitet, hurtige tilpasningsevne til kundernes behov og evne til at tackle komplekse projekter, selv under stramme deadlines.<\/p>\n\t\t\t\t\t\t\t\t\t<\/div>\n\t\t\t<\/div>\n\t\t<\/div>\n\t<\/div>\n\n<\/section>\n\n\n\n\n\n\n\n\n<section id=\"expertise\" class=\"expertise outsourcing-expertise \" style=\"background-image: url('https:\/\/hightechkaunas.com\/wp-content\/uploads\/2024\/10\/pexels-pixabay-280347-scaled.jpg')\">\n\t<div class=\"container-fluidxxx\">\n\t\t<div class=\"expertise-in\">\n\t\t\t<div class=\"expertise-texts\">\n\t\t\t\t\t\t\t\t\t<h2 class=\"main-title\">6. Cybersikkerhedsl\u00f8sninger<\/h2>\n\t\t\t\t\n\t\t\t\t<div class=\"expertise-wrapper rte\">\n\t\t\t\t\t\t\t\t\t\t\t<p>Cybersikkerhed er afg\u00f8rende for britiske virksomheder, is\u00e6r inden for finansiel teknologi og sundhedssektoren. Den litauiske it-sektor har en st\u00e6rk ekspertise p\u00e5 dette omr\u00e5de og leverer b\u00e5de forebyggende og reaktive tjenester. \u00bbHightech Kaunas-klyngen tilbyder exceptionelle l\u00f8sninger p\u00e5 h\u00f8jt niveau, som hj\u00e6lper med at sikre virksomhedernes datasikkerhed og forretningskontinuitet.<\/p>\n\t\t\t\t\t\t\t\t\t<\/div>\n\t\t\t<\/div>\n\t\t<\/div>\n\t<\/div>\n\n<\/section>\n\n\n\n\n\n\n\n\n<section id=\"expertise\" class=\"expertise outsourcing-expertise \" style=\"background-image: url('https:\/\/hightechkaunas.com\/wp-content\/uploads\/2024\/10\/pexels-oltion-bregu-80627-338454-scaled.jpg')\">\n\t<div class=\"container-fluidxxx\">\n\t\t<div class=\"expertise-in\">\n\t\t\t<div class=\"expertise-texts\">\n\t\t\t\t\t\t\t\t\t<h2 class=\"main-title\">7. Tillid og samarbejde p\u00e5 lang sigt<\/h2>\n\t\t\t\t\n\t\t\t\t<div class=\"expertise-wrapper rte\">\n\t\t\t\t\t\t\t\t\t\t\t<p>For britiske kunder er det vigtigt at have en p\u00e5lidelig partner at arbejde sammen med i \u00e5revis, ikke kun i m\u00e5neder. \u00bbHightech Kaunas v\u00e6rds\u00e6tter langsigtede samarbejder og er klar til at blive en p\u00e5lidelig teknologipartner for britiske virksomheder. Ved hele tiden at forbedre sig og str\u00e6be efter de bedste resultater sikrer Hightech Kaunas&#8217; medlemmer et gnidningsl\u00f8st samarbejde, hvilket er s\u00e6rligt vigtigt, n\u00e5r man udvikler langsigtede strategier og store projekter.<\/p>\n\t\t\t\t\t\t\t\t\t<\/div>\n\t\t\t<\/div>\n\t\t<\/div>\n\t<\/div>\n\n<\/section>\n\n\n\n\n\n\n\n\n\n<section id=\"cta\" class=\"cta web-section\">\n\t<div class=\"container-fluid\">\n\t\t<div class=\"cta-block\">\n\t\t\t<div class=\"cta-block__overlay\"><\/div>\n\t\t\t\t\t\t\t<img loading=\"lazy\" decoding=\"async\" width=\"2560\" height=\"1706\" src=\"https:\/\/hightechkaunas.com\/wp-content\/uploads\/2024\/10\/marcin-nowak-iXqTqC-f6jI-unsplash-scaled.jpg\" class=\"attachment-full size-full\" alt=\"\" srcset=\"https:\/\/hightechkaunas.com\/wp-content\/uploads\/2024\/10\/marcin-nowak-iXqTqC-f6jI-unsplash-scaled.jpg 2560w, https:\/\/hightechkaunas.com\/wp-content\/uploads\/2024\/10\/marcin-nowak-iXqTqC-f6jI-unsplash-300x200.jpg 300w, https:\/\/hightechkaunas.com\/wp-content\/uploads\/2024\/10\/marcin-nowak-iXqTqC-f6jI-unsplash-1024x683.jpg 1024w, https:\/\/hightechkaunas.com\/wp-content\/uploads\/2024\/10\/marcin-nowak-iXqTqC-f6jI-unsplash-768x512.jpg 768w, https:\/\/hightechkaunas.com\/wp-content\/uploads\/2024\/10\/marcin-nowak-iXqTqC-f6jI-unsplash-1536x1024.jpg 1536w, https:\/\/hightechkaunas.com\/wp-content\/uploads\/2024\/10\/marcin-nowak-iXqTqC-f6jI-unsplash-2048x1365.jpg 2048w\" sizes=\"auto, (max-width: 2560px) 100vw, 2560px\" \/>\t\t\t\t\t\t\t\t\t\t<h3 class=\"cta__title\">Hvis du er p\u00e5 udkig efter en p\u00e5lidelig, innovativ it-partner af h\u00f8j kvalitet, er Hightech Kaunas det bedste valg for britiske virksomheder. Kontakt os, og lad os starte en diskussion om, hvordan vi kan bidrage til din virksomheds succes.<\/h3>\n\t\t\t\t\t\t\t\t\t\t<a class=\"button-blue\" href=\"https:\/\/hightechkaunas.com\/da\/contacts\/\"\n\t\t\t\t   target=\"_self\">\n\t\t\t\t\tKontakt os\t\t\t\t<\/a>\n\t\t\t\t\t<\/div>\n\t<\/div>\n<\/section>\n\n\n<section class=\"wp-block-group\"><div class=\"wp-block-group__inner-container is-layout-constrained wp-block-group-is-layout-constrained\">\n<div style=\"height:50px\" aria-hidden=\"true\" class=\"wp-block-spacer\"><\/div>\n<\/div><\/section>\n\n\n\n\n\n\n<section id=\"services-text\" class=\"services-text web-section title-text\">\n\t<div class=\"container-fluid\">\n\t\t\t\t\t<h2 class=\"main-title\">\n\t\t\t\tVores priser\t\t\t<\/h2>\n\t\t\t\t\t\t\t<div class=\"subtitle-text\">\n\t\t\t\t<table class=\"table table-responsive\">\n<tbody>\n<tr>\n<td width=\"120\">Position \\ Anciennitet<\/td>\n<td width=\"120\">Junior<\/td>\n<td width=\"120\">Mid<\/td>\n<td width=\"120\">Senior<\/td>\n<\/tr>\n<tr>\n<td width=\"120\">Forretningsanalytiker<\/td>\n<td width=\"120\">35<\/td>\n<td width=\"120\">60<\/td>\n<td width=\"120\">70<\/td>\n<\/tr>\n<tr>\n<td width=\"120\">Projektleder<\/td>\n<td width=\"120\">30<\/td>\n<td width=\"120\">40<\/td>\n<td width=\"120\">55<\/td>\n<\/tr>\n<tr>\n<td width=\"120\">Designer<\/td>\n<td width=\"120\">25<\/td>\n<td width=\"120\">45<\/td>\n<td width=\"120\">60<\/td>\n<\/tr>\n<tr>\n<td width=\"120\">Systemarkitekt<\/td>\n<td width=\"120\">45<\/td>\n<td width=\"120\">65<\/td>\n<td width=\"120\">75<\/td>\n<\/tr>\n<tr>\n<td width=\"120\">Front-end udvikler<\/td>\n<td width=\"120\">35<\/td>\n<td width=\"120\">45<\/td>\n<td width=\"120\">65<\/td>\n<\/tr>\n<tr>\n<td width=\"120\">Backend-udvikler<\/td>\n<td width=\"120\">30<\/td>\n<td width=\"120\">55<\/td>\n<td width=\"120\">65<\/td>\n<\/tr>\n<tr>\n<td width=\"120\">Tester<\/td>\n<td width=\"120\">35<\/td>\n<td width=\"120\">50<\/td>\n<td width=\"120\">60<\/td>\n<\/tr>\n<tr>\n<td width=\"120\">Devops<\/td>\n<td width=\"120\">40<\/td>\n<td width=\"120\">50<\/td>\n<td width=\"120\">70<\/td>\n<\/tr>\n<\/tbody>\n<\/table>\n\t\t\t<\/div>\n\t\t\t<\/div>\n<\/section>\n\n\n","protected":false},"excerpt":{"rendered":"<p>Hvorfor er Hightech Kaunas det rigtige for britiske kunder?<\/p>\n","protected":false},"author":1,"featured_media":1090,"parent":1320,"menu_order":0,"comment_status":"closed","ping_status":"closed","template":"","meta":{"_acf_changed":false,"inline_featured_image":false,"footnotes":""},"class_list":["post-1305","page","type-page","status-publish","has-post-thumbnail","hentry"],"acf":[],"yoast_head":"<!-- This site is optimized with the Yoast SEO plugin v26.2 - https:\/\/yoast.com\/wordpress\/plugins\/seo\/ -->\n<title>Det Forenede Kongerige - Hightechkaunas.com<\/title>\n<meta name=\"robots\" content=\"index, follow, max-snippet:-1, max-image-preview:large, max-video-preview:-1\" \/>\n<link rel=\"canonical\" href=\"https:\/\/hightechkaunas.com\/da\/hightech-outsourcing\/det-forenede-kongerige\/\" \/>\n<meta property=\"og:locale\" content=\"da_DK\" \/>\n<meta property=\"og:type\" content=\"article\" \/>\n<meta property=\"og:title\" content=\"Det Forenede Kongerige - Hightechkaunas.com\" \/>\n<meta property=\"og:description\" content=\"Hvorfor er Hightech Kaunas det rigtige for britiske kunder?\" \/>\n<meta property=\"og:url\" content=\"https:\/\/hightechkaunas.com\/da\/hightech-outsourcing\/det-forenede-kongerige\/\" \/>\n<meta property=\"og:site_name\" content=\"Hightechkaunas.com\" \/>\n<meta property=\"article:modified_time\" content=\"2024-11-24T11:12:44+00:00\" \/>\n<meta property=\"og:image\" content=\"https:\/\/hightechkaunas.com\/wp-content\/uploads\/2024\/10\/tadas-petrokas-ST8nRuFtjBQ-unsplash-scaled.jpg\" \/>\n\t<meta property=\"og:image:width\" content=\"2048\" \/>\n\t<meta property=\"og:image:height\" content=\"2560\" \/>\n\t<meta property=\"og:image:type\" content=\"image\/jpeg\" \/>\n<meta name=\"twitter:card\" content=\"summary_large_image\" \/>\n<meta name=\"twitter:label1\" content=\"Estimeret l\u00e6setid\" \/>\n\t<meta name=\"twitter:data1\" content=\"1 minut\" \/>\n<script type=\"application\/ld+json\" class=\"yoast-schema-graph\">{\"@context\":\"https:\/\/schema.org\",\"@graph\":[{\"@type\":\"WebPage\",\"@id\":\"https:\/\/hightechkaunas.com\/da\/hightech-outsourcing\/det-forenede-kongerige\/\",\"url\":\"https:\/\/hightechkaunas.com\/da\/hightech-outsourcing\/det-forenede-kongerige\/\",\"name\":\"Det Forenede Kongerige - Hightechkaunas.com\",\"isPartOf\":{\"@id\":\"https:\/\/hightechkaunas.com\/#website\"},\"primaryImageOfPage\":{\"@id\":\"https:\/\/hightechkaunas.com\/da\/hightech-outsourcing\/det-forenede-kongerige\/#primaryimage\"},\"image\":{\"@id\":\"https:\/\/hightechkaunas.com\/da\/hightech-outsourcing\/det-forenede-kongerige\/#primaryimage\"},\"thumbnailUrl\":\"https:\/\/hightechkaunas.com\/wp-content\/uploads\/2024\/10\/tadas-petrokas-ST8nRuFtjBQ-unsplash-scaled.jpg\",\"datePublished\":\"2024-10-30T09:43:05+00:00\",\"dateModified\":\"2024-11-24T11:12:44+00:00\",\"breadcrumb\":{\"@id\":\"https:\/\/hightechkaunas.com\/da\/hightech-outsourcing\/det-forenede-kongerige\/#breadcrumb\"},\"inLanguage\":\"da-DK\",\"potentialAction\":[{\"@type\":\"ReadAction\",\"target\":[\"https:\/\/hightechkaunas.com\/da\/hightech-outsourcing\/det-forenede-kongerige\/\"]}]},{\"@type\":\"ImageObject\",\"inLanguage\":\"da-DK\",\"@id\":\"https:\/\/hightechkaunas.com\/da\/hightech-outsourcing\/det-forenede-kongerige\/#primaryimage\",\"url\":\"https:\/\/hightechkaunas.com\/wp-content\/uploads\/2024\/10\/tadas-petrokas-ST8nRuFtjBQ-unsplash-scaled.jpg\",\"contentUrl\":\"https:\/\/hightechkaunas.com\/wp-content\/uploads\/2024\/10\/tadas-petrokas-ST8nRuFtjBQ-unsplash-scaled.jpg\",\"width\":2048,\"height\":2560},{\"@type\":\"BreadcrumbList\",\"@id\":\"https:\/\/hightechkaunas.com\/da\/hightech-outsourcing\/det-forenede-kongerige\/#breadcrumb\",\"itemListElement\":[{\"@type\":\"ListItem\",\"position\":1,\"name\":\"Home\",\"item\":\"https:\/\/hightechkaunas.com\/da\/\"},{\"@type\":\"ListItem\",\"position\":2,\"name\":\"Hightech outsourcing\",\"item\":\"https:\/\/hightechkaunas.com\/da\/hightech-outsourcing\/\"},{\"@type\":\"ListItem\",\"position\":3,\"name\":\"Det Forenede Kongerige\"}]},{\"@type\":\"WebSite\",\"@id\":\"https:\/\/hightechkaunas.com\/#website\",\"url\":\"https:\/\/hightechkaunas.com\/\",\"name\":\"Hightechkaunas.com\",\"description\":\"\",\"potentialAction\":[{\"@type\":\"SearchAction\",\"target\":{\"@type\":\"EntryPoint\",\"urlTemplate\":\"https:\/\/hightechkaunas.com\/?s={search_term_string}\"},\"query-input\":{\"@type\":\"PropertyValueSpecification\",\"valueRequired\":true,\"valueName\":\"search_term_string\"}}],\"inLanguage\":\"da-DK\"}]}<\/script>\n<!-- \/ Yoast SEO plugin. -->","yoast_head_json":{"title":"Det Forenede Kongerige - Hightechkaunas.com","robots":{"index":"index","follow":"follow","max-snippet":"max-snippet:-1","max-image-preview":"max-image-preview:large","max-video-preview":"max-video-preview:-1"},"canonical":"https:\/\/hightechkaunas.com\/da\/hightech-outsourcing\/det-forenede-kongerige\/","og_locale":"da_DK","og_type":"article","og_title":"Det Forenede Kongerige - Hightechkaunas.com","og_description":"Hvorfor er Hightech Kaunas det rigtige for britiske kunder?","og_url":"https:\/\/hightechkaunas.com\/da\/hightech-outsourcing\/det-forenede-kongerige\/","og_site_name":"Hightechkaunas.com","article_modified_time":"2024-11-24T11:12:44+00:00","og_image":[{"width":2048,"height":2560,"url":"https:\/\/hightechkaunas.com\/wp-content\/uploads\/2024\/10\/tadas-petrokas-ST8nRuFtjBQ-unsplash-scaled.jpg","type":"image\/jpeg"}],"twitter_card":"summary_large_image","twitter_misc":{"Estimeret l\u00e6setid":"1 minut"},"schema":{"@context":"https:\/\/schema.org","@graph":[{"@type":"WebPage","@id":"https:\/\/hightechkaunas.com\/da\/hightech-outsourcing\/det-forenede-kongerige\/","url":"https:\/\/hightechkaunas.com\/da\/hightech-outsourcing\/det-forenede-kongerige\/","name":"Det Forenede Kongerige - Hightechkaunas.com","isPartOf":{"@id":"https:\/\/hightechkaunas.com\/#website"},"primaryImageOfPage":{"@id":"https:\/\/hightechkaunas.com\/da\/hightech-outsourcing\/det-forenede-kongerige\/#primaryimage"},"image":{"@id":"https:\/\/hightechkaunas.com\/da\/hightech-outsourcing\/det-forenede-kongerige\/#primaryimage"},"thumbnailUrl":"https:\/\/hightechkaunas.com\/wp-content\/uploads\/2024\/10\/tadas-petrokas-ST8nRuFtjBQ-unsplash-scaled.jpg","datePublished":"2024-10-30T09:43:05+00:00","dateModified":"2024-11-24T11:12:44+00:00","breadcrumb":{"@id":"https:\/\/hightechkaunas.com\/da\/hightech-outsourcing\/det-forenede-kongerige\/#breadcrumb"},"inLanguage":"da-DK","potentialAction":[{"@type":"ReadAction","target":["https:\/\/hightechkaunas.com\/da\/hightech-outsourcing\/det-forenede-kongerige\/"]}]},{"@type":"ImageObject","inLanguage":"da-DK","@id":"https:\/\/hightechkaunas.com\/da\/hightech-outsourcing\/det-forenede-kongerige\/#primaryimage","url":"https:\/\/hightechkaunas.com\/wp-content\/uploads\/2024\/10\/tadas-petrokas-ST8nRuFtjBQ-unsplash-scaled.jpg","contentUrl":"https:\/\/hightechkaunas.com\/wp-content\/uploads\/2024\/10\/tadas-petrokas-ST8nRuFtjBQ-unsplash-scaled.jpg","width":2048,"height":2560},{"@type":"BreadcrumbList","@id":"https:\/\/hightechkaunas.com\/da\/hightech-outsourcing\/det-forenede-kongerige\/#breadcrumb","itemListElement":[{"@type":"ListItem","position":1,"name":"Home","item":"https:\/\/hightechkaunas.com\/da\/"},{"@type":"ListItem","position":2,"name":"Hightech outsourcing","item":"https:\/\/hightechkaunas.com\/da\/hightech-outsourcing\/"},{"@type":"ListItem","position":3,"name":"Det Forenede Kongerige"}]},{"@type":"WebSite","@id":"https:\/\/hightechkaunas.com\/#website","url":"https:\/\/hightechkaunas.com\/","name":"Hightechkaunas.com","description":"","potentialAction":[{"@type":"SearchAction","target":{"@type":"EntryPoint","urlTemplate":"https:\/\/hightechkaunas.com\/?s={search_term_string}"},"query-input":{"@type":"PropertyValueSpecification","valueRequired":true,"valueName":"search_term_string"}}],"inLanguage":"da-DK"}]}},"_links":{"self":[{"href":"https:\/\/hightechkaunas.com\/da\/wp-json\/wp\/v2\/pages\/1305","targetHints":{"allow":["GET"]}}],"collection":[{"href":"https:\/\/hightechkaunas.com\/da\/wp-json\/wp\/v2\/pages"}],"about":[{"href":"https:\/\/hightechkaunas.com\/da\/wp-json\/wp\/v2\/types\/page"}],"author":[{"embeddable":true,"href":"https:\/\/hightechkaunas.com\/da\/wp-json\/wp\/v2\/users\/1"}],"replies":[{"embeddable":true,"href":"https:\/\/hightechkaunas.com\/da\/wp-json\/wp\/v2\/comments?post=1305"}],"version-history":[{"count":5,"href":"https:\/\/hightechkaunas.com\/da\/wp-json\/wp\/v2\/pages\/1305\/revisions"}],"predecessor-version":[{"id":1862,"href":"https:\/\/hightechkaunas.com\/da\/wp-json\/wp\/v2\/pages\/1305\/revisions\/1862"}],"up":[{"embeddable":true,"href":"https:\/\/hightechkaunas.com\/da\/wp-json\/wp\/v2\/pages\/1320"}],"wp:featuredmedia":[{"embeddable":true,"href":"https:\/\/hightechkaunas.com\/da\/wp-json\/wp\/v2\/media\/1090"}],"wp:attachment":[{"href":"https:\/\/hightechkaunas.com\/da\/wp-json\/wp\/v2\/media?parent=1305"}],"curies":[{"name":"wp","href":"https:\/\/api.w.org\/{rel}","templated":true}]}}