{"id":1300,"date":"2024-10-30T10:02:04","date_gmt":"2024-10-30T10:02:04","guid":{"rendered":"https:\/\/hightechkaunas.com\/norvegija\/"},"modified":"2024-11-24T11:15:46","modified_gmt":"2024-11-24T11:15:46","slug":"norge","status":"publish","type":"page","link":"https:\/\/hightechkaunas.com\/da\/hightech-outsourcing\/norge\/","title":{"rendered":"Norge"},"content":{"rendered":"\r\n\r\n<section id=\"header-block\" class=\"header-block\">\r\n    <div class=\"header-block-texts\">\r\n                    <h1>Norge<\/h1>\r\n            <\/div>\r\n        <style>\r\n        .header-block {\r\n            background: url('https:\/\/hightechkaunas.com\/wp-content\/uploads\/2024\/10\/pexels-borisk-5683079-scaled.jpg') no-repeat center center;\r\n            background-size: cover;\r\n        }\r\n    <\/style>\r\n<\/section>\r\n\r\n\r\n\n\n\r\n\r\n\r\n\r\n<section id=\"left-right-content\" class=\"left-right-content web-section\">\r\n    <div class=\"container-fluid\">\r\n        <div class=\"left-right-content-in\">\r\n            <div class=\"lfrc-left\">\r\n                                    <div class=\"visiontext\">Det norske it-marked er et af de mest avancerede i Europa, og takket v\u00e6re sin erfaring har Hightech Kaunas-klyngen meget at tilbyde landet. \u0160i rinka yra atvira naujov\u0117ms ir technologij\u0173 diegimui, kuris glaud\u017eiai susij\u0119s su auk\u0161tais aplinkos tvarumo, energetikos efektyvumo bei skaitmenin\u0117s transformacijos standartais. Norge er kendt for sin st\u00e6rke IT-infrastruktur, sit h\u00f8je innovationsniveau og sine investeringer i forskning og udvikling.<\/div>                            <\/div>\r\n            <div class=\"lfrc-right\">\r\n                                    <div class=\"visiontext\">Hightech Kaunas er en IT-klynge, der forbinder forskellige h\u00f8jt kvalificerede IT-virksomheder fra Litauen, og som passer perfekt til forventningerne p\u00e5 det norske marked. Klyngen er i stand til at tilbyde en bred vifte af tjenester &#8211; fra softwareudvikling til cloud-teknologier og cybersikkerhedsl\u00f8sninger &#8211; som er afg\u00f8rende for moderne virksomheder i Norge.\r\n<\/div>                            <\/div>\r\n        <\/div>\r\n    <\/div>\r\n<\/section>\r\n\r\n\r\n\n\n\n\n<section id=\"members\" class=\"members web-section outsourcing-block\">\n\t<div class=\"white-rounded-item\"><\/div>\n\n\t\t<div class=\"imagemember\" style=\"background-image: url('https:\/\/hightechkaunas.com\/wp-content\/uploads\/2024\/10\/pexels-asemirski-14543554-scaled.jpg')\">\n\t\t<div class=\"niceblockmembers\"><img decoding=\"async\" src=\"https:\/\/hightechkaunas.com\/wp-content\/themes\/itbrolis\/images\/membeers-nice-block2.svg\" title=\"services-image\" alt=\"services-image\"><\/div>\n\t<\/div>\n\t<div class=\"container-fluidxxx\">\n\t\t<div class=\"members-in\">\n\n\t\t\t<div class=\"members-texts\">\n\t\t\t\t\t\t\t\t\t<h2 class=\"main-title\">Markedspotentiale:<\/h2>\n\t\t\t\t\n\t\t\t\t\n\t\t\t\t\t\t\t\t\t<div class=\"main__text main__text-top-pd\"><p>Det norske it-marked ansl\u00e5s at v\u00e6re p\u00e5 omkring 11 milliarder euro i 2023 med en forventet \u00e5rlig v\u00e6kstrate p\u00e5 5-7 %. Det viser, at markedet ikke kun vokser st\u00f8t, men ogs\u00e5 er \u00e5bent for innovation, is\u00e6r inden for omr\u00e5der, hvor high-tech Kaunas har stor ekspertise, som f.eks. energistyring og cybersikkerhed.<\/p>\n<\/div>\n\t\t\t\t\t\t\t<\/div>\n\t\t<\/div>\n\t<\/div>\n<\/section>\n\n\n\n\n\n\n\n<section id=\"expertise\" class=\"expertise outsourcing-expertise \" style=\"background-image: url('https:\/\/hightechkaunas.com\/wp-content\/uploads\/2024\/10\/pexels-accankisi-3999946-scaled.jpg')\">\n\t<div class=\"container-fluidxxx\">\n\t\t<div class=\"expertise-in\">\n\t\t\t<div class=\"expertise-texts\">\n\t\t\t\t\t\t\t\t\t<h2 class=\"main-title\">Muligheder for partnerskab:<\/h2>\n\t\t\t\t\n\t\t\t\t<div class=\"expertise-wrapper rte\">\n\t\t\t\t\t\t\t\t\t\t\t<p>Norske virksomheder v\u00e6rds\u00e6tter b\u00e6redygtige og innovative IT-tjenester, der kan hj\u00e6lpe dem med at optimere deres drift og reducere driftsomkostningerne. Hightech Kaunas&#8217; medlemmer er forpligtet til at levere tjenester af h\u00f8j kvalitet, som kan skr\u00e6ddersys til norske virksomheders specifikke behov, f.eks. forbedring af energieffektiviteten og sikring af databeskyttelse.<\/p>\n\t\t\t\t\t\t\t\t\t<\/div>\n\t\t\t<\/div>\n\t\t<\/div>\n\t<\/div>\n\n<\/section>\n\n\n\n\n\n\n<section id=\"members\" class=\"members web-section outsourcing-block\">\n\t<div class=\"white-rounded-item\"><\/div>\n\n\t\t<div class=\"imagemember\" style=\"background-image: url('https:\/\/hightechkaunas.com\/wp-content\/uploads\/2024\/10\/pexels-ludvighedenborg-5026758-scaled.jpg')\">\n\t\t<div class=\"niceblockmembers\"><img decoding=\"async\" src=\"https:\/\/hightechkaunas.com\/wp-content\/themes\/itbrolis\/images\/membeers-nice-block2.svg\" title=\"services-image\" alt=\"services-image\"><\/div>\n\t<\/div>\n\t<div class=\"container-fluidxxx\">\n\t\t<div class=\"members-in\">\n\n\t\t\t<div class=\"members-texts\">\n\t\t\t\t\t\t\t\t\t<h2 class=\"main-title\">Teknologisk fordel:<\/h2>\n\t\t\t\t\n\t\t\t\t\n\t\t\t\t\t\t\t\t\t<div class=\"main__text main__text-top-pd\"><p>Virksomhederne i Hightech Kaunas-klyngen investerer l\u00f8bende i teknologiske fremskridt og udvikling af nye produkter, hvilket g\u00f8r dem i stand til at tilbyde banebrydende l\u00f8sninger til det norske marked. Desuden er Litauen et af de f\u00f8rende lande i verden, n\u00e5r det g\u00e6lder uddannelse og kvalificering af it-specialister, hvilket sikrer en h\u00f8j kvalitet af tjenesterne.<\/p>\n<\/div>\n\t\t\t\t\t\t\t<\/div>\n\t\t<\/div>\n\t<\/div>\n<\/section>\n\n\n\n\n\n\n\n<section id=\"expertise\" class=\"expertise outsourcing-expertise \" style=\"background-image: url('https:\/\/hightechkaunas.com\/wp-content\/uploads\/2024\/10\/pexels-pavel-bak-22732182-6649672-scaled.jpg')\">\n\t<div class=\"container-fluidxxx\">\n\t\t<div class=\"expertise-in\">\n\t\t\t<div class=\"expertise-texts\">\n\t\t\t\t\t\t\t\t\t<h2 class=\"main-title\">Kontakt os<\/h2>\n\t\t\t\t\n\t\t\t\t<div class=\"expertise-wrapper rte\">\n\t\t\t\t\t\t\t\t\t\t\t<p>for at finde ud af mere om, hvordan Hightech Kaunas kan hj\u00e6lpe din virksomhed med at n\u00e5 sine m\u00e5l for digital transformation og drage fordel af banebrydende IT-teknologier. Vi er her for at st\u00f8tte din virksomheds v\u00e6kst og konkurrenceevne p\u00e5 den globale scene.<\/p>\n\t\t\t\t\t\t\t\t\t<\/div>\n\t\t\t<\/div>\n\t\t<\/div>\n\t<\/div>\n\n<\/section>\n\n\n\n\n\n\n\n\n\n<section id=\"cta\" class=\"cta web-section\">\n\t<div class=\"container-fluid\">\n\t\t<div class=\"cta-block\">\n\t\t\t<div class=\"cta-block__overlay\"><\/div>\n\t\t\t\t\t\t\t<img loading=\"lazy\" decoding=\"async\" width=\"2560\" height=\"1920\" src=\"https:\/\/hightechkaunas.com\/wp-content\/uploads\/2024\/10\/pexels-borisk-5683079-scaled.jpg\" class=\"attachment-full size-full\" alt=\"\" srcset=\"https:\/\/hightechkaunas.com\/wp-content\/uploads\/2024\/10\/pexels-borisk-5683079-scaled.jpg 2560w, https:\/\/hightechkaunas.com\/wp-content\/uploads\/2024\/10\/pexels-borisk-5683079-300x225.jpg 300w, https:\/\/hightechkaunas.com\/wp-content\/uploads\/2024\/10\/pexels-borisk-5683079-1024x768.jpg 1024w, https:\/\/hightechkaunas.com\/wp-content\/uploads\/2024\/10\/pexels-borisk-5683079-768x576.jpg 768w, https:\/\/hightechkaunas.com\/wp-content\/uploads\/2024\/10\/pexels-borisk-5683079-1536x1152.jpg 1536w, https:\/\/hightechkaunas.com\/wp-content\/uploads\/2024\/10\/pexels-borisk-5683079-2048x1536.jpg 2048w\" sizes=\"auto, (max-width: 2560px) 100vw, 2560px\" \/>\t\t\t\t\t\t\t\t\t\t\t\t\t<a class=\"button-blue\" href=\"https:\/\/hightechkaunas.com\/da\/contacts\/\"\n\t\t\t\t   target=\"_self\">\n\t\t\t\t\tKontakt os\t\t\t\t<\/a>\n\t\t\t\t\t<\/div>\n\t<\/div>\n<\/section>\n\n\n<section class=\"wp-block-group\"><div class=\"wp-block-group__inner-container is-layout-constrained wp-block-group-is-layout-constrained\">\n<div style=\"height:50px\" aria-hidden=\"true\" class=\"wp-block-spacer\"><\/div>\n<\/div><\/section>\n\n\n\n\n\n\n<section id=\"services-text\" class=\"services-text web-section title-text\">\n\t<div class=\"container-fluid\">\n\t\t\t\t\t<h2 class=\"main-title\">\n\t\t\t\tVores priser\t\t\t<\/h2>\n\t\t\t\t\t\t\t<div class=\"subtitle-text\">\n\t\t\t\t<table class=\"table table-responsive\">\n<tbody>\n<tr>\n<td width=\"120\">Position \\ Anciennitet<\/td>\n<td width=\"120\">Junior<\/td>\n<td width=\"120\">Mid<\/td>\n<td width=\"120\">Senior<\/td>\n<\/tr>\n<tr>\n<td width=\"120\">Forretningsanalytiker<\/td>\n<td width=\"120\">40<\/td>\n<td width=\"120\">55<\/td>\n<td width=\"120\">75<\/td>\n<\/tr>\n<tr>\n<td width=\"120\">Projektleder<\/td>\n<td width=\"120\">35<\/td>\n<td width=\"120\">45<\/td>\n<td width=\"120\">55<\/td>\n<\/tr>\n<tr>\n<td width=\"120\">Designer<\/td>\n<td width=\"120\">20<\/td>\n<td width=\"120\">40<\/td>\n<td width=\"120\">65<\/td>\n<\/tr>\n<tr>\n<td width=\"120\">Systemarkitekt<\/td>\n<td width=\"120\">40<\/td>\n<td width=\"120\">65<\/td>\n<td width=\"120\">75<\/td>\n<\/tr>\n<tr>\n<td width=\"120\">Front-end udvikler<\/td>\n<td width=\"120\">35<\/td>\n<td width=\"120\">40<\/td>\n<td width=\"120\">60<\/td>\n<\/tr>\n<tr>\n<td width=\"120\">Backend-udvikler<\/td>\n<td width=\"120\">30<\/td>\n<td width=\"120\">55<\/td>\n<td width=\"120\">60<\/td>\n<\/tr>\n<tr>\n<td width=\"120\">Tester<\/td>\n<td width=\"120\">30<\/td>\n<td width=\"120\">55<\/td>\n<td width=\"120\">65<\/td>\n<\/tr>\n<tr>\n<td width=\"120\">Devops<\/td>\n<td width=\"120\">40<\/td>\n<td width=\"120\">50<\/td>\n<td width=\"120\">70<\/td>\n<\/tr>\n<\/tbody>\n<\/table>\n\t\t\t<\/div>\n\t\t\t<\/div>\n<\/section>\n\n\n","protected":false},"excerpt":{"rendered":"<p>Det norske it-marked er et af de mest avancerede i Europa, og takket v\u00e6re sin erfaring har Hightech Kaunas-klyngen meget at tilbyde landet.<\/p>\n","protected":false},"author":1,"featured_media":1130,"parent":1320,"menu_order":0,"comment_status":"closed","ping_status":"closed","template":"","meta":{"_acf_changed":false,"inline_featured_image":false,"footnotes":""},"class_list":["post-1300","page","type-page","status-publish","has-post-thumbnail","hentry"],"acf":[],"yoast_head":"<!-- This site is optimized with the Yoast SEO plugin v26.2 - https:\/\/yoast.com\/wordpress\/plugins\/seo\/ -->\n<title>Norge - Hightechkaunas.com<\/title>\n<meta name=\"robots\" content=\"index, follow, max-snippet:-1, max-image-preview:large, max-video-preview:-1\" \/>\n<link rel=\"canonical\" href=\"https:\/\/hightechkaunas.com\/da\/hightech-outsourcing\/norge\/\" \/>\n<meta property=\"og:locale\" content=\"da_DK\" \/>\n<meta property=\"og:type\" content=\"article\" \/>\n<meta property=\"og:title\" content=\"Norge - Hightechkaunas.com\" \/>\n<meta property=\"og:description\" content=\"Det norske it-marked er et af de mest avancerede i Europa, og takket v\u00e6re sin erfaring har Hightech Kaunas-klyngen meget at tilbyde landet.\" \/>\n<meta property=\"og:url\" content=\"https:\/\/hightechkaunas.com\/da\/hightech-outsourcing\/norge\/\" \/>\n<meta property=\"og:site_name\" content=\"Hightechkaunas.com\" \/>\n<meta property=\"article:modified_time\" content=\"2024-11-24T11:15:46+00:00\" \/>\n<meta property=\"og:image\" content=\"https:\/\/hightechkaunas.com\/wp-content\/uploads\/2024\/10\/pexels-borisk-5683079-scaled.jpg\" \/>\n\t<meta property=\"og:image:width\" content=\"2560\" \/>\n\t<meta property=\"og:image:height\" content=\"1920\" \/>\n\t<meta property=\"og:image:type\" content=\"image\/jpeg\" \/>\n<meta name=\"twitter:card\" content=\"summary_large_image\" \/>\n<meta name=\"twitter:label1\" content=\"Estimeret l\u00e6setid\" \/>\n\t<meta name=\"twitter:data1\" content=\"1 minut\" \/>\n<script type=\"application\/ld+json\" class=\"yoast-schema-graph\">{\"@context\":\"https:\/\/schema.org\",\"@graph\":[{\"@type\":\"WebPage\",\"@id\":\"https:\/\/hightechkaunas.com\/da\/hightech-outsourcing\/norge\/\",\"url\":\"https:\/\/hightechkaunas.com\/da\/hightech-outsourcing\/norge\/\",\"name\":\"Norge - Hightechkaunas.com\",\"isPartOf\":{\"@id\":\"https:\/\/hightechkaunas.com\/#website\"},\"primaryImageOfPage\":{\"@id\":\"https:\/\/hightechkaunas.com\/da\/hightech-outsourcing\/norge\/#primaryimage\"},\"image\":{\"@id\":\"https:\/\/hightechkaunas.com\/da\/hightech-outsourcing\/norge\/#primaryimage\"},\"thumbnailUrl\":\"https:\/\/hightechkaunas.com\/wp-content\/uploads\/2024\/10\/pexels-borisk-5683079-scaled.jpg\",\"datePublished\":\"2024-10-30T10:02:04+00:00\",\"dateModified\":\"2024-11-24T11:15:46+00:00\",\"breadcrumb\":{\"@id\":\"https:\/\/hightechkaunas.com\/da\/hightech-outsourcing\/norge\/#breadcrumb\"},\"inLanguage\":\"da-DK\",\"potentialAction\":[{\"@type\":\"ReadAction\",\"target\":[\"https:\/\/hightechkaunas.com\/da\/hightech-outsourcing\/norge\/\"]}]},{\"@type\":\"ImageObject\",\"inLanguage\":\"da-DK\",\"@id\":\"https:\/\/hightechkaunas.com\/da\/hightech-outsourcing\/norge\/#primaryimage\",\"url\":\"https:\/\/hightechkaunas.com\/wp-content\/uploads\/2024\/10\/pexels-borisk-5683079-scaled.jpg\",\"contentUrl\":\"https:\/\/hightechkaunas.com\/wp-content\/uploads\/2024\/10\/pexels-borisk-5683079-scaled.jpg\",\"width\":2560,\"height\":1920},{\"@type\":\"BreadcrumbList\",\"@id\":\"https:\/\/hightechkaunas.com\/da\/hightech-outsourcing\/norge\/#breadcrumb\",\"itemListElement\":[{\"@type\":\"ListItem\",\"position\":1,\"name\":\"Home\",\"item\":\"https:\/\/hightechkaunas.com\/da\/\"},{\"@type\":\"ListItem\",\"position\":2,\"name\":\"Hightech outsourcing\",\"item\":\"https:\/\/hightechkaunas.com\/da\/hightech-outsourcing\/\"},{\"@type\":\"ListItem\",\"position\":3,\"name\":\"Norge\"}]},{\"@type\":\"WebSite\",\"@id\":\"https:\/\/hightechkaunas.com\/#website\",\"url\":\"https:\/\/hightechkaunas.com\/\",\"name\":\"Hightechkaunas.com\",\"description\":\"\",\"potentialAction\":[{\"@type\":\"SearchAction\",\"target\":{\"@type\":\"EntryPoint\",\"urlTemplate\":\"https:\/\/hightechkaunas.com\/?s={search_term_string}\"},\"query-input\":{\"@type\":\"PropertyValueSpecification\",\"valueRequired\":true,\"valueName\":\"search_term_string\"}}],\"inLanguage\":\"da-DK\"}]}<\/script>\n<!-- \/ Yoast SEO plugin. -->","yoast_head_json":{"title":"Norge - Hightechkaunas.com","robots":{"index":"index","follow":"follow","max-snippet":"max-snippet:-1","max-image-preview":"max-image-preview:large","max-video-preview":"max-video-preview:-1"},"canonical":"https:\/\/hightechkaunas.com\/da\/hightech-outsourcing\/norge\/","og_locale":"da_DK","og_type":"article","og_title":"Norge - Hightechkaunas.com","og_description":"Det norske it-marked er et af de mest avancerede i Europa, og takket v\u00e6re sin erfaring har Hightech Kaunas-klyngen meget at tilbyde landet.","og_url":"https:\/\/hightechkaunas.com\/da\/hightech-outsourcing\/norge\/","og_site_name":"Hightechkaunas.com","article_modified_time":"2024-11-24T11:15:46+00:00","og_image":[{"width":2560,"height":1920,"url":"https:\/\/hightechkaunas.com\/wp-content\/uploads\/2024\/10\/pexels-borisk-5683079-scaled.jpg","type":"image\/jpeg"}],"twitter_card":"summary_large_image","twitter_misc":{"Estimeret l\u00e6setid":"1 minut"},"schema":{"@context":"https:\/\/schema.org","@graph":[{"@type":"WebPage","@id":"https:\/\/hightechkaunas.com\/da\/hightech-outsourcing\/norge\/","url":"https:\/\/hightechkaunas.com\/da\/hightech-outsourcing\/norge\/","name":"Norge - Hightechkaunas.com","isPartOf":{"@id":"https:\/\/hightechkaunas.com\/#website"},"primaryImageOfPage":{"@id":"https:\/\/hightechkaunas.com\/da\/hightech-outsourcing\/norge\/#primaryimage"},"image":{"@id":"https:\/\/hightechkaunas.com\/da\/hightech-outsourcing\/norge\/#primaryimage"},"thumbnailUrl":"https:\/\/hightechkaunas.com\/wp-content\/uploads\/2024\/10\/pexels-borisk-5683079-scaled.jpg","datePublished":"2024-10-30T10:02:04+00:00","dateModified":"2024-11-24T11:15:46+00:00","breadcrumb":{"@id":"https:\/\/hightechkaunas.com\/da\/hightech-outsourcing\/norge\/#breadcrumb"},"inLanguage":"da-DK","potentialAction":[{"@type":"ReadAction","target":["https:\/\/hightechkaunas.com\/da\/hightech-outsourcing\/norge\/"]}]},{"@type":"ImageObject","inLanguage":"da-DK","@id":"https:\/\/hightechkaunas.com\/da\/hightech-outsourcing\/norge\/#primaryimage","url":"https:\/\/hightechkaunas.com\/wp-content\/uploads\/2024\/10\/pexels-borisk-5683079-scaled.jpg","contentUrl":"https:\/\/hightechkaunas.com\/wp-content\/uploads\/2024\/10\/pexels-borisk-5683079-scaled.jpg","width":2560,"height":1920},{"@type":"BreadcrumbList","@id":"https:\/\/hightechkaunas.com\/da\/hightech-outsourcing\/norge\/#breadcrumb","itemListElement":[{"@type":"ListItem","position":1,"name":"Home","item":"https:\/\/hightechkaunas.com\/da\/"},{"@type":"ListItem","position":2,"name":"Hightech outsourcing","item":"https:\/\/hightechkaunas.com\/da\/hightech-outsourcing\/"},{"@type":"ListItem","position":3,"name":"Norge"}]},{"@type":"WebSite","@id":"https:\/\/hightechkaunas.com\/#website","url":"https:\/\/hightechkaunas.com\/","name":"Hightechkaunas.com","description":"","potentialAction":[{"@type":"SearchAction","target":{"@type":"EntryPoint","urlTemplate":"https:\/\/hightechkaunas.com\/?s={search_term_string}"},"query-input":{"@type":"PropertyValueSpecification","valueRequired":true,"valueName":"search_term_string"}}],"inLanguage":"da-DK"}]}},"_links":{"self":[{"href":"https:\/\/hightechkaunas.com\/da\/wp-json\/wp\/v2\/pages\/1300","targetHints":{"allow":["GET"]}}],"collection":[{"href":"https:\/\/hightechkaunas.com\/da\/wp-json\/wp\/v2\/pages"}],"about":[{"href":"https:\/\/hightechkaunas.com\/da\/wp-json\/wp\/v2\/types\/page"}],"author":[{"embeddable":true,"href":"https:\/\/hightechkaunas.com\/da\/wp-json\/wp\/v2\/users\/1"}],"replies":[{"embeddable":true,"href":"https:\/\/hightechkaunas.com\/da\/wp-json\/wp\/v2\/comments?post=1300"}],"version-history":[{"count":3,"href":"https:\/\/hightechkaunas.com\/da\/wp-json\/wp\/v2\/pages\/1300\/revisions"}],"predecessor-version":[{"id":1864,"href":"https:\/\/hightechkaunas.com\/da\/wp-json\/wp\/v2\/pages\/1300\/revisions\/1864"}],"up":[{"embeddable":true,"href":"https:\/\/hightechkaunas.com\/da\/wp-json\/wp\/v2\/pages\/1320"}],"wp:featuredmedia":[{"embeddable":true,"href":"https:\/\/hightechkaunas.com\/da\/wp-json\/wp\/v2\/media\/1130"}],"wp:attachment":[{"href":"https:\/\/hightechkaunas.com\/da\/wp-json\/wp\/v2\/media?parent=1300"}],"curies":[{"name":"wp","href":"https:\/\/api.w.org\/{rel}","templated":true}]}}