{"id":1295,"date":"2024-10-30T10:13:49","date_gmt":"2024-10-30T10:13:49","guid":{"rendered":"https:\/\/hightechkaunas.com\/danija\/"},"modified":"2024-11-24T11:14:09","modified_gmt":"2024-11-24T11:14:09","slug":"danija","status":"publish","type":"page","link":"https:\/\/hightechkaunas.com\/da\/hightech-outsourcing\/danija\/","title":{"rendered":"Danmark"},"content":{"rendered":"\r\n\r\n<section id=\"header-block\" class=\"header-block\">\r\n    <div class=\"header-block-texts\">\r\n                    <h1>Danmark<\/h1>\r\n            <\/div>\r\n        <style>\r\n        .header-block {\r\n            background: url('https:\/\/hightechkaunas.com\/wp-content\/uploads\/2024\/10\/pexels-pixabay-416024-scaled.jpg') no-repeat center center;\r\n            background-size: cover;\r\n        }\r\n    <\/style>\r\n<\/section>\r\n\r\n\r\n\n\n\r\n\r\n\r\n<section id=\"lefttext\" class=\"lefttext web-section\">\r\n    <div class=\"container-fluid\">\r\n        <div class=\"lefttext-in\">\r\n            <div class=\"rte\">\r\n                                    <p>Hightech Kaunas kan tilbyde v\u00e6rdifulde fordele til det danske marked, som vil styrke danske virksomheders konkurrenceevne p\u00e5 den internationale arena og hj\u00e6lpe dem med at n\u00e5 deres teknologiske m\u00e5l p\u00e5 en effektiv og innovativ m\u00e5de.<\/p>\n                            <\/div>\r\n        <\/div>\r\n    <\/div>\r\n<\/section>\r\n\r\n\n\n\n\n\n\n<section id=\"services-text\" class=\"services-text web-section\">\n\t<div class=\"container-fluid\">\n\t\t<div class=\"services-list-in\">\n\t\t\t<a href=\"\" class=\"services-list-item services-list-item- services-text-link\">\n\t\t\t\t<div class=\"services-list-item-text\">\n\t\t\t\t\t<div class=\"services-list-item-text-helper\">\n\t\t\t\t\t\t<h3 class=\"main-title\">Innovation og teknologiske fremskridt:<\/h3>\n\t\t\t\t\t\t<p>Litauen, og i s\u00e6rdeleshed Hightech Kaunas-klyngen, er kendt for sine innovative IT-l\u00f8sninger, herunder brugen af kunstig intelligens, cloud-teknologier og udviklingen af intelligente systemer. Det giver danske virksomheder mulighed for at integrere banebrydende teknologier, der kan forbedre kvaliteten af deres produkter og services, optimere driften og reducere omkostningerne.<\/p>\n\t\t\t\t\t<\/div>\n\t\t\t\t<\/div>\n\t\t\t\t<div class=\"services-list-item-image services-list-item-image- services-text-image\"\n\t\t\t\t     style=\"background-image: url('https:\/\/hightechkaunas.com\/wp-content\/uploads\/2024\/10\/pexels-pixabay-415722-scaled.jpg')\">\n\t\t\t\t<\/div>\n\t\t\t<\/a>\n\t\t<\/div>\n\t<\/div>\n<\/section>\n\n\n\n\n\n\n<section id=\"services-text\" class=\"services-text web-section\">\n\t<div class=\"container-fluid\">\n\t\t<div class=\"services-list-in\">\n\t\t\t<a href=\"\" class=\"services-list-item services-list-item- services-text-link\">\n\t\t\t\t<div class=\"services-list-item-text\">\n\t\t\t\t\t<div class=\"services-list-item-text-helper\">\n\t\t\t\t\t\t<h3 class=\"main-title\">Tilpasning til kundernes behov:<\/h3>\n\t\t\t\t\t\t<p>Hightech Kaunas&#8217; medlemmer er fleksible og \u00e5bne over for individuelle projekter, hvilket betyder, at hver l\u00f8sning kan skr\u00e6ddersys til en specifik dansk virksomheds behov. Det er is\u00e6r vigtigt for innovative markeder, der \u00e6ndrer sig hurtigt og har brug for at reagere hurtigt p\u00e5 markeds\u00e6ndringer.<\/p>\n\t\t\t\t\t<\/div>\n\t\t\t\t<\/div>\n\t\t\t\t<div class=\"services-list-item-image services-list-item-image- services-text-image\"\n\t\t\t\t     style=\"background-image: url('https:\/\/hightechkaunas.com\/wp-content\/uploads\/2024\/10\/pexels-shvets-2563679-scaled.jpg')\">\n\t\t\t\t<\/div>\n\t\t\t<\/a>\n\t\t<\/div>\n\t<\/div>\n<\/section>\n\n\n\n\n\n\n<section id=\"services-text\" class=\"services-text web-section\">\n\t<div class=\"container-fluid\">\n\t\t<div class=\"services-list-in\">\n\t\t\t<a href=\"\" class=\"services-list-item services-list-item- services-text-link\">\n\t\t\t\t<div class=\"services-list-item-text\">\n\t\t\t\t\t<div class=\"services-list-item-text-helper\">\n\t\t\t\t\t\t<h3 class=\"main-title\">V\u00e6rdi for pengene:<\/h3>\n\t\t\t\t\t\t<p>Den litauiske it-sektor er ikke kun kendt for sin st\u00e6rke akademiske uddannelse og h\u00f8je kvalifikationer, men ogs\u00e5 for sin mere favorable priss\u00e6tning sammenlignet med andre vesteurop\u00e6iske lande. Det giver danske virksomheder mulighed for at f\u00e5 ydelser af h\u00f8j kvalitet til en mere attraktiv pris og dermed \u00f8ge deres investeringsafkast.<\/p>\n\t\t\t\t\t<\/div>\n\t\t\t\t<\/div>\n\t\t\t\t<div class=\"services-list-item-image services-list-item-image- services-text-image\"\n\t\t\t\t     style=\"background-image: url('https:\/\/hightechkaunas.com\/wp-content\/uploads\/2024\/10\/pexels-bamparima-2761152-scaled.jpg')\">\n\t\t\t\t<\/div>\n\t\t\t<\/a>\n\t\t<\/div>\n\t<\/div>\n<\/section>\n\n\n\n\n\n\n<section id=\"services-text\" class=\"services-text web-section\">\n\t<div class=\"container-fluid\">\n\t\t<div class=\"services-list-in\">\n\t\t\t<a href=\"\" class=\"services-list-item services-list-item- services-text-link\">\n\t\t\t\t<div class=\"services-list-item-text\">\n\t\t\t\t\t<div class=\"services-list-item-text-helper\">\n\t\t\t\t\t\t<h3 class=\"main-title\">Geografisk og kulturel n\u00e6rhed:<\/h3>\n\t\t\t\t\t\t<p>Litauen ligger geografisk og kulturelt t\u00e6t p\u00e5 Danmark, hvilket forenkler samarbejde, kommunikation og logistik. Det f\u00e6lles medlemskab af EU sikrer gennemsigtighed i forretningsdriften og retssikkerhed p\u00e5 en ensartet m\u00e5de.<\/p>\n\t\t\t\t\t<\/div>\n\t\t\t\t<\/div>\n\t\t\t\t<div class=\"services-list-item-image services-list-item-image- services-text-image\"\n\t\t\t\t     style=\"background-image: url('https:\/\/hightechkaunas.com\/wp-content\/uploads\/2024\/10\/pexels-alinaskazka-27330739-scaled.jpg')\">\n\t\t\t\t<\/div>\n\t\t\t<\/a>\n\t\t<\/div>\n\t<\/div>\n<\/section>\n\n\n\n\n\n\n<section id=\"services-text\" class=\"services-text web-section\">\n\t<div class=\"container-fluid\">\n\t\t<div class=\"services-list-in\">\n\t\t\t<a href=\"\" class=\"services-list-item services-list-item- services-text-link\">\n\t\t\t\t<div class=\"services-list-item-text\">\n\t\t\t\t\t<div class=\"services-list-item-text-helper\">\n\t\t\t\t\t\t<h3 class=\"main-title\">International erfaring og sprogkundskaber:<\/h3>\n\t\t\t\t\t\t<p>Hightech Kaunas&#8217; medlemmer har et bredt internationalt netv\u00e6rk og taler flere fremmedsprog, herunder engelsk, som er meget udbredt i det danske forretningsmilj\u00f8. Det letter kommunikationen og projektledelsen.<\/p>\n\t\t\t\t\t<\/div>\n\t\t\t\t<\/div>\n\t\t\t\t<div class=\"services-list-item-image services-list-item-image- services-text-image\"\n\t\t\t\t     style=\"background-image: url('https:\/\/hightechkaunas.com\/wp-content\/uploads\/2024\/10\/pexels-tanathip-rattanatum-1050216-2026324-scaled.jpg')\">\n\t\t\t\t<\/div>\n\t\t\t<\/a>\n\t\t<\/div>\n\t<\/div>\n<\/section>\n\n\n\n\n\n\n<section id=\"services-text\" class=\"services-text web-section\">\n\t<div class=\"container-fluid\">\n\t\t<div class=\"services-list-in\">\n\t\t\t<a href=\"\" class=\"services-list-item services-list-item- services-text-link\">\n\t\t\t\t<div class=\"services-list-item-text\">\n\t\t\t\t\t<div class=\"services-list-item-text-helper\">\n\t\t\t\t\t\t<h3 class=\"main-title\">Initiativer og st\u00f8tteprogrammer:<\/h3>\n\t\t\t\t\t\t<p>Hightech Kaunas deltager aktivt i forskellige nationale og internationale programmer, der fremmer udviklingen af teknologi og introduktionen af nye l\u00f8sninger. P\u00e5 den m\u00e5de holdes klyngens medlemmer opdateret med de nyeste teknologier og teknikker, som kan komme det danske marked til gode.<\/p>\n\t\t\t\t\t<\/div>\n\t\t\t\t<\/div>\n\t\t\t\t<div class=\"services-list-item-image services-list-item-image- services-text-image\"\n\t\t\t\t     style=\"background-image: url('https:\/\/hightechkaunas.com\/wp-content\/uploads\/2024\/10\/pexels-magda-ehlers-pexels-772177-scaled.jpg')\">\n\t\t\t\t<\/div>\n\t\t\t<\/a>\n\t\t<\/div>\n\t<\/div>\n<\/section>\n\n\n\n\n\n\n\n<section id=\"cta\" class=\"cta web-section\">\n\t<div class=\"container-fluid\">\n\t\t<div class=\"cta-block\">\n\t\t\t<div class=\"cta-block__overlay\"><\/div>\n\t\t\t\t\t\t\t<img loading=\"lazy\" decoding=\"async\" width=\"863\" height=\"584\" src=\"https:\/\/hightechkaunas.com\/wp-content\/uploads\/2024\/09\/3-naujienos-foto.jpg\" class=\"attachment-full size-full\" alt=\"\" srcset=\"https:\/\/hightechkaunas.com\/wp-content\/uploads\/2024\/09\/3-naujienos-foto.jpg 863w, https:\/\/hightechkaunas.com\/wp-content\/uploads\/2024\/09\/3-naujienos-foto-300x203.jpg 300w, https:\/\/hightechkaunas.com\/wp-content\/uploads\/2024\/09\/3-naujienos-foto-768x520.jpg 768w\" sizes=\"auto, (max-width: 863px) 100vw, 863px\" \/>\t\t\t\t\t\t\t\t\t\t<h3 class=\"cta__title\">For danske virksomheder, der er p\u00e5 udkig efter en p\u00e5lidelig og innovativ it-partner, tilbyder Hightech Kaunas ikke kun teknologiske tjenester af h\u00f8j kvalitet, men ogs\u00e5 omfattende support og r\u00e5dgivning om implementering af it-l\u00f8sninger. Kontakt os for at finde ud af, hvordan vi kan bidrage til din virksomheds succes.<\/h3>\n\t\t\t\t\t\t\t\t\t\t<a class=\"button-blue\" href=\"https:\/\/hightechkaunas.com\/da\/contacts\/\"\n\t\t\t\t   target=\"_self\">\n\t\t\t\t\tKontakt\t\t\t\t<\/a>\n\t\t\t\t\t<\/div>\n\t<\/div>\n<\/section>\n\n\n<section class=\"wp-block-group\"><div class=\"wp-block-group__inner-container is-layout-constrained wp-block-group-is-layout-constrained\">\n<div style=\"height:50px\" aria-hidden=\"true\" class=\"wp-block-spacer\"><\/div>\n<\/div><\/section>\n\n\n\n\n\n\n<section id=\"services-text\" class=\"services-text web-section title-text\">\n\t<div class=\"container-fluid\">\n\t\t\t\t\t<h2 class=\"main-title\">\n\t\t\t\tVores priser\t\t\t<\/h2>\n\t\t\t\t\t\t\t<div class=\"subtitle-text\">\n\t\t\t\t<table class=\"table table-responsive\">\n<tbody>\n<tr>\n<td width=\"120\">Position \\ Anciennitet<\/td>\n<td width=\"120\">Junior<\/td>\n<td width=\"120\">Mid<\/td>\n<td width=\"120\">Senior<\/td>\n<\/tr>\n<tr>\n<td width=\"120\">Forretningsanalytiker<\/td>\n<td width=\"120\">45<\/td>\n<td width=\"120\">55<\/td>\n<td width=\"120\">70<\/td>\n<\/tr>\n<tr>\n<td width=\"120\">Projektleder<\/td>\n<td width=\"120\">35<\/td>\n<td width=\"120\">40<\/td>\n<td width=\"120\">60<\/td>\n<\/tr>\n<tr>\n<td width=\"120\">Designer<\/td>\n<td width=\"120\">20<\/td>\n<td width=\"120\">45<\/td>\n<td width=\"120\">65<\/td>\n<\/tr>\n<tr>\n<td width=\"120\">Systemarkitekt<\/td>\n<td width=\"120\">40<\/td>\n<td width=\"120\">60<\/td>\n<td width=\"120\">70<\/td>\n<\/tr>\n<tr>\n<td width=\"120\">Front-end udvikler<\/td>\n<td width=\"120\">35<\/td>\n<td width=\"120\">45<\/td>\n<td width=\"120\">65<\/td>\n<\/tr>\n<tr>\n<td width=\"120\">Backend-udvikler<\/td>\n<td width=\"120\">30<\/td>\n<td width=\"120\">50<\/td>\n<td width=\"120\">60<\/td>\n<\/tr>\n<tr>\n<td width=\"120\">Tester<\/td>\n<td width=\"120\">30<\/td>\n<td width=\"120\">50<\/td>\n<td width=\"120\">65<\/td>\n<\/tr>\n<tr>\n<td width=\"120\">Devops<\/td>\n<td width=\"120\">40<\/td>\n<td width=\"120\">55<\/td>\n<td width=\"120\">70<\/td>\n<\/tr>\n<\/tbody>\n<\/table>\n\t\t\t<\/div>\n\t\t\t<\/div>\n<\/section>\n\n\n","protected":false},"excerpt":{"rendered":"<p>Hightech Kaunas kan tilbyde v\u00e6rdifulde fordele til det danske marked, som vil styrke danske virksomheders konkurrenceevne p\u00e5 den internationale arena og hj\u00e6lpe dem med at n\u00e5 deres teknologiske m\u00e5l p\u00e5 en effektiv og innovativ m\u00e5de.<\/p>\n","protected":false},"author":1,"featured_media":1165,"parent":1320,"menu_order":0,"comment_status":"closed","ping_status":"closed","template":"","meta":{"_acf_changed":false,"inline_featured_image":false,"footnotes":""},"class_list":["post-1295","page","type-page","status-publish","has-post-thumbnail","hentry"],"acf":[],"yoast_head":"<!-- This site is optimized with the Yoast SEO plugin v26.2 - https:\/\/yoast.com\/wordpress\/plugins\/seo\/ -->\n<title>Danmark - Hightechkaunas.com<\/title>\n<meta name=\"robots\" content=\"index, follow, max-snippet:-1, max-image-preview:large, max-video-preview:-1\" \/>\n<link rel=\"canonical\" href=\"https:\/\/hightechkaunas.com\/da\/hightech-outsourcing\/danija\/\" \/>\n<meta property=\"og:locale\" content=\"da_DK\" \/>\n<meta property=\"og:type\" content=\"article\" \/>\n<meta property=\"og:title\" content=\"Danmark - Hightechkaunas.com\" \/>\n<meta property=\"og:description\" content=\"Hightech Kaunas kan tilbyde v\u00e6rdifulde fordele til det danske marked, som vil styrke danske virksomheders konkurrenceevne p\u00e5 den internationale arena og hj\u00e6lpe dem med at n\u00e5 deres teknologiske m\u00e5l p\u00e5 en effektiv og innovativ m\u00e5de.\" \/>\n<meta property=\"og:url\" content=\"https:\/\/hightechkaunas.com\/da\/hightech-outsourcing\/danija\/\" \/>\n<meta property=\"og:site_name\" content=\"Hightechkaunas.com\" \/>\n<meta property=\"article:modified_time\" content=\"2024-11-24T11:14:09+00:00\" \/>\n<meta property=\"og:image\" content=\"https:\/\/hightechkaunas.com\/wp-content\/uploads\/2024\/10\/pexels-pixabay-416024-scaled.jpg\" \/>\n\t<meta property=\"og:image:width\" content=\"2560\" \/>\n\t<meta property=\"og:image:height\" content=\"1702\" \/>\n\t<meta property=\"og:image:type\" content=\"image\/jpeg\" \/>\n<meta name=\"twitter:card\" content=\"summary_large_image\" \/>\n<meta name=\"twitter:label1\" content=\"Estimeret l\u00e6setid\" \/>\n\t<meta name=\"twitter:data1\" content=\"1 minut\" \/>\n<script type=\"application\/ld+json\" class=\"yoast-schema-graph\">{\"@context\":\"https:\/\/schema.org\",\"@graph\":[{\"@type\":\"WebPage\",\"@id\":\"https:\/\/hightechkaunas.com\/da\/hightech-outsourcing\/danija\/\",\"url\":\"https:\/\/hightechkaunas.com\/da\/hightech-outsourcing\/danija\/\",\"name\":\"Danmark - Hightechkaunas.com\",\"isPartOf\":{\"@id\":\"https:\/\/hightechkaunas.com\/#website\"},\"primaryImageOfPage\":{\"@id\":\"https:\/\/hightechkaunas.com\/da\/hightech-outsourcing\/danija\/#primaryimage\"},\"image\":{\"@id\":\"https:\/\/hightechkaunas.com\/da\/hightech-outsourcing\/danija\/#primaryimage\"},\"thumbnailUrl\":\"https:\/\/hightechkaunas.com\/wp-content\/uploads\/2024\/10\/pexels-pixabay-416024-scaled.jpg\",\"datePublished\":\"2024-10-30T10:13:49+00:00\",\"dateModified\":\"2024-11-24T11:14:09+00:00\",\"breadcrumb\":{\"@id\":\"https:\/\/hightechkaunas.com\/da\/hightech-outsourcing\/danija\/#breadcrumb\"},\"inLanguage\":\"da-DK\",\"potentialAction\":[{\"@type\":\"ReadAction\",\"target\":[\"https:\/\/hightechkaunas.com\/da\/hightech-outsourcing\/danija\/\"]}]},{\"@type\":\"ImageObject\",\"inLanguage\":\"da-DK\",\"@id\":\"https:\/\/hightechkaunas.com\/da\/hightech-outsourcing\/danija\/#primaryimage\",\"url\":\"https:\/\/hightechkaunas.com\/wp-content\/uploads\/2024\/10\/pexels-pixabay-416024-scaled.jpg\",\"contentUrl\":\"https:\/\/hightechkaunas.com\/wp-content\/uploads\/2024\/10\/pexels-pixabay-416024-scaled.jpg\",\"width\":2560,\"height\":1702},{\"@type\":\"BreadcrumbList\",\"@id\":\"https:\/\/hightechkaunas.com\/da\/hightech-outsourcing\/danija\/#breadcrumb\",\"itemListElement\":[{\"@type\":\"ListItem\",\"position\":1,\"name\":\"Home\",\"item\":\"https:\/\/hightechkaunas.com\/da\/\"},{\"@type\":\"ListItem\",\"position\":2,\"name\":\"Hightech outsourcing\",\"item\":\"https:\/\/hightechkaunas.com\/da\/hightech-outsourcing\/\"},{\"@type\":\"ListItem\",\"position\":3,\"name\":\"Danmark\"}]},{\"@type\":\"WebSite\",\"@id\":\"https:\/\/hightechkaunas.com\/#website\",\"url\":\"https:\/\/hightechkaunas.com\/\",\"name\":\"Hightechkaunas.com\",\"description\":\"\",\"potentialAction\":[{\"@type\":\"SearchAction\",\"target\":{\"@type\":\"EntryPoint\",\"urlTemplate\":\"https:\/\/hightechkaunas.com\/?s={search_term_string}\"},\"query-input\":{\"@type\":\"PropertyValueSpecification\",\"valueRequired\":true,\"valueName\":\"search_term_string\"}}],\"inLanguage\":\"da-DK\"}]}<\/script>\n<!-- \/ Yoast SEO plugin. -->","yoast_head_json":{"title":"Danmark - Hightechkaunas.com","robots":{"index":"index","follow":"follow","max-snippet":"max-snippet:-1","max-image-preview":"max-image-preview:large","max-video-preview":"max-video-preview:-1"},"canonical":"https:\/\/hightechkaunas.com\/da\/hightech-outsourcing\/danija\/","og_locale":"da_DK","og_type":"article","og_title":"Danmark - Hightechkaunas.com","og_description":"Hightech Kaunas kan tilbyde v\u00e6rdifulde fordele til det danske marked, som vil styrke danske virksomheders konkurrenceevne p\u00e5 den internationale arena og hj\u00e6lpe dem med at n\u00e5 deres teknologiske m\u00e5l p\u00e5 en effektiv og innovativ m\u00e5de.","og_url":"https:\/\/hightechkaunas.com\/da\/hightech-outsourcing\/danija\/","og_site_name":"Hightechkaunas.com","article_modified_time":"2024-11-24T11:14:09+00:00","og_image":[{"width":2560,"height":1702,"url":"https:\/\/hightechkaunas.com\/wp-content\/uploads\/2024\/10\/pexels-pixabay-416024-scaled.jpg","type":"image\/jpeg"}],"twitter_card":"summary_large_image","twitter_misc":{"Estimeret l\u00e6setid":"1 minut"},"schema":{"@context":"https:\/\/schema.org","@graph":[{"@type":"WebPage","@id":"https:\/\/hightechkaunas.com\/da\/hightech-outsourcing\/danija\/","url":"https:\/\/hightechkaunas.com\/da\/hightech-outsourcing\/danija\/","name":"Danmark - Hightechkaunas.com","isPartOf":{"@id":"https:\/\/hightechkaunas.com\/#website"},"primaryImageOfPage":{"@id":"https:\/\/hightechkaunas.com\/da\/hightech-outsourcing\/danija\/#primaryimage"},"image":{"@id":"https:\/\/hightechkaunas.com\/da\/hightech-outsourcing\/danija\/#primaryimage"},"thumbnailUrl":"https:\/\/hightechkaunas.com\/wp-content\/uploads\/2024\/10\/pexels-pixabay-416024-scaled.jpg","datePublished":"2024-10-30T10:13:49+00:00","dateModified":"2024-11-24T11:14:09+00:00","breadcrumb":{"@id":"https:\/\/hightechkaunas.com\/da\/hightech-outsourcing\/danija\/#breadcrumb"},"inLanguage":"da-DK","potentialAction":[{"@type":"ReadAction","target":["https:\/\/hightechkaunas.com\/da\/hightech-outsourcing\/danija\/"]}]},{"@type":"ImageObject","inLanguage":"da-DK","@id":"https:\/\/hightechkaunas.com\/da\/hightech-outsourcing\/danija\/#primaryimage","url":"https:\/\/hightechkaunas.com\/wp-content\/uploads\/2024\/10\/pexels-pixabay-416024-scaled.jpg","contentUrl":"https:\/\/hightechkaunas.com\/wp-content\/uploads\/2024\/10\/pexels-pixabay-416024-scaled.jpg","width":2560,"height":1702},{"@type":"BreadcrumbList","@id":"https:\/\/hightechkaunas.com\/da\/hightech-outsourcing\/danija\/#breadcrumb","itemListElement":[{"@type":"ListItem","position":1,"name":"Home","item":"https:\/\/hightechkaunas.com\/da\/"},{"@type":"ListItem","position":2,"name":"Hightech outsourcing","item":"https:\/\/hightechkaunas.com\/da\/hightech-outsourcing\/"},{"@type":"ListItem","position":3,"name":"Danmark"}]},{"@type":"WebSite","@id":"https:\/\/hightechkaunas.com\/#website","url":"https:\/\/hightechkaunas.com\/","name":"Hightechkaunas.com","description":"","potentialAction":[{"@type":"SearchAction","target":{"@type":"EntryPoint","urlTemplate":"https:\/\/hightechkaunas.com\/?s={search_term_string}"},"query-input":{"@type":"PropertyValueSpecification","valueRequired":true,"valueName":"search_term_string"}}],"inLanguage":"da-DK"}]}},"_links":{"self":[{"href":"https:\/\/hightechkaunas.com\/da\/wp-json\/wp\/v2\/pages\/1295","targetHints":{"allow":["GET"]}}],"collection":[{"href":"https:\/\/hightechkaunas.com\/da\/wp-json\/wp\/v2\/pages"}],"about":[{"href":"https:\/\/hightechkaunas.com\/da\/wp-json\/wp\/v2\/types\/page"}],"author":[{"embeddable":true,"href":"https:\/\/hightechkaunas.com\/da\/wp-json\/wp\/v2\/users\/1"}],"replies":[{"embeddable":true,"href":"https:\/\/hightechkaunas.com\/da\/wp-json\/wp\/v2\/comments?post=1295"}],"version-history":[{"count":6,"href":"https:\/\/hightechkaunas.com\/da\/wp-json\/wp\/v2\/pages\/1295\/revisions"}],"predecessor-version":[{"id":1863,"href":"https:\/\/hightechkaunas.com\/da\/wp-json\/wp\/v2\/pages\/1295\/revisions\/1863"}],"up":[{"embeddable":true,"href":"https:\/\/hightechkaunas.com\/da\/wp-json\/wp\/v2\/pages\/1320"}],"wp:featuredmedia":[{"embeddable":true,"href":"https:\/\/hightechkaunas.com\/da\/wp-json\/wp\/v2\/media\/1165"}],"wp:attachment":[{"href":"https:\/\/hightechkaunas.com\/da\/wp-json\/wp\/v2\/media?parent=1295"}],"curies":[{"name":"wp","href":"https:\/\/api.w.org\/{rel}","templated":true}]}}