{"id":1290,"date":"2024-10-30T10:28:22","date_gmt":"2024-10-30T10:28:22","guid":{"rendered":"https:\/\/hightechkaunas.com\/estija\/"},"modified":"2024-11-24T11:08:59","modified_gmt":"2024-11-24T11:08:59","slug":"estland","status":"publish","type":"page","link":"https:\/\/hightechkaunas.com\/da\/hightech-outsourcing\/estland\/","title":{"rendered":"Estland"},"content":{"rendered":"\r\n\r\n<section id=\"header-block\" class=\"header-block\">\r\n    <div class=\"header-block-texts\">\r\n                    <h1>Estland<\/h1>\r\n            <\/div>\r\n        <style>\r\n        .header-block {\r\n            background: url('https:\/\/hightechkaunas.com\/wp-content\/uploads\/2024\/10\/pexels-orlovamaria-4906154-scaled.jpg') no-repeat center center;\r\n            background-size: cover;\r\n        }\r\n    <\/style>\r\n<\/section>\r\n\r\n\r\n\n\n\n\n\n\n<section id=\"services-text\" class=\"services-text web-section\">\n\t<div class=\"container-fluid\">\n\t\t\t\t\t<h2 class=\"main-title\">\n\t\t\t\tHvorfor er Hightech Kaunas et attraktivt valg for det estiske marked?\t\t\t<\/h2>\n\t\t\t\t\t\t\t\t\t<div class=\"blocks-list\">\n\t\t\t\t\t\t\t\t\t<div class=\"block-text-item\">\n\t\t\t\t\t\t                            <div class=\"block-text-item__icon\">\n\t\t\t\t\t\t\t\t<img loading=\"lazy\" decoding=\"async\" width=\"512\" height=\"512\" src=\"https:\/\/hightechkaunas.com\/wp-content\/uploads\/2024\/10\/online-data.png-1.webp\" class=\"\" alt=\"\" srcset=\"https:\/\/hightechkaunas.com\/wp-content\/uploads\/2024\/10\/online-data.png-1.webp 512w, https:\/\/hightechkaunas.com\/wp-content\/uploads\/2024\/10\/online-data.png-1-300x300.webp 300w, https:\/\/hightechkaunas.com\/wp-content\/uploads\/2024\/10\/online-data.png-1-150x150.webp 150w\" sizes=\"auto, (max-width: 512px) 100vw, 512px\" \/>                            <\/div>\n\t\t\t\t\t\t\t\t\t\t\t\t<p><strong>Tilpasningsevne til det lokale markeds behov:<\/strong> Vi forst\u00e5r, at det estiske it-marked kr\u00e6ver lydh\u00f8rhed og fleksibilitet. Hightech Kaunas-teamet best\u00e5r af h\u00f8jt kvalificerede specialister, der er klar til at l\u00f8se problemer hurtigt og tilpasse l\u00f8sningerne til kundens behov.<\/p>\n\t\t\t\t\t<\/div>\n\t\t\t\t\t\t\t\t\t<div class=\"block-text-item\">\n\t\t\t\t\t\t                            <div class=\"block-text-item__icon\">\n\t\t\t\t\t\t\t\t<img loading=\"lazy\" decoding=\"async\" width=\"512\" height=\"512\" src=\"https:\/\/hightechkaunas.com\/wp-content\/uploads\/2024\/10\/company_9235107-1.png\" class=\"\" alt=\"\" srcset=\"https:\/\/hightechkaunas.com\/wp-content\/uploads\/2024\/10\/company_9235107-1.png 512w, https:\/\/hightechkaunas.com\/wp-content\/uploads\/2024\/10\/company_9235107-1-300x300.png 300w, https:\/\/hightechkaunas.com\/wp-content\/uploads\/2024\/10\/company_9235107-1-150x150.png 150w\" sizes=\"auto, (max-width: 512px) 100vw, 512px\" \/>                            <\/div>\n\t\t\t\t\t\t\t\t\t\t\t\t<p><strong>Adgang til international erfaring:<\/strong>Selvom Estland er f\u00f8rende inden for it-innovation, giver international erfaring os mulighed for at f\u00e5 nye ideer og perspektiver, som kan anvendes p\u00e5 det lokale marked til at optimere processer eller innovationer.<\/p>\n\t\t\t\t\t<\/div>\n\t\t\t\t\t\t\t\t\t<div class=\"block-text-item\">\n\t\t\t\t\t\t                            <div class=\"block-text-item__icon\">\n\t\t\t\t\t\t\t\t<img loading=\"lazy\" decoding=\"async\" width=\"512\" height=\"512\" src=\"https:\/\/hightechkaunas.com\/wp-content\/uploads\/2024\/10\/business_13599882-1.png\" class=\"\" alt=\"\" srcset=\"https:\/\/hightechkaunas.com\/wp-content\/uploads\/2024\/10\/business_13599882-1.png 512w, https:\/\/hightechkaunas.com\/wp-content\/uploads\/2024\/10\/business_13599882-1-300x300.png 300w, https:\/\/hightechkaunas.com\/wp-content\/uploads\/2024\/10\/business_13599882-1-150x150.png 150w\" sizes=\"auto, (max-width: 512px) 100vw, 512px\" \/>                            <\/div>\n\t\t\t\t\t\t\t\t\t\t\t\t<p><strong>V\u00e6rdi for pengene:<\/strong> Vi tilbyder tjenester, der er mere attraktive i Litauen end i lokale virksomheder i Estland. Det giver estiske virksomheder \u00f8konomisk fleksibilitet og giver dem mulighed for at fordele deres budgetter mere effektivt.<\/p>\n\t\t\t\t\t<\/div>\n\t\t\t\t\t\t\t\t\t<div class=\"block-text-item\">\n\t\t\t\t\t\t                            <div class=\"block-text-item__icon\">\n\t\t\t\t\t\t\t\t<img loading=\"lazy\" decoding=\"async\" width=\"256\" height=\"256\" src=\"https:\/\/hightechkaunas.com\/wp-content\/uploads\/2024\/10\/4961750.png\" class=\"\" alt=\"\" srcset=\"https:\/\/hightechkaunas.com\/wp-content\/uploads\/2024\/10\/4961750.png 256w, https:\/\/hightechkaunas.com\/wp-content\/uploads\/2024\/10\/4961750-150x150.png 150w\" sizes=\"auto, (max-width: 256px) 100vw, 256px\" \/>                            <\/div>\n\t\t\t\t\t\t\t\t\t\t\t\t<p><strong>Interaktion med<\/strong> kunderne: Vi v\u00e6rds\u00e6tter et t\u00e6t samarbejde med kunderne og konstant kommunikation, hvilket er s\u00e6rligt vigtigt i et hurtigt IT-milj\u00f8 som det estiske.<\/p>\n\t\t\t\t\t<\/div>\n\t\t\t\t\t\t\t\t\t<div class=\"block-text-item\">\n\t\t\t\t\t\t                            <div class=\"block-text-item__icon\">\n\t\t\t\t\t\t\t\t<img loading=\"lazy\" decoding=\"async\" width=\"512\" height=\"512\" src=\"https:\/\/hightechkaunas.com\/wp-content\/uploads\/2024\/10\/business-development_14436319-1.png\" class=\"\" alt=\"\" srcset=\"https:\/\/hightechkaunas.com\/wp-content\/uploads\/2024\/10\/business-development_14436319-1.png 512w, https:\/\/hightechkaunas.com\/wp-content\/uploads\/2024\/10\/business-development_14436319-1-300x300.png 300w, https:\/\/hightechkaunas.com\/wp-content\/uploads\/2024\/10\/business-development_14436319-1-150x150.png 150w\" sizes=\"auto, (max-width: 512px) 100vw, 512px\" \/>                            <\/div>\n\t\t\t\t\t\t\t\t\t\t\t\t<p><strong>Innovation og teknologi:<\/strong> Vores team holder sig ikke kun ajour med de nyeste teknologiske tendenser, men er ogs\u00e5 aktivt involveret i udviklingen og implementeringen af dem. Det betyder, at vi kan tilbyde banebrydende l\u00f8sninger, der lever op til forventningerne hos selv de mest kr\u00e6sne estiske markedsakt\u00f8rer.<\/p>\n\t\t\t\t\t<\/div>\n\t\t\t\t\t\t\t<\/div>\n\t\t\t<\/div>\n<\/section>\n\n\n\n<section id=\"members\" class=\"members web-section location-about\">\n\t<div class=\"white-rounded-item\"><\/div>\n\t<div class=\"imagemember\">\n\t\t<div class=\"niceblockmembers\"><img decoding=\"async\" src=\"https:\/\/hightechkaunas.com\/wp-content\/themes\/itbrolis\/images\/membeers-nice-block2.svg\" title=\"services-image\" alt=\"services-image\"><\/div>\n\t\t\t\t<style>\n\t\t\t.imagemember {\n\t\t\t\tbackground: url('') no-repeat right center;\n\t\t\t\tbackground-size: cover;\n\t\t\t}\n\t\t<\/style>\n\t<\/div>\n\t<div class=\"container-fluidxxx\">\n\t\t<div class=\"members-in\">\n\n\t\t\t<div class=\"members-texts\">\n\t\t\t\t\t\t\t\t\t<h2 class=\"main-title\">I Estland, som er et land, hvor innovation og IT-l\u00f8sninger er dagens orden, er konkurrencen h\u00e5rd. Men det er her, Hightech Kaunas kan tilbyde en betydelig merv\u00e6rdi. Vi er et team af litauiske teknologieksperter, der ikke kun kan levere tjenester af h\u00f8j kvalitet, men ogs\u00e5 tilbyde mere konkurrencedygtige priser end lokale leverand\u00f8rer.<\/h2>\n\t\t\t\t\n\t\t\t<\/div>\n\t\t<\/div>\n\t<\/div>\n<\/section>\n\n\n\n\n\n<section id=\"members\" class=\"members web-section outsourcing-block\">\n\t<div class=\"white-rounded-item\"><\/div>\n\n\t\t<div class=\"imagemember\" style=\"background-image: url('https:\/\/hightechkaunas.com\/wp-content\/uploads\/2024\/10\/pexels-liis-piirmets-624964619-17890549-scaled.jpg')\">\n\t\t<div class=\"niceblockmembers\"><img decoding=\"async\" src=\"https:\/\/hightechkaunas.com\/wp-content\/themes\/itbrolis\/images\/membeers-nice-block2.svg\" title=\"services-image\" alt=\"services-image\"><\/div>\n\t<\/div>\n\t<div class=\"container-fluidxxx\">\n\t\t<div class=\"members-in\">\n\n\t\t\t<div class=\"members-texts\">\n\t\t\t\t\t\t\t\t\t<h2 class=\"main-title\">Vi forst\u00e5r, at alle virksomheder i Estland str\u00e6ber efter at bevare et teknologisk forspring og optimere deres drift.<\/h2>\n\t\t\t\t\n\t\t\t\t\n\t\t\t\t\t\t\t\t\t<div class=\"main__text main__text-top-pd\"><p>Hightech Kaunas er klar til at v\u00e6re den betroede partner, der vil hj\u00e6lpe din virksomhed med at vokse og forblive konkurrencedygtig i dette dynamiske milj\u00f8.<\/p>\n<\/div>\n\t\t\t\t\t\t\t<\/div>\n\t\t<\/div>\n\t<\/div>\n<\/section>\n\n\n\n\n\n\n\n\n<section id=\"cta\" class=\"cta web-section\">\n\t<div class=\"container-fluid\">\n\t\t<div class=\"cta-block\">\n\t\t\t<div class=\"cta-block__overlay\"><\/div>\n\t\t\t\t\t\t\t<img loading=\"lazy\" decoding=\"async\" width=\"612\" height=\"459\" src=\"https:\/\/hightechkaunas.com\/wp-content\/uploads\/2024\/09\/sky.jpg\" class=\"attachment-full size-full\" alt=\"\" srcset=\"https:\/\/hightechkaunas.com\/wp-content\/uploads\/2024\/09\/sky.jpg 612w, https:\/\/hightechkaunas.com\/wp-content\/uploads\/2024\/09\/sky-300x225.jpg 300w\" sizes=\"auto, (max-width: 612px) 100vw, 612px\" \/>\t\t\t\t\t\t\t\t\t\t<h3 class=\"cta__title\"><strong>Kontakt os<\/strong> i dag for at finde ud af, hvordan vi kan hj\u00e6lpe din virksomhed.<\/h3>\n\t\t\t\t\t\t\t\t\t\t<a class=\"button-blue\" href=\"https:\/\/hightechkaunas.com\/da\/contacts\/\"\n\t\t\t\t   target=\"_self\">\n\t\t\t\t\tKontakt os\t\t\t\t<\/a>\n\t\t\t\t\t<\/div>\n\t<\/div>\n<\/section>\n\n\n<section class=\"wp-block-group\"><div class=\"wp-block-group__inner-container is-layout-constrained wp-block-group-is-layout-constrained\">\n<div style=\"height:50px\" aria-hidden=\"true\" class=\"wp-block-spacer\"><\/div>\n<\/div><\/section>\n\n\n\n\n\n\n<section id=\"services-text\" class=\"services-text web-section title-text\">\n\t<div class=\"container-fluid\">\n\t\t\t\t\t<h2 class=\"main-title\">\n\t\t\t\tVores priser\t\t\t<\/h2>\n\t\t\t\t\t\t\t<div class=\"subtitle-text\">\n\t\t\t\t<table class=\"table table-responsive\">\n<tbody>\n<tr>\n<td width=\"120\">Position \\ Anciennitet<\/td>\n<td width=\"120\">Junior<\/td>\n<td width=\"120\">Mid<\/td>\n<td width=\"120\">Senior<\/td>\n<\/tr>\n<tr>\n<td width=\"120\">Forretningsanalytiker<\/td>\n<td width=\"120\">40<\/td>\n<td width=\"120\">50<\/td>\n<td width=\"120\">75<\/td>\n<\/tr>\n<tr>\n<td width=\"120\">Projektleder<\/td>\n<td width=\"120\">30<\/td>\n<td width=\"120\">40<\/td>\n<td width=\"120\">65<\/td>\n<\/tr>\n<tr>\n<td width=\"120\">Designer<\/td>\n<td width=\"120\">25<\/td>\n<td width=\"120\">40<\/td>\n<td width=\"120\">65<\/td>\n<\/tr>\n<tr>\n<td width=\"120\">Systemarkitekt<\/td>\n<td width=\"120\">40<\/td>\n<td width=\"120\">60<\/td>\n<td width=\"120\">70<\/td>\n<\/tr>\n<tr>\n<td width=\"120\">Front-end udvikler<\/td>\n<td width=\"120\">35<\/td>\n<td width=\"120\">40<\/td>\n<td width=\"120\">60<\/td>\n<\/tr>\n<tr>\n<td width=\"120\">Backend-udvikler<\/td>\n<td width=\"120\">30<\/td>\n<td width=\"120\">50<\/td>\n<td width=\"120\">60<\/td>\n<\/tr>\n<tr>\n<td width=\"120\">Tester<\/td>\n<td width=\"120\">35<\/td>\n<td width=\"120\">55<\/td>\n<td width=\"120\">65<\/td>\n<\/tr>\n<tr>\n<td width=\"120\">Devops<\/td>\n<td width=\"120\">40<\/td>\n<td width=\"120\">50<\/td>\n<td width=\"120\">70<\/td>\n<\/tr>\n<\/tbody>\n<\/table>\n\t\t\t<\/div>\n\t\t\t<\/div>\n<\/section>\n\n\n","protected":false},"excerpt":{"rendered":"<p>I Estland, som er et land, hvor innovation og IT-l\u00f8sninger er dagens orden, er konkurrencen h\u00e5rd. Men det er her, Hightech Kaunas kan tilbyde en betydelig merv\u00e6rdi.<\/p>\n","protected":false},"author":1,"featured_media":1200,"parent":1320,"menu_order":0,"comment_status":"closed","ping_status":"closed","template":"","meta":{"_acf_changed":false,"inline_featured_image":false,"footnotes":""},"class_list":["post-1290","page","type-page","status-publish","has-post-thumbnail","hentry"],"acf":[],"yoast_head":"<!-- This site is optimized with the Yoast SEO plugin v26.2 - https:\/\/yoast.com\/wordpress\/plugins\/seo\/ -->\n<title>Estland - Hightechkaunas.com<\/title>\n<meta name=\"robots\" content=\"index, follow, max-snippet:-1, max-image-preview:large, max-video-preview:-1\" \/>\n<link rel=\"canonical\" href=\"https:\/\/hightechkaunas.com\/da\/hightech-outsourcing\/estland\/\" \/>\n<meta property=\"og:locale\" content=\"da_DK\" \/>\n<meta property=\"og:type\" content=\"article\" \/>\n<meta property=\"og:title\" content=\"Estland - Hightechkaunas.com\" \/>\n<meta property=\"og:description\" content=\"I Estland, som er et land, hvor innovation og IT-l\u00f8sninger er dagens orden, er konkurrencen h\u00e5rd. Men det er her, Hightech Kaunas kan tilbyde en betydelig merv\u00e6rdi.\" \/>\n<meta property=\"og:url\" content=\"https:\/\/hightechkaunas.com\/da\/hightech-outsourcing\/estland\/\" \/>\n<meta property=\"og:site_name\" content=\"Hightechkaunas.com\" \/>\n<meta property=\"article:modified_time\" content=\"2024-11-24T11:08:59+00:00\" \/>\n<meta property=\"og:image\" content=\"https:\/\/hightechkaunas.com\/wp-content\/uploads\/2024\/10\/pexels-orlovamaria-4906154-scaled.jpg\" \/>\n\t<meta property=\"og:image:width\" content=\"1707\" \/>\n\t<meta property=\"og:image:height\" content=\"2560\" \/>\n\t<meta property=\"og:image:type\" content=\"image\/jpeg\" \/>\n<meta name=\"twitter:card\" content=\"summary_large_image\" \/>\n<meta name=\"twitter:label1\" content=\"Estimeret l\u00e6setid\" \/>\n\t<meta name=\"twitter:data1\" content=\"1 minut\" \/>\n<script type=\"application\/ld+json\" class=\"yoast-schema-graph\">{\"@context\":\"https:\/\/schema.org\",\"@graph\":[{\"@type\":\"WebPage\",\"@id\":\"https:\/\/hightechkaunas.com\/da\/hightech-outsourcing\/estland\/\",\"url\":\"https:\/\/hightechkaunas.com\/da\/hightech-outsourcing\/estland\/\",\"name\":\"Estland - Hightechkaunas.com\",\"isPartOf\":{\"@id\":\"https:\/\/hightechkaunas.com\/#website\"},\"primaryImageOfPage\":{\"@id\":\"https:\/\/hightechkaunas.com\/da\/hightech-outsourcing\/estland\/#primaryimage\"},\"image\":{\"@id\":\"https:\/\/hightechkaunas.com\/da\/hightech-outsourcing\/estland\/#primaryimage\"},\"thumbnailUrl\":\"https:\/\/hightechkaunas.com\/wp-content\/uploads\/2024\/10\/pexels-orlovamaria-4906154-scaled.jpg\",\"datePublished\":\"2024-10-30T10:28:22+00:00\",\"dateModified\":\"2024-11-24T11:08:59+00:00\",\"breadcrumb\":{\"@id\":\"https:\/\/hightechkaunas.com\/da\/hightech-outsourcing\/estland\/#breadcrumb\"},\"inLanguage\":\"da-DK\",\"potentialAction\":[{\"@type\":\"ReadAction\",\"target\":[\"https:\/\/hightechkaunas.com\/da\/hightech-outsourcing\/estland\/\"]}]},{\"@type\":\"ImageObject\",\"inLanguage\":\"da-DK\",\"@id\":\"https:\/\/hightechkaunas.com\/da\/hightech-outsourcing\/estland\/#primaryimage\",\"url\":\"https:\/\/hightechkaunas.com\/wp-content\/uploads\/2024\/10\/pexels-orlovamaria-4906154-scaled.jpg\",\"contentUrl\":\"https:\/\/hightechkaunas.com\/wp-content\/uploads\/2024\/10\/pexels-orlovamaria-4906154-scaled.jpg\",\"width\":1707,\"height\":2560},{\"@type\":\"BreadcrumbList\",\"@id\":\"https:\/\/hightechkaunas.com\/da\/hightech-outsourcing\/estland\/#breadcrumb\",\"itemListElement\":[{\"@type\":\"ListItem\",\"position\":1,\"name\":\"Home\",\"item\":\"https:\/\/hightechkaunas.com\/da\/\"},{\"@type\":\"ListItem\",\"position\":2,\"name\":\"Hightech outsourcing\",\"item\":\"https:\/\/hightechkaunas.com\/da\/hightech-outsourcing\/\"},{\"@type\":\"ListItem\",\"position\":3,\"name\":\"Estland\"}]},{\"@type\":\"WebSite\",\"@id\":\"https:\/\/hightechkaunas.com\/#website\",\"url\":\"https:\/\/hightechkaunas.com\/\",\"name\":\"Hightechkaunas.com\",\"description\":\"\",\"potentialAction\":[{\"@type\":\"SearchAction\",\"target\":{\"@type\":\"EntryPoint\",\"urlTemplate\":\"https:\/\/hightechkaunas.com\/?s={search_term_string}\"},\"query-input\":{\"@type\":\"PropertyValueSpecification\",\"valueRequired\":true,\"valueName\":\"search_term_string\"}}],\"inLanguage\":\"da-DK\"}]}<\/script>\n<!-- \/ Yoast SEO plugin. -->","yoast_head_json":{"title":"Estland - Hightechkaunas.com","robots":{"index":"index","follow":"follow","max-snippet":"max-snippet:-1","max-image-preview":"max-image-preview:large","max-video-preview":"max-video-preview:-1"},"canonical":"https:\/\/hightechkaunas.com\/da\/hightech-outsourcing\/estland\/","og_locale":"da_DK","og_type":"article","og_title":"Estland - Hightechkaunas.com","og_description":"I Estland, som er et land, hvor innovation og IT-l\u00f8sninger er dagens orden, er konkurrencen h\u00e5rd. Men det er her, Hightech Kaunas kan tilbyde en betydelig merv\u00e6rdi.","og_url":"https:\/\/hightechkaunas.com\/da\/hightech-outsourcing\/estland\/","og_site_name":"Hightechkaunas.com","article_modified_time":"2024-11-24T11:08:59+00:00","og_image":[{"width":1707,"height":2560,"url":"https:\/\/hightechkaunas.com\/wp-content\/uploads\/2024\/10\/pexels-orlovamaria-4906154-scaled.jpg","type":"image\/jpeg"}],"twitter_card":"summary_large_image","twitter_misc":{"Estimeret l\u00e6setid":"1 minut"},"schema":{"@context":"https:\/\/schema.org","@graph":[{"@type":"WebPage","@id":"https:\/\/hightechkaunas.com\/da\/hightech-outsourcing\/estland\/","url":"https:\/\/hightechkaunas.com\/da\/hightech-outsourcing\/estland\/","name":"Estland - Hightechkaunas.com","isPartOf":{"@id":"https:\/\/hightechkaunas.com\/#website"},"primaryImageOfPage":{"@id":"https:\/\/hightechkaunas.com\/da\/hightech-outsourcing\/estland\/#primaryimage"},"image":{"@id":"https:\/\/hightechkaunas.com\/da\/hightech-outsourcing\/estland\/#primaryimage"},"thumbnailUrl":"https:\/\/hightechkaunas.com\/wp-content\/uploads\/2024\/10\/pexels-orlovamaria-4906154-scaled.jpg","datePublished":"2024-10-30T10:28:22+00:00","dateModified":"2024-11-24T11:08:59+00:00","breadcrumb":{"@id":"https:\/\/hightechkaunas.com\/da\/hightech-outsourcing\/estland\/#breadcrumb"},"inLanguage":"da-DK","potentialAction":[{"@type":"ReadAction","target":["https:\/\/hightechkaunas.com\/da\/hightech-outsourcing\/estland\/"]}]},{"@type":"ImageObject","inLanguage":"da-DK","@id":"https:\/\/hightechkaunas.com\/da\/hightech-outsourcing\/estland\/#primaryimage","url":"https:\/\/hightechkaunas.com\/wp-content\/uploads\/2024\/10\/pexels-orlovamaria-4906154-scaled.jpg","contentUrl":"https:\/\/hightechkaunas.com\/wp-content\/uploads\/2024\/10\/pexels-orlovamaria-4906154-scaled.jpg","width":1707,"height":2560},{"@type":"BreadcrumbList","@id":"https:\/\/hightechkaunas.com\/da\/hightech-outsourcing\/estland\/#breadcrumb","itemListElement":[{"@type":"ListItem","position":1,"name":"Home","item":"https:\/\/hightechkaunas.com\/da\/"},{"@type":"ListItem","position":2,"name":"Hightech outsourcing","item":"https:\/\/hightechkaunas.com\/da\/hightech-outsourcing\/"},{"@type":"ListItem","position":3,"name":"Estland"}]},{"@type":"WebSite","@id":"https:\/\/hightechkaunas.com\/#website","url":"https:\/\/hightechkaunas.com\/","name":"Hightechkaunas.com","description":"","potentialAction":[{"@type":"SearchAction","target":{"@type":"EntryPoint","urlTemplate":"https:\/\/hightechkaunas.com\/?s={search_term_string}"},"query-input":{"@type":"PropertyValueSpecification","valueRequired":true,"valueName":"search_term_string"}}],"inLanguage":"da-DK"}]}},"_links":{"self":[{"href":"https:\/\/hightechkaunas.com\/da\/wp-json\/wp\/v2\/pages\/1290","targetHints":{"allow":["GET"]}}],"collection":[{"href":"https:\/\/hightechkaunas.com\/da\/wp-json\/wp\/v2\/pages"}],"about":[{"href":"https:\/\/hightechkaunas.com\/da\/wp-json\/wp\/v2\/types\/page"}],"author":[{"embeddable":true,"href":"https:\/\/hightechkaunas.com\/da\/wp-json\/wp\/v2\/users\/1"}],"replies":[{"embeddable":true,"href":"https:\/\/hightechkaunas.com\/da\/wp-json\/wp\/v2\/comments?post=1290"}],"version-history":[{"count":3,"href":"https:\/\/hightechkaunas.com\/da\/wp-json\/wp\/v2\/pages\/1290\/revisions"}],"predecessor-version":[{"id":1859,"href":"https:\/\/hightechkaunas.com\/da\/wp-json\/wp\/v2\/pages\/1290\/revisions\/1859"}],"up":[{"embeddable":true,"href":"https:\/\/hightechkaunas.com\/da\/wp-json\/wp\/v2\/pages\/1320"}],"wp:featuredmedia":[{"embeddable":true,"href":"https:\/\/hightechkaunas.com\/da\/wp-json\/wp\/v2\/media\/1200"}],"wp:attachment":[{"href":"https:\/\/hightechkaunas.com\/da\/wp-json\/wp\/v2\/media?parent=1290"}],"curies":[{"name":"wp","href":"https:\/\/api.w.org\/{rel}","templated":true}]}}