{"id":1285,"date":"2024-10-30T10:42:24","date_gmt":"2024-10-30T10:42:24","guid":{"rendered":"https:\/\/hightechkaunas.com\/nyderlandai\/"},"modified":"2024-11-24T11:06:21","modified_gmt":"2024-11-24T11:06:21","slug":"holland","status":"publish","type":"page","link":"https:\/\/hightechkaunas.com\/da\/hightech-outsourcing\/holland\/","title":{"rendered":"Holland"},"content":{"rendered":"\r\n\r\n<section id=\"header-block\" class=\"header-block\">\r\n    <div class=\"header-block-texts\">\r\n                    <h1>Holland<\/h1>\r\n            <\/div>\r\n        <style>\r\n        .header-block {\r\n            background: url('https:\/\/hightechkaunas.com\/wp-content\/uploads\/2024\/10\/pexels-chaitaastic-2031706-scaled.jpg') no-repeat center center;\r\n            background-size: cover;\r\n        }\r\n    <\/style>\r\n<\/section>\r\n\r\n\r\n\n\n\n<section id=\"members\" class=\"members web-section location-about\">\n\t<div class=\"white-rounded-item\"><\/div>\n\t<div class=\"imagemember\">\n\t\t<div class=\"niceblockmembers\"><img decoding=\"async\" src=\"https:\/\/hightechkaunas.com\/wp-content\/themes\/itbrolis\/images\/membeers-nice-block2.svg\" title=\"services-image\" alt=\"services-image\"><\/div>\n\t\t\t\t<style>\n\t\t\t.imagemember {\n\t\t\t\tbackground: url('') no-repeat right center;\n\t\t\t\tbackground-size: cover;\n\t\t\t}\n\t\t<\/style>\n\t<\/div>\n\t<div class=\"container-fluidxxx\">\n\t\t<div class=\"members-in\">\n\n\t\t\t<div class=\"members-texts\">\n\t\t\t\t\t\t\t\t\t<h2 class=\"main-title\">Hvorfor er Hightech Kaunas den ideelle it-partner for hollandske virksomheder?<\/h2>\n\t\t\t\t\n\t\t\t<\/div>\n\t\t<\/div>\n\t<\/div>\n<\/section>\n\n\n\n\n\n\n\n<section id=\"expertise\" class=\"expertise outsourcing-expertise outsourcing-expertise-reverse\" style=\"background-image: url('https:\/\/hightechkaunas.com\/wp-content\/uploads\/2024\/10\/pexels-katapal-1258865-scaled.jpg')\">\n\t<div class=\"container-fluidxxx\">\n\t\t<div class=\"expertise-in\">\n\t\t\t<div class=\"expertise-texts\">\n\t\t\t\t\t\t\t\t\t<h2 class=\"main-title\">N\u00e5 et blomstrende teknologisk knudepunkt:<\/h2>\n\t\t\t\t\n\t\t\t\t<div class=\"expertise-wrapper rte\">\n\t\t\t\t\t\t\t\t\t\t\t<p>Litauen har en hurtigt voksende teknologisektor med Kaunas i centrum. \u00bbHightech Kaunas er en klynge af 7 f\u00f8rende it-virksomheder, der \u00e5bner porten til dette dynamiske landskab. Vi tilbyder en bred vifte af IT-tjenester, herunder softwareudvikling, IoT-l\u00f8sninger, e-handelsplatforme og UX\/UI-design, som passer perfekt til behovene p\u00e5 det hollandske marked.<\/p>\n\t\t\t\t\t\t\t\t\t<\/div>\n\t\t\t<\/div>\n\t\t<\/div>\n\t<\/div>\n\n<\/section>\n\n\n\n\n\n\n\n\n<section id=\"expertise\" class=\"expertise outsourcing-expertise \" style=\"background-image: url('https:\/\/hightechkaunas.com\/wp-content\/uploads\/2024\/10\/pexels-teodor-savin-192072-600622-scaled.jpg')\">\n\t<div class=\"container-fluidxxx\">\n\t\t<div class=\"expertise-in\">\n\t\t\t<div class=\"expertise-texts\">\n\t\t\t\t\t\t\t\t\t<h2 class=\"main-title\">Fyld talenthullet:<\/h2>\n\t\t\t\t\n\t\t\t\t<div class=\"expertise-wrapper rte\">\n\t\t\t\t\t\t\t\t\t\t\t<p>Der er mangel p\u00e5 dygtige it-folk i Holland. \u00bbHightech Kaunas giver adgang til h\u00f8jtuddannede og erfarne it-folk, som er klar til at udfylde dette hul. Vores klyngemedlemmer leverer tjenester af h\u00f8j kvalitet til konkurrencedygtige priser og sikrer, at dine projekter er udstyret med de bedste talenter.<\/p>\n\t\t\t\t\t\t\t\t\t<\/div>\n\t\t\t<\/div>\n\t\t<\/div>\n\t<\/div>\n\n<\/section>\n\n\n\n\n\n\n\n\n<section id=\"expertise\" class=\"expertise outsourcing-expertise outsourcing-expertise-reverse\" style=\"background-image: url('https:\/\/hightechkaunas.com\/wp-content\/uploads\/2024\/10\/pexels-pixabay-358178-scaled.jpg')\">\n\t<div class=\"container-fluidxxx\">\n\t\t<div class=\"expertise-in\">\n\t\t\t<div class=\"expertise-texts\">\n\t\t\t\t\t\t\t\t\t<h2 class=\"main-title\">Et gunstigt forretningsmilj\u00f8:<\/h2>\n\t\t\t\t\n\t\t\t\t<div class=\"expertise-wrapper rte\">\n\t\t\t\t\t\t\t\t\t\t\t<p>Litauen tilbyder et indbydende forretningsmilj\u00f8 med minimalt bureaukrati, et attraktivt skattesystem og en veludviklet infrastruktur. Det letter samarbejdet med Hightech Kaunas og g\u00f8r det nemt at etablere forretningsforbindelser.<\/p>\n\t\t\t\t\t\t\t\t\t<\/div>\n\t\t\t<\/div>\n\t\t<\/div>\n\t<\/div>\n\n<\/section>\n\n\n\n\n\n\n\n\n<section id=\"expertise\" class=\"expertise outsourcing-expertise \" style=\"background-image: url('https:\/\/hightechkaunas.com\/wp-content\/uploads\/2024\/10\/pexels-pluyar-1483145-scaled.jpg')\">\n\t<div class=\"container-fluidxxx\">\n\t\t<div class=\"expertise-in\">\n\t\t\t<div class=\"expertise-texts\">\n\t\t\t\t\t\t\t\t\t<h2 class=\"main-title\">Forskellige IT-l\u00f8sninger:<\/h2>\n\t\t\t\t\n\t\t\t\t<div class=\"expertise-wrapper rte\">\n\t\t\t\t\t\t\t\t\t\t\t<p>&#8220;Hightech Kaunas&#8221; tilbyder en bred vifte af IT-tjenester, herunder softwareudvikling, cloud computing, cybersikkerhed, dataanalyse og kunstig intelligens. Vores klyngemedlemmer reagerer p\u00e5 de hollandske virksomheders forskellige behov ved at levere skr\u00e6ddersyede l\u00f8sninger p\u00e5 en r\u00e6kke forskellige udfordringer.<\/p>\n\t\t\t\t\t\t\t\t\t<\/div>\n\t\t\t<\/div>\n\t\t<\/div>\n\t<\/div>\n\n<\/section>\n\n\n\n\n\n\n\n\n<section id=\"expertise\" class=\"expertise outsourcing-expertise outsourcing-expertise-reverse\" style=\"background-image: url('https:\/\/hightechkaunas.com\/wp-content\/uploads\/2024\/10\/pexels-adrien-olichon-1257089-4237154-scaled.jpg')\">\n\t<div class=\"container-fluidxxx\">\n\t\t<div class=\"expertise-in\">\n\t\t\t<div class=\"expertise-texts\">\n\t\t\t\t\t\t\t\t\t<h2 class=\"main-title\">Deltag i den digitale transformation:<\/h2>\n\t\t\t\t\n\t\t\t\t<div class=\"expertise-wrapper rte\">\n\t\t\t\t\t\t\t\t\t\t\t<p>Holland er f\u00f8rende inden for digitalisering, og eftersp\u00f8rgslen efter IT-tjenester forts\u00e6tter med at vokse. &#8220;Hightech Kaunas&#8221; er klar til at hj\u00e6lpe hollandske virksomheder p\u00e5 deres digitale transformationsrejse ved at levere banebrydende l\u00f8sninger og ekspertise.<\/p>\n\t\t\t\t\t\t\t\t\t<\/div>\n\t\t\t<\/div>\n\t\t<\/div>\n\t<\/div>\n\n<\/section>\n\n\n\n\n\n\n\n\n<section id=\"expertise\" class=\"expertise outsourcing-expertise \" style=\"background-image: url('https:\/\/hightechkaunas.com\/wp-content\/uploads\/2024\/10\/pexels-adrien-olichon-1257089-3884483-scaled.jpg')\">\n\t<div class=\"container-fluidxxx\">\n\t\t<div class=\"expertise-in\">\n\t\t\t<div class=\"expertise-texts\">\n\t\t\t\t\t\t\t\t\t<h2 class=\"main-title\">Geografisk og kulturel n\u00e6rhed:<\/h2>\n\t\t\t\t\n\t\t\t\t<div class=\"expertise-wrapper rte\">\n\t\t\t\t\t\t\t\t\t\t\t<p>Litauen ligger t\u00e6t p\u00e5 Holland, hvilket g\u00f8r det lettere at rejse og kommunikere. Desuden har begge lande lignende forretningskulturer og arbejdsmoral, hvilket skaber et gunstigt milj\u00f8 for et gnidningsl\u00f8st samarbejde med Hightech Kaunas.<\/p>\n\t\t\t\t\t\t\t\t\t<\/div>\n\t\t\t<\/div>\n\t\t<\/div>\n\t<\/div>\n\n<\/section>\n\n\n\n\n\n\n\n\n<section id=\"expertise\" class=\"expertise outsourcing-expertise outsourcing-expertise-reverse\" style=\"background-image: url('https:\/\/hightechkaunas.com\/wp-content\/uploads\/2024\/10\/pexels-adrien-olichon-1257089-3884492-scaled.jpg')\">\n\t<div class=\"container-fluidxxx\">\n\t\t<div class=\"expertise-in\">\n\t\t\t<div class=\"expertise-texts\">\n\t\t\t\t\t\t\t\t\t<h2 class=\"main-title\">St\u00e6rkt IT-\u00f8kosystem:<\/h2>\n\t\t\t\t\n\t\t\t\t<div class=\"expertise-wrapper rte\">\n\t\t\t\t\t\t\t\t\t\t\t<p>Litauen har en st\u00e6rk og innovativ it-sektor, som tilbyder v\u00e6rdifulde partnerskaber for hollandske virksomheder. Samarbejdet med Hightech Kaunas giver adgang til de nyeste teknologier og den nyeste viden p\u00e5 markedet, hvilket stimulerer v\u00e6kst og udvikling.<\/p>\n\t\t\t\t\t\t\t\t\t<\/div>\n\t\t\t<\/div>\n\t\t<\/div>\n\t<\/div>\n\n<\/section>\n\n\n\n\n\n\n\n\n\n<section id=\"cta\" class=\"cta web-section\">\n\t<div class=\"container-fluid\">\n\t\t<div class=\"cta-block\">\n\t\t\t<div class=\"cta-block__overlay\"><\/div>\n\t\t\t\t\t\t\t<img loading=\"lazy\" decoding=\"async\" width=\"1792\" height=\"1024\" src=\"https:\/\/hightechkaunas.com\/wp-content\/uploads\/2024\/10\/DALL\u00b7E-2024-04-20-19.00.56-A-cinematic-scene-depicting-an-anonymous-hacker-now-featuring-a-distinctive-Guy-Fawkes-mask-often-associated-with-Anonymous-resting-on-the-desk-b.webp\" class=\"attachment-full size-full\" alt=\"\" srcset=\"https:\/\/hightechkaunas.com\/wp-content\/uploads\/2024\/10\/DALL\u00b7E-2024-04-20-19.00.56-A-cinematic-scene-depicting-an-anonymous-hacker-now-featuring-a-distinctive-Guy-Fawkes-mask-often-associated-with-Anonymous-resting-on-the-desk-b.webp 1792w, https:\/\/hightechkaunas.com\/wp-content\/uploads\/2024\/10\/DALL\u00b7E-2024-04-20-19.00.56-A-cinematic-scene-depicting-an-anonymous-hacker-now-featuring-a-distinctive-Guy-Fawkes-mask-often-associated-with-Anonymous-resting-on-the-desk-b-300x171.webp 300w, https:\/\/hightechkaunas.com\/wp-content\/uploads\/2024\/10\/DALL\u00b7E-2024-04-20-19.00.56-A-cinematic-scene-depicting-an-anonymous-hacker-now-featuring-a-distinctive-Guy-Fawkes-mask-often-associated-with-Anonymous-resting-on-the-desk-b-1024x585.webp 1024w, https:\/\/hightechkaunas.com\/wp-content\/uploads\/2024\/10\/DALL\u00b7E-2024-04-20-19.00.56-A-cinematic-scene-depicting-an-anonymous-hacker-now-featuring-a-distinctive-Guy-Fawkes-mask-often-associated-with-Anonymous-resting-on-the-desk-b-768x439.webp 768w, https:\/\/hightechkaunas.com\/wp-content\/uploads\/2024\/10\/DALL\u00b7E-2024-04-20-19.00.56-A-cinematic-scene-depicting-an-anonymous-hacker-now-featuring-a-distinctive-Guy-Fawkes-mask-often-associated-with-Anonymous-resting-on-the-desk-b-1536x878.webp 1536w\" sizes=\"auto, (max-width: 1792px) 100vw, 1792px\" \/>\t\t\t\t\t\t\t\t\t\t<h3 class=\"cta__title\"><strong>Kontakt os<\/strong> i dag og find ud af, hvordan Hightech Kaunas kan blive din betroede it-partner i Litauen!<\/h3>\n\t\t\t\t\t\t\t\t\t\t<a class=\"button-blue\" href=\"https:\/\/hightechkaunas.com\/da\/contacts\/\"\n\t\t\t\t   target=\"_self\">\n\t\t\t\t\tKontakt\t\t\t\t<\/a>\n\t\t\t\t\t<\/div>\n\t<\/div>\n<\/section>\n\n\n\n\n\n<section id=\"services-text\" class=\"services-text web-section title-text\">\n\t<div class=\"container-fluid\">\n\t\t\t\t\t<h2 class=\"main-title\">\n\t\t\t\tVores priser\t\t\t<\/h2>\n\t\t\t\t\t\t\t<div class=\"subtitle-text\">\n\t\t\t\t<table class=\"table table-responsive\">\n<tbody>\n<tr>\n<td width=\"120\">Position \\ Anciennitet<\/td>\n<td width=\"120\">Junior<\/td>\n<td width=\"120\">Mid<\/td>\n<td width=\"120\">Senior<\/td>\n<\/tr>\n<tr>\n<td width=\"120\">Forretningsanalytiker<\/td>\n<td width=\"120\">35<\/td>\n<td width=\"120\">55<\/td>\n<td width=\"120\">75<\/td>\n<\/tr>\n<tr>\n<td width=\"120\">Projektleder<\/td>\n<td width=\"120\">25<\/td>\n<td width=\"120\">45<\/td>\n<td width=\"120\">65<\/td>\n<\/tr>\n<tr>\n<td width=\"120\">Designer<\/td>\n<td width=\"120\">25<\/td>\n<td width=\"120\">45<\/td>\n<td width=\"120\">65<\/td>\n<\/tr>\n<tr>\n<td width=\"120\">Systemarkitekt<\/td>\n<td width=\"120\">45<\/td>\n<td width=\"120\">65<\/td>\n<td width=\"120\">80<\/td>\n<\/tr>\n<tr>\n<td width=\"120\">Front-end udvikler<\/td>\n<td width=\"120\">30<\/td>\n<td width=\"120\">40<\/td>\n<td width=\"120\">65<\/td>\n<\/tr>\n<tr>\n<td width=\"120\">Backend-udvikler<\/td>\n<td width=\"120\">30<\/td>\n<td width=\"120\">50<\/td>\n<td width=\"120\">60<\/td>\n<\/tr>\n<tr>\n<td width=\"120\">Tester<\/td>\n<td width=\"120\">35<\/td>\n<td width=\"120\">55<\/td>\n<td width=\"120\">65<\/td>\n<\/tr>\n<tr>\n<td width=\"120\">Devops<\/td>\n<td width=\"120\">45<\/td>\n<td width=\"120\">55<\/td>\n<td width=\"120\">70<\/td>\n<\/tr>\n<\/tbody>\n<\/table>\n\t\t\t<\/div>\n\t\t\t<\/div>\n<\/section>\n\n\n\n\n\n<section class=\"wp-block-group\"><div class=\"wp-block-group__inner-container is-layout-constrained wp-block-group-is-layout-constrained\">\n<div style=\"height:50px\" aria-hidden=\"true\" class=\"wp-block-spacer\"><\/div>\n<\/div><\/section>\n","protected":false},"excerpt":{"rendered":"<p>Hvorfor er Hightech Kaunas den ideelle it-partner for hollandske virksomheder?<\/p>\n","protected":false},"author":1,"featured_media":1210,"parent":1320,"menu_order":0,"comment_status":"closed","ping_status":"closed","template":"","meta":{"_acf_changed":false,"inline_featured_image":false,"footnotes":""},"class_list":["post-1285","page","type-page","status-publish","has-post-thumbnail","hentry"],"acf":[],"yoast_head":"<!-- This site is optimized with the Yoast SEO plugin v26.2 - https:\/\/yoast.com\/wordpress\/plugins\/seo\/ -->\n<title>Holland - Hightechkaunas.com<\/title>\n<meta name=\"robots\" content=\"index, follow, max-snippet:-1, max-image-preview:large, max-video-preview:-1\" \/>\n<link rel=\"canonical\" href=\"https:\/\/hightechkaunas.com\/da\/hightech-outsourcing\/holland\/\" \/>\n<meta property=\"og:locale\" content=\"da_DK\" \/>\n<meta property=\"og:type\" content=\"article\" \/>\n<meta property=\"og:title\" content=\"Holland - Hightechkaunas.com\" \/>\n<meta property=\"og:description\" content=\"Hvorfor er Hightech Kaunas den ideelle it-partner for hollandske virksomheder?\" \/>\n<meta property=\"og:url\" content=\"https:\/\/hightechkaunas.com\/da\/hightech-outsourcing\/holland\/\" \/>\n<meta property=\"og:site_name\" content=\"Hightechkaunas.com\" \/>\n<meta property=\"article:modified_time\" content=\"2024-11-24T11:06:21+00:00\" \/>\n<meta property=\"og:image\" content=\"https:\/\/hightechkaunas.com\/wp-content\/uploads\/2024\/10\/pexels-chaitaastic-2031706-scaled.jpg\" \/>\n\t<meta property=\"og:image:width\" content=\"2560\" \/>\n\t<meta property=\"og:image:height\" content=\"1441\" \/>\n\t<meta property=\"og:image:type\" content=\"image\/jpeg\" \/>\n<meta name=\"twitter:card\" content=\"summary_large_image\" \/>\n<meta name=\"twitter:label1\" content=\"Estimeret l\u00e6setid\" \/>\n\t<meta name=\"twitter:data1\" content=\"1 minut\" \/>\n<script type=\"application\/ld+json\" class=\"yoast-schema-graph\">{\"@context\":\"https:\/\/schema.org\",\"@graph\":[{\"@type\":\"WebPage\",\"@id\":\"https:\/\/hightechkaunas.com\/da\/hightech-outsourcing\/holland\/\",\"url\":\"https:\/\/hightechkaunas.com\/da\/hightech-outsourcing\/holland\/\",\"name\":\"Holland - Hightechkaunas.com\",\"isPartOf\":{\"@id\":\"https:\/\/hightechkaunas.com\/#website\"},\"primaryImageOfPage\":{\"@id\":\"https:\/\/hightechkaunas.com\/da\/hightech-outsourcing\/holland\/#primaryimage\"},\"image\":{\"@id\":\"https:\/\/hightechkaunas.com\/da\/hightech-outsourcing\/holland\/#primaryimage\"},\"thumbnailUrl\":\"https:\/\/hightechkaunas.com\/wp-content\/uploads\/2024\/10\/pexels-chaitaastic-2031706-scaled.jpg\",\"datePublished\":\"2024-10-30T10:42:24+00:00\",\"dateModified\":\"2024-11-24T11:06:21+00:00\",\"breadcrumb\":{\"@id\":\"https:\/\/hightechkaunas.com\/da\/hightech-outsourcing\/holland\/#breadcrumb\"},\"inLanguage\":\"da-DK\",\"potentialAction\":[{\"@type\":\"ReadAction\",\"target\":[\"https:\/\/hightechkaunas.com\/da\/hightech-outsourcing\/holland\/\"]}]},{\"@type\":\"ImageObject\",\"inLanguage\":\"da-DK\",\"@id\":\"https:\/\/hightechkaunas.com\/da\/hightech-outsourcing\/holland\/#primaryimage\",\"url\":\"https:\/\/hightechkaunas.com\/wp-content\/uploads\/2024\/10\/pexels-chaitaastic-2031706-scaled.jpg\",\"contentUrl\":\"https:\/\/hightechkaunas.com\/wp-content\/uploads\/2024\/10\/pexels-chaitaastic-2031706-scaled.jpg\",\"width\":2560,\"height\":1441},{\"@type\":\"BreadcrumbList\",\"@id\":\"https:\/\/hightechkaunas.com\/da\/hightech-outsourcing\/holland\/#breadcrumb\",\"itemListElement\":[{\"@type\":\"ListItem\",\"position\":1,\"name\":\"Home\",\"item\":\"https:\/\/hightechkaunas.com\/da\/\"},{\"@type\":\"ListItem\",\"position\":2,\"name\":\"Hightech outsourcing\",\"item\":\"https:\/\/hightechkaunas.com\/da\/hightech-outsourcing\/\"},{\"@type\":\"ListItem\",\"position\":3,\"name\":\"Holland\"}]},{\"@type\":\"WebSite\",\"@id\":\"https:\/\/hightechkaunas.com\/#website\",\"url\":\"https:\/\/hightechkaunas.com\/\",\"name\":\"Hightechkaunas.com\",\"description\":\"\",\"potentialAction\":[{\"@type\":\"SearchAction\",\"target\":{\"@type\":\"EntryPoint\",\"urlTemplate\":\"https:\/\/hightechkaunas.com\/?s={search_term_string}\"},\"query-input\":{\"@type\":\"PropertyValueSpecification\",\"valueRequired\":true,\"valueName\":\"search_term_string\"}}],\"inLanguage\":\"da-DK\"}]}<\/script>\n<!-- \/ Yoast SEO plugin. -->","yoast_head_json":{"title":"Holland - Hightechkaunas.com","robots":{"index":"index","follow":"follow","max-snippet":"max-snippet:-1","max-image-preview":"max-image-preview:large","max-video-preview":"max-video-preview:-1"},"canonical":"https:\/\/hightechkaunas.com\/da\/hightech-outsourcing\/holland\/","og_locale":"da_DK","og_type":"article","og_title":"Holland - Hightechkaunas.com","og_description":"Hvorfor er Hightech Kaunas den ideelle it-partner for hollandske virksomheder?","og_url":"https:\/\/hightechkaunas.com\/da\/hightech-outsourcing\/holland\/","og_site_name":"Hightechkaunas.com","article_modified_time":"2024-11-24T11:06:21+00:00","og_image":[{"width":2560,"height":1441,"url":"https:\/\/hightechkaunas.com\/wp-content\/uploads\/2024\/10\/pexels-chaitaastic-2031706-scaled.jpg","type":"image\/jpeg"}],"twitter_card":"summary_large_image","twitter_misc":{"Estimeret l\u00e6setid":"1 minut"},"schema":{"@context":"https:\/\/schema.org","@graph":[{"@type":"WebPage","@id":"https:\/\/hightechkaunas.com\/da\/hightech-outsourcing\/holland\/","url":"https:\/\/hightechkaunas.com\/da\/hightech-outsourcing\/holland\/","name":"Holland - Hightechkaunas.com","isPartOf":{"@id":"https:\/\/hightechkaunas.com\/#website"},"primaryImageOfPage":{"@id":"https:\/\/hightechkaunas.com\/da\/hightech-outsourcing\/holland\/#primaryimage"},"image":{"@id":"https:\/\/hightechkaunas.com\/da\/hightech-outsourcing\/holland\/#primaryimage"},"thumbnailUrl":"https:\/\/hightechkaunas.com\/wp-content\/uploads\/2024\/10\/pexels-chaitaastic-2031706-scaled.jpg","datePublished":"2024-10-30T10:42:24+00:00","dateModified":"2024-11-24T11:06:21+00:00","breadcrumb":{"@id":"https:\/\/hightechkaunas.com\/da\/hightech-outsourcing\/holland\/#breadcrumb"},"inLanguage":"da-DK","potentialAction":[{"@type":"ReadAction","target":["https:\/\/hightechkaunas.com\/da\/hightech-outsourcing\/holland\/"]}]},{"@type":"ImageObject","inLanguage":"da-DK","@id":"https:\/\/hightechkaunas.com\/da\/hightech-outsourcing\/holland\/#primaryimage","url":"https:\/\/hightechkaunas.com\/wp-content\/uploads\/2024\/10\/pexels-chaitaastic-2031706-scaled.jpg","contentUrl":"https:\/\/hightechkaunas.com\/wp-content\/uploads\/2024\/10\/pexels-chaitaastic-2031706-scaled.jpg","width":2560,"height":1441},{"@type":"BreadcrumbList","@id":"https:\/\/hightechkaunas.com\/da\/hightech-outsourcing\/holland\/#breadcrumb","itemListElement":[{"@type":"ListItem","position":1,"name":"Home","item":"https:\/\/hightechkaunas.com\/da\/"},{"@type":"ListItem","position":2,"name":"Hightech outsourcing","item":"https:\/\/hightechkaunas.com\/da\/hightech-outsourcing\/"},{"@type":"ListItem","position":3,"name":"Holland"}]},{"@type":"WebSite","@id":"https:\/\/hightechkaunas.com\/#website","url":"https:\/\/hightechkaunas.com\/","name":"Hightechkaunas.com","description":"","potentialAction":[{"@type":"SearchAction","target":{"@type":"EntryPoint","urlTemplate":"https:\/\/hightechkaunas.com\/?s={search_term_string}"},"query-input":{"@type":"PropertyValueSpecification","valueRequired":true,"valueName":"search_term_string"}}],"inLanguage":"da-DK"}]}},"_links":{"self":[{"href":"https:\/\/hightechkaunas.com\/da\/wp-json\/wp\/v2\/pages\/1285","targetHints":{"allow":["GET"]}}],"collection":[{"href":"https:\/\/hightechkaunas.com\/da\/wp-json\/wp\/v2\/pages"}],"about":[{"href":"https:\/\/hightechkaunas.com\/da\/wp-json\/wp\/v2\/types\/page"}],"author":[{"embeddable":true,"href":"https:\/\/hightechkaunas.com\/da\/wp-json\/wp\/v2\/users\/1"}],"replies":[{"embeddable":true,"href":"https:\/\/hightechkaunas.com\/da\/wp-json\/wp\/v2\/comments?post=1285"}],"version-history":[{"count":7,"href":"https:\/\/hightechkaunas.com\/da\/wp-json\/wp\/v2\/pages\/1285\/revisions"}],"predecessor-version":[{"id":1856,"href":"https:\/\/hightechkaunas.com\/da\/wp-json\/wp\/v2\/pages\/1285\/revisions\/1856"}],"up":[{"embeddable":true,"href":"https:\/\/hightechkaunas.com\/da\/wp-json\/wp\/v2\/pages\/1320"}],"wp:featuredmedia":[{"embeddable":true,"href":"https:\/\/hightechkaunas.com\/da\/wp-json\/wp\/v2\/media\/1210"}],"wp:attachment":[{"href":"https:\/\/hightechkaunas.com\/da\/wp-json\/wp\/v2\/media?parent=1285"}],"curies":[{"name":"wp","href":"https:\/\/api.w.org\/{rel}","templated":true}]}}